{"id":842,"date":"2023-05-12T12:33:41","date_gmt":"2023-05-12T12:33:41","guid":{"rendered":"https:\/\/puttgardenrodby.nl\/?page_id=842"},"modified":"2024-03-14T10:04:04","modified_gmt":"2024-03-14T10:04:04","slug":"fehmarn-rodbyhavn","status":"publish","type":"page","link":"https:\/\/puttgardenrodby.com\/se\/fehmarn-rodbyhavn\/","title":{"rendered":"Fehmarn-Rodbyhavn"},"content":{"rendered":"\t\t<div data-elementor-type=\"wp-post\" data-elementor-id=\"842\" class=\"elementor elementor-842\" data-elementor-post-type=\"page\">\n\t\t\t\t\t\t<section class=\"elementor-section elementor-top-section elementor-element elementor-element-7d292885 elementor-section-boxed elementor-section-height-default elementor-section-height-default\" data-id=\"7d292885\" data-element_type=\"section\" data-e-type=\"section\" data-settings=\"{&quot;background_background&quot;:&quot;gradient&quot;,&quot;sticky&quot;:&quot;top&quot;,&quot;sticky_on&quot;:[&quot;desktop&quot;,&quot;tablet&quot;,&quot;mobile&quot;],&quot;sticky_offset&quot;:0,&quot;sticky_effects_offset&quot;:0,&quot;sticky_anchor_link_offset&quot;:0}\">\n\t\t\t\t\t\t<div class=\"elementor-container elementor-column-gap-default\">\n\t\t\t\t\t<div class=\"elementor-column elementor-col-50 elementor-top-column elementor-element elementor-element-38c879f4\" data-id=\"38c879f4\" data-element_type=\"column\" data-e-type=\"column\">\n\t\t\t<div class=\"elementor-widget-wrap elementor-element-populated\">\n\t\t\t\t\t\t<div class=\"elementor-element elementor-element-4559a138 elementor-widget elementor-widget-breadcrumbs\" data-id=\"4559a138\" data-element_type=\"widget\" data-e-type=\"widget\" data-widget_type=\"breadcrumbs.default\">\n\t\t\t\t<div class=\"elementor-widget-container\">\n\t\t\t\t\t<p id=\"breadcrumbs\"><span><span><a href=\"https:\/\/puttgardenrodby.com\/se\/\">Home<\/a><\/span><\/span><\/p>\t\t\t\t<\/div>\n\t\t\t\t<\/div>\n\t\t\t\t\t<\/div>\n\t\t<\/div>\n\t\t\t\t<div class=\"elementor-column elementor-col-50 elementor-top-column elementor-element elementor-element-470fca0f\" data-id=\"470fca0f\" data-element_type=\"column\" data-e-type=\"column\">\n\t\t\t<div class=\"elementor-widget-wrap elementor-element-populated\">\n\t\t\t\t\t\t<div class=\"elementor-element elementor-element-5512706b elementor-align-right elementor-mobile-align-center elementor-widget elementor-widget-button\" data-id=\"5512706b\" data-element_type=\"widget\" data-e-type=\"widget\" data-settings=\"{&quot;sticky&quot;:&quot;top&quot;,&quot;sticky_on&quot;:[&quot;mobile&quot;],&quot;sticky_offset&quot;:8,&quot;sticky_effects_offset_mobile&quot;:0,&quot;_animation_mobile&quot;:&quot;fadeIn&quot;,&quot;sticky_effects_offset&quot;:0,&quot;sticky_anchor_link_offset&quot;:0}\" data-widget_type=\"button.default\">\n\t\t\t\t<div class=\"elementor-widget-container\">\n\t\t\t\t\t\t\t\t\t<div class=\"elementor-button-wrapper\">\n\t\t\t\t\t<a class=\"elementor-button elementor-button-link elementor-size-md elementor-animation-shrink\" href=\"\/se\/go\/knapp-huvud-sida\" target=\"_blank\">\n\t\t\t\t\t\t<span class=\"elementor-button-content-wrapper\">\n\t\t\t\t\t\t<span class=\"elementor-button-icon\">\n\t\t\t\t<i aria-hidden=\"true\" class=\"far fa-arrow-alt-circle-right\"><\/i>\t\t\t<\/span>\n\t\t\t\t\t\t\t\t\t<span class=\"elementor-button-text\">F\u00e4rjpris &amp; Biljetter<\/span>\n\t\t\t\t\t<\/span>\n\t\t\t\t\t<\/a>\n\t\t\t\t<\/div>\n\t\t\t\t\t\t\t\t<\/div>\n\t\t\t\t<\/div>\n\t\t\t\t\t<\/div>\n\t\t<\/div>\n\t\t\t\t\t<\/div>\n\t\t<\/section>\n\t\t\t\t<section class=\"elementor-section elementor-top-section elementor-element elementor-element-348d881 elementor-section-boxed elementor-section-height-default elementor-section-height-default\" data-id=\"348d881\" data-element_type=\"section\" data-e-type=\"section\">\n\t\t\t\t\t\t\t<div class=\"elementor-background-overlay\"><\/div>\n\t\t\t\t\t\t\t<div class=\"elementor-container elementor-column-gap-default\">\n\t\t\t\t\t<div class=\"elementor-column elementor-col-50 elementor-top-column elementor-element elementor-element-2e117c7\" data-id=\"2e117c7\" data-element_type=\"column\" data-e-type=\"column\">\n\t\t\t<div class=\"elementor-widget-wrap elementor-element-populated\">\n\t\t\t\t\t\t<div class=\"elementor-element elementor-element-e20d4c6 elementor-widget elementor-widget-image\" data-id=\"e20d4c6\" data-element_type=\"widget\" data-e-type=\"widget\" data-widget_type=\"image.default\">\n\t\t\t\t<div class=\"elementor-widget-container\">\n\t\t\t\t\t\t\t\t\t\t\t\t\t\t\t<img fetchpriority=\"high\" decoding=\"async\" width=\"1000\" height=\"500\" src=\"https:\/\/puttgardenrodby.com\/se\/wp-content\/uploads\/sites\/2\/2023\/05\/fehmarn-rodbyhavn.jpg\" class=\"attachment-full size-full wp-image-845\" alt=\"\" srcset=\"https:\/\/puttgardenrodby.com\/se\/wp-content\/uploads\/sites\/2\/2023\/05\/fehmarn-rodbyhavn.jpg 1000w, https:\/\/puttgardenrodby.com\/se\/wp-content\/uploads\/sites\/2\/2023\/05\/fehmarn-rodbyhavn-300x150.jpg 300w, https:\/\/puttgardenrodby.com\/se\/wp-content\/uploads\/sites\/2\/2023\/05\/fehmarn-rodbyhavn-768x384.jpg 768w\" sizes=\"(max-width: 1000px) 100vw, 1000px\" \/>\t\t\t\t\t\t\t\t\t\t\t\t\t\t\t<\/div>\n\t\t\t\t<\/div>\n\t\t\t\t<div class=\"elementor-element elementor-element-18585c6 elementor-widget elementor-widget-heading\" data-id=\"18585c6\" data-element_type=\"widget\" data-e-type=\"widget\" data-widget_type=\"heading.default\">\n\t\t\t\t<div class=\"elementor-widget-container\">\n\t\t\t\t\t<h1 class=\"elementor-heading-title elementor-size-default\">Fehmarn-Rodbyhavn<\/h1>\t\t\t\t<\/div>\n\t\t\t\t<\/div>\n\t\t\t\t<div class=\"elementor-element elementor-element-3d6085d elementor-widget elementor-widget-text-editor\" data-id=\"3d6085d\" data-element_type=\"widget\" data-e-type=\"widget\" data-widget_type=\"text-editor.default\">\n\t\t\t\t<div class=\"elementor-widget-container\">\n\t\t\t\t\t\t\t\t\t<p><strong>Fr\u00e5n Tyskland till Danmark kallas vanligtvis den kortaste f\u00e4rje\u00f6verfarten f\u00f6r Puttgarden-R\u00f8dby Ferry. Men som ocks\u00e5 anges p\u00e5 v\u00e5r sida om <a href=\"https:\/\/puttgardenrodby.com\/se\/rodby\/\">R\u00f8dby<\/a>, seglar f\u00e4rjan faktiskt till R\u00f8dbyhavn! Puttgarden \u00e4r dock den korrekta beskrivningen av avresehamnen, men ibland anv\u00e4nds ocks\u00e5 namnet Fehmarn, efter \u00f6n d\u00e4r Puttgarden ligger.<\/strong><\/p><p><strong>Sammanfattningsvis: Puttgarden-R\u00f8dbyhavn eller Fehmarn-R\u00f8dbyhavn \u00e4r ocks\u00e5 anv\u00e4nda namn f\u00f6r denna rutt.<\/strong><\/p><h2>Fehmarn Island<\/h2><p>P\u00e5 Fehmarn finns det egentligen inte s\u00e5 mycket att g\u00f6ra. Du hittar dock vackra sandstr\u00e4nder, s\u00e5 om du letar efter det \u00e4r du p\u00e5 r\u00e4tt st\u00e4lle.<\/p><p>Om du vill \u00f6vernatta med en husbil kan du g\u00f6ra det p\u00e5 Camping Puttgarden:<\/p><p>Camping Puttgarden \u00e4r en bra campingplats f\u00f6r \u00f6vernattning inf\u00f6r f\u00e4rjan till Danmark. Vi betalade 30 euro inklusive turistskatt f\u00f6r en \u00f6vernattning p\u00e5 Doorreis camping Puttgarden i maj. Campingplatsen ligger inom g\u00e5ngavst\u00e5nd fr\u00e5n f\u00e4rjan.<\/p><p>Adress: Puttgarden, 23769<\/p><p>F\u00e4rjan sj\u00e4lv hittar du genom att forts\u00e4tta l\u00e4ngs E47. Du tar sedan f\u00e4rjan enkelt och snabbt \u00f6ver Femer Belt till Danmark.<\/p><ul><li><a href=\"https:\/\/puttgardenrodby.com\/se\/go\/scandlines-combitickets\" target=\"_blank\" rel=\"noopener\">Boka din kombibiljett h\u00e4r<\/a><\/li><li><a href=\"https:\/\/puttgardenrodby.com\/se\/\"> Mer om Puttgarden Rodby<\/a><\/li><\/ul>\t\t\t\t\t\t\t\t<\/div>\n\t\t\t\t<\/div>\n\t\t\t\t\t<\/div>\n\t\t<\/div>\n\t\t\t\t<div class=\"elementor-column elementor-col-50 elementor-top-column elementor-element elementor-element-9a29147\" data-id=\"9a29147\" data-element_type=\"column\" data-e-type=\"column\">\n\t\t\t<div class=\"elementor-widget-wrap elementor-element-populated\">\n\t\t\t\t\t\t<div class=\"elementor-element elementor-element-de19ae8 elementor-widget elementor-widget-text-editor\" data-id=\"de19ae8\" data-element_type=\"widget\" data-e-type=\"widget\" data-settings=\"{&quot;sticky&quot;:&quot;top&quot;,&quot;sticky_parent&quot;:&quot;yes&quot;,&quot;sticky_offset&quot;:100,&quot;sticky_effects_offset&quot;:60,&quot;sticky_on&quot;:[&quot;desktop&quot;,&quot;tablet&quot;,&quot;mobile&quot;],&quot;sticky_anchor_link_offset&quot;:0}\" data-widget_type=\"text-editor.default\">\n\t\t\t\t<div class=\"elementor-widget-container\">\n\t\t\t\t\t\t\t\t\t<p><strong>F\u00e4rjebiljetter<\/strong><\/p><p>De mest f\u00f6rm\u00e5nliga biljetterna finns tillg\u00e4ngliga genom f\u00e4rjeoperat\u00f6ren Scandlines.<\/p><p><strong><a href=\"https:\/\/puttgardenrodby.com\/se\/go\/pages-side\" target=\"_blank\" rel=\"noopener\">S\u00e4tt ihop din \u00f6verfart. \u2b9e<\/a><\/strong><\/p>\t\t\t\t\t\t\t\t<\/div>\n\t\t\t\t<\/div>\n\t\t\t\t\t<\/div>\n\t\t<\/div>\n\t\t\t\t\t<\/div>\n\t\t<\/section>\n\t\t\t\t<\/div>\n\t\t","protected":false},"excerpt":{"rendered":"<p>F\u00e4rjpris &#038; Biljetter Fehmarn-Rodbyhavn Fr\u00e5n Tyskland till Danmark kallas vanligtvis den kortaste f\u00e4rje\u00f6verfarten f\u00f6r Puttgarden-R\u00f8dby Ferry. Men som ocks\u00e5 anges p\u00e5 v\u00e5r sida om R\u00f8dby, seglar f\u00e4rjan faktiskt till R\u00f8dbyhavn! Puttgarden \u00e4r dock den korrekta beskrivningen av avresehamnen, men ibland anv\u00e4nds ocks\u00e5 namnet Fehmarn, efter \u00f6n d\u00e4r Puttgarden ligger. Sammanfattningsvis: Puttgarden-R\u00f8dbyhavn eller Fehmarn-R\u00f8dbyhavn \u00e4r ocks\u00e5 [&hellip;]<\/p>\n","protected":false},"author":1,"featured_media":0,"parent":0,"menu_order":0,"comment_status":"closed","ping_status":"closed","template":"elementor_header_footer","meta":{"footnotes":""},"class_list":["post-842","page","type-page","status-publish","hentry"],"yoast_head":"<!-- This site is optimized with the Yoast SEO plugin v27.2 - https:\/\/yoast.com\/product\/yoast-seo-wordpress\/ -->\n<title>Fehmarn-Rodbyhavn f\u00e4rja | PuttgardenRodby.com<\/title>\n<meta name=\"description\" content=\"Info om f\u00e4rjan Fehmarn-Rodbyhavn: Tidtabell, priser och faciliteter f\u00f6r denna popul\u00e4ra f\u00e4rja mellan Tyskland och Danmark.\" \/>\n<meta name=\"robots\" content=\"index, follow, max-snippet:-1, max-image-preview:large, max-video-preview:-1\" \/>\n<link rel=\"canonical\" href=\"https:\/\/puttgardenrodby.com\/se\/fehmarn-rodbyhavn\/\" \/>\n<meta property=\"og:locale\" content=\"sv_SE\" \/>\n<meta property=\"og:type\" content=\"article\" \/>\n<meta property=\"og:title\" content=\"Fehmarn-Rodbyhavn f\u00e4rja | PuttgardenRodby.com\" \/>\n<meta property=\"og:description\" content=\"Info om f\u00e4rjan Fehmarn-Rodbyhavn: Tidtabell, priser och faciliteter f\u00f6r denna popul\u00e4ra f\u00e4rja mellan Tyskland och Danmark.\" \/>\n<meta property=\"og:url\" content=\"https:\/\/puttgardenrodby.com\/se\/fehmarn-rodbyhavn\/\" \/>\n<meta property=\"og:site_name\" content=\"Puttgarden Rodby Svenska\" \/>\n<meta property=\"article:modified_time\" content=\"2024-03-14T10:04:04+00:00\" \/>\n<meta property=\"og:image\" content=\"https:\/\/puttgardenrodby.com\/se\/wp-content\/uploads\/sites\/2\/2023\/05\/fehmarn-rodbyhavn.jpg\" \/>\n<meta name=\"twitter:card\" content=\"summary_large_image\" \/>\n<meta name=\"twitter:label1\" content=\"Ber\u00e4knad l\u00e4stid\" \/>\n\t<meta name=\"twitter:data1\" content=\"2 minuter\" \/>\n<script type=\"application\/ld+json\" class=\"yoast-schema-graph\">{\"@context\":\"https:\/\/schema.org\",\"@graph\":[{\"@type\":\"WebPage\",\"@id\":\"https:\/\/puttgardenrodby.com\/se\/fehmarn-rodbyhavn\/\",\"url\":\"https:\/\/puttgardenrodby.com\/se\/fehmarn-rodbyhavn\/\",\"name\":\"Fehmarn-Rodbyhavn f\u00e4rja | PuttgardenRodby.com\",\"isPartOf\":{\"@id\":\"https:\/\/puttgardenrodby.com\/se\/#website\"},\"primaryImageOfPage\":{\"@id\":\"https:\/\/puttgardenrodby.com\/se\/fehmarn-rodbyhavn\/#primaryimage\"},\"image\":{\"@id\":\"https:\/\/puttgardenrodby.com\/se\/fehmarn-rodbyhavn\/#primaryimage\"},\"thumbnailUrl\":\"https:\/\/puttgardenrodby.com\/se\/wp-content\/uploads\/sites\/2\/2023\/05\/fehmarn-rodbyhavn.jpg\",\"datePublished\":\"2023-05-12T12:33:41+00:00\",\"dateModified\":\"2024-03-14T10:04:04+00:00\",\"description\":\"Info om f\u00e4rjan Fehmarn-Rodbyhavn: Tidtabell, priser och faciliteter f\u00f6r denna popul\u00e4ra f\u00e4rja mellan Tyskland och Danmark.\",\"breadcrumb\":{\"@id\":\"https:\/\/puttgardenrodby.com\/se\/fehmarn-rodbyhavn\/#breadcrumb\"},\"inLanguage\":\"sv-SE\",\"potentialAction\":[{\"@type\":\"ReadAction\",\"target\":[\"https:\/\/puttgardenrodby.com\/se\/fehmarn-rodbyhavn\/\"]}]},{\"@type\":\"ImageObject\",\"inLanguage\":\"sv-SE\",\"@id\":\"https:\/\/puttgardenrodby.com\/se\/fehmarn-rodbyhavn\/#primaryimage\",\"url\":\"https:\/\/puttgardenrodby.com\/se\/wp-content\/uploads\/sites\/2\/2023\/05\/fehmarn-rodbyhavn.jpg\",\"contentUrl\":\"https:\/\/puttgardenrodby.com\/se\/wp-content\/uploads\/sites\/2\/2023\/05\/fehmarn-rodbyhavn.jpg\",\"width\":1000,\"height\":500},{\"@type\":\"BreadcrumbList\",\"@id\":\"https:\/\/puttgardenrodby.com\/se\/fehmarn-rodbyhavn\/#breadcrumb\",\"itemListElement\":[{\"@type\":\"ListItem\",\"position\":1,\"name\":\"Home\",\"item\":\"https:\/\/puttgardenrodby.com\/se\/\"},{\"@type\":\"ListItem\",\"position\":2,\"name\":\"Fehmarn-Rodbyhavn\"}]},{\"@type\":\"WebSite\",\"@id\":\"https:\/\/puttgardenrodby.com\/se\/#website\",\"url\":\"https:\/\/puttgardenrodby.com\/se\/\",\"name\":\"Puttgarden Rodby Svenska\",\"description\":\"\",\"publisher\":{\"@id\":\"https:\/\/puttgardenrodby.com\/se\/#organization\"},\"potentialAction\":[{\"@type\":\"SearchAction\",\"target\":{\"@type\":\"EntryPoint\",\"urlTemplate\":\"https:\/\/puttgardenrodby.com\/se\/?s={search_term_string}\"},\"query-input\":{\"@type\":\"PropertyValueSpecification\",\"valueRequired\":true,\"valueName\":\"search_term_string\"}}],\"inLanguage\":\"sv-SE\"},{\"@type\":\"Organization\",\"@id\":\"https:\/\/puttgardenrodby.com\/se\/#organization\",\"name\":\"Puttgarden Rodby Svenska\",\"url\":\"https:\/\/puttgardenrodby.com\/se\/\",\"logo\":{\"@type\":\"ImageObject\",\"inLanguage\":\"sv-SE\",\"@id\":\"https:\/\/puttgardenrodby.com\/se\/#\/schema\/logo\/image\/\",\"url\":\"https:\/\/puttgardenrodby.com\/se\/wp-content\/uploads\/sites\/2\/2023\/05\/Puttgarden-Rodby-logo.png\",\"contentUrl\":\"https:\/\/puttgardenrodby.com\/se\/wp-content\/uploads\/sites\/2\/2023\/05\/Puttgarden-Rodby-logo.png\",\"width\":1043,\"height\":347,\"caption\":\"Puttgarden Rodby Svenska\"},\"image\":{\"@id\":\"https:\/\/puttgardenrodby.com\/se\/#\/schema\/logo\/image\/\"}}]}<\/script>\n<!-- \/ Yoast SEO plugin. -->","yoast_head_json":{"title":"Fehmarn-Rodbyhavn f\u00e4rja | PuttgardenRodby.com","description":"Info om f\u00e4rjan Fehmarn-Rodbyhavn: Tidtabell, priser och faciliteter f\u00f6r denna popul\u00e4ra f\u00e4rja mellan Tyskland och Danmark.","robots":{"index":"index","follow":"follow","max-snippet":"max-snippet:-1","max-image-preview":"max-image-preview:large","max-video-preview":"max-video-preview:-1"},"canonical":"https:\/\/puttgardenrodby.com\/se\/fehmarn-rodbyhavn\/","og_locale":"sv_SE","og_type":"article","og_title":"Fehmarn-Rodbyhavn f\u00e4rja | PuttgardenRodby.com","og_description":"Info om f\u00e4rjan Fehmarn-Rodbyhavn: Tidtabell, priser och faciliteter f\u00f6r denna popul\u00e4ra f\u00e4rja mellan Tyskland och Danmark.","og_url":"https:\/\/puttgardenrodby.com\/se\/fehmarn-rodbyhavn\/","og_site_name":"Puttgarden Rodby Svenska","article_modified_time":"2024-03-14T10:04:04+00:00","og_image":[{"url":"https:\/\/puttgardenrodby.com\/se\/wp-content\/uploads\/sites\/2\/2023\/05\/fehmarn-rodbyhavn.jpg","type":"","width":"","height":""}],"twitter_card":"summary_large_image","twitter_misc":{"Ber\u00e4knad l\u00e4stid":"2 minuter"},"schema":{"@context":"https:\/\/schema.org","@graph":[{"@type":"WebPage","@id":"https:\/\/puttgardenrodby.com\/se\/fehmarn-rodbyhavn\/","url":"https:\/\/puttgardenrodby.com\/se\/fehmarn-rodbyhavn\/","name":"Fehmarn-Rodbyhavn f\u00e4rja | PuttgardenRodby.com","isPartOf":{"@id":"https:\/\/puttgardenrodby.com\/se\/#website"},"primaryImageOfPage":{"@id":"https:\/\/puttgardenrodby.com\/se\/fehmarn-rodbyhavn\/#primaryimage"},"image":{"@id":"https:\/\/puttgardenrodby.com\/se\/fehmarn-rodbyhavn\/#primaryimage"},"thumbnailUrl":"https:\/\/puttgardenrodby.com\/se\/wp-content\/uploads\/sites\/2\/2023\/05\/fehmarn-rodbyhavn.jpg","datePublished":"2023-05-12T12:33:41+00:00","dateModified":"2024-03-14T10:04:04+00:00","description":"Info om f\u00e4rjan Fehmarn-Rodbyhavn: Tidtabell, priser och faciliteter f\u00f6r denna popul\u00e4ra f\u00e4rja mellan Tyskland och Danmark.","breadcrumb":{"@id":"https:\/\/puttgardenrodby.com\/se\/fehmarn-rodbyhavn\/#breadcrumb"},"inLanguage":"sv-SE","potentialAction":[{"@type":"ReadAction","target":["https:\/\/puttgardenrodby.com\/se\/fehmarn-rodbyhavn\/"]}]},{"@type":"ImageObject","inLanguage":"sv-SE","@id":"https:\/\/puttgardenrodby.com\/se\/fehmarn-rodbyhavn\/#primaryimage","url":"https:\/\/puttgardenrodby.com\/se\/wp-content\/uploads\/sites\/2\/2023\/05\/fehmarn-rodbyhavn.jpg","contentUrl":"https:\/\/puttgardenrodby.com\/se\/wp-content\/uploads\/sites\/2\/2023\/05\/fehmarn-rodbyhavn.jpg","width":1000,"height":500},{"@type":"BreadcrumbList","@id":"https:\/\/puttgardenrodby.com\/se\/fehmarn-rodbyhavn\/#breadcrumb","itemListElement":[{"@type":"ListItem","position":1,"name":"Home","item":"https:\/\/puttgardenrodby.com\/se\/"},{"@type":"ListItem","position":2,"name":"Fehmarn-Rodbyhavn"}]},{"@type":"WebSite","@id":"https:\/\/puttgardenrodby.com\/se\/#website","url":"https:\/\/puttgardenrodby.com\/se\/","name":"Puttgarden Rodby Svenska","description":"","publisher":{"@id":"https:\/\/puttgardenrodby.com\/se\/#organization"},"potentialAction":[{"@type":"SearchAction","target":{"@type":"EntryPoint","urlTemplate":"https:\/\/puttgardenrodby.com\/se\/?s={search_term_string}"},"query-input":{"@type":"PropertyValueSpecification","valueRequired":true,"valueName":"search_term_string"}}],"inLanguage":"sv-SE"},{"@type":"Organization","@id":"https:\/\/puttgardenrodby.com\/se\/#organization","name":"Puttgarden Rodby Svenska","url":"https:\/\/puttgardenrodby.com\/se\/","logo":{"@type":"ImageObject","inLanguage":"sv-SE","@id":"https:\/\/puttgardenrodby.com\/se\/#\/schema\/logo\/image\/","url":"https:\/\/puttgardenrodby.com\/se\/wp-content\/uploads\/sites\/2\/2023\/05\/Puttgarden-Rodby-logo.png","contentUrl":"https:\/\/puttgardenrodby.com\/se\/wp-content\/uploads\/sites\/2\/2023\/05\/Puttgarden-Rodby-logo.png","width":1043,"height":347,"caption":"Puttgarden Rodby Svenska"},"image":{"@id":"https:\/\/puttgardenrodby.com\/se\/#\/schema\/logo\/image\/"}}]}},"_links":{"self":[{"href":"https:\/\/puttgardenrodby.com\/se\/wp-json\/wp\/v2\/pages\/842","targetHints":{"allow":["GET"]}}],"collection":[{"href":"https:\/\/puttgardenrodby.com\/se\/wp-json\/wp\/v2\/pages"}],"about":[{"href":"https:\/\/puttgardenrodby.com\/se\/wp-json\/wp\/v2\/types\/page"}],"author":[{"embeddable":true,"href":"https:\/\/puttgardenrodby.com\/se\/wp-json\/wp\/v2\/users\/1"}],"replies":[{"embeddable":true,"href":"https:\/\/puttgardenrodby.com\/se\/wp-json\/wp\/v2\/comments?post=842"}],"version-history":[{"count":10,"href":"https:\/\/puttgardenrodby.com\/se\/wp-json\/wp\/v2\/pages\/842\/revisions"}],"predecessor-version":[{"id":1205,"href":"https:\/\/puttgardenrodby.com\/se\/wp-json\/wp\/v2\/pages\/842\/revisions\/1205"}],"wp:attachment":[{"href":"https:\/\/puttgardenrodby.com\/se\/wp-json\/wp\/v2\/media?parent=842"}],"curies":[{"name":"wp","href":"https:\/\/api.w.org\/{rel}","templated":true}]}}