{"id":770,"date":"2023-05-12T10:19:41","date_gmt":"2023-05-12T10:19:41","guid":{"rendered":"https:\/\/puttgardenrodby.nl\/?page_id=770"},"modified":"2024-03-14T09:55:11","modified_gmt":"2024-03-14T09:55:11","slug":"puttgarden-rodby-oresundsbron","status":"publish","type":"page","link":"https:\/\/puttgardenrodby.com\/se\/puttgarden-rodby-oresundsbron\/","title":{"rendered":"Puttgarden-R\u00f8dby + \u00d6resundsbron"},"content":{"rendered":"\t\t<div data-elementor-type=\"wp-post\" data-elementor-id=\"770\" class=\"elementor elementor-770\" data-elementor-post-type=\"page\">\n\t\t\t\t\t\t<section class=\"elementor-section elementor-top-section elementor-element elementor-element-3ab7f45d elementor-section-boxed elementor-section-height-default elementor-section-height-default\" data-id=\"3ab7f45d\" data-element_type=\"section\" data-e-type=\"section\" data-settings=\"{&quot;background_background&quot;:&quot;gradient&quot;,&quot;sticky&quot;:&quot;top&quot;,&quot;sticky_on&quot;:[&quot;desktop&quot;,&quot;tablet&quot;,&quot;mobile&quot;],&quot;sticky_offset&quot;:0,&quot;sticky_effects_offset&quot;:0,&quot;sticky_anchor_link_offset&quot;:0}\">\n\t\t\t\t\t\t<div class=\"elementor-container elementor-column-gap-default\">\n\t\t\t\t\t<div class=\"elementor-column elementor-col-50 elementor-top-column elementor-element elementor-element-7ecccc54\" data-id=\"7ecccc54\" data-element_type=\"column\" data-e-type=\"column\">\n\t\t\t<div class=\"elementor-widget-wrap elementor-element-populated\">\n\t\t\t\t\t\t<div class=\"elementor-element elementor-element-7a35cb6f elementor-widget elementor-widget-breadcrumbs\" data-id=\"7a35cb6f\" data-element_type=\"widget\" data-e-type=\"widget\" data-widget_type=\"breadcrumbs.default\">\n\t\t\t\t<div class=\"elementor-widget-container\">\n\t\t\t\t\t<p id=\"breadcrumbs\"><span><span><a href=\"https:\/\/puttgardenrodby.com\/se\/\">Home<\/a><\/span><\/span><\/p>\t\t\t\t<\/div>\n\t\t\t\t<\/div>\n\t\t\t\t\t<\/div>\n\t\t<\/div>\n\t\t\t\t<div class=\"elementor-column elementor-col-50 elementor-top-column elementor-element elementor-element-69c70ed0\" data-id=\"69c70ed0\" data-element_type=\"column\" data-e-type=\"column\">\n\t\t\t<div class=\"elementor-widget-wrap elementor-element-populated\">\n\t\t\t\t\t\t<div class=\"elementor-element elementor-element-73cd9bfd elementor-align-right elementor-mobile-align-center elementor-widget elementor-widget-button\" data-id=\"73cd9bfd\" data-element_type=\"widget\" data-e-type=\"widget\" data-settings=\"{&quot;sticky&quot;:&quot;top&quot;,&quot;sticky_on&quot;:[&quot;mobile&quot;],&quot;sticky_offset&quot;:8,&quot;sticky_effects_offset_mobile&quot;:0,&quot;_animation_mobile&quot;:&quot;fadeIn&quot;,&quot;sticky_effects_offset&quot;:0,&quot;sticky_anchor_link_offset&quot;:0}\" data-widget_type=\"button.default\">\n\t\t\t\t<div class=\"elementor-widget-container\">\n\t\t\t\t\t\t\t\t\t<div class=\"elementor-button-wrapper\">\n\t\t\t\t\t<a class=\"elementor-button elementor-button-link elementor-size-md elementor-animation-shrink\" href=\"\/se\/go\/knapp-huvud-sida\" target=\"_blank\">\n\t\t\t\t\t\t<span class=\"elementor-button-content-wrapper\">\n\t\t\t\t\t\t<span class=\"elementor-button-icon\">\n\t\t\t\t<i aria-hidden=\"true\" class=\"far fa-arrow-alt-circle-right\"><\/i>\t\t\t<\/span>\n\t\t\t\t\t\t\t\t\t<span class=\"elementor-button-text\">F\u00e4rjpris &amp; Biljetter<\/span>\n\t\t\t\t\t<\/span>\n\t\t\t\t\t<\/a>\n\t\t\t\t<\/div>\n\t\t\t\t\t\t\t\t<\/div>\n\t\t\t\t<\/div>\n\t\t\t\t\t<\/div>\n\t\t<\/div>\n\t\t\t\t\t<\/div>\n\t\t<\/section>\n\t\t\t\t<section class=\"elementor-section elementor-top-section elementor-element elementor-element-348d881 elementor-section-boxed elementor-section-height-default elementor-section-height-default\" data-id=\"348d881\" data-element_type=\"section\" data-e-type=\"section\">\n\t\t\t\t\t\t\t<div class=\"elementor-background-overlay\"><\/div>\n\t\t\t\t\t\t\t<div class=\"elementor-container elementor-column-gap-default\">\n\t\t\t\t\t<div class=\"elementor-column elementor-col-50 elementor-top-column elementor-element elementor-element-2e117c7\" data-id=\"2e117c7\" data-element_type=\"column\" data-e-type=\"column\">\n\t\t\t<div class=\"elementor-widget-wrap elementor-element-populated\">\n\t\t\t\t\t\t<div class=\"elementor-element elementor-element-e20d4c6 elementor-widget elementor-widget-image\" data-id=\"e20d4c6\" data-element_type=\"widget\" data-e-type=\"widget\" data-widget_type=\"image.default\">\n\t\t\t\t<div class=\"elementor-widget-container\">\n\t\t\t\t\t\t\t\t\t\t\t\t\t\t\t<img fetchpriority=\"high\" decoding=\"async\" width=\"1000\" height=\"500\" src=\"https:\/\/puttgardenrodby.com\/se\/wp-content\/uploads\/sites\/2\/2023\/05\/oresundbrug.jpg\" class=\"attachment-full size-full wp-image-773\" alt=\"\" srcset=\"https:\/\/puttgardenrodby.com\/se\/wp-content\/uploads\/sites\/2\/2023\/05\/oresundbrug.jpg 1000w, https:\/\/puttgardenrodby.com\/se\/wp-content\/uploads\/sites\/2\/2023\/05\/oresundbrug-300x150.jpg 300w, https:\/\/puttgardenrodby.com\/se\/wp-content\/uploads\/sites\/2\/2023\/05\/oresundbrug-768x384.jpg 768w\" sizes=\"(max-width: 1000px) 100vw, 1000px\" \/>\t\t\t\t\t\t\t\t\t\t\t\t\t\t\t<\/div>\n\t\t\t\t<\/div>\n\t\t\t\t<div class=\"elementor-element elementor-element-18585c6 elementor-widget elementor-widget-heading\" data-id=\"18585c6\" data-element_type=\"widget\" data-e-type=\"widget\" data-widget_type=\"heading.default\">\n\t\t\t\t<div class=\"elementor-widget-container\">\n\t\t\t\t\t<h1 class=\"elementor-heading-title elementor-size-default\">Puttgarden-R\u00f8dby + \u00d6resundsbron<\/h1>\t\t\t\t<\/div>\n\t\t\t\t<\/div>\n\t\t\t\t<div class=\"elementor-element elementor-element-3d6085d elementor-widget elementor-widget-text-editor\" data-id=\"3d6085d\" data-element_type=\"widget\" data-e-type=\"widget\" data-widget_type=\"text-editor.default\">\n\t\t\t\t<div class=\"elementor-widget-container\">\n\t\t\t\t\t\t\t\t\t<p><strong>F\u00f6r resan med Puttgarden-R\u00f8dby-f\u00e4rjan kan du v\u00e4lja att forts\u00e4tta till antingen Tyskland eller Danmark via \u00d8resundsbron (tullbro) eller med <a href=\"https:\/\/puttgardenrodby.com\/se\/puttgarden-rodby-helsingor-helsingborg\/\">Helsingborg-f\u00e4rjan<\/a>. Valet mellan dessa tv\u00e5 alternativ beror p\u00e5 dina personliga behov och preferenser. Om du s\u00f6ker efter snabbhet \u00e4r bron f\u00f6rmodligen det b\u00e4ttre valet. Om du d\u00e4remot vill str\u00e4cka p\u00e5 benen en stund kan f\u00e4rjan vara mer l\u00e4mplig. Gl\u00f6m inte att ocks\u00e5 ta h\u00e4nsyn till priset p\u00e5 resan, det kan vara en viktig faktor n\u00e4r du g\u00f6r ditt val. B\u00e5de bron och f\u00e4rjan har kostnader. Du kan k\u00f6pa biljetter f\u00f6r b\u00e5de <a href=\"https:\/\/puttgardenrodby.com\/se\/go\/scandlines\" target=\"_blank\" rel=\"noopener\">Puttgarden-f\u00e4rjan<\/a> och tullbron i ett enda steg.<\/strong><\/p><h2>Puttgarden-R\u00f8dby + \u00d6resundsbron biljetter<\/h2><p>Scandlines erbjuder kombinationsbiljetter f\u00f6r:<\/p><ul><li><a href=\"https:\/\/puttgardenrodby.com\/se\/puttgarden-rodby-helsingor-helsingborg\/\">Helsing\u00f8r-Helsingborg + R\u00f8dby-Puttgarden<\/a><\/li><li>\u00a0<a href=\"https:\/\/puttgardenrodby.com\/se\/puttgarden-rodby-oresundsbron\/\" target=\"_blank\" rel=\"noopener\">och f\u00f6r \u00d8resundsbron + R\u00f8dby-Puttgarden<\/a><\/li><\/ul><p>Du kan j\u00e4mf\u00f6ra priserna noggrant hos <a href=\"https:\/\/puttgardenrodby.com\/se\/go\/scandlines\" target=\"_blank\" rel=\"noopener\">Scandlines<\/a> genom att ange vilket s\u00e4tt du kommer att resa p\u00e5. P\u00e5 s\u00e5 s\u00e4tt ser du snabbt vad kostnaderna blir.<\/p><p><a href=\"https:\/\/puttgardenrodby.com\/go\/combinatietickets\" target=\"_blank\" rel=\"noopener\"><img decoding=\"async\" src=\"https:\/\/puttgardenrodby.com\/wp-content\/uploads\/2023\/05\/combination-ticket-scandlines-puttgarden-rodby-and-oresundbridge.jpg\" alt=\"\" width=\"850\" height=\"163\" \/><\/a><\/p><h2>Om \u00d8resundsbron<\/h2><div><p>\u00d6resundsbron \u00e4r en imponerande konstruktion som f\u00f6rbinder Sverige och Danmark. Bron str\u00e4cker sig hela 8 kilometer och best\u00e5r av olika delar, inklusive en tunnel och en konstgjord \u00f6. \u00d6resundsbron \u00e4r inte bara en teknisk bedrift, utan ocks\u00e5 en viktig l\u00e4nk i det europeiska v\u00e4gn\u00e4tet.<\/p><p>Det \u00e4r ocks\u00e5 viktigt att veta att det kr\u00e4vs en v\u00e4gtull f\u00f6r att k\u00f6ra \u00f6ver bron, och att beloppet kan variera beroende p\u00e5 fordonstyp och tidpunkt p\u00e5 dagen.<\/p><\/div>\t\t\t\t\t\t\t\t<\/div>\n\t\t\t\t<\/div>\n\t\t\t\t<div class=\"elementor-element elementor-element-ed72b7f elementor-widget elementor-widget-image\" data-id=\"ed72b7f\" data-element_type=\"widget\" data-e-type=\"widget\" data-widget_type=\"image.default\">\n\t\t\t\t<div class=\"elementor-widget-container\">\n\t\t\t\t\t\t\t\t\t\t\t\t\t\t\t<img decoding=\"async\" src=\"https:\/\/puttgardenrodby.com\/se\/wp-content\/uploads\/sites\/2\/elementor\/thumbs\/puttgarden-rodby-test-q6vo197huyfffeg3luonm9t7dfi6vp8vsyzxu9zj48.jpg\" title=\"puttgarden rodby test\" alt=\"puttgarden rodby test\" loading=\"lazy\" \/>\t\t\t\t\t\t\t\t\t\t\t\t\t\t\t<\/div>\n\t\t\t\t<\/div>\n\t\t\t\t<div class=\"elementor-element elementor-element-c3bf599 elementor-widget elementor-widget-text-editor\" data-id=\"c3bf599\" data-element_type=\"widget\" data-e-type=\"widget\" data-widget_type=\"text-editor.default\">\n\t\t\t\t<div class=\"elementor-widget-container\">\n\t\t\t\t\t\t\t\t\t<p><span style=\"color: #d70550;\"><span style=\"font-size: 40px; letter-spacing: -1.6625px;\"><b>Ska du v\u00e4lja f\u00e4rjan eller bron?<\/b><\/span><\/span><\/p><div><div class=\"group w-full text-gray-800 dark:text-gray-100 border-b border-black\/10 dark:border-gray-900\/50 bg-gray-50 dark:bg-[#444654]\"><div class=\"flex p-4 gap-4 text-base md:gap-6 md:max-w-2xl lg:max-w-xl xl:max-w-3xl md:py-6 lg:px-0 m-auto\"><div class=\"relative flex w-[calc(100%-50px)] flex-col gap-1 md:gap-3 lg:w-[calc(100%-115px)]\"><div class=\"flex flex-grow flex-col gap-3\"><div class=\"min-h-[20px] flex flex-col items-start gap-4 whitespace-pre-wrap break-words\"><div class=\"markdown prose w-full break-words dark:prose-invert light\"><p>B\u00e5de \u00d8resundsbron och <strong><a href=\"https:\/\/puttgardenrodby.com\/se\/puttgarden-rodby-helsingor-helsingborg\/\">Helsingborg-veerbooten<\/a> <\/strong>har sina f\u00f6rdelar och nackdelar, beroende p\u00e5 dina specifika behov och preferenser, n\u00e4r du reser fr\u00e5n Sverige till Puttgarden.<\/p><p>Om du planerar att resa fr\u00e5n Malm\u00f6 \u00e4r \u00d8resundsbron ett b\u00e4ttre val \u00e4n f\u00e4rjan eftersom den \u00e4r n\u00e4rmare. Men om du reser fr\u00e5n norra Sverige kan Helsingborg-veerbooten vara ett mer l\u00e4mpligt alternativ. Kom dock ih\u00e5g att f\u00e4rjan tar l\u00e4ngre tid \u00e4n bron, som vi har ber\u00e4knat.<\/p><\/div><\/div><\/div><\/div><\/div><\/div><ul><li><p><strong>R\u00f8dby &#8211; Ljungby med bron<\/strong> (374 km)<br \/><strong>Total tid:<\/strong> 3 timmar och 49 minuter<\/p><\/li><li><p><strong>R\u00f8dby &#8211; Ljungby med f\u00e4rja<\/strong><br \/>Fr\u00e5n R\u00f8dby till Helsing\u00f8r f\u00e4rjeterminal &#8211; 198 km, 2 timmar och 8 minuter<br \/>\u00d6verfart: v\u00e4ntetid 10 minuter, f\u00e4rjeresa 20 minuter<br \/>Fr\u00e5n Helsingborg till Ljungby &#8211; 131 km, 1 timme och 30 minuter<br \/><strong>Total tid:<\/strong> minst 4 timmar och 8 minuter<\/p><\/li><\/ul><p>Slutligen \u00e4r bron det snabbare valet. Men om det ocks\u00e5 \u00e4r roligare och mer f\u00f6rdelaktigt? Det kan du ta reda p\u00e5 genom att s\u00e4tta ihop din resa och fylla i bland annat bilens l\u00e4ngd och antalet passagerare.<\/p><p><strong><a href=\"https:\/\/puttgardenrodby.com\/se\/go\/pages-side\" target=\"_blank\" rel=\"noopener\">S\u00e4tt ihop din \u00f6verfart. \u2b9e<\/a><\/strong><\/p><hr \/><\/div>\t\t\t\t\t\t\t\t<\/div>\n\t\t\t\t<\/div>\n\t\t\t\t\t<\/div>\n\t\t<\/div>\n\t\t\t\t<div class=\"elementor-column elementor-col-50 elementor-top-column elementor-element elementor-element-9a29147\" data-id=\"9a29147\" data-element_type=\"column\" data-e-type=\"column\">\n\t\t\t<div class=\"elementor-widget-wrap elementor-element-populated\">\n\t\t\t\t\t\t<div class=\"elementor-element elementor-element-de19ae8 elementor-widget elementor-widget-text-editor\" data-id=\"de19ae8\" data-element_type=\"widget\" data-e-type=\"widget\" data-settings=\"{&quot;sticky&quot;:&quot;top&quot;,&quot;sticky_parent&quot;:&quot;yes&quot;,&quot;sticky_offset&quot;:100,&quot;sticky_effects_offset&quot;:60,&quot;sticky_on&quot;:[&quot;desktop&quot;,&quot;tablet&quot;,&quot;mobile&quot;],&quot;sticky_anchor_link_offset&quot;:0}\" data-widget_type=\"text-editor.default\">\n\t\t\t\t<div class=\"elementor-widget-container\">\n\t\t\t\t\t\t\t\t\t<p><strong>F\u00e4rjebiljetter<\/strong><\/p><p>De mest f\u00f6rm\u00e5nliga biljetterna finns tillg\u00e4ngliga genom f\u00e4rjeoperat\u00f6ren Scandlines.<\/p><p><strong><a href=\"https:\/\/puttgardenrodby.com\/se\/go\/pages-side\" target=\"_blank\" rel=\"noopener\">S\u00e4tt ihop din \u00f6verfart. \u2b9e<\/a><\/strong><\/p>\t\t\t\t\t\t\t\t<\/div>\n\t\t\t\t<\/div>\n\t\t\t\t\t<\/div>\n\t\t<\/div>\n\t\t\t\t\t<\/div>\n\t\t<\/section>\n\t\t\t\t<\/div>\n\t\t","protected":false},"excerpt":{"rendered":"<p>F\u00e4rjpris &#038; Biljetter Puttgarden-R\u00f8dby + \u00d6resundsbron F\u00f6r resan med Puttgarden-R\u00f8dby-f\u00e4rjan kan du v\u00e4lja att forts\u00e4tta till antingen Tyskland eller Danmark via \u00d8resundsbron (tullbro) eller med Helsingborg-f\u00e4rjan. Valet mellan dessa tv\u00e5 alternativ beror p\u00e5 dina personliga behov och preferenser. Om du s\u00f6ker efter snabbhet \u00e4r bron f\u00f6rmodligen det b\u00e4ttre valet. Om du d\u00e4remot vill str\u00e4cka p\u00e5 [&hellip;]<\/p>\n","protected":false},"author":1,"featured_media":0,"parent":0,"menu_order":0,"comment_status":"closed","ping_status":"closed","template":"elementor_header_footer","meta":{"footnotes":""},"class_list":["post-770","page","type-page","status-publish","hentry"],"yoast_head":"<!-- This site is optimized with the Yoast SEO plugin v27.2 - https:\/\/yoast.com\/product\/yoast-seo-wordpress\/ -->\n<title>Resrutt Puttgarden-R\u00f8dby + \u00d6resundsbron<\/title>\n<meta name=\"robots\" content=\"index, follow, max-snippet:-1, max-image-preview:large, max-video-preview:-1\" \/>\n<link rel=\"canonical\" href=\"https:\/\/puttgardenrodby.com\/se\/puttgarden-rodby-oresundsbron\/\" \/>\n<meta property=\"og:locale\" content=\"sv_SE\" \/>\n<meta property=\"og:type\" content=\"article\" \/>\n<meta property=\"og:title\" content=\"Resrutt Puttgarden-R\u00f8dby + \u00d6resundsbron\" \/>\n<meta property=\"og:description\" content=\"F\u00e4rjpris &#038; Biljetter Puttgarden-R\u00f8dby + \u00d6resundsbron F\u00f6r resan med Puttgarden-R\u00f8dby-f\u00e4rjan kan du v\u00e4lja att forts\u00e4tta till antingen Tyskland eller Danmark via \u00d8resundsbron (tullbro) eller med Helsingborg-f\u00e4rjan. Valet mellan dessa tv\u00e5 alternativ beror p\u00e5 dina personliga behov och preferenser. Om du s\u00f6ker efter snabbhet \u00e4r bron f\u00f6rmodligen det b\u00e4ttre valet. Om du d\u00e4remot vill str\u00e4cka p\u00e5 [&hellip;]\" \/>\n<meta property=\"og:url\" content=\"https:\/\/puttgardenrodby.com\/se\/puttgarden-rodby-oresundsbron\/\" \/>\n<meta property=\"og:site_name\" content=\"Puttgarden Rodby Svenska\" \/>\n<meta property=\"article:modified_time\" content=\"2024-03-14T09:55:11+00:00\" \/>\n<meta property=\"og:image\" content=\"https:\/\/puttgardenrodby.com\/se\/wp-content\/uploads\/sites\/2\/2023\/05\/oresundbrug.jpg\" \/>\n<meta name=\"twitter:card\" content=\"summary_large_image\" \/>\n<meta name=\"twitter:label1\" content=\"Ber\u00e4knad l\u00e4stid\" \/>\n\t<meta name=\"twitter:data1\" content=\"3 minuter\" \/>\n<script type=\"application\/ld+json\" class=\"yoast-schema-graph\">{\"@context\":\"https:\/\/schema.org\",\"@graph\":[{\"@type\":\"WebPage\",\"@id\":\"https:\/\/puttgardenrodby.com\/se\/puttgarden-rodby-oresundsbron\/\",\"url\":\"https:\/\/puttgardenrodby.com\/se\/puttgarden-rodby-oresundsbron\/\",\"name\":\"Resrutt Puttgarden-R\u00f8dby + \u00d6resundsbron\",\"isPartOf\":{\"@id\":\"https:\/\/puttgardenrodby.com\/se\/#website\"},\"primaryImageOfPage\":{\"@id\":\"https:\/\/puttgardenrodby.com\/se\/puttgarden-rodby-oresundsbron\/#primaryimage\"},\"image\":{\"@id\":\"https:\/\/puttgardenrodby.com\/se\/puttgarden-rodby-oresundsbron\/#primaryimage\"},\"thumbnailUrl\":\"https:\/\/puttgardenrodby.com\/se\/wp-content\/uploads\/sites\/2\/2023\/05\/oresundbrug.jpg\",\"datePublished\":\"2023-05-12T10:19:41+00:00\",\"dateModified\":\"2024-03-14T09:55:11+00:00\",\"breadcrumb\":{\"@id\":\"https:\/\/puttgardenrodby.com\/se\/puttgarden-rodby-oresundsbron\/#breadcrumb\"},\"inLanguage\":\"sv-SE\",\"potentialAction\":[{\"@type\":\"ReadAction\",\"target\":[\"https:\/\/puttgardenrodby.com\/se\/puttgarden-rodby-oresundsbron\/\"]}]},{\"@type\":\"ImageObject\",\"inLanguage\":\"sv-SE\",\"@id\":\"https:\/\/puttgardenrodby.com\/se\/puttgarden-rodby-oresundsbron\/#primaryimage\",\"url\":\"https:\/\/puttgardenrodby.com\/se\/wp-content\/uploads\/sites\/2\/2023\/05\/oresundbrug.jpg\",\"contentUrl\":\"https:\/\/puttgardenrodby.com\/se\/wp-content\/uploads\/sites\/2\/2023\/05\/oresundbrug.jpg\",\"width\":1000,\"height\":500},{\"@type\":\"BreadcrumbList\",\"@id\":\"https:\/\/puttgardenrodby.com\/se\/puttgarden-rodby-oresundsbron\/#breadcrumb\",\"itemListElement\":[{\"@type\":\"ListItem\",\"position\":1,\"name\":\"Home\",\"item\":\"https:\/\/puttgardenrodby.com\/se\/\"},{\"@type\":\"ListItem\",\"position\":2,\"name\":\"Puttgarden-R\u00f8dby + \u00d6resundsbron\"}]},{\"@type\":\"WebSite\",\"@id\":\"https:\/\/puttgardenrodby.com\/se\/#website\",\"url\":\"https:\/\/puttgardenrodby.com\/se\/\",\"name\":\"Puttgarden Rodby Svenska\",\"description\":\"\",\"publisher\":{\"@id\":\"https:\/\/puttgardenrodby.com\/se\/#organization\"},\"potentialAction\":[{\"@type\":\"SearchAction\",\"target\":{\"@type\":\"EntryPoint\",\"urlTemplate\":\"https:\/\/puttgardenrodby.com\/se\/?s={search_term_string}\"},\"query-input\":{\"@type\":\"PropertyValueSpecification\",\"valueRequired\":true,\"valueName\":\"search_term_string\"}}],\"inLanguage\":\"sv-SE\"},{\"@type\":\"Organization\",\"@id\":\"https:\/\/puttgardenrodby.com\/se\/#organization\",\"name\":\"Puttgarden Rodby Svenska\",\"url\":\"https:\/\/puttgardenrodby.com\/se\/\",\"logo\":{\"@type\":\"ImageObject\",\"inLanguage\":\"sv-SE\",\"@id\":\"https:\/\/puttgardenrodby.com\/se\/#\/schema\/logo\/image\/\",\"url\":\"https:\/\/puttgardenrodby.com\/se\/wp-content\/uploads\/sites\/2\/2023\/05\/Puttgarden-Rodby-logo.png\",\"contentUrl\":\"https:\/\/puttgardenrodby.com\/se\/wp-content\/uploads\/sites\/2\/2023\/05\/Puttgarden-Rodby-logo.png\",\"width\":1043,\"height\":347,\"caption\":\"Puttgarden Rodby Svenska\"},\"image\":{\"@id\":\"https:\/\/puttgardenrodby.com\/se\/#\/schema\/logo\/image\/\"}}]}<\/script>\n<!-- \/ Yoast SEO plugin. -->","yoast_head_json":{"title":"Resrutt Puttgarden-R\u00f8dby + \u00d6resundsbron","robots":{"index":"index","follow":"follow","max-snippet":"max-snippet:-1","max-image-preview":"max-image-preview:large","max-video-preview":"max-video-preview:-1"},"canonical":"https:\/\/puttgardenrodby.com\/se\/puttgarden-rodby-oresundsbron\/","og_locale":"sv_SE","og_type":"article","og_title":"Resrutt Puttgarden-R\u00f8dby + \u00d6resundsbron","og_description":"F\u00e4rjpris &#038; Biljetter Puttgarden-R\u00f8dby + \u00d6resundsbron F\u00f6r resan med Puttgarden-R\u00f8dby-f\u00e4rjan kan du v\u00e4lja att forts\u00e4tta till antingen Tyskland eller Danmark via \u00d8resundsbron (tullbro) eller med Helsingborg-f\u00e4rjan. Valet mellan dessa tv\u00e5 alternativ beror p\u00e5 dina personliga behov och preferenser. Om du s\u00f6ker efter snabbhet \u00e4r bron f\u00f6rmodligen det b\u00e4ttre valet. Om du d\u00e4remot vill str\u00e4cka p\u00e5 [&hellip;]","og_url":"https:\/\/puttgardenrodby.com\/se\/puttgarden-rodby-oresundsbron\/","og_site_name":"Puttgarden Rodby Svenska","article_modified_time":"2024-03-14T09:55:11+00:00","og_image":[{"url":"https:\/\/puttgardenrodby.com\/se\/wp-content\/uploads\/sites\/2\/2023\/05\/oresundbrug.jpg","type":"","width":"","height":""}],"twitter_card":"summary_large_image","twitter_misc":{"Ber\u00e4knad l\u00e4stid":"3 minuter"},"schema":{"@context":"https:\/\/schema.org","@graph":[{"@type":"WebPage","@id":"https:\/\/puttgardenrodby.com\/se\/puttgarden-rodby-oresundsbron\/","url":"https:\/\/puttgardenrodby.com\/se\/puttgarden-rodby-oresundsbron\/","name":"Resrutt Puttgarden-R\u00f8dby + \u00d6resundsbron","isPartOf":{"@id":"https:\/\/puttgardenrodby.com\/se\/#website"},"primaryImageOfPage":{"@id":"https:\/\/puttgardenrodby.com\/se\/puttgarden-rodby-oresundsbron\/#primaryimage"},"image":{"@id":"https:\/\/puttgardenrodby.com\/se\/puttgarden-rodby-oresundsbron\/#primaryimage"},"thumbnailUrl":"https:\/\/puttgardenrodby.com\/se\/wp-content\/uploads\/sites\/2\/2023\/05\/oresundbrug.jpg","datePublished":"2023-05-12T10:19:41+00:00","dateModified":"2024-03-14T09:55:11+00:00","breadcrumb":{"@id":"https:\/\/puttgardenrodby.com\/se\/puttgarden-rodby-oresundsbron\/#breadcrumb"},"inLanguage":"sv-SE","potentialAction":[{"@type":"ReadAction","target":["https:\/\/puttgardenrodby.com\/se\/puttgarden-rodby-oresundsbron\/"]}]},{"@type":"ImageObject","inLanguage":"sv-SE","@id":"https:\/\/puttgardenrodby.com\/se\/puttgarden-rodby-oresundsbron\/#primaryimage","url":"https:\/\/puttgardenrodby.com\/se\/wp-content\/uploads\/sites\/2\/2023\/05\/oresundbrug.jpg","contentUrl":"https:\/\/puttgardenrodby.com\/se\/wp-content\/uploads\/sites\/2\/2023\/05\/oresundbrug.jpg","width":1000,"height":500},{"@type":"BreadcrumbList","@id":"https:\/\/puttgardenrodby.com\/se\/puttgarden-rodby-oresundsbron\/#breadcrumb","itemListElement":[{"@type":"ListItem","position":1,"name":"Home","item":"https:\/\/puttgardenrodby.com\/se\/"},{"@type":"ListItem","position":2,"name":"Puttgarden-R\u00f8dby + \u00d6resundsbron"}]},{"@type":"WebSite","@id":"https:\/\/puttgardenrodby.com\/se\/#website","url":"https:\/\/puttgardenrodby.com\/se\/","name":"Puttgarden Rodby Svenska","description":"","publisher":{"@id":"https:\/\/puttgardenrodby.com\/se\/#organization"},"potentialAction":[{"@type":"SearchAction","target":{"@type":"EntryPoint","urlTemplate":"https:\/\/puttgardenrodby.com\/se\/?s={search_term_string}"},"query-input":{"@type":"PropertyValueSpecification","valueRequired":true,"valueName":"search_term_string"}}],"inLanguage":"sv-SE"},{"@type":"Organization","@id":"https:\/\/puttgardenrodby.com\/se\/#organization","name":"Puttgarden Rodby Svenska","url":"https:\/\/puttgardenrodby.com\/se\/","logo":{"@type":"ImageObject","inLanguage":"sv-SE","@id":"https:\/\/puttgardenrodby.com\/se\/#\/schema\/logo\/image\/","url":"https:\/\/puttgardenrodby.com\/se\/wp-content\/uploads\/sites\/2\/2023\/05\/Puttgarden-Rodby-logo.png","contentUrl":"https:\/\/puttgardenrodby.com\/se\/wp-content\/uploads\/sites\/2\/2023\/05\/Puttgarden-Rodby-logo.png","width":1043,"height":347,"caption":"Puttgarden Rodby Svenska"},"image":{"@id":"https:\/\/puttgardenrodby.com\/se\/#\/schema\/logo\/image\/"}}]}},"_links":{"self":[{"href":"https:\/\/puttgardenrodby.com\/se\/wp-json\/wp\/v2\/pages\/770","targetHints":{"allow":["GET"]}}],"collection":[{"href":"https:\/\/puttgardenrodby.com\/se\/wp-json\/wp\/v2\/pages"}],"about":[{"href":"https:\/\/puttgardenrodby.com\/se\/wp-json\/wp\/v2\/types\/page"}],"author":[{"embeddable":true,"href":"https:\/\/puttgardenrodby.com\/se\/wp-json\/wp\/v2\/users\/1"}],"replies":[{"embeddable":true,"href":"https:\/\/puttgardenrodby.com\/se\/wp-json\/wp\/v2\/comments?post=770"}],"version-history":[{"count":34,"href":"https:\/\/puttgardenrodby.com\/se\/wp-json\/wp\/v2\/pages\/770\/revisions"}],"predecessor-version":[{"id":1196,"href":"https:\/\/puttgardenrodby.com\/se\/wp-json\/wp\/v2\/pages\/770\/revisions\/1196"}],"wp:attachment":[{"href":"https:\/\/puttgardenrodby.com\/se\/wp-json\/wp\/v2\/media?parent=770"}],"curies":[{"name":"wp","href":"https:\/\/api.w.org\/{rel}","templated":true}]}}