{"id":733,"date":"2023-05-12T08:49:25","date_gmt":"2023-05-12T08:49:25","guid":{"rendered":"https:\/\/puttgardenrodby.nl\/?page_id=733"},"modified":"2024-03-14T09:56:20","modified_gmt":"2024-03-14T09:56:20","slug":"puttgarden-rodby-helsingor-helsingborg","status":"publish","type":"page","link":"https:\/\/puttgardenrodby.com\/se\/puttgarden-rodby-helsingor-helsingborg\/","title":{"rendered":"Puttgarden-R\u00f8dby + Helsing\u00f8r-Helsingborg"},"content":{"rendered":"\t\t<div data-elementor-type=\"wp-post\" data-elementor-id=\"733\" class=\"elementor elementor-733\" data-elementor-post-type=\"page\">\n\t\t\t\t\t\t<section class=\"elementor-section elementor-top-section elementor-element elementor-element-7f9d8394 elementor-section-boxed elementor-section-height-default elementor-section-height-default\" data-id=\"7f9d8394\" data-element_type=\"section\" data-e-type=\"section\" data-settings=\"{&quot;background_background&quot;:&quot;gradient&quot;,&quot;sticky&quot;:&quot;top&quot;,&quot;sticky_on&quot;:[&quot;desktop&quot;,&quot;tablet&quot;,&quot;mobile&quot;],&quot;sticky_offset&quot;:0,&quot;sticky_effects_offset&quot;:0,&quot;sticky_anchor_link_offset&quot;:0}\">\n\t\t\t\t\t\t<div class=\"elementor-container elementor-column-gap-default\">\n\t\t\t\t\t<div class=\"elementor-column elementor-col-50 elementor-top-column elementor-element elementor-element-4cf45aa5\" data-id=\"4cf45aa5\" data-element_type=\"column\" data-e-type=\"column\">\n\t\t\t<div class=\"elementor-widget-wrap elementor-element-populated\">\n\t\t\t\t\t\t<div class=\"elementor-element elementor-element-39c03a12 elementor-widget elementor-widget-breadcrumbs\" data-id=\"39c03a12\" data-element_type=\"widget\" data-e-type=\"widget\" data-widget_type=\"breadcrumbs.default\">\n\t\t\t\t<div class=\"elementor-widget-container\">\n\t\t\t\t\t<p id=\"breadcrumbs\"><span><span><a href=\"https:\/\/puttgardenrodby.com\/se\/\">Home<\/a><\/span><\/span><\/p>\t\t\t\t<\/div>\n\t\t\t\t<\/div>\n\t\t\t\t\t<\/div>\n\t\t<\/div>\n\t\t\t\t<div class=\"elementor-column elementor-col-50 elementor-top-column elementor-element elementor-element-5d193e4b\" data-id=\"5d193e4b\" data-element_type=\"column\" data-e-type=\"column\">\n\t\t\t<div class=\"elementor-widget-wrap elementor-element-populated\">\n\t\t\t\t\t\t<div class=\"elementor-element elementor-element-1a0641f0 elementor-align-right elementor-mobile-align-center elementor-widget elementor-widget-button\" data-id=\"1a0641f0\" data-element_type=\"widget\" data-e-type=\"widget\" data-settings=\"{&quot;sticky&quot;:&quot;top&quot;,&quot;sticky_on&quot;:[&quot;mobile&quot;],&quot;sticky_offset&quot;:8,&quot;sticky_effects_offset_mobile&quot;:0,&quot;_animation_mobile&quot;:&quot;fadeIn&quot;,&quot;sticky_effects_offset&quot;:0,&quot;sticky_anchor_link_offset&quot;:0}\" data-widget_type=\"button.default\">\n\t\t\t\t<div class=\"elementor-widget-container\">\n\t\t\t\t\t\t\t\t\t<div class=\"elementor-button-wrapper\">\n\t\t\t\t\t<a class=\"elementor-button elementor-button-link elementor-size-md elementor-animation-shrink\" href=\"\/se\/go\/knapp-huvud-sida\" target=\"_blank\">\n\t\t\t\t\t\t<span class=\"elementor-button-content-wrapper\">\n\t\t\t\t\t\t<span class=\"elementor-button-icon\">\n\t\t\t\t<i aria-hidden=\"true\" class=\"far fa-arrow-alt-circle-right\"><\/i>\t\t\t<\/span>\n\t\t\t\t\t\t\t\t\t<span class=\"elementor-button-text\">F\u00e4rjpris &amp; Biljetter<\/span>\n\t\t\t\t\t<\/span>\n\t\t\t\t\t<\/a>\n\t\t\t\t<\/div>\n\t\t\t\t\t\t\t\t<\/div>\n\t\t\t\t<\/div>\n\t\t\t\t\t<\/div>\n\t\t<\/div>\n\t\t\t\t\t<\/div>\n\t\t<\/section>\n\t\t\t\t<section class=\"elementor-section elementor-top-section elementor-element elementor-element-348d881 elementor-section-boxed elementor-section-height-default elementor-section-height-default\" data-id=\"348d881\" data-element_type=\"section\" data-e-type=\"section\">\n\t\t\t\t\t\t\t<div class=\"elementor-background-overlay\"><\/div>\n\t\t\t\t\t\t\t<div class=\"elementor-container elementor-column-gap-default\">\n\t\t\t\t\t<div class=\"elementor-column elementor-col-50 elementor-top-column elementor-element elementor-element-2e117c7\" data-id=\"2e117c7\" data-element_type=\"column\" data-e-type=\"column\">\n\t\t\t<div class=\"elementor-widget-wrap elementor-element-populated\">\n\t\t\t\t\t\t<div class=\"elementor-element elementor-element-e20d4c6 elementor-widget elementor-widget-image\" data-id=\"e20d4c6\" data-element_type=\"widget\" data-e-type=\"widget\" data-widget_type=\"image.default\">\n\t\t\t\t<div class=\"elementor-widget-container\">\n\t\t\t\t\t\t\t\t\t\t\t\t\t\t\t<img fetchpriority=\"high\" decoding=\"async\" width=\"1000\" height=\"500\" src=\"https:\/\/puttgardenrodby.com\/se\/wp-content\/uploads\/sites\/2\/2023\/05\/Helsingborg.jpg\" class=\"attachment-full size-full wp-image-736\" alt=\"\" srcset=\"https:\/\/puttgardenrodby.com\/se\/wp-content\/uploads\/sites\/2\/2023\/05\/Helsingborg.jpg 1000w, https:\/\/puttgardenrodby.com\/se\/wp-content\/uploads\/sites\/2\/2023\/05\/Helsingborg-300x150.jpg 300w, https:\/\/puttgardenrodby.com\/se\/wp-content\/uploads\/sites\/2\/2023\/05\/Helsingborg-768x384.jpg 768w\" sizes=\"(max-width: 1000px) 100vw, 1000px\" \/>\t\t\t\t\t\t\t\t\t\t\t\t\t\t\t<\/div>\n\t\t\t\t<\/div>\n\t\t\t\t<div class=\"elementor-element elementor-element-18585c6 elementor-widget elementor-widget-heading\" data-id=\"18585c6\" data-element_type=\"widget\" data-e-type=\"widget\" data-widget_type=\"heading.default\">\n\t\t\t\t<div class=\"elementor-widget-container\">\n\t\t\t\t\t<h1 class=\"elementor-heading-title elementor-size-default\">Helsingborg-<span style=\"letter-spacing: -0.0415625em\">Helsing\u00f8r + Rodby <\/span>Puttgarden <span style=\"letter-spacing: -0.0415625em;text-align: inherit\"><\/span><br><\/h1>\t\t\t\t<\/div>\n\t\t\t\t<\/div>\n\t\t\t\t<div class=\"elementor-element elementor-element-3d6085d elementor-widget elementor-widget-text-editor\" data-id=\"3d6085d\" data-element_type=\"widget\" data-e-type=\"widget\" data-widget_type=\"text-editor.default\">\n\t\t\t\t<div class=\"elementor-widget-container\">\n\t\t\t\t\t\t\t\t\t<p><strong>Den som reser fr\u00e5n Sverige till Tyskland via Danmark kan v\u00e4lja mellan bron eller f\u00e4rjan Helsingborg-Helsing\u00f8r. Valet mellan \u00d6resundsbron och Helsingborg-veerboot beror p\u00e5 dina specifika behov och preferenser. Om du uppskattar snabbhet och bekv\u00e4mlighet kan bron vara det b\u00e4ttre alternativet f\u00f6r dig. Om du vill njuta av landskapet och ha en mer avslappnad resa kan f\u00e4rjan passa dig b\u00e4ttre. Vi anser sj\u00e4lva att prisaspekten ocks\u00e5 \u00e4r mycket viktig!&#8221;<\/strong><\/p><h2>Helsing\u00f8r-Helsingborg + R\u00f8dby-Puttgarden biljetter<\/h2><p>Scandlines erbjuder kombinationsbiljetter f\u00f6r:<\/p><ul><li><strong>Helsing\u00f8r-Helsingborg +\u00a0<\/strong><span style=\"font-weight: bold; letter-spacing: -0.27px;\">R\u00f8dby &#8211; Puttgarden<\/span><\/li><li>och f\u00f6r <strong>\u00d8resundsbron + R\u00f8dby &#8211; Puttgarden.<\/strong><\/li><\/ul><p>Du kan j\u00e4mf\u00f6ra priserna f\u00f6r dessa hos <strong><a href=\"https:\/\/puttgardenrodby.com\/se\/go\/scandlines-combitickets\">Scandlines<\/a><\/strong> genom att ange hur du planerar att resa. P\u00e5 s\u00e5 s\u00e4tt kan du snabbt se kostnaderna.<\/p><p><a href=\"https:\/\/puttgardenrodby.com\/go\/combinatietickets\" target=\"_blank\" rel=\"noopener\"><img decoding=\"async\" src=\"https:\/\/puttgardenrodby.com\/wp-content\/uploads\/2023\/05\/puttgarden-rodby-and-helsingor-helsingborg-tickets.jpg\" alt=\"\" width=\"850\" height=\"163\" \/><\/a><\/p><p><span style=\"color: #d70550; font-family: var( --e-global-typography-text-font-family ), Sans-serif; font-size: 40px; font-weight: bold; letter-spacing: -0.0415625em; text-align: inherit;\">Om Helsing\u00f8r-Helsingborg-f\u00e4rjan<\/span><\/p><div><p>Om du v\u00e4ljer Helsing\u00f8r-Helsingborg + R\u00f8dby-Puttgarden-resan kommer du att resa via tv\u00e5 snabba f\u00e4rje\u00f6verfarter. Den f\u00f6rsta tar 20 minuter och den andra endast 45 minuter. Mellan de tv\u00e5 f\u00e4rjorna tar det cirka 2 timmar att k\u00f6ra med bil \u00f6ver en str\u00e4cka p\u00e5 cirka 200 kilometer.<\/p><p><a href=\"https:\/\/puttgardenrodby.com\/se\/puttgarden-rodby-helsingor-helsingborg\/\">Helsingborg-Helsing\u00f8r-f\u00e4rjan<\/a> \u00e4r en av de mest popul\u00e4ra f\u00e4rjorna i regionen. F\u00e4rjan trafikerar dagligen mellan Helsingborg i Sverige och Helsing\u00f8r i Danmark. Resan tar cirka 20 minuter och det finns flera avg\u00e5ngstider under dagen.<\/p><p>Om du planerar att resa med Helsingborg-Helsing\u00f8r-f\u00e4rjan rekommenderas det att boka dina biljetter i f\u00f6rv\u00e4g f\u00f6r att undvika att beh\u00f6va k\u00f6a vid ombordstigning p\u00e5 f\u00e4rjan.<\/p><\/div>\t\t\t\t\t\t\t\t<\/div>\n\t\t\t\t<\/div>\n\t\t\t\t<div class=\"elementor-element elementor-element-ed72b7f elementor-widget elementor-widget-image\" data-id=\"ed72b7f\" data-element_type=\"widget\" data-e-type=\"widget\" data-widget_type=\"image.default\">\n\t\t\t\t<div class=\"elementor-widget-container\">\n\t\t\t\t\t\t\t\t\t\t\t\t\t\t\t<img decoding=\"async\" src=\"https:\/\/puttgardenrodby.com\/se\/wp-content\/uploads\/sites\/2\/elementor\/thumbs\/puttgarden-rodby-test-q6vo197huyfffeg3luonm9t7dfi6vp8vsyzxu9zj48.jpg\" title=\"puttgarden rodby test\" alt=\"puttgarden rodby test\" loading=\"lazy\" \/>\t\t\t\t\t\t\t\t\t\t\t\t\t\t\t<\/div>\n\t\t\t\t<\/div>\n\t\t\t\t<div class=\"elementor-element elementor-element-c3bf599 elementor-widget elementor-widget-text-editor\" data-id=\"c3bf599\" data-element_type=\"widget\" data-e-type=\"widget\" data-widget_type=\"text-editor.default\">\n\t\t\t\t<div class=\"elementor-widget-container\">\n\t\t\t\t\t\t\t\t\t<h2>Ombord p\u00e5 f\u00e4rjan\u00a0<\/h2><div><p>P\u00e5 Helsingborg-Helsing\u00f8r-f\u00e4rjan finns det olika faciliteter tillg\u00e4ngliga f\u00f6r passagerare. Det finns en restaurang d\u00e4r du kan njuta av en m\u00e5ltid eller en dryck samtidigt som du beundrar utsikten \u00f6ver \u00d6resund. Det finns ocks\u00e5 toaletter och gratis wifi ombord.<\/p><p>Om du vill njuta av utsikten \u00f6ver \u00d6resund \u00e4r det b\u00e4st att st\u00e5 ute p\u00e5 d\u00e4ck. Var beredd p\u00e5 eventuella <a href=\"https:\/\/puttgardenrodby.com\/se\/vader\/\">v\u00e4derf\u00f6rh\u00e5llanden<\/a> och kl\u00e4 dig l\u00e4mpligt.<\/p><h2>Ska du v\u00e4lja f\u00e4rjan eller bron?<\/h2><p>B\u00e5de \u00d8resundsbron + R\u00f8dby &#8211; Puttgarden och Helsingborg-veerboot har olika f\u00f6rdelar och nackdelar, beroende p\u00e5 dina specifika behov och preferenser.<\/p><p>Om du reser fr\u00e5n Malm\u00f6 anser vi att f\u00e4rjan \u00e4r alltf\u00f6r l\u00e5ngt bort, men om du reser fr\u00e5n norr blir det ett bra val. Trots detta tar f\u00e4rjan enligt v\u00e5r ber\u00e4kning lite l\u00e4ngre tid.<\/p><p>Om du till exempel reser mot Ljunby kan du f\u00f6rv\u00e4nta dig f\u00f6ljande restid.<\/p><ul><li><strong>R\u00f8dby &#8211; Ljungby<\/strong> med bron (374 km)<br \/>Total tid: 3 timmar och 49 minuter<\/li><li><strong>R\u00f8dby &#8211; Ljungby<\/strong> med f\u00e4rjan<br \/>Fr\u00e5n Helsing\u00f8r till Rodby f\u00e4rjeterminal &#8211; 198 km, 2 timmar och 8 minuter<br \/>\u00d6verfart: v\u00e4ntetid 10 minuter, sj\u00e4lva f\u00e4rden 20 minuter<br \/>Fr\u00e5n Ljungby till Helsingborg 131 km, 1 timme och 30 minuter<br \/><strong>Total tid:<\/strong> 4 timmar och 8 minuter<\/li><\/ul><p>Slutligen beror valet mellan \u00d6resundsbron och Helsingborg-veerboot p\u00e5 dina specifika behov och preferenser. Om du v\u00e4rdes\u00e4tter snabbhet och bekv\u00e4mlighet kan bron vara det b\u00e4ttre alternativet. Om du vill njuta av landskapet och ha en mer avslappnad resa kan f\u00e4rjan passa dig b\u00e4ttre.<\/p><p><strong>F\u00e4rjebiljetter<\/strong><\/p><p>De mest f\u00f6rm\u00e5nliga biljetterna finns tillg\u00e4ngliga genom f\u00e4rjeoperat\u00f6ren Scandlines.<\/p><p><strong><a href=\"https:\/\/puttgardenrodby.com\/se\/scandlines\" target=\"_blank\" rel=\"noopener\">S\u00e4tt ihop din \u00f6verfart. \u2b9e<\/a><\/strong><\/p><hr \/><\/div>\t\t\t\t\t\t\t\t<\/div>\n\t\t\t\t<\/div>\n\t\t\t\t\t<\/div>\n\t\t<\/div>\n\t\t\t\t<div class=\"elementor-column elementor-col-50 elementor-top-column elementor-element elementor-element-9a29147\" data-id=\"9a29147\" data-element_type=\"column\" data-e-type=\"column\">\n\t\t\t<div class=\"elementor-widget-wrap elementor-element-populated\">\n\t\t\t\t\t\t<div class=\"elementor-element elementor-element-de19ae8 elementor-widget elementor-widget-text-editor\" data-id=\"de19ae8\" data-element_type=\"widget\" data-e-type=\"widget\" data-settings=\"{&quot;sticky&quot;:&quot;top&quot;,&quot;sticky_parent&quot;:&quot;yes&quot;,&quot;sticky_offset&quot;:100,&quot;sticky_effects_offset&quot;:60,&quot;sticky_on&quot;:[&quot;desktop&quot;,&quot;tablet&quot;,&quot;mobile&quot;],&quot;sticky_anchor_link_offset&quot;:0}\" data-widget_type=\"text-editor.default\">\n\t\t\t\t<div class=\"elementor-widget-container\">\n\t\t\t\t\t\t\t\t\t<p><strong>F\u00e4rjebiljetter<\/strong><\/p><p>De mest f\u00f6rm\u00e5nliga biljetterna finns tillg\u00e4ngliga genom f\u00e4rjeoperat\u00f6ren Scandlines.<\/p><p><strong><a href=\"https:\/\/puttgardenrodby.com\/se\/go\/pages-side\" target=\"_blank\" rel=\"noopener\">S\u00e4tt ihop din \u00f6verfart. \u2b9e<\/a><\/strong><\/p>\t\t\t\t\t\t\t\t<\/div>\n\t\t\t\t<\/div>\n\t\t\t\t\t<\/div>\n\t\t<\/div>\n\t\t\t\t\t<\/div>\n\t\t<\/section>\n\t\t\t\t<\/div>\n\t\t","protected":false},"excerpt":{"rendered":"<p>F\u00e4rjpris &#038; Biljetter Helsingborg-Helsing\u00f8r + Rodby Puttgarden Den som reser fr\u00e5n Sverige till Tyskland via Danmark kan v\u00e4lja mellan bron eller f\u00e4rjan Helsingborg-Helsing\u00f8r. Valet mellan \u00d6resundsbron och Helsingborg-veerboot beror p\u00e5 dina specifika behov och preferenser. Om du uppskattar snabbhet och bekv\u00e4mlighet kan bron vara det b\u00e4ttre alternativet f\u00f6r dig. Om du vill njuta av landskapet [&hellip;]<\/p>\n","protected":false},"author":1,"featured_media":0,"parent":0,"menu_order":0,"comment_status":"closed","ping_status":"closed","template":"elementor_header_footer","meta":{"footnotes":""},"class_list":["post-733","page","type-page","status-publish","hentry"],"yoast_head":"<!-- This site is optimized with the Yoast SEO plugin v27.2 - https:\/\/yoast.com\/product\/yoast-seo-wordpress\/ -->\n<title>Puttgarden-R\u00f8dby + Helsing\u00f8r-Helsingborg - Puttgarden Rodby Svenska<\/title>\n<meta name=\"description\" content=\"Uppt\u00e4ck f\u00e4rjan Helsing\u00f6r-Helsingborg + R\u00f8dby-Puttgarden. L\u00e4s mer om f\u00e4rjef\u00f6rbindelserna mellan Tyskland, Danmark och Sverige.\" \/>\n<meta name=\"robots\" content=\"index, follow, max-snippet:-1, max-image-preview:large, max-video-preview:-1\" \/>\n<link rel=\"canonical\" href=\"https:\/\/puttgardenrodby.com\/se\/puttgarden-rodby-helsingor-helsingborg\/\" \/>\n<meta property=\"og:locale\" content=\"sv_SE\" \/>\n<meta property=\"og:type\" content=\"article\" \/>\n<meta property=\"og:title\" content=\"Puttgarden-R\u00f8dby + Helsing\u00f8r-Helsingborg - Puttgarden Rodby Svenska\" \/>\n<meta property=\"og:description\" content=\"Uppt\u00e4ck f\u00e4rjan Helsing\u00f6r-Helsingborg + R\u00f8dby-Puttgarden. L\u00e4s mer om f\u00e4rjef\u00f6rbindelserna mellan Tyskland, Danmark och Sverige.\" \/>\n<meta property=\"og:url\" content=\"https:\/\/puttgardenrodby.com\/se\/puttgarden-rodby-helsingor-helsingborg\/\" \/>\n<meta property=\"og:site_name\" content=\"Puttgarden Rodby Svenska\" \/>\n<meta property=\"article:modified_time\" content=\"2024-03-14T09:56:20+00:00\" \/>\n<meta property=\"og:image\" content=\"https:\/\/puttgardenrodby.com\/se\/wp-content\/uploads\/sites\/2\/2023\/05\/Helsingborg.jpg\" \/>\n<meta name=\"twitter:card\" content=\"summary_large_image\" \/>\n<meta name=\"twitter:label1\" content=\"Ber\u00e4knad l\u00e4stid\" \/>\n\t<meta name=\"twitter:data1\" content=\"4 minuter\" \/>\n<script type=\"application\/ld+json\" class=\"yoast-schema-graph\">{\"@context\":\"https:\/\/schema.org\",\"@graph\":[{\"@type\":\"WebPage\",\"@id\":\"https:\/\/puttgardenrodby.com\/se\/puttgarden-rodby-helsingor-helsingborg\/\",\"url\":\"https:\/\/puttgardenrodby.com\/se\/puttgarden-rodby-helsingor-helsingborg\/\",\"name\":\"Puttgarden-R\u00f8dby + Helsing\u00f8r-Helsingborg - Puttgarden Rodby Svenska\",\"isPartOf\":{\"@id\":\"https:\/\/puttgardenrodby.com\/se\/#website\"},\"primaryImageOfPage\":{\"@id\":\"https:\/\/puttgardenrodby.com\/se\/puttgarden-rodby-helsingor-helsingborg\/#primaryimage\"},\"image\":{\"@id\":\"https:\/\/puttgardenrodby.com\/se\/puttgarden-rodby-helsingor-helsingborg\/#primaryimage\"},\"thumbnailUrl\":\"https:\/\/puttgardenrodby.com\/se\/wp-content\/uploads\/sites\/2\/2023\/05\/Helsingborg.jpg\",\"datePublished\":\"2023-05-12T08:49:25+00:00\",\"dateModified\":\"2024-03-14T09:56:20+00:00\",\"description\":\"Uppt\u00e4ck f\u00e4rjan Helsing\u00f6r-Helsingborg + R\u00f8dby-Puttgarden. L\u00e4s mer om f\u00e4rjef\u00f6rbindelserna mellan Tyskland, Danmark och Sverige.\",\"breadcrumb\":{\"@id\":\"https:\/\/puttgardenrodby.com\/se\/puttgarden-rodby-helsingor-helsingborg\/#breadcrumb\"},\"inLanguage\":\"sv-SE\",\"potentialAction\":[{\"@type\":\"ReadAction\",\"target\":[\"https:\/\/puttgardenrodby.com\/se\/puttgarden-rodby-helsingor-helsingborg\/\"]}]},{\"@type\":\"ImageObject\",\"inLanguage\":\"sv-SE\",\"@id\":\"https:\/\/puttgardenrodby.com\/se\/puttgarden-rodby-helsingor-helsingborg\/#primaryimage\",\"url\":\"https:\/\/puttgardenrodby.com\/se\/wp-content\/uploads\/sites\/2\/2023\/05\/Helsingborg.jpg\",\"contentUrl\":\"https:\/\/puttgardenrodby.com\/se\/wp-content\/uploads\/sites\/2\/2023\/05\/Helsingborg.jpg\",\"width\":1000,\"height\":500},{\"@type\":\"BreadcrumbList\",\"@id\":\"https:\/\/puttgardenrodby.com\/se\/puttgarden-rodby-helsingor-helsingborg\/#breadcrumb\",\"itemListElement\":[{\"@type\":\"ListItem\",\"position\":1,\"name\":\"Home\",\"item\":\"https:\/\/puttgardenrodby.com\/se\/\"},{\"@type\":\"ListItem\",\"position\":2,\"name\":\"Puttgarden-R\u00f8dby + Helsing\u00f8r-Helsingborg\"}]},{\"@type\":\"WebSite\",\"@id\":\"https:\/\/puttgardenrodby.com\/se\/#website\",\"url\":\"https:\/\/puttgardenrodby.com\/se\/\",\"name\":\"Puttgarden Rodby Svenska\",\"description\":\"\",\"publisher\":{\"@id\":\"https:\/\/puttgardenrodby.com\/se\/#organization\"},\"potentialAction\":[{\"@type\":\"SearchAction\",\"target\":{\"@type\":\"EntryPoint\",\"urlTemplate\":\"https:\/\/puttgardenrodby.com\/se\/?s={search_term_string}\"},\"query-input\":{\"@type\":\"PropertyValueSpecification\",\"valueRequired\":true,\"valueName\":\"search_term_string\"}}],\"inLanguage\":\"sv-SE\"},{\"@type\":\"Organization\",\"@id\":\"https:\/\/puttgardenrodby.com\/se\/#organization\",\"name\":\"Puttgarden Rodby Svenska\",\"url\":\"https:\/\/puttgardenrodby.com\/se\/\",\"logo\":{\"@type\":\"ImageObject\",\"inLanguage\":\"sv-SE\",\"@id\":\"https:\/\/puttgardenrodby.com\/se\/#\/schema\/logo\/image\/\",\"url\":\"https:\/\/puttgardenrodby.com\/se\/wp-content\/uploads\/sites\/2\/2023\/05\/Puttgarden-Rodby-logo.png\",\"contentUrl\":\"https:\/\/puttgardenrodby.com\/se\/wp-content\/uploads\/sites\/2\/2023\/05\/Puttgarden-Rodby-logo.png\",\"width\":1043,\"height\":347,\"caption\":\"Puttgarden Rodby Svenska\"},\"image\":{\"@id\":\"https:\/\/puttgardenrodby.com\/se\/#\/schema\/logo\/image\/\"}}]}<\/script>\n<!-- \/ Yoast SEO plugin. -->","yoast_head_json":{"title":"Puttgarden-R\u00f8dby + Helsing\u00f8r-Helsingborg - Puttgarden Rodby Svenska","description":"Uppt\u00e4ck f\u00e4rjan Helsing\u00f6r-Helsingborg + R\u00f8dby-Puttgarden. L\u00e4s mer om f\u00e4rjef\u00f6rbindelserna mellan Tyskland, Danmark och Sverige.","robots":{"index":"index","follow":"follow","max-snippet":"max-snippet:-1","max-image-preview":"max-image-preview:large","max-video-preview":"max-video-preview:-1"},"canonical":"https:\/\/puttgardenrodby.com\/se\/puttgarden-rodby-helsingor-helsingborg\/","og_locale":"sv_SE","og_type":"article","og_title":"Puttgarden-R\u00f8dby + Helsing\u00f8r-Helsingborg - Puttgarden Rodby Svenska","og_description":"Uppt\u00e4ck f\u00e4rjan Helsing\u00f6r-Helsingborg + R\u00f8dby-Puttgarden. L\u00e4s mer om f\u00e4rjef\u00f6rbindelserna mellan Tyskland, Danmark och Sverige.","og_url":"https:\/\/puttgardenrodby.com\/se\/puttgarden-rodby-helsingor-helsingborg\/","og_site_name":"Puttgarden Rodby Svenska","article_modified_time":"2024-03-14T09:56:20+00:00","og_image":[{"url":"https:\/\/puttgardenrodby.com\/se\/wp-content\/uploads\/sites\/2\/2023\/05\/Helsingborg.jpg","type":"","width":"","height":""}],"twitter_card":"summary_large_image","twitter_misc":{"Ber\u00e4knad l\u00e4stid":"4 minuter"},"schema":{"@context":"https:\/\/schema.org","@graph":[{"@type":"WebPage","@id":"https:\/\/puttgardenrodby.com\/se\/puttgarden-rodby-helsingor-helsingborg\/","url":"https:\/\/puttgardenrodby.com\/se\/puttgarden-rodby-helsingor-helsingborg\/","name":"Puttgarden-R\u00f8dby + Helsing\u00f8r-Helsingborg - Puttgarden Rodby Svenska","isPartOf":{"@id":"https:\/\/puttgardenrodby.com\/se\/#website"},"primaryImageOfPage":{"@id":"https:\/\/puttgardenrodby.com\/se\/puttgarden-rodby-helsingor-helsingborg\/#primaryimage"},"image":{"@id":"https:\/\/puttgardenrodby.com\/se\/puttgarden-rodby-helsingor-helsingborg\/#primaryimage"},"thumbnailUrl":"https:\/\/puttgardenrodby.com\/se\/wp-content\/uploads\/sites\/2\/2023\/05\/Helsingborg.jpg","datePublished":"2023-05-12T08:49:25+00:00","dateModified":"2024-03-14T09:56:20+00:00","description":"Uppt\u00e4ck f\u00e4rjan Helsing\u00f6r-Helsingborg + R\u00f8dby-Puttgarden. L\u00e4s mer om f\u00e4rjef\u00f6rbindelserna mellan Tyskland, Danmark och Sverige.","breadcrumb":{"@id":"https:\/\/puttgardenrodby.com\/se\/puttgarden-rodby-helsingor-helsingborg\/#breadcrumb"},"inLanguage":"sv-SE","potentialAction":[{"@type":"ReadAction","target":["https:\/\/puttgardenrodby.com\/se\/puttgarden-rodby-helsingor-helsingborg\/"]}]},{"@type":"ImageObject","inLanguage":"sv-SE","@id":"https:\/\/puttgardenrodby.com\/se\/puttgarden-rodby-helsingor-helsingborg\/#primaryimage","url":"https:\/\/puttgardenrodby.com\/se\/wp-content\/uploads\/sites\/2\/2023\/05\/Helsingborg.jpg","contentUrl":"https:\/\/puttgardenrodby.com\/se\/wp-content\/uploads\/sites\/2\/2023\/05\/Helsingborg.jpg","width":1000,"height":500},{"@type":"BreadcrumbList","@id":"https:\/\/puttgardenrodby.com\/se\/puttgarden-rodby-helsingor-helsingborg\/#breadcrumb","itemListElement":[{"@type":"ListItem","position":1,"name":"Home","item":"https:\/\/puttgardenrodby.com\/se\/"},{"@type":"ListItem","position":2,"name":"Puttgarden-R\u00f8dby + Helsing\u00f8r-Helsingborg"}]},{"@type":"WebSite","@id":"https:\/\/puttgardenrodby.com\/se\/#website","url":"https:\/\/puttgardenrodby.com\/se\/","name":"Puttgarden Rodby Svenska","description":"","publisher":{"@id":"https:\/\/puttgardenrodby.com\/se\/#organization"},"potentialAction":[{"@type":"SearchAction","target":{"@type":"EntryPoint","urlTemplate":"https:\/\/puttgardenrodby.com\/se\/?s={search_term_string}"},"query-input":{"@type":"PropertyValueSpecification","valueRequired":true,"valueName":"search_term_string"}}],"inLanguage":"sv-SE"},{"@type":"Organization","@id":"https:\/\/puttgardenrodby.com\/se\/#organization","name":"Puttgarden Rodby Svenska","url":"https:\/\/puttgardenrodby.com\/se\/","logo":{"@type":"ImageObject","inLanguage":"sv-SE","@id":"https:\/\/puttgardenrodby.com\/se\/#\/schema\/logo\/image\/","url":"https:\/\/puttgardenrodby.com\/se\/wp-content\/uploads\/sites\/2\/2023\/05\/Puttgarden-Rodby-logo.png","contentUrl":"https:\/\/puttgardenrodby.com\/se\/wp-content\/uploads\/sites\/2\/2023\/05\/Puttgarden-Rodby-logo.png","width":1043,"height":347,"caption":"Puttgarden Rodby Svenska"},"image":{"@id":"https:\/\/puttgardenrodby.com\/se\/#\/schema\/logo\/image\/"}}]}},"_links":{"self":[{"href":"https:\/\/puttgardenrodby.com\/se\/wp-json\/wp\/v2\/pages\/733","targetHints":{"allow":["GET"]}}],"collection":[{"href":"https:\/\/puttgardenrodby.com\/se\/wp-json\/wp\/v2\/pages"}],"about":[{"href":"https:\/\/puttgardenrodby.com\/se\/wp-json\/wp\/v2\/types\/page"}],"author":[{"embeddable":true,"href":"https:\/\/puttgardenrodby.com\/se\/wp-json\/wp\/v2\/users\/1"}],"replies":[{"embeddable":true,"href":"https:\/\/puttgardenrodby.com\/se\/wp-json\/wp\/v2\/comments?post=733"}],"version-history":[{"count":16,"href":"https:\/\/puttgardenrodby.com\/se\/wp-json\/wp\/v2\/pages\/733\/revisions"}],"predecessor-version":[{"id":1199,"href":"https:\/\/puttgardenrodby.com\/se\/wp-json\/wp\/v2\/pages\/733\/revisions\/1199"}],"wp:attachment":[{"href":"https:\/\/puttgardenrodby.com\/se\/wp-json\/wp\/v2\/media?parent=733"}],"curies":[{"name":"wp","href":"https:\/\/api.w.org\/{rel}","templated":true}]}}