{"id":651,"date":"2023-05-11T11:56:09","date_gmt":"2023-05-11T11:56:09","guid":{"rendered":"https:\/\/puttgardenrodby.nl\/?page_id=651"},"modified":"2024-03-14T09:44:53","modified_gmt":"2024-03-14T09:44:53","slug":"tidtabell","status":"publish","type":"page","link":"https:\/\/puttgardenrodby.com\/se\/tidtabell\/","title":{"rendered":"Tidtabell"},"content":{"rendered":"\t\t<div data-elementor-type=\"wp-post\" data-elementor-id=\"651\" class=\"elementor elementor-651\" data-elementor-post-type=\"page\">\n\t\t\t\t\t\t<section class=\"elementor-section elementor-top-section elementor-element elementor-element-67767d93 elementor-section-boxed elementor-section-height-default elementor-section-height-default\" data-id=\"67767d93\" data-element_type=\"section\" data-e-type=\"section\" data-settings=\"{&quot;background_background&quot;:&quot;gradient&quot;,&quot;sticky&quot;:&quot;top&quot;,&quot;sticky_on&quot;:[&quot;desktop&quot;,&quot;tablet&quot;,&quot;mobile&quot;],&quot;sticky_offset&quot;:0,&quot;sticky_effects_offset&quot;:0,&quot;sticky_anchor_link_offset&quot;:0}\">\n\t\t\t\t\t\t<div class=\"elementor-container elementor-column-gap-default\">\n\t\t\t\t\t<div class=\"elementor-column elementor-col-50 elementor-top-column elementor-element elementor-element-529eaf24\" data-id=\"529eaf24\" data-element_type=\"column\" data-e-type=\"column\">\n\t\t\t<div class=\"elementor-widget-wrap elementor-element-populated\">\n\t\t\t\t\t\t<div class=\"elementor-element elementor-element-373da75d elementor-widget elementor-widget-breadcrumbs\" data-id=\"373da75d\" data-element_type=\"widget\" data-e-type=\"widget\" data-widget_type=\"breadcrumbs.default\">\n\t\t\t\t<div class=\"elementor-widget-container\">\n\t\t\t\t\t<p id=\"breadcrumbs\"><span><span><a href=\"https:\/\/puttgardenrodby.com\/se\/\">Home<\/a><\/span><\/span><\/p>\t\t\t\t<\/div>\n\t\t\t\t<\/div>\n\t\t\t\t\t<\/div>\n\t\t<\/div>\n\t\t\t\t<div class=\"elementor-column elementor-col-50 elementor-top-column elementor-element elementor-element-47d8a2d5\" data-id=\"47d8a2d5\" data-element_type=\"column\" data-e-type=\"column\">\n\t\t\t<div class=\"elementor-widget-wrap elementor-element-populated\">\n\t\t\t\t\t\t<div class=\"elementor-element elementor-element-5aa55c75 elementor-align-right elementor-mobile-align-center elementor-widget elementor-widget-button\" data-id=\"5aa55c75\" data-element_type=\"widget\" data-e-type=\"widget\" data-settings=\"{&quot;sticky&quot;:&quot;top&quot;,&quot;sticky_on&quot;:[&quot;mobile&quot;],&quot;sticky_offset&quot;:8,&quot;sticky_effects_offset_mobile&quot;:0,&quot;_animation_mobile&quot;:&quot;fadeIn&quot;,&quot;sticky_effects_offset&quot;:0,&quot;sticky_anchor_link_offset&quot;:0}\" data-widget_type=\"button.default\">\n\t\t\t\t<div class=\"elementor-widget-container\">\n\t\t\t\t\t\t\t\t\t<div class=\"elementor-button-wrapper\">\n\t\t\t\t\t<a class=\"elementor-button elementor-button-link elementor-size-md elementor-animation-shrink\" href=\"\/se\/go\/knapp-huvud-sida\" target=\"_blank\">\n\t\t\t\t\t\t<span class=\"elementor-button-content-wrapper\">\n\t\t\t\t\t\t<span class=\"elementor-button-icon\">\n\t\t\t\t<i aria-hidden=\"true\" class=\"far fa-arrow-alt-circle-right\"><\/i>\t\t\t<\/span>\n\t\t\t\t\t\t\t\t\t<span class=\"elementor-button-text\">F\u00e4rjpris &amp; Biljetter<\/span>\n\t\t\t\t\t<\/span>\n\t\t\t\t\t<\/a>\n\t\t\t\t<\/div>\n\t\t\t\t\t\t\t\t<\/div>\n\t\t\t\t<\/div>\n\t\t\t\t\t<\/div>\n\t\t<\/div>\n\t\t\t\t\t<\/div>\n\t\t<\/section>\n\t\t\t\t<section class=\"elementor-section elementor-top-section elementor-element elementor-element-348d881 elementor-section-boxed elementor-section-height-default elementor-section-height-default\" data-id=\"348d881\" data-element_type=\"section\" data-e-type=\"section\">\n\t\t\t\t\t\t\t<div class=\"elementor-background-overlay\"><\/div>\n\t\t\t\t\t\t\t<div class=\"elementor-container elementor-column-gap-default\">\n\t\t\t\t\t<div class=\"elementor-column elementor-col-50 elementor-top-column elementor-element elementor-element-2e117c7\" data-id=\"2e117c7\" data-element_type=\"column\" data-e-type=\"column\">\n\t\t\t<div class=\"elementor-widget-wrap elementor-element-populated\">\n\t\t\t\t\t\t<div class=\"elementor-element elementor-element-e20d4c6 elementor-widget elementor-widget-image\" data-id=\"e20d4c6\" data-element_type=\"widget\" data-e-type=\"widget\" data-widget_type=\"image.default\">\n\t\t\t\t<div class=\"elementor-widget-container\">\n\t\t\t\t\t\t\t\t\t\t\t\t\t\t\t<img fetchpriority=\"high\" decoding=\"async\" width=\"1000\" height=\"500\" src=\"https:\/\/puttgardenrodby.com\/se\/wp-content\/uploads\/sites\/2\/2023\/05\/Ferry-sea-Puttgarden-Rodby.jpg\" class=\"attachment-full size-full wp-image-655\" alt=\"Ferry op zee Puttgarden Rodby\" srcset=\"https:\/\/puttgardenrodby.com\/se\/wp-content\/uploads\/sites\/2\/2023\/05\/Ferry-sea-Puttgarden-Rodby.jpg 1000w, https:\/\/puttgardenrodby.com\/se\/wp-content\/uploads\/sites\/2\/2023\/05\/Ferry-sea-Puttgarden-Rodby-300x150.jpg 300w, https:\/\/puttgardenrodby.com\/se\/wp-content\/uploads\/sites\/2\/2023\/05\/Ferry-sea-Puttgarden-Rodby-768x384.jpg 768w\" sizes=\"(max-width: 1000px) 100vw, 1000px\" \/>\t\t\t\t\t\t\t\t\t\t\t\t\t\t\t<\/div>\n\t\t\t\t<\/div>\n\t\t\t\t<div class=\"elementor-element elementor-element-18585c6 elementor-widget elementor-widget-heading\" data-id=\"18585c6\" data-element_type=\"widget\" data-e-type=\"widget\" data-widget_type=\"heading.default\">\n\t\t\t\t<div class=\"elementor-widget-container\">\n\t\t\t\t\t<h1 class=\"elementor-heading-title elementor-size-default\">R\u00f8dby Puttgarden f\u00e4rjetidtabell<\/h1>\t\t\t\t<\/div>\n\t\t\t\t<\/div>\n\t\t\t\t<div class=\"elementor-element elementor-element-bf504aa elementor-widget elementor-widget-text-editor\" data-id=\"bf504aa\" data-element_type=\"widget\" data-e-type=\"widget\" data-widget_type=\"text-editor.default\">\n\t\t\t\t<div class=\"elementor-widget-container\">\n\t\t\t\t\t\t\t\t\t<p>Enligt den ordinarie tidtabellen avg\u00e5r f\u00e4rjan fr\u00e5n Puttgarden till R\u00f8dby (eller vice versa) varje halvtimme.<\/p><p>H\u00e5ll koll p\u00e5 den senaste reseinformationen f\u00f6r eventuella \u00e4ndringar i avg\u00e5ngs- och ankomsttider. I vissa fall kan seglingstiderna avvika fr\u00e5n det vanliga tidsschemat. Det \u00e4r ocks\u00e5 klokt att i f\u00f6rv\u00e4g kolla <a href=\"https:\/\/puttgardenrodby.com\/se\/vader\/\">v\u00e4dret<\/a> och <a href=\"https:\/\/www.scandlines.com\/customer-services\/traffic-information\/\">trafikinformationen.<\/a><\/p>\t\t\t\t\t\t\t\t<\/div>\n\t\t\t\t<\/div>\n\t\t\t\t<div class=\"elementor-element elementor-element-86d897b elementor-widget elementor-widget-heading\" data-id=\"86d897b\" data-element_type=\"widget\" data-e-type=\"widget\" data-widget_type=\"heading.default\">\n\t\t\t\t<div class=\"elementor-widget-container\">\n\t\t\t\t\t<h2 class=\"elementor-heading-title elementor-size-default\">F\u00e4rjetidtabell<\/h2>\t\t\t\t<\/div>\n\t\t\t\t<\/div>\n\t\t\t\t<div class=\"elementor-element elementor-element-9a07386 elementor-tabs-view-horizontal elementor-widget elementor-widget-tabs\" data-id=\"9a07386\" data-element_type=\"widget\" data-e-type=\"widget\" data-widget_type=\"tabs.default\">\n\t\t\t\t<div class=\"elementor-widget-container\">\n\t\t\t\t\t\t\t<div class=\"elementor-tabs\">\n\t\t\t<div class=\"elementor-tabs-wrapper\" role=\"tablist\" >\n\t\t\t\t\t\t\t\t\t<div id=\"elementor-tab-title-1611\" class=\"elementor-tab-title elementor-tab-desktop-title\" aria-selected=\"true\" data-tab=\"1\" role=\"tab\" tabindex=\"0\" aria-controls=\"elementor-tab-content-1611\" aria-expanded=\"false\">Puttgarden \u27a8 R\u00f8dby<\/div>\n\t\t\t\t\t\t\t\t\t<div id=\"elementor-tab-title-1612\" class=\"elementor-tab-title elementor-tab-desktop-title\" aria-selected=\"false\" data-tab=\"2\" role=\"tab\" tabindex=\"-1\" aria-controls=\"elementor-tab-content-1612\" aria-expanded=\"false\">R\u00f8dby \u27a8 Puttgarden<\/div>\n\t\t\t\t\t\t\t<\/div>\n\t\t\t<div class=\"elementor-tabs-content-wrapper\" role=\"tablist\" aria-orientation=\"vertical\">\n\t\t\t\t\t\t\t\t\t<div class=\"elementor-tab-title elementor-tab-mobile-title\" aria-selected=\"true\" data-tab=\"1\" role=\"tab\" tabindex=\"0\" aria-controls=\"elementor-tab-content-1611\" aria-expanded=\"false\">Puttgarden \u27a8 R\u00f8dby<\/div>\n\t\t\t\t\t<div id=\"elementor-tab-content-1611\" class=\"elementor-tab-content elementor-clearfix\" data-tab=\"1\" role=\"tabpanel\" aria-labelledby=\"elementor-tab-title-1611\" tabindex=\"0\" hidden=\"false\"><ul><li>00:45 Puttgarden \u27a8 01:15 R\u00f8dby<\/li><li>01:15 Puttgarden \u27a8 02:00 R\u00f8dby<\/li><li>01:45 Puttgarden \u27a8 02:30 R\u00f8dby<\/li><li>02:45 Puttgarden \u27a8 03:30 R\u00f8dby<\/li><li>03:15 Puttgarden \u27a8 04:00 R\u00f8dby<\/li><li>03:45 Puttgarden \u27a8 04:30 R\u00f8dby<\/li><li>04:15 Puttgarden \u27a8 05:00 R\u00f8dby<\/li><li>04:45 Puttgarden \u27a8 05:30 R\u00f8dby<\/li><li>05:15 Puttgarden \u27a8 06:00 R\u00f8dby<\/li><li>05:45 Puttgarden \u27a8 06:30 R\u00f8dby<\/li><li>06:15 Puttgarden \u27a8 07:00 R\u00f8dby<\/li><li>06:45 Puttgarden \u27a8 07:30 R\u00f8dby<\/li><li>07:15 Puttgarden \u27a8 08:00 R\u00f8dby<\/li><li>07:45 Puttgarden \u27a8 08:30 R\u00f8dby<\/li><li>08:15 Puttgarden \u27a8 09:00 R\u00f8dby<\/li><li>08:45 Puttgarden \u27a8 09:30 R\u00f8dby<\/li><li>09:15 Puttgarden \u27a8 10:00 R\u00f8dby<\/li><li>09:45 Puttgarden \u27a8 10:30 R\u00f8dby<\/li><li><span style=\"font-size: inherit; text-align: inherit; color: var( --e-global-color-text ); font-family: var( --e-global-typography-text-font-family ), Sans-serif; font-weight: var( --e-global-typography-text-font-weight ); letter-spacing: -0.015em;\">10:15 Puttgarden \u27a8 11:00 R\u00f8dby<\/span><\/li><li>10:45 Puttgarden \u27a8 11:30 R\u00f8dby<\/li><li>11:15 Puttgarden \u27a8 12:00 R\u00f8dby<\/li><li>11:45 Puttgarden \u27a8 12:30 R\u00f8dby<\/li><li><span style=\"font-size: inherit; text-align: inherit; color: var( --e-global-color-text ); font-family: var( --e-global-typography-text-font-family ), Sans-serif; font-weight: var( --e-global-typography-text-font-weight ); letter-spacing: -0.015em;\">12:15 Puttgarden \u27a8 13:00 R\u00f8dby<\/span><\/li><li>12:45 Puttgarden \u27a8 13:30 R\u00f8dby<\/li><li><span style=\"font-size: inherit; text-align: inherit; color: var( --e-global-color-text ); font-family: var( --e-global-typography-text-font-family ), Sans-serif; font-weight: var( --e-global-typography-text-font-weight ); letter-spacing: -0.015em;\">13:15 Puttgarden \u27a8 14:00 R\u00f8dby<\/span><\/li><li>13:45 Puttgarden \u27a8 14:30 R\u00f8dby<\/li><li>14:15 Puttgarden \u27a8 15:00 R\u00f8dby<\/li><li>14:45 Puttgarden \u27a8 15:30 R\u00f8dby<\/li><li>15:15 Puttgarden \u27a8 16:00 R\u00f8dby<\/li><li>15:45 Puttgarden \u27a8 16:30 R\u00f8dby<\/li><li>16:15 Puttgarden \u27a8 17:00 R\u00f8dby<\/li><li>16:45 Puttgarden \u27a8 17:30 R\u00f8dby<\/li><li>17:15 Puttgarden \u27a8 18:00 R\u00f8dby<\/li><li>17:45 Puttgarden \u27a8 18:30 R\u00f8dby<\/li><li>18:15 Puttgarden \u27a8 19:00 R\u00f8dby<\/li><li>18:45 Puttgarden \u27a8 19:30 R\u00f8dby<\/li><li>19:15 Puttgarden \u27a8 20:00 R\u00f8dby<\/li><li>19:45 Puttgarden \u27a8 20:30 R\u00f8dby<\/li><li><span style=\"font-size: inherit; text-align: inherit; color: var( --e-global-color-text ); font-family: var( --e-global-typography-text-font-family ), Sans-serif; font-weight: var( --e-global-typography-text-font-weight ); letter-spacing: -0.015em;\">20:15 Puttgarden \u27a8 21:00 R\u00f8dby<\/span><\/li><li>20:45 Puttgarden \u27a8 21:30 R\u00f8dby<\/li><li>21:15 Puttgarden \u27a8 22:00 R\u00f8dby<\/li><li>21:45 Puttgarden \u27a8 22:30 R\u00f8dby<\/li><li>22:15 Puttgarden \u27a8 23:00 R\u00f8dby<\/li><li>22:45 Puttgarden \u27a8 23:30 R\u00f8dby<\/li><li>23:15 Puttgarden \u27a8 00:00 Rodby<\/li><li>23:45 Puttgarden \u27a8 00:30 Rodby<\/li><\/ul><\/div>\n\t\t\t\t\t\t\t\t\t<div class=\"elementor-tab-title elementor-tab-mobile-title\" aria-selected=\"false\" data-tab=\"2\" role=\"tab\" tabindex=\"-1\" aria-controls=\"elementor-tab-content-1612\" aria-expanded=\"false\">R\u00f8dby \u27a8 Puttgarden<\/div>\n\t\t\t\t\t<div id=\"elementor-tab-content-1612\" class=\"elementor-tab-content elementor-clearfix\" data-tab=\"2\" role=\"tabpanel\" aria-labelledby=\"elementor-tab-title-1612\" tabindex=\"0\" hidden=\"hidden\"><ul><li>00:15 Puttgarden \u27a8 01:00 R\u00f8dby<\/li><li>00:45 Puttgarden \u27a8 01:30 R\u00f8dby<\/li><li>01:45 Puttgarden \u27a8 02:30 R\u00f8dby<\/li><li>02:15 Puttgarden \u27a8 03:00 R\u00f8dby<\/li><li>02:45 Puttgarden \u27a8 03:30 R\u00f8dby<\/li><li>03:15 Puttgarden \u27a8 04:00 R\u00f8dby<\/li><li>03:45 Puttgarden \u27a8 04:30 R\u00f8dby<\/li><li>04:15 Puttgarden \u27a8 05:00 R\u00f8dby<\/li><li>04:45 Puttgarden \u27a8 05:30 R\u00f8dby<\/li><li>05:15 Puttgarden \u27a8 06:00 R\u00f8dby<\/li><li>05:45 Puttgarden \u27a8 06:30 R\u00f8dby<\/li><li>06:15 Puttgarden \u27a8 07:00 R\u00f8dby<\/li><li>06:45 Puttgarden \u27a8 07:30 R\u00f8dby<\/li><li>07:15 Puttgarden \u27a8 08:00 R\u00f8dby<\/li><li>07:45 Puttgarden \u27a8 08:30 R\u00f8dby<\/li><li>08:15 Puttgarden \u27a8 09:00 R\u00f8dby<\/li><li>08:45 Puttgarden \u27a8 09:30 R\u00f8dby<\/li><li>09:15 Puttgarden \u27a8 10:00 R\u00f8dby<\/li><li>09:45 Puttgarden \u27a8 10:30 R\u00f8dby<\/li><li>10:15 Puttgarden \u27a8 11:00 R\u00f8dby<\/li><li>10:45 Puttgarden \u27a8 11:30 R\u00f8dby<\/li><li>11:15 Puttgarden \u27a8 12:00 R\u00f8dby<\/li><li>11:45 Puttgarden \u27a8 12:30 R\u00f8dby<\/li><li>12:15 Puttgarden \u27a8 13:00 R\u00f8dby<\/li><li>12:45 Puttgarden \u27a8 13:30 R\u00f8dby<\/li><li>13:15 Puttgarden \u27a8 14:00 R\u00f8dby<\/li><li>13:45 Puttgarden \u27a8 14:30 R\u00f8dby<\/li><li>14:15 Puttgarden \u27a8 15:00 R\u00f8dby<\/li><li>14:45 Puttgarden \u27a8 15:30 R\u00f8dby<\/li><li>15:15 Puttgarden \u27a8 16:00 R\u00f8dby<\/li><li>15:45 Puttgarden \u27a8 16:30 R\u00f8dby<\/li><li>16:15 Puttgarden \u27a8 17:00 R\u00f8dby<\/li><li>16:45 Puttgarden \u27a8 17:30 R\u00f8dby<\/li><li>17:15 Puttgarden \u27a8 18:00 R\u00f8dby<\/li><li>17:45 Puttgarden \u27a8 18:30 R\u00f8dby<\/li><li>18:15 Puttgarden \u27a8 19:00 R\u00f8dby<\/li><li>18:45 Puttgarden \u27a8 19:30 R\u00f8dby<\/li><li>19:15 Puttgarden \u27a8 20:00 R\u00f8dby<\/li><li>19:45 Puttgarden \u27a8 20:30 R\u00f8dby<\/li><li>20:15 Puttgarden \u27a8 21:00 R\u00f8dby<\/li><li>20:45 Puttgarden \u27a8 21:30 R\u00f8dby<\/li><li>21:15 Puttgarden \u27a8 22:00 R\u00f8dby<\/li><li>21:45 Puttgarden \u27a8 22:30 R\u00f8dby<\/li><li>22:15 Puttgarden \u27a8 23:00 R\u00f8dby<\/li><li>22:45 Puttgarden \u27a8 23:30 R\u00f8dby<\/li><li>23:15 Puttgarden \u27a8 00:00 R\u00f8dby<\/li><li>23:45 Puttgarden \u27a8 00:30 R\u00f8dby<\/li><\/ul><\/div>\n\t\t\t\t\t\t\t<\/div>\n\t\t<\/div>\n\t\t\t\t\t\t<\/div>\n\t\t\t\t<\/div>\n\t\t\t\t\t<\/div>\n\t\t<\/div>\n\t\t\t\t<div class=\"elementor-column elementor-col-50 elementor-top-column elementor-element elementor-element-9a29147\" data-id=\"9a29147\" data-element_type=\"column\" data-e-type=\"column\">\n\t\t\t<div class=\"elementor-widget-wrap elementor-element-populated\">\n\t\t\t\t\t\t<div class=\"elementor-element elementor-element-de19ae8 elementor-widget elementor-widget-text-editor\" data-id=\"de19ae8\" data-element_type=\"widget\" data-e-type=\"widget\" data-settings=\"{&quot;sticky&quot;:&quot;top&quot;,&quot;sticky_parent&quot;:&quot;yes&quot;,&quot;sticky_offset&quot;:100,&quot;sticky_effects_offset&quot;:60,&quot;sticky_on&quot;:[&quot;desktop&quot;,&quot;tablet&quot;,&quot;mobile&quot;],&quot;sticky_anchor_link_offset&quot;:0}\" data-widget_type=\"text-editor.default\">\n\t\t\t\t<div class=\"elementor-widget-container\">\n\t\t\t\t\t\t\t\t\t<p><strong>F\u00e4rjebiljetter<\/strong><\/p><p>De mest f\u00f6rm\u00e5nliga biljetterna finns tillg\u00e4ngliga genom f\u00e4rjeoperat\u00f6ren Scandlines.<\/p><p><a href=\"https:\/\/puttgardenrodby.com\/se\/go\/pages-side\" target=\"_blank\" rel=\"noopener\">S\u00e4tt ihop din \u00f6verfart. \u2b9e<\/a><\/p>\t\t\t\t\t\t\t\t<\/div>\n\t\t\t\t<\/div>\n\t\t\t\t\t<\/div>\n\t\t<\/div>\n\t\t\t\t\t<\/div>\n\t\t<\/section>\n\t\t\t\t<\/div>\n\t\t","protected":false},"excerpt":{"rendered":"<p>F\u00e4rjpris &#038; Biljetter R\u00f8dby Puttgarden f\u00e4rjetidtabell Enligt den ordinarie tidtabellen avg\u00e5r f\u00e4rjan fr\u00e5n Puttgarden till R\u00f8dby (eller vice versa) varje halvtimme. H\u00e5ll koll p\u00e5 den senaste reseinformationen f\u00f6r eventuella \u00e4ndringar i avg\u00e5ngs- och ankomsttider. I vissa fall kan seglingstiderna avvika fr\u00e5n det vanliga tidsschemat. Det \u00e4r ocks\u00e5 klokt att i f\u00f6rv\u00e4g kolla v\u00e4dret och trafikinformationen. [&hellip;]<\/p>\n","protected":false},"author":1,"featured_media":0,"parent":0,"menu_order":0,"comment_status":"closed","ping_status":"closed","template":"elementor_header_footer","meta":{"footnotes":""},"class_list":["post-651","page","type-page","status-publish","hentry"],"yoast_head":"<!-- This site is optimized with the Yoast SEO plugin v27.2 - https:\/\/yoast.com\/product\/yoast-seo-wordpress\/ -->\n<title>Tidtabell Puttgarden-R\u00f8dby f\u00e4rja | Avg\u00e5ngs- och ankomsttider<\/title>\n<meta name=\"description\" content=\"Kontrollera tidtabellen f\u00f6r Puttgarden-R\u00f8dby-f\u00e4rjan p\u00e5 PuttgardenRodby.com. Alla avg\u00e5ngstider f\u00f6r denna f\u00e4rje\u00f6verfart.\" \/>\n<meta name=\"robots\" content=\"index, follow, max-snippet:-1, max-image-preview:large, max-video-preview:-1\" \/>\n<link rel=\"canonical\" href=\"https:\/\/puttgardenrodby.com\/se\/tidtabell\/\" \/>\n<meta property=\"og:locale\" content=\"sv_SE\" \/>\n<meta property=\"og:type\" content=\"article\" \/>\n<meta property=\"og:title\" content=\"Tidtabell Puttgarden-R\u00f8dby f\u00e4rja | Avg\u00e5ngs- och ankomsttider\" \/>\n<meta property=\"og:description\" content=\"Kontrollera tidtabellen f\u00f6r Puttgarden-R\u00f8dby-f\u00e4rjan p\u00e5 PuttgardenRodby.com. Alla avg\u00e5ngstider f\u00f6r denna f\u00e4rje\u00f6verfart.\" \/>\n<meta property=\"og:url\" content=\"https:\/\/puttgardenrodby.com\/se\/tidtabell\/\" \/>\n<meta property=\"og:site_name\" content=\"Puttgarden Rodby Svenska\" \/>\n<meta property=\"article:modified_time\" content=\"2024-03-14T09:44:53+00:00\" \/>\n<meta property=\"og:image\" content=\"https:\/\/puttgardenrodby.com\/se\/wp-content\/uploads\/sites\/2\/2023\/05\/Ferry-sea-Puttgarden-Rodby.jpg\" \/>\n<meta name=\"twitter:card\" content=\"summary_large_image\" \/>\n<meta name=\"twitter:label1\" content=\"Ber\u00e4knad l\u00e4stid\" \/>\n\t<meta name=\"twitter:data1\" content=\"3 minuter\" \/>\n<script type=\"application\/ld+json\" class=\"yoast-schema-graph\">{\"@context\":\"https:\/\/schema.org\",\"@graph\":[{\"@type\":\"WebPage\",\"@id\":\"https:\/\/puttgardenrodby.com\/se\/tidtabell\/\",\"url\":\"https:\/\/puttgardenrodby.com\/se\/tidtabell\/\",\"name\":\"Tidtabell Puttgarden-R\u00f8dby f\u00e4rja | Avg\u00e5ngs- och ankomsttider\",\"isPartOf\":{\"@id\":\"https:\/\/puttgardenrodby.com\/se\/#website\"},\"primaryImageOfPage\":{\"@id\":\"https:\/\/puttgardenrodby.com\/se\/tidtabell\/#primaryimage\"},\"image\":{\"@id\":\"https:\/\/puttgardenrodby.com\/se\/tidtabell\/#primaryimage\"},\"thumbnailUrl\":\"https:\/\/puttgardenrodby.com\/se\/wp-content\/uploads\/sites\/2\/2023\/05\/Ferry-sea-Puttgarden-Rodby.jpg\",\"datePublished\":\"2023-05-11T11:56:09+00:00\",\"dateModified\":\"2024-03-14T09:44:53+00:00\",\"description\":\"Kontrollera tidtabellen f\u00f6r Puttgarden-R\u00f8dby-f\u00e4rjan p\u00e5 PuttgardenRodby.com. Alla avg\u00e5ngstider f\u00f6r denna f\u00e4rje\u00f6verfart.\",\"breadcrumb\":{\"@id\":\"https:\/\/puttgardenrodby.com\/se\/tidtabell\/#breadcrumb\"},\"inLanguage\":\"sv-SE\",\"potentialAction\":[{\"@type\":\"ReadAction\",\"target\":[\"https:\/\/puttgardenrodby.com\/se\/tidtabell\/\"]}]},{\"@type\":\"ImageObject\",\"inLanguage\":\"sv-SE\",\"@id\":\"https:\/\/puttgardenrodby.com\/se\/tidtabell\/#primaryimage\",\"url\":\"https:\/\/puttgardenrodby.com\/se\/wp-content\/uploads\/sites\/2\/2023\/05\/Ferry-sea-Puttgarden-Rodby.jpg\",\"contentUrl\":\"https:\/\/puttgardenrodby.com\/se\/wp-content\/uploads\/sites\/2\/2023\/05\/Ferry-sea-Puttgarden-Rodby.jpg\",\"width\":1000,\"height\":500,\"caption\":\"Ferry op zee Puttgarden Rodby\"},{\"@type\":\"BreadcrumbList\",\"@id\":\"https:\/\/puttgardenrodby.com\/se\/tidtabell\/#breadcrumb\",\"itemListElement\":[{\"@type\":\"ListItem\",\"position\":1,\"name\":\"Home\",\"item\":\"https:\/\/puttgardenrodby.com\/se\/\"},{\"@type\":\"ListItem\",\"position\":2,\"name\":\"Tidtabell\"}]},{\"@type\":\"WebSite\",\"@id\":\"https:\/\/puttgardenrodby.com\/se\/#website\",\"url\":\"https:\/\/puttgardenrodby.com\/se\/\",\"name\":\"Puttgarden Rodby Svenska\",\"description\":\"\",\"publisher\":{\"@id\":\"https:\/\/puttgardenrodby.com\/se\/#organization\"},\"potentialAction\":[{\"@type\":\"SearchAction\",\"target\":{\"@type\":\"EntryPoint\",\"urlTemplate\":\"https:\/\/puttgardenrodby.com\/se\/?s={search_term_string}\"},\"query-input\":{\"@type\":\"PropertyValueSpecification\",\"valueRequired\":true,\"valueName\":\"search_term_string\"}}],\"inLanguage\":\"sv-SE\"},{\"@type\":\"Organization\",\"@id\":\"https:\/\/puttgardenrodby.com\/se\/#organization\",\"name\":\"Puttgarden Rodby Svenska\",\"url\":\"https:\/\/puttgardenrodby.com\/se\/\",\"logo\":{\"@type\":\"ImageObject\",\"inLanguage\":\"sv-SE\",\"@id\":\"https:\/\/puttgardenrodby.com\/se\/#\/schema\/logo\/image\/\",\"url\":\"https:\/\/puttgardenrodby.com\/se\/wp-content\/uploads\/sites\/2\/2023\/05\/Puttgarden-Rodby-logo.png\",\"contentUrl\":\"https:\/\/puttgardenrodby.com\/se\/wp-content\/uploads\/sites\/2\/2023\/05\/Puttgarden-Rodby-logo.png\",\"width\":1043,\"height\":347,\"caption\":\"Puttgarden Rodby Svenska\"},\"image\":{\"@id\":\"https:\/\/puttgardenrodby.com\/se\/#\/schema\/logo\/image\/\"}}]}<\/script>\n<!-- \/ Yoast SEO plugin. -->","yoast_head_json":{"title":"Tidtabell Puttgarden-R\u00f8dby f\u00e4rja | Avg\u00e5ngs- och ankomsttider","description":"Kontrollera tidtabellen f\u00f6r Puttgarden-R\u00f8dby-f\u00e4rjan p\u00e5 PuttgardenRodby.com. Alla avg\u00e5ngstider f\u00f6r denna f\u00e4rje\u00f6verfart.","robots":{"index":"index","follow":"follow","max-snippet":"max-snippet:-1","max-image-preview":"max-image-preview:large","max-video-preview":"max-video-preview:-1"},"canonical":"https:\/\/puttgardenrodby.com\/se\/tidtabell\/","og_locale":"sv_SE","og_type":"article","og_title":"Tidtabell Puttgarden-R\u00f8dby f\u00e4rja | Avg\u00e5ngs- och ankomsttider","og_description":"Kontrollera tidtabellen f\u00f6r Puttgarden-R\u00f8dby-f\u00e4rjan p\u00e5 PuttgardenRodby.com. Alla avg\u00e5ngstider f\u00f6r denna f\u00e4rje\u00f6verfart.","og_url":"https:\/\/puttgardenrodby.com\/se\/tidtabell\/","og_site_name":"Puttgarden Rodby Svenska","article_modified_time":"2024-03-14T09:44:53+00:00","og_image":[{"url":"https:\/\/puttgardenrodby.com\/se\/wp-content\/uploads\/sites\/2\/2023\/05\/Ferry-sea-Puttgarden-Rodby.jpg","type":"","width":"","height":""}],"twitter_card":"summary_large_image","twitter_misc":{"Ber\u00e4knad l\u00e4stid":"3 minuter"},"schema":{"@context":"https:\/\/schema.org","@graph":[{"@type":"WebPage","@id":"https:\/\/puttgardenrodby.com\/se\/tidtabell\/","url":"https:\/\/puttgardenrodby.com\/se\/tidtabell\/","name":"Tidtabell Puttgarden-R\u00f8dby f\u00e4rja | Avg\u00e5ngs- och ankomsttider","isPartOf":{"@id":"https:\/\/puttgardenrodby.com\/se\/#website"},"primaryImageOfPage":{"@id":"https:\/\/puttgardenrodby.com\/se\/tidtabell\/#primaryimage"},"image":{"@id":"https:\/\/puttgardenrodby.com\/se\/tidtabell\/#primaryimage"},"thumbnailUrl":"https:\/\/puttgardenrodby.com\/se\/wp-content\/uploads\/sites\/2\/2023\/05\/Ferry-sea-Puttgarden-Rodby.jpg","datePublished":"2023-05-11T11:56:09+00:00","dateModified":"2024-03-14T09:44:53+00:00","description":"Kontrollera tidtabellen f\u00f6r Puttgarden-R\u00f8dby-f\u00e4rjan p\u00e5 PuttgardenRodby.com. Alla avg\u00e5ngstider f\u00f6r denna f\u00e4rje\u00f6verfart.","breadcrumb":{"@id":"https:\/\/puttgardenrodby.com\/se\/tidtabell\/#breadcrumb"},"inLanguage":"sv-SE","potentialAction":[{"@type":"ReadAction","target":["https:\/\/puttgardenrodby.com\/se\/tidtabell\/"]}]},{"@type":"ImageObject","inLanguage":"sv-SE","@id":"https:\/\/puttgardenrodby.com\/se\/tidtabell\/#primaryimage","url":"https:\/\/puttgardenrodby.com\/se\/wp-content\/uploads\/sites\/2\/2023\/05\/Ferry-sea-Puttgarden-Rodby.jpg","contentUrl":"https:\/\/puttgardenrodby.com\/se\/wp-content\/uploads\/sites\/2\/2023\/05\/Ferry-sea-Puttgarden-Rodby.jpg","width":1000,"height":500,"caption":"Ferry op zee Puttgarden Rodby"},{"@type":"BreadcrumbList","@id":"https:\/\/puttgardenrodby.com\/se\/tidtabell\/#breadcrumb","itemListElement":[{"@type":"ListItem","position":1,"name":"Home","item":"https:\/\/puttgardenrodby.com\/se\/"},{"@type":"ListItem","position":2,"name":"Tidtabell"}]},{"@type":"WebSite","@id":"https:\/\/puttgardenrodby.com\/se\/#website","url":"https:\/\/puttgardenrodby.com\/se\/","name":"Puttgarden Rodby Svenska","description":"","publisher":{"@id":"https:\/\/puttgardenrodby.com\/se\/#organization"},"potentialAction":[{"@type":"SearchAction","target":{"@type":"EntryPoint","urlTemplate":"https:\/\/puttgardenrodby.com\/se\/?s={search_term_string}"},"query-input":{"@type":"PropertyValueSpecification","valueRequired":true,"valueName":"search_term_string"}}],"inLanguage":"sv-SE"},{"@type":"Organization","@id":"https:\/\/puttgardenrodby.com\/se\/#organization","name":"Puttgarden Rodby Svenska","url":"https:\/\/puttgardenrodby.com\/se\/","logo":{"@type":"ImageObject","inLanguage":"sv-SE","@id":"https:\/\/puttgardenrodby.com\/se\/#\/schema\/logo\/image\/","url":"https:\/\/puttgardenrodby.com\/se\/wp-content\/uploads\/sites\/2\/2023\/05\/Puttgarden-Rodby-logo.png","contentUrl":"https:\/\/puttgardenrodby.com\/se\/wp-content\/uploads\/sites\/2\/2023\/05\/Puttgarden-Rodby-logo.png","width":1043,"height":347,"caption":"Puttgarden Rodby Svenska"},"image":{"@id":"https:\/\/puttgardenrodby.com\/se\/#\/schema\/logo\/image\/"}}]}},"_links":{"self":[{"href":"https:\/\/puttgardenrodby.com\/se\/wp-json\/wp\/v2\/pages\/651","targetHints":{"allow":["GET"]}}],"collection":[{"href":"https:\/\/puttgardenrodby.com\/se\/wp-json\/wp\/v2\/pages"}],"about":[{"href":"https:\/\/puttgardenrodby.com\/se\/wp-json\/wp\/v2\/types\/page"}],"author":[{"embeddable":true,"href":"https:\/\/puttgardenrodby.com\/se\/wp-json\/wp\/v2\/users\/1"}],"replies":[{"embeddable":true,"href":"https:\/\/puttgardenrodby.com\/se\/wp-json\/wp\/v2\/comments?post=651"}],"version-history":[{"count":11,"href":"https:\/\/puttgardenrodby.com\/se\/wp-json\/wp\/v2\/pages\/651\/revisions"}],"predecessor-version":[{"id":1175,"href":"https:\/\/puttgardenrodby.com\/se\/wp-json\/wp\/v2\/pages\/651\/revisions\/1175"}],"wp:attachment":[{"href":"https:\/\/puttgardenrodby.com\/se\/wp-json\/wp\/v2\/media?parent=651"}],"curies":[{"name":"wp","href":"https:\/\/api.w.org\/{rel}","templated":true}]}}