{"id":567,"date":"2023-05-10T09:56:56","date_gmt":"2023-05-10T09:56:56","guid":{"rendered":"https:\/\/puttgardenrodby.nl\/?page_id=567"},"modified":"2024-03-14T09:48:43","modified_gmt":"2024-03-14T09:48:43","slug":"video","status":"publish","type":"page","link":"https:\/\/puttgardenrodby.com\/se\/video\/","title":{"rendered":"video"},"content":{"rendered":"\t\t<div data-elementor-type=\"wp-post\" data-elementor-id=\"567\" class=\"elementor elementor-567\" data-elementor-post-type=\"page\">\n\t\t\t\t\t\t<section class=\"elementor-section elementor-top-section elementor-element elementor-element-16985c0c elementor-section-boxed elementor-section-height-default elementor-section-height-default\" data-id=\"16985c0c\" data-element_type=\"section\" data-e-type=\"section\" data-settings=\"{&quot;background_background&quot;:&quot;gradient&quot;,&quot;sticky&quot;:&quot;top&quot;,&quot;sticky_on&quot;:[&quot;desktop&quot;,&quot;tablet&quot;,&quot;mobile&quot;],&quot;sticky_offset&quot;:0,&quot;sticky_effects_offset&quot;:0,&quot;sticky_anchor_link_offset&quot;:0}\">\n\t\t\t\t\t\t<div class=\"elementor-container elementor-column-gap-default\">\n\t\t\t\t\t<div class=\"elementor-column elementor-col-50 elementor-top-column elementor-element elementor-element-46065ac9\" data-id=\"46065ac9\" data-element_type=\"column\" data-e-type=\"column\">\n\t\t\t<div class=\"elementor-widget-wrap elementor-element-populated\">\n\t\t\t\t\t\t<div class=\"elementor-element elementor-element-63f2234d elementor-widget elementor-widget-breadcrumbs\" data-id=\"63f2234d\" data-element_type=\"widget\" data-e-type=\"widget\" data-widget_type=\"breadcrumbs.default\">\n\t\t\t\t<div class=\"elementor-widget-container\">\n\t\t\t\t\t<p id=\"breadcrumbs\"><span><span><a href=\"https:\/\/puttgardenrodby.com\/se\/\">Home<\/a><\/span><\/span><\/p>\t\t\t\t<\/div>\n\t\t\t\t<\/div>\n\t\t\t\t\t<\/div>\n\t\t<\/div>\n\t\t\t\t<div class=\"elementor-column elementor-col-50 elementor-top-column elementor-element elementor-element-76f4cb11\" data-id=\"76f4cb11\" data-element_type=\"column\" data-e-type=\"column\">\n\t\t\t<div class=\"elementor-widget-wrap elementor-element-populated\">\n\t\t\t\t\t\t<div class=\"elementor-element elementor-element-7df0fcba elementor-align-right elementor-mobile-align-center elementor-widget elementor-widget-button\" data-id=\"7df0fcba\" data-element_type=\"widget\" data-e-type=\"widget\" data-settings=\"{&quot;sticky&quot;:&quot;top&quot;,&quot;sticky_on&quot;:[&quot;mobile&quot;],&quot;sticky_offset&quot;:8,&quot;sticky_effects_offset_mobile&quot;:0,&quot;_animation_mobile&quot;:&quot;fadeIn&quot;,&quot;sticky_effects_offset&quot;:0,&quot;sticky_anchor_link_offset&quot;:0}\" data-widget_type=\"button.default\">\n\t\t\t\t<div class=\"elementor-widget-container\">\n\t\t\t\t\t\t\t\t\t<div class=\"elementor-button-wrapper\">\n\t\t\t\t\t<a class=\"elementor-button elementor-button-link elementor-size-md elementor-animation-shrink\" href=\"\/se\/go\/knapp-huvud-sida\" target=\"_blank\">\n\t\t\t\t\t\t<span class=\"elementor-button-content-wrapper\">\n\t\t\t\t\t\t<span class=\"elementor-button-icon\">\n\t\t\t\t<i aria-hidden=\"true\" class=\"far fa-arrow-alt-circle-right\"><\/i>\t\t\t<\/span>\n\t\t\t\t\t\t\t\t\t<span class=\"elementor-button-text\">F\u00e4rjpris &amp; Biljetter<\/span>\n\t\t\t\t\t<\/span>\n\t\t\t\t\t<\/a>\n\t\t\t\t<\/div>\n\t\t\t\t\t\t\t\t<\/div>\n\t\t\t\t<\/div>\n\t\t\t\t\t<\/div>\n\t\t<\/div>\n\t\t\t\t\t<\/div>\n\t\t<\/section>\n\t\t\t\t<section class=\"elementor-section elementor-top-section elementor-element elementor-element-348d881 elementor-section-boxed elementor-section-height-default elementor-section-height-default\" data-id=\"348d881\" data-element_type=\"section\" data-e-type=\"section\">\n\t\t\t\t\t\t\t<div class=\"elementor-background-overlay\"><\/div>\n\t\t\t\t\t\t\t<div class=\"elementor-container elementor-column-gap-default\">\n\t\t\t\t\t<div class=\"elementor-column elementor-col-100 elementor-top-column elementor-element elementor-element-2e117c7\" data-id=\"2e117c7\" data-element_type=\"column\" data-e-type=\"column\">\n\t\t\t<div class=\"elementor-widget-wrap elementor-element-populated\">\n\t\t\t\t\t\t<div class=\"elementor-element elementor-element-18585c6 elementor-widget elementor-widget-heading\" data-id=\"18585c6\" data-element_type=\"widget\" data-e-type=\"widget\" data-widget_type=\"heading.default\">\n\t\t\t\t<div class=\"elementor-widget-container\">\n\t\t\t\t\t<h1 class=\"elementor-heading-title elementor-size-default\">Videoklipp fr\u00e5n f\u00e4rjepassagerare<\/h1>\t\t\t\t<\/div>\n\t\t\t\t<\/div>\n\t\t\t\t<div class=\"elementor-element elementor-element-02210a7 elementor-widget elementor-widget-text-editor\" data-id=\"02210a7\" data-element_type=\"widget\" data-e-type=\"widget\" data-widget_type=\"text-editor.default\">\n\t\t\t\t<div class=\"elementor-widget-container\">\n\t\t\t\t\t\t\t\t\t<p>\u00c4r du nyfiken p\u00e5 vad du kan f\u00f6rv\u00e4nta dig? Vi har samlat n\u00e5gra videoklipp fr\u00e5n personer som rest med f\u00e4rjorna<\/p>\t\t\t\t\t\t\t\t<\/div>\n\t\t\t\t<\/div>\n\t\t\t\t\t<\/div>\n\t\t<\/div>\n\t\t\t\t\t<\/div>\n\t\t<\/section>\n\t\t\t\t<section class=\"elementor-section elementor-top-section elementor-element elementor-element-e8d5bd0 elementor-section-boxed elementor-section-height-default elementor-section-height-default\" data-id=\"e8d5bd0\" data-element_type=\"section\" data-e-type=\"section\">\n\t\t\t\t\t\t<div class=\"elementor-container elementor-column-gap-default\">\n\t\t\t\t\t<div class=\"elementor-column elementor-col-50 elementor-top-column elementor-element elementor-element-590b9ae\" data-id=\"590b9ae\" data-element_type=\"column\" data-e-type=\"column\">\n\t\t\t<div class=\"elementor-widget-wrap elementor-element-populated\">\n\t\t\t\t\t\t<div class=\"elementor-element elementor-element-c448d51 elementor-widget elementor-widget-heading\" data-id=\"c448d51\" data-element_type=\"widget\" data-e-type=\"widget\" data-widget_type=\"heading.default\">\n\t\t\t\t<div class=\"elementor-widget-container\">\n\t\t\t\t\t<h4 class=\"elementor-heading-title elementor-size-default\">Video 1<\/h4>\t\t\t\t<\/div>\n\t\t\t\t<\/div>\n\t\t\t\t<div class=\"elementor-element elementor-element-3d6085d elementor-widget elementor-widget-text-editor\" data-id=\"3d6085d\" data-element_type=\"widget\" data-e-type=\"widget\" data-widget_type=\"text-editor.default\">\n\t\t\t\t<div class=\"elementor-widget-container\">\n\t\t\t\t\t\t\t\t\t<p>Hela resan dokumenterad fr\u00e5n Danmark till Tyskland<\/p>\t\t\t\t\t\t\t\t<\/div>\n\t\t\t\t<\/div>\n\t\t\t\t<div class=\"elementor-element elementor-element-ff9e5a6 elementor-widget elementor-widget-video\" data-id=\"ff9e5a6\" data-element_type=\"widget\" data-e-type=\"widget\" data-settings=\"{&quot;youtube_url&quot;:&quot;https:\\\/\\\/www.youtube.com\\\/watch?v=L6XYnDv5L_k&quot;,&quot;video_type&quot;:&quot;youtube&quot;,&quot;controls&quot;:&quot;yes&quot;}\" data-widget_type=\"video.default\">\n\t\t\t\t<div class=\"elementor-widget-container\">\n\t\t\t\t\t\t\t<div class=\"elementor-wrapper elementor-open-inline\">\n\t\t\t<div class=\"elementor-video\"><\/div>\t\t<\/div>\n\t\t\t\t\t\t<\/div>\n\t\t\t\t<\/div>\n\t\t\t\t\t<\/div>\n\t\t<\/div>\n\t\t\t\t<div class=\"elementor-column elementor-col-50 elementor-top-column elementor-element elementor-element-f865df3\" data-id=\"f865df3\" data-element_type=\"column\" data-e-type=\"column\">\n\t\t\t<div class=\"elementor-widget-wrap elementor-element-populated\">\n\t\t\t\t\t\t<div class=\"elementor-element elementor-element-c975e79 elementor-widget elementor-widget-heading\" data-id=\"c975e79\" data-element_type=\"widget\" data-e-type=\"widget\" data-widget_type=\"heading.default\">\n\t\t\t\t<div class=\"elementor-widget-container\">\n\t\t\t\t\t<h4 class=\"elementor-heading-title elementor-size-default\">Video 2<\/h4>\t\t\t\t<\/div>\n\t\t\t\t<\/div>\n\t\t\t\t<div class=\"elementor-element elementor-element-426605d elementor-widget elementor-widget-text-editor\" data-id=\"426605d\" data-element_type=\"widget\" data-e-type=\"widget\" data-widget_type=\"text-editor.default\">\n\t\t\t\t<div class=\"elementor-widget-container\">\n\t\t\t\t\t\t\t\t\t<p>Ankomst av f\u00e4rjan Puttgarden-R\u00f8dby<\/p>\t\t\t\t\t\t\t\t<\/div>\n\t\t\t\t<\/div>\n\t\t\t\t<div class=\"elementor-element elementor-element-9a6c7a0 elementor-widget elementor-widget-video\" data-id=\"9a6c7a0\" data-element_type=\"widget\" data-e-type=\"widget\" data-settings=\"{&quot;youtube_url&quot;:&quot;https:\\\/\\\/www.youtube.com\\\/watch?v=iJnaRAo7XqA&quot;,&quot;video_type&quot;:&quot;youtube&quot;,&quot;controls&quot;:&quot;yes&quot;}\" data-widget_type=\"video.default\">\n\t\t\t\t<div class=\"elementor-widget-container\">\n\t\t\t\t\t\t\t<div class=\"elementor-wrapper elementor-open-inline\">\n\t\t\t<div class=\"elementor-video\"><\/div>\t\t<\/div>\n\t\t\t\t\t\t<\/div>\n\t\t\t\t<\/div>\n\t\t\t\t\t<\/div>\n\t\t<\/div>\n\t\t\t\t\t<\/div>\n\t\t<\/section>\n\t\t\t\t<section class=\"elementor-section elementor-top-section elementor-element elementor-element-2c4f7a0 elementor-section-boxed elementor-section-height-default elementor-section-height-default\" data-id=\"2c4f7a0\" data-element_type=\"section\" data-e-type=\"section\">\n\t\t\t\t\t\t<div class=\"elementor-container elementor-column-gap-default\">\n\t\t\t\t\t<div class=\"elementor-column elementor-col-50 elementor-top-column elementor-element elementor-element-f7141c8\" data-id=\"f7141c8\" data-element_type=\"column\" data-e-type=\"column\">\n\t\t\t<div class=\"elementor-widget-wrap elementor-element-populated\">\n\t\t\t\t\t\t<div class=\"elementor-element elementor-element-3764a1d elementor-widget elementor-widget-heading\" data-id=\"3764a1d\" data-element_type=\"widget\" data-e-type=\"widget\" data-widget_type=\"heading.default\">\n\t\t\t\t<div class=\"elementor-widget-container\">\n\t\t\t\t\t<h4 class=\"elementor-heading-title elementor-size-default\">Video 3<\/h4>\t\t\t\t<\/div>\n\t\t\t\t<\/div>\n\t\t\t\t<div class=\"elementor-element elementor-element-17acc5a elementor-widget elementor-widget-text-editor\" data-id=\"17acc5a\" data-element_type=\"widget\" data-e-type=\"widget\" data-widget_type=\"text-editor.default\">\n\t\t\t\t<div class=\"elementor-widget-container\">\n\t\t\t\t\t\t\t\t\t<p>Hamnen i Puttgarden<\/p>\t\t\t\t\t\t\t\t<\/div>\n\t\t\t\t<\/div>\n\t\t\t\t<div class=\"elementor-element elementor-element-b415db2 elementor-widget elementor-widget-video\" data-id=\"b415db2\" data-element_type=\"widget\" data-e-type=\"widget\" data-settings=\"{&quot;youtube_url&quot;:&quot;https:\\\/\\\/www.youtube.com\\\/watch?v=raedQ4-B22o&quot;,&quot;video_type&quot;:&quot;youtube&quot;,&quot;controls&quot;:&quot;yes&quot;}\" data-widget_type=\"video.default\">\n\t\t\t\t<div class=\"elementor-widget-container\">\n\t\t\t\t\t\t\t<div class=\"elementor-wrapper elementor-open-inline\">\n\t\t\t<div class=\"elementor-video\"><\/div>\t\t<\/div>\n\t\t\t\t\t\t<\/div>\n\t\t\t\t<\/div>\n\t\t\t\t\t<\/div>\n\t\t<\/div>\n\t\t\t\t<div class=\"elementor-column elementor-col-50 elementor-top-column elementor-element elementor-element-a0ba1e0\" data-id=\"a0ba1e0\" data-element_type=\"column\" data-e-type=\"column\">\n\t\t\t<div class=\"elementor-widget-wrap elementor-element-populated\">\n\t\t\t\t\t\t<div class=\"elementor-element elementor-element-756aa6c elementor-widget elementor-widget-heading\" data-id=\"756aa6c\" data-element_type=\"widget\" data-e-type=\"widget\" data-widget_type=\"heading.default\">\n\t\t\t\t<div class=\"elementor-widget-container\">\n\t\t\t\t\t<h4 class=\"elementor-heading-title elementor-size-default\">Video 4<\/h4>\t\t\t\t<\/div>\n\t\t\t\t<\/div>\n\t\t\t\t<div class=\"elementor-element elementor-element-c763322 elementor-widget elementor-widget-text-editor\" data-id=\"c763322\" data-element_type=\"widget\" data-e-type=\"widget\" data-widget_type=\"text-editor.default\">\n\t\t\t\t<div class=\"elementor-widget-container\">\n\t\t\t\t\t\t\t\t\t<p>Fr\u00e5n R\u00f8dby till Puttgarden<\/p>\t\t\t\t\t\t\t\t<\/div>\n\t\t\t\t<\/div>\n\t\t\t\t<div class=\"elementor-element elementor-element-c0c3d6e elementor-widget elementor-widget-video\" data-id=\"c0c3d6e\" data-element_type=\"widget\" data-e-type=\"widget\" data-settings=\"{&quot;youtube_url&quot;:&quot;https:\\\/\\\/www.youtube.com\\\/watch?v=7LsFBoeHC0U&quot;,&quot;video_type&quot;:&quot;youtube&quot;,&quot;controls&quot;:&quot;yes&quot;}\" data-widget_type=\"video.default\">\n\t\t\t\t<div class=\"elementor-widget-container\">\n\t\t\t\t\t\t\t<div class=\"elementor-wrapper elementor-open-inline\">\n\t\t\t<div class=\"elementor-video\"><\/div>\t\t<\/div>\n\t\t\t\t\t\t<\/div>\n\t\t\t\t<\/div>\n\t\t\t\t\t<\/div>\n\t\t<\/div>\n\t\t\t\t\t<\/div>\n\t\t<\/section>\n\t\t\t\t<\/div>\n\t\t","protected":false},"excerpt":{"rendered":"<p>F\u00e4rjpris &#038; Biljetter Videoklipp fr\u00e5n f\u00e4rjepassagerare \u00c4r du nyfiken p\u00e5 vad du kan f\u00f6rv\u00e4nta dig? Vi har samlat n\u00e5gra videoklipp fr\u00e5n personer som rest med f\u00e4rjorna Video 1 Hela resan dokumenterad fr\u00e5n Danmark till Tyskland https:\/\/www.youtube.com\/watch?v=L6XYnDv5L_k Video 2 Ankomst av f\u00e4rjan Puttgarden-R\u00f8dby https:\/\/www.youtube.com\/watch?v=iJnaRAo7XqA Video 3 Hamnen i Puttgarden https:\/\/www.youtube.com\/watch?v=raedQ4-B22o Video 4 Fr\u00e5n R\u00f8dby till Puttgarden [&hellip;]<\/p>\n","protected":false},"author":1,"featured_media":0,"parent":0,"menu_order":0,"comment_status":"closed","ping_status":"closed","template":"elementor_header_footer","meta":{"footnotes":""},"class_list":["post-567","page","type-page","status-publish","hentry"],"yoast_head":"<!-- This site is optimized with the Yoast SEO plugin v27.2 - https:\/\/yoast.com\/product\/yoast-seo-wordpress\/ -->\n<title>Videor av f\u00e4rjepassagerare | Erfarenheter | PuttgardenRodby.com<\/title>\n<meta name=\"description\" content=\"Se filmerna med f\u00e4rjepassagerare och uppt\u00e4ck deras upplevelser av f\u00e4rjan mellan Puttgarden och R\u00f8dby. Unik inblick i f\u00e4rjeresor.\" \/>\n<meta name=\"robots\" content=\"index, follow, max-snippet:-1, max-image-preview:large, max-video-preview:-1\" \/>\n<link rel=\"canonical\" href=\"https:\/\/puttgardenrodby.com\/se\/video\/\" \/>\n<meta property=\"og:locale\" content=\"sv_SE\" \/>\n<meta property=\"og:type\" content=\"article\" \/>\n<meta property=\"og:title\" content=\"Videor av f\u00e4rjepassagerare | Erfarenheter | PuttgardenRodby.com\" \/>\n<meta property=\"og:description\" content=\"Se filmerna med f\u00e4rjepassagerare och uppt\u00e4ck deras upplevelser av f\u00e4rjan mellan Puttgarden och R\u00f8dby. Unik inblick i f\u00e4rjeresor.\" \/>\n<meta property=\"og:url\" content=\"https:\/\/puttgardenrodby.com\/se\/video\/\" \/>\n<meta property=\"og:site_name\" content=\"Puttgarden Rodby Svenska\" \/>\n<meta property=\"article:modified_time\" content=\"2024-03-14T09:48:43+00:00\" \/>\n<meta name=\"twitter:card\" content=\"summary_large_image\" \/>\n<meta name=\"twitter:label1\" content=\"Ber\u00e4knad l\u00e4stid\" \/>\n\t<meta name=\"twitter:data1\" content=\"1 minut\" \/>\n<script type=\"application\/ld+json\" class=\"yoast-schema-graph\">{\"@context\":\"https:\/\/schema.org\",\"@graph\":[{\"@type\":\"WebPage\",\"@id\":\"https:\/\/puttgardenrodby.com\/se\/video\/\",\"url\":\"https:\/\/puttgardenrodby.com\/se\/video\/\",\"name\":\"Videor av f\u00e4rjepassagerare | Erfarenheter | PuttgardenRodby.com\",\"isPartOf\":{\"@id\":\"https:\/\/puttgardenrodby.com\/se\/#website\"},\"datePublished\":\"2023-05-10T09:56:56+00:00\",\"dateModified\":\"2024-03-14T09:48:43+00:00\",\"description\":\"Se filmerna med f\u00e4rjepassagerare och uppt\u00e4ck deras upplevelser av f\u00e4rjan mellan Puttgarden och R\u00f8dby. Unik inblick i f\u00e4rjeresor.\",\"breadcrumb\":{\"@id\":\"https:\/\/puttgardenrodby.com\/se\/video\/#breadcrumb\"},\"inLanguage\":\"sv-SE\",\"potentialAction\":[{\"@type\":\"ReadAction\",\"target\":[\"https:\/\/puttgardenrodby.com\/se\/video\/\"]}]},{\"@type\":\"BreadcrumbList\",\"@id\":\"https:\/\/puttgardenrodby.com\/se\/video\/#breadcrumb\",\"itemListElement\":[{\"@type\":\"ListItem\",\"position\":1,\"name\":\"Home\",\"item\":\"https:\/\/puttgardenrodby.com\/se\/\"},{\"@type\":\"ListItem\",\"position\":2,\"name\":\"video\"}]},{\"@type\":\"WebSite\",\"@id\":\"https:\/\/puttgardenrodby.com\/se\/#website\",\"url\":\"https:\/\/puttgardenrodby.com\/se\/\",\"name\":\"Puttgarden Rodby Svenska\",\"description\":\"\",\"publisher\":{\"@id\":\"https:\/\/puttgardenrodby.com\/se\/#organization\"},\"potentialAction\":[{\"@type\":\"SearchAction\",\"target\":{\"@type\":\"EntryPoint\",\"urlTemplate\":\"https:\/\/puttgardenrodby.com\/se\/?s={search_term_string}\"},\"query-input\":{\"@type\":\"PropertyValueSpecification\",\"valueRequired\":true,\"valueName\":\"search_term_string\"}}],\"inLanguage\":\"sv-SE\"},{\"@type\":\"Organization\",\"@id\":\"https:\/\/puttgardenrodby.com\/se\/#organization\",\"name\":\"Puttgarden Rodby Svenska\",\"url\":\"https:\/\/puttgardenrodby.com\/se\/\",\"logo\":{\"@type\":\"ImageObject\",\"inLanguage\":\"sv-SE\",\"@id\":\"https:\/\/puttgardenrodby.com\/se\/#\/schema\/logo\/image\/\",\"url\":\"https:\/\/puttgardenrodby.com\/se\/wp-content\/uploads\/sites\/2\/2023\/05\/Puttgarden-Rodby-logo.png\",\"contentUrl\":\"https:\/\/puttgardenrodby.com\/se\/wp-content\/uploads\/sites\/2\/2023\/05\/Puttgarden-Rodby-logo.png\",\"width\":1043,\"height\":347,\"caption\":\"Puttgarden Rodby Svenska\"},\"image\":{\"@id\":\"https:\/\/puttgardenrodby.com\/se\/#\/schema\/logo\/image\/\"}}]}<\/script>\n<!-- \/ Yoast SEO plugin. -->","yoast_head_json":{"title":"Videor av f\u00e4rjepassagerare | Erfarenheter | PuttgardenRodby.com","description":"Se filmerna med f\u00e4rjepassagerare och uppt\u00e4ck deras upplevelser av f\u00e4rjan mellan Puttgarden och R\u00f8dby. Unik inblick i f\u00e4rjeresor.","robots":{"index":"index","follow":"follow","max-snippet":"max-snippet:-1","max-image-preview":"max-image-preview:large","max-video-preview":"max-video-preview:-1"},"canonical":"https:\/\/puttgardenrodby.com\/se\/video\/","og_locale":"sv_SE","og_type":"article","og_title":"Videor av f\u00e4rjepassagerare | Erfarenheter | PuttgardenRodby.com","og_description":"Se filmerna med f\u00e4rjepassagerare och uppt\u00e4ck deras upplevelser av f\u00e4rjan mellan Puttgarden och R\u00f8dby. Unik inblick i f\u00e4rjeresor.","og_url":"https:\/\/puttgardenrodby.com\/se\/video\/","og_site_name":"Puttgarden Rodby Svenska","article_modified_time":"2024-03-14T09:48:43+00:00","twitter_card":"summary_large_image","twitter_misc":{"Ber\u00e4knad l\u00e4stid":"1 minut"},"schema":{"@context":"https:\/\/schema.org","@graph":[{"@type":"WebPage","@id":"https:\/\/puttgardenrodby.com\/se\/video\/","url":"https:\/\/puttgardenrodby.com\/se\/video\/","name":"Videor av f\u00e4rjepassagerare | Erfarenheter | PuttgardenRodby.com","isPartOf":{"@id":"https:\/\/puttgardenrodby.com\/se\/#website"},"datePublished":"2023-05-10T09:56:56+00:00","dateModified":"2024-03-14T09:48:43+00:00","description":"Se filmerna med f\u00e4rjepassagerare och uppt\u00e4ck deras upplevelser av f\u00e4rjan mellan Puttgarden och R\u00f8dby. Unik inblick i f\u00e4rjeresor.","breadcrumb":{"@id":"https:\/\/puttgardenrodby.com\/se\/video\/#breadcrumb"},"inLanguage":"sv-SE","potentialAction":[{"@type":"ReadAction","target":["https:\/\/puttgardenrodby.com\/se\/video\/"]}]},{"@type":"BreadcrumbList","@id":"https:\/\/puttgardenrodby.com\/se\/video\/#breadcrumb","itemListElement":[{"@type":"ListItem","position":1,"name":"Home","item":"https:\/\/puttgardenrodby.com\/se\/"},{"@type":"ListItem","position":2,"name":"video"}]},{"@type":"WebSite","@id":"https:\/\/puttgardenrodby.com\/se\/#website","url":"https:\/\/puttgardenrodby.com\/se\/","name":"Puttgarden Rodby Svenska","description":"","publisher":{"@id":"https:\/\/puttgardenrodby.com\/se\/#organization"},"potentialAction":[{"@type":"SearchAction","target":{"@type":"EntryPoint","urlTemplate":"https:\/\/puttgardenrodby.com\/se\/?s={search_term_string}"},"query-input":{"@type":"PropertyValueSpecification","valueRequired":true,"valueName":"search_term_string"}}],"inLanguage":"sv-SE"},{"@type":"Organization","@id":"https:\/\/puttgardenrodby.com\/se\/#organization","name":"Puttgarden Rodby Svenska","url":"https:\/\/puttgardenrodby.com\/se\/","logo":{"@type":"ImageObject","inLanguage":"sv-SE","@id":"https:\/\/puttgardenrodby.com\/se\/#\/schema\/logo\/image\/","url":"https:\/\/puttgardenrodby.com\/se\/wp-content\/uploads\/sites\/2\/2023\/05\/Puttgarden-Rodby-logo.png","contentUrl":"https:\/\/puttgardenrodby.com\/se\/wp-content\/uploads\/sites\/2\/2023\/05\/Puttgarden-Rodby-logo.png","width":1043,"height":347,"caption":"Puttgarden Rodby Svenska"},"image":{"@id":"https:\/\/puttgardenrodby.com\/se\/#\/schema\/logo\/image\/"}}]}},"_links":{"self":[{"href":"https:\/\/puttgardenrodby.com\/se\/wp-json\/wp\/v2\/pages\/567","targetHints":{"allow":["GET"]}}],"collection":[{"href":"https:\/\/puttgardenrodby.com\/se\/wp-json\/wp\/v2\/pages"}],"about":[{"href":"https:\/\/puttgardenrodby.com\/se\/wp-json\/wp\/v2\/types\/page"}],"author":[{"embeddable":true,"href":"https:\/\/puttgardenrodby.com\/se\/wp-json\/wp\/v2\/users\/1"}],"replies":[{"embeddable":true,"href":"https:\/\/puttgardenrodby.com\/se\/wp-json\/wp\/v2\/comments?post=567"}],"version-history":[{"count":7,"href":"https:\/\/puttgardenrodby.com\/se\/wp-json\/wp\/v2\/pages\/567\/revisions"}],"predecessor-version":[{"id":1184,"href":"https:\/\/puttgardenrodby.com\/se\/wp-json\/wp\/v2\/pages\/567\/revisions\/1184"}],"wp:attachment":[{"href":"https:\/\/puttgardenrodby.com\/se\/wp-json\/wp\/v2\/media?parent=567"}],"curies":[{"name":"wp","href":"https:\/\/api.w.org\/{rel}","templated":true}]}}