{"id":537,"date":"2023-05-10T09:25:55","date_gmt":"2023-05-10T09:25:55","guid":{"rendered":"https:\/\/puttgardenrodby.nl\/?page_id=537"},"modified":"2024-03-14T09:47:45","modified_gmt":"2024-03-14T09:47:45","slug":"vader","status":"publish","type":"page","link":"https:\/\/puttgardenrodby.com\/se\/vader\/","title":{"rendered":"V\u00e4der"},"content":{"rendered":"\t\t<div data-elementor-type=\"wp-post\" data-elementor-id=\"537\" class=\"elementor elementor-537\" data-elementor-post-type=\"page\">\n\t\t\t\t\t\t<section class=\"elementor-section elementor-top-section elementor-element elementor-element-36dbe2f6 elementor-section-boxed elementor-section-height-default elementor-section-height-default\" data-id=\"36dbe2f6\" data-element_type=\"section\" data-e-type=\"section\" data-settings=\"{&quot;background_background&quot;:&quot;gradient&quot;,&quot;sticky&quot;:&quot;top&quot;,&quot;sticky_on&quot;:[&quot;desktop&quot;,&quot;tablet&quot;,&quot;mobile&quot;],&quot;sticky_offset&quot;:0,&quot;sticky_effects_offset&quot;:0,&quot;sticky_anchor_link_offset&quot;:0}\">\n\t\t\t\t\t\t<div class=\"elementor-container elementor-column-gap-default\">\n\t\t\t\t\t<div class=\"elementor-column elementor-col-50 elementor-top-column elementor-element elementor-element-7f3dfe10\" data-id=\"7f3dfe10\" data-element_type=\"column\" data-e-type=\"column\">\n\t\t\t<div class=\"elementor-widget-wrap elementor-element-populated\">\n\t\t\t\t\t\t<div class=\"elementor-element elementor-element-1614b5bd elementor-widget elementor-widget-breadcrumbs\" data-id=\"1614b5bd\" data-element_type=\"widget\" data-e-type=\"widget\" data-widget_type=\"breadcrumbs.default\">\n\t\t\t\t<div class=\"elementor-widget-container\">\n\t\t\t\t\t<p id=\"breadcrumbs\"><span><span><a href=\"https:\/\/puttgardenrodby.com\/se\/\">Home<\/a><\/span><\/span><\/p>\t\t\t\t<\/div>\n\t\t\t\t<\/div>\n\t\t\t\t\t<\/div>\n\t\t<\/div>\n\t\t\t\t<div class=\"elementor-column elementor-col-50 elementor-top-column elementor-element elementor-element-493212b3\" data-id=\"493212b3\" data-element_type=\"column\" data-e-type=\"column\">\n\t\t\t<div class=\"elementor-widget-wrap elementor-element-populated\">\n\t\t\t\t\t\t<div class=\"elementor-element elementor-element-6f26f175 elementor-align-right elementor-mobile-align-center elementor-widget elementor-widget-button\" data-id=\"6f26f175\" data-element_type=\"widget\" data-e-type=\"widget\" data-settings=\"{&quot;sticky&quot;:&quot;top&quot;,&quot;sticky_on&quot;:[&quot;mobile&quot;],&quot;sticky_offset&quot;:8,&quot;sticky_effects_offset_mobile&quot;:0,&quot;_animation_mobile&quot;:&quot;fadeIn&quot;,&quot;sticky_effects_offset&quot;:0,&quot;sticky_anchor_link_offset&quot;:0}\" data-widget_type=\"button.default\">\n\t\t\t\t<div class=\"elementor-widget-container\">\n\t\t\t\t\t\t\t\t\t<div class=\"elementor-button-wrapper\">\n\t\t\t\t\t<a class=\"elementor-button elementor-button-link elementor-size-md elementor-animation-shrink\" href=\"\/se\/go\/knapp-huvud-sida\" target=\"_blank\">\n\t\t\t\t\t\t<span class=\"elementor-button-content-wrapper\">\n\t\t\t\t\t\t<span class=\"elementor-button-icon\">\n\t\t\t\t<i aria-hidden=\"true\" class=\"far fa-arrow-alt-circle-right\"><\/i>\t\t\t<\/span>\n\t\t\t\t\t\t\t\t\t<span class=\"elementor-button-text\">F\u00e4rjpris &amp; Biljetter<\/span>\n\t\t\t\t\t<\/span>\n\t\t\t\t\t<\/a>\n\t\t\t\t<\/div>\n\t\t\t\t\t\t\t\t<\/div>\n\t\t\t\t<\/div>\n\t\t\t\t\t<\/div>\n\t\t<\/div>\n\t\t\t\t\t<\/div>\n\t\t<\/section>\n\t\t\t\t<section class=\"elementor-section elementor-top-section elementor-element elementor-element-348d881 elementor-section-boxed elementor-section-height-default elementor-section-height-default\" data-id=\"348d881\" data-element_type=\"section\" data-e-type=\"section\">\n\t\t\t\t\t\t\t<div class=\"elementor-background-overlay\"><\/div>\n\t\t\t\t\t\t\t<div class=\"elementor-container elementor-column-gap-default\">\n\t\t\t\t\t<div class=\"elementor-column elementor-col-100 elementor-top-column elementor-element elementor-element-2e117c7\" data-id=\"2e117c7\" data-element_type=\"column\" data-e-type=\"column\">\n\t\t\t<div class=\"elementor-widget-wrap elementor-element-populated\">\n\t\t\t\t\t\t<div class=\"elementor-element elementor-element-18585c6 elementor-widget elementor-widget-heading\" data-id=\"18585c6\" data-element_type=\"widget\" data-e-type=\"widget\" data-widget_type=\"heading.default\">\n\t\t\t\t<div class=\"elementor-widget-container\">\n\t\t\t\t\t<h1 class=\"elementor-heading-title elementor-size-default\">V\u00e4der Puttgarden-R\u00f8dby<\/h1>\t\t\t\t<\/div>\n\t\t\t\t<\/div>\n\t\t\t\t<div class=\"elementor-element elementor-element-02210a7 elementor-widget elementor-widget-text-editor\" data-id=\"02210a7\" data-element_type=\"widget\" data-e-type=\"widget\" data-widget_type=\"text-editor.default\">\n\t\t\t\t<div class=\"elementor-widget-container\">\n\t\t\t\t\t\t\t\t\t<p>F\u00f6r att f\u00e5 en bra uppfattning om v\u00e4derf\u00f6rh\u00e5llandena under Puttgarden-R\u00f8dby-\u00f6verfarten kan du konsultera f\u00f6ljande kartor nedan. Dessa visar vindriktning, vindhastighet, v\u00e5gh\u00f6jd, v\u00e5griktning och nederb\u00f6rd.<\/p><p>\u00a0<\/p>\t\t\t\t\t\t\t\t<\/div>\n\t\t\t\t<\/div>\n\t\t\t\t<div class=\"elementor-element elementor-element-30fec9a elementor-widget elementor-widget-heading\" data-id=\"30fec9a\" data-element_type=\"widget\" data-e-type=\"widget\" data-widget_type=\"heading.default\">\n\t\t\t\t<div class=\"elementor-widget-container\">\n\t\t\t\t\t<h2 class=\"elementor-heading-title elementor-size-default\">V\u00e4derprognos och vindriktning och hastighet.<\/h2>\t\t\t\t<\/div>\n\t\t\t\t<\/div>\n\t\t\t\t<div class=\"elementor-element elementor-element-358f00f elementor-widget elementor-widget-html\" data-id=\"358f00f\" data-element_type=\"widget\" data-e-type=\"widget\" data-widget_type=\"html.default\">\n\t\t\t\t<div class=\"elementor-widget-container\">\n\t\t\t\t\t<iframe width=\"650\" height=\"450\" src=\"https:\/\/embed.windy.com\/embed2.html?lat=54.505&lon=11.302&detailLat=54.577&detailLon=11.302&width=650&height=450&zoom=10&level=surface&overlay=wind&product=ecmwf&menu=&message=&marker=&calendar=now&pressure=&type=map&location=coordinates&detail=true&metricWind=default&metricTemp=default&radarRange=-1\" frameborder=\"0\"><\/iframe>\t\t\t\t<\/div>\n\t\t\t\t<\/div>\n\t\t\t\t<div class=\"elementor-element elementor-element-f4c28b5 elementor-widget elementor-widget-heading\" data-id=\"f4c28b5\" data-element_type=\"widget\" data-e-type=\"widget\" data-widget_type=\"heading.default\">\n\t\t\t\t<div class=\"elementor-widget-container\">\n\t\t\t\t\t<h2 class=\"elementor-heading-title elementor-size-default\">Nederb\u00f6rd<\/h2>\t\t\t\t<\/div>\n\t\t\t\t<\/div>\n\t\t\t\t<div class=\"elementor-element elementor-element-81e0946 elementor-widget elementor-widget-text-editor\" data-id=\"81e0946\" data-element_type=\"widget\" data-e-type=\"widget\" data-widget_type=\"text-editor.default\">\n\t\t\t\t<div class=\"elementor-widget-container\">\n\t\t\t\t\t\t\t\t\t<p>Eventuell nederb\u00f6rd visas i f\u00e4rgade moln. Dessutom anges vindriktningen s\u00e5 att du kan g\u00f6ra en uppskattning av vad som kommer mot dig.<\/p>\t\t\t\t\t\t\t\t<\/div>\n\t\t\t\t<\/div>\n\t\t\t\t<div class=\"elementor-element elementor-element-aa79767 elementor-widget elementor-widget-html\" data-id=\"aa79767\" data-element_type=\"widget\" data-e-type=\"widget\" data-widget_type=\"html.default\">\n\t\t\t\t<div class=\"elementor-widget-container\">\n\t\t\t\t\t<iframe width=\"650\" height=\"400\" src=\"https:\/\/embed.windy.com\/embed2.html?lat=54.548&lon=11.301&detailLat=54.583&detailLon=11.301&width=650&height=450&zoom=11&level=surface&overlay=rain&product=ecmwf&menu=&message=true&marker=&calendar=now&pressure=&type=map&location=coordinates&detail=&metricWind=default&metricTemp=default&radarRange=-1\" frameborder=\"0\"><\/iframe>\t\t\t\t<\/div>\n\t\t\t\t<\/div>\n\t\t\t\t<div class=\"elementor-element elementor-element-5f49832 elementor-widget elementor-widget-heading\" data-id=\"5f49832\" data-element_type=\"widget\" data-e-type=\"widget\" data-widget_type=\"heading.default\">\n\t\t\t\t<div class=\"elementor-widget-container\">\n\t\t\t\t\t<h2 class=\"elementor-heading-title elementor-size-default\">V\u00e5gor<\/h2>\t\t\t\t<\/div>\n\t\t\t\t<\/div>\n\t\t\t\t<div class=\"elementor-element elementor-element-3a7ce6f elementor-widget elementor-widget-text-editor\" data-id=\"3a7ce6f\" data-element_type=\"widget\" data-e-type=\"widget\" data-widget_type=\"text-editor.default\">\n\t\t\t\t<div class=\"elementor-widget-container\">\n\t\t\t\t\t\t\t\t\t<p>Blir det en lugn \u00f6verfart eller inte? V\u00e5gh\u00f6jden \u00e4r en viktig indikator f\u00f6r hur bekv\u00e4m \u00f6verfarten kommer att vara. Om kartan blir r\u00f6d ist\u00e4llet f\u00f6r gr\u00f6n kan du f\u00f6rv\u00e4nta dig en ganska grov sj\u00f6.<\/p>\t\t\t\t\t\t\t\t<\/div>\n\t\t\t\t<\/div>\n\t\t\t\t<div class=\"elementor-element elementor-element-4a7687f elementor-widget elementor-widget-html\" data-id=\"4a7687f\" data-element_type=\"widget\" data-e-type=\"widget\" data-widget_type=\"html.default\">\n\t\t\t\t<div class=\"elementor-widget-container\">\n\t\t\t\t\t<iframe width=\"650\" height=\"400\" src=\"https:\/\/embed.windy.com\/embed2.html?lat=54.572&lon=11.258&detailLat=54.572&detailLon=11.258&width=650&height=450&zoom=10&level=surface&overlay=waves&product=ecmwfWaves&menu=&message=true&marker=&calendar=now&pressure=&type=map&location=coordinates&detail=&metricWind=default&metricTemp=default&radarRange=-1\" frameborder=\"0\"><\/iframe>\t\t\t\t<\/div>\n\t\t\t\t<\/div>\n\t\t\t\t\t<\/div>\n\t\t<\/div>\n\t\t\t\t\t<\/div>\n\t\t<\/section>\n\t\t\t\t<\/div>\n\t\t","protected":false},"excerpt":{"rendered":"<p>F\u00e4rjpris &#038; Biljetter V\u00e4der Puttgarden-R\u00f8dby F\u00f6r att f\u00e5 en bra uppfattning om v\u00e4derf\u00f6rh\u00e5llandena under Puttgarden-R\u00f8dby-\u00f6verfarten kan du konsultera f\u00f6ljande kartor nedan. Dessa visar vindriktning, vindhastighet, v\u00e5gh\u00f6jd, v\u00e5griktning och nederb\u00f6rd. \u00a0 V\u00e4derprognos och vindriktning och hastighet. Nederb\u00f6rd Eventuell nederb\u00f6rd visas i f\u00e4rgade moln. Dessutom anges vindriktningen s\u00e5 att du kan g\u00f6ra en uppskattning av vad som [&hellip;]<\/p>\n","protected":false},"author":1,"featured_media":0,"parent":0,"menu_order":0,"comment_status":"closed","ping_status":"closed","template":"elementor_header_footer","meta":{"footnotes":""},"class_list":["post-537","page","type-page","status-publish","hentry"],"yoast_head":"<!-- This site is optimized with the Yoast SEO plugin v27.2 - https:\/\/yoast.com\/product\/yoast-seo-wordpress\/ -->\n<title>V\u00e4der och v\u00e5gor Puttgarden-R\u00f8dby<\/title>\n<meta name=\"robots\" content=\"index, follow, max-snippet:-1, max-image-preview:large, max-video-preview:-1\" \/>\n<link rel=\"canonical\" href=\"https:\/\/puttgardenrodby.com\/se\/vader\/\" \/>\n<meta property=\"og:locale\" content=\"sv_SE\" \/>\n<meta property=\"og:type\" content=\"article\" \/>\n<meta property=\"og:title\" content=\"V\u00e4der och v\u00e5gor Puttgarden-R\u00f8dby\" \/>\n<meta property=\"og:description\" content=\"F\u00e4rjpris &#038; Biljetter V\u00e4der Puttgarden-R\u00f8dby F\u00f6r att f\u00e5 en bra uppfattning om v\u00e4derf\u00f6rh\u00e5llandena under Puttgarden-R\u00f8dby-\u00f6verfarten kan du konsultera f\u00f6ljande kartor nedan. Dessa visar vindriktning, vindhastighet, v\u00e5gh\u00f6jd, v\u00e5griktning och nederb\u00f6rd. \u00a0 V\u00e4derprognos och vindriktning och hastighet. Nederb\u00f6rd Eventuell nederb\u00f6rd visas i f\u00e4rgade moln. Dessutom anges vindriktningen s\u00e5 att du kan g\u00f6ra en uppskattning av vad som [&hellip;]\" \/>\n<meta property=\"og:url\" content=\"https:\/\/puttgardenrodby.com\/se\/vader\/\" \/>\n<meta property=\"og:site_name\" content=\"Puttgarden Rodby Svenska\" \/>\n<meta property=\"article:modified_time\" content=\"2024-03-14T09:47:45+00:00\" \/>\n<meta name=\"twitter:card\" content=\"summary_large_image\" \/>\n<meta name=\"twitter:label1\" content=\"Ber\u00e4knad l\u00e4stid\" \/>\n\t<meta name=\"twitter:data1\" content=\"1 minut\" \/>\n<script type=\"application\/ld+json\" class=\"yoast-schema-graph\">{\"@context\":\"https:\/\/schema.org\",\"@graph\":[{\"@type\":\"WebPage\",\"@id\":\"https:\/\/puttgardenrodby.com\/se\/vader\/\",\"url\":\"https:\/\/puttgardenrodby.com\/se\/vader\/\",\"name\":\"V\u00e4der och v\u00e5gor Puttgarden-R\u00f8dby\",\"isPartOf\":{\"@id\":\"https:\/\/puttgardenrodby.com\/se\/#website\"},\"datePublished\":\"2023-05-10T09:25:55+00:00\",\"dateModified\":\"2024-03-14T09:47:45+00:00\",\"breadcrumb\":{\"@id\":\"https:\/\/puttgardenrodby.com\/se\/vader\/#breadcrumb\"},\"inLanguage\":\"sv-SE\",\"potentialAction\":[{\"@type\":\"ReadAction\",\"target\":[\"https:\/\/puttgardenrodby.com\/se\/vader\/\"]}]},{\"@type\":\"BreadcrumbList\",\"@id\":\"https:\/\/puttgardenrodby.com\/se\/vader\/#breadcrumb\",\"itemListElement\":[{\"@type\":\"ListItem\",\"position\":1,\"name\":\"Home\",\"item\":\"https:\/\/puttgardenrodby.com\/se\/\"},{\"@type\":\"ListItem\",\"position\":2,\"name\":\"V\u00e4der\"}]},{\"@type\":\"WebSite\",\"@id\":\"https:\/\/puttgardenrodby.com\/se\/#website\",\"url\":\"https:\/\/puttgardenrodby.com\/se\/\",\"name\":\"Puttgarden Rodby Svenska\",\"description\":\"\",\"publisher\":{\"@id\":\"https:\/\/puttgardenrodby.com\/se\/#organization\"},\"potentialAction\":[{\"@type\":\"SearchAction\",\"target\":{\"@type\":\"EntryPoint\",\"urlTemplate\":\"https:\/\/puttgardenrodby.com\/se\/?s={search_term_string}\"},\"query-input\":{\"@type\":\"PropertyValueSpecification\",\"valueRequired\":true,\"valueName\":\"search_term_string\"}}],\"inLanguage\":\"sv-SE\"},{\"@type\":\"Organization\",\"@id\":\"https:\/\/puttgardenrodby.com\/se\/#organization\",\"name\":\"Puttgarden Rodby Svenska\",\"url\":\"https:\/\/puttgardenrodby.com\/se\/\",\"logo\":{\"@type\":\"ImageObject\",\"inLanguage\":\"sv-SE\",\"@id\":\"https:\/\/puttgardenrodby.com\/se\/#\/schema\/logo\/image\/\",\"url\":\"https:\/\/puttgardenrodby.com\/se\/wp-content\/uploads\/sites\/2\/2023\/05\/Puttgarden-Rodby-logo.png\",\"contentUrl\":\"https:\/\/puttgardenrodby.com\/se\/wp-content\/uploads\/sites\/2\/2023\/05\/Puttgarden-Rodby-logo.png\",\"width\":1043,\"height\":347,\"caption\":\"Puttgarden Rodby Svenska\"},\"image\":{\"@id\":\"https:\/\/puttgardenrodby.com\/se\/#\/schema\/logo\/image\/\"}}]}<\/script>\n<!-- \/ Yoast SEO plugin. -->","yoast_head_json":{"title":"V\u00e4der och v\u00e5gor Puttgarden-R\u00f8dby","robots":{"index":"index","follow":"follow","max-snippet":"max-snippet:-1","max-image-preview":"max-image-preview:large","max-video-preview":"max-video-preview:-1"},"canonical":"https:\/\/puttgardenrodby.com\/se\/vader\/","og_locale":"sv_SE","og_type":"article","og_title":"V\u00e4der och v\u00e5gor Puttgarden-R\u00f8dby","og_description":"F\u00e4rjpris &#038; Biljetter V\u00e4der Puttgarden-R\u00f8dby F\u00f6r att f\u00e5 en bra uppfattning om v\u00e4derf\u00f6rh\u00e5llandena under Puttgarden-R\u00f8dby-\u00f6verfarten kan du konsultera f\u00f6ljande kartor nedan. Dessa visar vindriktning, vindhastighet, v\u00e5gh\u00f6jd, v\u00e5griktning och nederb\u00f6rd. \u00a0 V\u00e4derprognos och vindriktning och hastighet. Nederb\u00f6rd Eventuell nederb\u00f6rd visas i f\u00e4rgade moln. Dessutom anges vindriktningen s\u00e5 att du kan g\u00f6ra en uppskattning av vad som [&hellip;]","og_url":"https:\/\/puttgardenrodby.com\/se\/vader\/","og_site_name":"Puttgarden Rodby Svenska","article_modified_time":"2024-03-14T09:47:45+00:00","twitter_card":"summary_large_image","twitter_misc":{"Ber\u00e4knad l\u00e4stid":"1 minut"},"schema":{"@context":"https:\/\/schema.org","@graph":[{"@type":"WebPage","@id":"https:\/\/puttgardenrodby.com\/se\/vader\/","url":"https:\/\/puttgardenrodby.com\/se\/vader\/","name":"V\u00e4der och v\u00e5gor Puttgarden-R\u00f8dby","isPartOf":{"@id":"https:\/\/puttgardenrodby.com\/se\/#website"},"datePublished":"2023-05-10T09:25:55+00:00","dateModified":"2024-03-14T09:47:45+00:00","breadcrumb":{"@id":"https:\/\/puttgardenrodby.com\/se\/vader\/#breadcrumb"},"inLanguage":"sv-SE","potentialAction":[{"@type":"ReadAction","target":["https:\/\/puttgardenrodby.com\/se\/vader\/"]}]},{"@type":"BreadcrumbList","@id":"https:\/\/puttgardenrodby.com\/se\/vader\/#breadcrumb","itemListElement":[{"@type":"ListItem","position":1,"name":"Home","item":"https:\/\/puttgardenrodby.com\/se\/"},{"@type":"ListItem","position":2,"name":"V\u00e4der"}]},{"@type":"WebSite","@id":"https:\/\/puttgardenrodby.com\/se\/#website","url":"https:\/\/puttgardenrodby.com\/se\/","name":"Puttgarden Rodby Svenska","description":"","publisher":{"@id":"https:\/\/puttgardenrodby.com\/se\/#organization"},"potentialAction":[{"@type":"SearchAction","target":{"@type":"EntryPoint","urlTemplate":"https:\/\/puttgardenrodby.com\/se\/?s={search_term_string}"},"query-input":{"@type":"PropertyValueSpecification","valueRequired":true,"valueName":"search_term_string"}}],"inLanguage":"sv-SE"},{"@type":"Organization","@id":"https:\/\/puttgardenrodby.com\/se\/#organization","name":"Puttgarden Rodby Svenska","url":"https:\/\/puttgardenrodby.com\/se\/","logo":{"@type":"ImageObject","inLanguage":"sv-SE","@id":"https:\/\/puttgardenrodby.com\/se\/#\/schema\/logo\/image\/","url":"https:\/\/puttgardenrodby.com\/se\/wp-content\/uploads\/sites\/2\/2023\/05\/Puttgarden-Rodby-logo.png","contentUrl":"https:\/\/puttgardenrodby.com\/se\/wp-content\/uploads\/sites\/2\/2023\/05\/Puttgarden-Rodby-logo.png","width":1043,"height":347,"caption":"Puttgarden Rodby Svenska"},"image":{"@id":"https:\/\/puttgardenrodby.com\/se\/#\/schema\/logo\/image\/"}}]}},"_links":{"self":[{"href":"https:\/\/puttgardenrodby.com\/se\/wp-json\/wp\/v2\/pages\/537","targetHints":{"allow":["GET"]}}],"collection":[{"href":"https:\/\/puttgardenrodby.com\/se\/wp-json\/wp\/v2\/pages"}],"about":[{"href":"https:\/\/puttgardenrodby.com\/se\/wp-json\/wp\/v2\/types\/page"}],"author":[{"embeddable":true,"href":"https:\/\/puttgardenrodby.com\/se\/wp-json\/wp\/v2\/users\/1"}],"replies":[{"embeddable":true,"href":"https:\/\/puttgardenrodby.com\/se\/wp-json\/wp\/v2\/comments?post=537"}],"version-history":[{"count":10,"href":"https:\/\/puttgardenrodby.com\/se\/wp-json\/wp\/v2\/pages\/537\/revisions"}],"predecessor-version":[{"id":1181,"href":"https:\/\/puttgardenrodby.com\/se\/wp-json\/wp\/v2\/pages\/537\/revisions\/1181"}],"wp:attachment":[{"href":"https:\/\/puttgardenrodby.com\/se\/wp-json\/wp\/v2\/media?parent=537"}],"curies":[{"name":"wp","href":"https:\/\/api.w.org\/{rel}","templated":true}]}}