{"id":524,"date":"2023-05-10T07:59:58","date_gmt":"2023-05-10T07:59:58","guid":{"rendered":"https:\/\/puttgardenrodby.nl\/?page_id=524"},"modified":"2024-03-14T10:02:57","modified_gmt":"2024-03-14T10:02:57","slug":"fehmarnbelt-tunneln","status":"publish","type":"page","link":"https:\/\/puttgardenrodby.com\/se\/fehmarnbelt-tunneln\/","title":{"rendered":"Fehmarnbelt-tunneln"},"content":{"rendered":"\t\t<div data-elementor-type=\"wp-post\" data-elementor-id=\"524\" class=\"elementor elementor-524\" data-elementor-post-type=\"page\">\n\t\t\t\t\t\t<section class=\"elementor-section elementor-top-section elementor-element elementor-element-4400b243 elementor-section-boxed elementor-section-height-default elementor-section-height-default\" data-id=\"4400b243\" data-element_type=\"section\" data-e-type=\"section\" data-settings=\"{&quot;background_background&quot;:&quot;gradient&quot;,&quot;sticky&quot;:&quot;top&quot;,&quot;sticky_on&quot;:[&quot;desktop&quot;,&quot;tablet&quot;,&quot;mobile&quot;],&quot;sticky_offset&quot;:0,&quot;sticky_effects_offset&quot;:0,&quot;sticky_anchor_link_offset&quot;:0}\">\n\t\t\t\t\t\t<div class=\"elementor-container elementor-column-gap-default\">\n\t\t\t\t\t<div class=\"elementor-column elementor-col-50 elementor-top-column elementor-element elementor-element-35f78d15\" data-id=\"35f78d15\" data-element_type=\"column\" data-e-type=\"column\">\n\t\t\t<div class=\"elementor-widget-wrap elementor-element-populated\">\n\t\t\t\t\t\t<div class=\"elementor-element elementor-element-5c6425b3 elementor-widget elementor-widget-breadcrumbs\" data-id=\"5c6425b3\" data-element_type=\"widget\" data-e-type=\"widget\" data-widget_type=\"breadcrumbs.default\">\n\t\t\t\t<div class=\"elementor-widget-container\">\n\t\t\t\t\t<p id=\"breadcrumbs\"><span><span><a href=\"https:\/\/puttgardenrodby.com\/se\/\">Home<\/a><\/span><\/span><\/p>\t\t\t\t<\/div>\n\t\t\t\t<\/div>\n\t\t\t\t\t<\/div>\n\t\t<\/div>\n\t\t\t\t<div class=\"elementor-column elementor-col-50 elementor-top-column elementor-element elementor-element-22a326d8\" data-id=\"22a326d8\" data-element_type=\"column\" data-e-type=\"column\">\n\t\t\t<div class=\"elementor-widget-wrap elementor-element-populated\">\n\t\t\t\t\t\t<div class=\"elementor-element elementor-element-5762f667 elementor-align-right elementor-mobile-align-center elementor-widget elementor-widget-button\" data-id=\"5762f667\" data-element_type=\"widget\" data-e-type=\"widget\" data-settings=\"{&quot;sticky&quot;:&quot;top&quot;,&quot;sticky_on&quot;:[&quot;mobile&quot;],&quot;sticky_offset&quot;:8,&quot;sticky_effects_offset_mobile&quot;:0,&quot;_animation_mobile&quot;:&quot;fadeIn&quot;,&quot;sticky_effects_offset&quot;:0,&quot;sticky_anchor_link_offset&quot;:0}\" data-widget_type=\"button.default\">\n\t\t\t\t<div class=\"elementor-widget-container\">\n\t\t\t\t\t\t\t\t\t<div class=\"elementor-button-wrapper\">\n\t\t\t\t\t<a class=\"elementor-button elementor-button-link elementor-size-md elementor-animation-shrink\" href=\"\/se\/go\/knapp-huvud-sida\" target=\"_blank\">\n\t\t\t\t\t\t<span class=\"elementor-button-content-wrapper\">\n\t\t\t\t\t\t<span class=\"elementor-button-icon\">\n\t\t\t\t<i aria-hidden=\"true\" class=\"far fa-arrow-alt-circle-right\"><\/i>\t\t\t<\/span>\n\t\t\t\t\t\t\t\t\t<span class=\"elementor-button-text\">F\u00e4rjpris &amp; Biljetter<\/span>\n\t\t\t\t\t<\/span>\n\t\t\t\t\t<\/a>\n\t\t\t\t<\/div>\n\t\t\t\t\t\t\t\t<\/div>\n\t\t\t\t<\/div>\n\t\t\t\t\t<\/div>\n\t\t<\/div>\n\t\t\t\t\t<\/div>\n\t\t<\/section>\n\t\t\t\t<section class=\"elementor-section elementor-top-section elementor-element elementor-element-348d881 elementor-section-boxed elementor-section-height-default elementor-section-height-default\" data-id=\"348d881\" data-element_type=\"section\" data-e-type=\"section\">\n\t\t\t\t\t\t\t<div class=\"elementor-background-overlay\"><\/div>\n\t\t\t\t\t\t\t<div class=\"elementor-container elementor-column-gap-default\">\n\t\t\t\t\t<div class=\"elementor-column elementor-col-50 elementor-top-column elementor-element elementor-element-2e117c7\" data-id=\"2e117c7\" data-element_type=\"column\" data-e-type=\"column\">\n\t\t\t<div class=\"elementor-widget-wrap elementor-element-populated\">\n\t\t\t\t\t\t<div class=\"elementor-element elementor-element-e20d4c6 elementor-widget elementor-widget-image\" data-id=\"e20d4c6\" data-element_type=\"widget\" data-e-type=\"widget\" data-widget_type=\"image.default\">\n\t\t\t\t<div class=\"elementor-widget-container\">\n\t\t\t\t\t\t\t\t\t\t\t\t\t\t\t<img fetchpriority=\"high\" decoding=\"async\" width=\"1000\" height=\"500\" src=\"https:\/\/puttgardenrodby.com\/se\/wp-content\/uploads\/sites\/2\/2023\/05\/tunnel-blueprints.jpg\" class=\"attachment-full size-full wp-image-526\" alt=\"tunnel blueprints\" srcset=\"https:\/\/puttgardenrodby.com\/se\/wp-content\/uploads\/sites\/2\/2023\/05\/tunnel-blueprints.jpg 1000w, https:\/\/puttgardenrodby.com\/se\/wp-content\/uploads\/sites\/2\/2023\/05\/tunnel-blueprints-300x150.jpg 300w, https:\/\/puttgardenrodby.com\/se\/wp-content\/uploads\/sites\/2\/2023\/05\/tunnel-blueprints-768x384.jpg 768w\" sizes=\"(max-width: 1000px) 100vw, 1000px\" \/>\t\t\t\t\t\t\t\t\t\t\t\t\t\t\t<\/div>\n\t\t\t\t<\/div>\n\t\t\t\t<div class=\"elementor-element elementor-element-18585c6 elementor-widget elementor-widget-heading\" data-id=\"18585c6\" data-element_type=\"widget\" data-e-type=\"widget\" data-widget_type=\"heading.default\">\n\t\t\t\t<div class=\"elementor-widget-container\">\n\t\t\t\t\t<h1 class=\"elementor-heading-title elementor-size-default\">Fehmarnbelt-tunneln mellan Tyskland och Danmark<\/h1>\t\t\t\t<\/div>\n\t\t\t\t<\/div>\n\t\t\t\t<div class=\"elementor-element elementor-element-3d6085d elementor-widget elementor-widget-text-editor\" data-id=\"3d6085d\" data-element_type=\"widget\" data-e-type=\"widget\" data-widget_type=\"text-editor.default\">\n\t\t\t\t<div class=\"elementor-widget-container\">\n\t\t\t\t\t\t\t\t\t<p><strong>Fehmarnbelt-tunneln, som f\u00f6r n\u00e4rvarande h\u00e5ller p\u00e5 att byggas mellan Puttgarden i Tyskland och R\u00f8dby i Danmark, \u00e4r ett av de st\u00f6rsta infrastrukturprojekten i Europa och f\u00f6rv\u00e4ntas vara f\u00e4rdigst\u00e4llt \u00e5r 2029. Tunneln, som ocks\u00e5 kallas f\u00f6r Puttgarden-tunneln, kommer att bli en viktig f\u00f6rbindelse mellan Skandinavien och Centrala Europa och f\u00f6rv\u00e4ntas ha en betydande inverkan p\u00e5 ekonomin, milj\u00f6n och samh\u00e4llet i regionen.<\/strong><\/p><p>Fehmarnbelt-tunneln kommer att vara cirka 18 kilometer l\u00e5ng och best\u00e5 av en enda tunnelr\u00f6r som kan transportera b\u00e5de t\u00e5g, bilar och lastbilar. Tunneln kommer att byggas p\u00e5 en djup av cirka 40 meter under havsbotten. Restiden med t\u00e5g f\u00f6rv\u00e4ntas bli endast sju minuter och med bil kommer restiden att vara 10 minuter.<\/p><p>Fehmarnbelt-tunneln f\u00f6rv\u00e4ntas generera betydande ekonomiska f\u00f6rdelar f\u00f6r regionen. Den kommer att fr\u00e4mja handel och turism mellan Tyskland och Danmark, vilket i sin tur stimulerar ekonomisk tillv\u00e4xt och skapar nya syssels\u00e4ttningsm\u00f6jligheter. Dessutom kommer tunneln att minska belastningen p\u00e5 befintlig infrastruktur och f\u00f6rkorta restiderna, vilket kommer att g\u00f6ra regionen \u00e4nnu mer attraktiv f\u00f6r b\u00e5de f\u00f6retag och turister.<\/p><p>Konsekvenserna f\u00f6r den nuvarande f\u00e4rjef\u00f6rbindelsen \u00e4r \u00e4nnu oklara, men det verkar som att den kommer att bli \u00f6verfl\u00f6dig. Eftersom tunneln kommer att ha b\u00e5de en v\u00e4g- och j\u00e4rnv\u00e4gsf\u00f6rbindelse, kommer den att erbjuda ett b\u00e4ttre alternativ f\u00f6r b\u00e5de bilf\u00f6rare och fotg\u00e4ngare. M\u00f6jligen kommer godstrafiken att forts\u00e4tta via sj\u00f6v\u00e4gen.<\/p><p>Du kan \u00e4ven titta p\u00e5 webbkamerabilder fr\u00e5n bygget av denna tunnel p\u00e5 <a href=\"https:\/\/puttgardenrodby.com\/se\/webcams\/\">denna webbplats.<\/a><\/p><p><strong>K\u00e4llor:<\/strong><\/p><ol><li>Officiella webbplatsen f\u00f6r Fehmarnbelt-tunneln \u00e4r <a href=\"https:\/\/femern.com\/.\">https:\/\/femern.com\/<\/a>.<\/li><\/ol>\t\t\t\t\t\t\t\t<\/div>\n\t\t\t\t<\/div>\n\t\t\t\t<div class=\"elementor-element elementor-element-253940c elementor-widget elementor-widget-video\" data-id=\"253940c\" data-element_type=\"widget\" data-e-type=\"widget\" data-settings=\"{&quot;youtube_url&quot;:&quot;https:\\\/\\\/www.youtube.com\\\/watch?v=5Uop3nun7mM&quot;,&quot;video_type&quot;:&quot;youtube&quot;,&quot;controls&quot;:&quot;yes&quot;}\" data-widget_type=\"video.default\">\n\t\t\t\t<div class=\"elementor-widget-container\">\n\t\t\t\t\t\t\t<div class=\"elementor-wrapper elementor-open-inline\">\n\t\t\t<div class=\"elementor-video\"><\/div>\t\t<\/div>\n\t\t\t\t\t\t<\/div>\n\t\t\t\t<\/div>\n\t\t\t\t\t<\/div>\n\t\t<\/div>\n\t\t\t\t<div class=\"elementor-column elementor-col-50 elementor-top-column elementor-element elementor-element-9a29147\" data-id=\"9a29147\" data-element_type=\"column\" data-e-type=\"column\">\n\t\t\t<div class=\"elementor-widget-wrap elementor-element-populated\">\n\t\t\t\t\t\t<div class=\"elementor-element elementor-element-de19ae8 elementor-widget elementor-widget-text-editor\" data-id=\"de19ae8\" data-element_type=\"widget\" data-e-type=\"widget\" data-settings=\"{&quot;sticky&quot;:&quot;top&quot;,&quot;sticky_parent&quot;:&quot;yes&quot;,&quot;sticky_offset&quot;:100,&quot;sticky_effects_offset&quot;:60,&quot;sticky_on&quot;:[&quot;desktop&quot;,&quot;tablet&quot;,&quot;mobile&quot;],&quot;sticky_anchor_link_offset&quot;:0}\" data-widget_type=\"text-editor.default\">\n\t\t\t\t<div class=\"elementor-widget-container\">\n\t\t\t\t\t\t\t\t\t<p><strong>F\u00e4rjebiljetter<\/strong><\/p><p>De mest f\u00f6rm\u00e5nliga biljetterna finns tillg\u00e4ngliga genom f\u00e4rjeoperat\u00f6ren Scandlines.<\/p><p><strong><a href=\"https:\/\/puttgardenrodby.com\/se\/go\/pages-side\" target=\"_blank\" rel=\"noopener\">S\u00e4tt ihop din \u00f6verfart. \u2b9e<\/a><\/strong><\/p>\t\t\t\t\t\t\t\t<\/div>\n\t\t\t\t<\/div>\n\t\t\t\t\t<\/div>\n\t\t<\/div>\n\t\t\t\t\t<\/div>\n\t\t<\/section>\n\t\t\t\t<\/div>\n\t\t","protected":false},"excerpt":{"rendered":"<p>F\u00e4rjpris &#038; Biljetter Fehmarnbelt-tunneln mellan Tyskland och Danmark Fehmarnbelt-tunneln, som f\u00f6r n\u00e4rvarande h\u00e5ller p\u00e5 att byggas mellan Puttgarden i Tyskland och R\u00f8dby i Danmark, \u00e4r ett av de st\u00f6rsta infrastrukturprojekten i Europa och f\u00f6rv\u00e4ntas vara f\u00e4rdigst\u00e4llt \u00e5r 2029. Tunneln, som ocks\u00e5 kallas f\u00f6r Puttgarden-tunneln, kommer att bli en viktig f\u00f6rbindelse mellan Skandinavien och Centrala Europa [&hellip;]<\/p>\n","protected":false},"author":1,"featured_media":0,"parent":0,"menu_order":0,"comment_status":"closed","ping_status":"closed","template":"elementor_header_footer","meta":{"footnotes":""},"class_list":["post-524","page","type-page","status-publish","hentry"],"yoast_head":"<!-- This site is optimized with the Yoast SEO plugin v27.2 - https:\/\/yoast.com\/product\/yoast-seo-wordpress\/ -->\n<title>Fehmarnbelt-tunneln Danmark - Tyskland<\/title>\n<meta name=\"description\" content=\"Fehmarn B\u00e4lt-tunneln \u00e4r den framtida fasta f\u00f6rbindelsen mellan Tyskland och Danmark. L\u00e4s mer om det planerade bygget,\" \/>\n<meta name=\"robots\" content=\"index, follow, max-snippet:-1, max-image-preview:large, max-video-preview:-1\" \/>\n<link rel=\"canonical\" href=\"https:\/\/puttgardenrodby.com\/se\/fehmarnbelt-tunneln\/\" \/>\n<meta property=\"og:locale\" content=\"sv_SE\" \/>\n<meta property=\"og:type\" content=\"article\" \/>\n<meta property=\"og:title\" content=\"Fehmarnbelt-tunneln Danmark - Tyskland\" \/>\n<meta property=\"og:description\" content=\"Fehmarn B\u00e4lt-tunneln \u00e4r den framtida fasta f\u00f6rbindelsen mellan Tyskland och Danmark. L\u00e4s mer om det planerade bygget,\" \/>\n<meta property=\"og:url\" content=\"https:\/\/puttgardenrodby.com\/se\/fehmarnbelt-tunneln\/\" \/>\n<meta property=\"og:site_name\" content=\"Puttgarden Rodby Svenska\" \/>\n<meta property=\"article:modified_time\" content=\"2024-03-14T10:02:57+00:00\" \/>\n<meta property=\"og:image\" content=\"https:\/\/puttgardenrodby.com\/se\/wp-content\/uploads\/sites\/2\/2023\/05\/tunnel-blueprints.jpg\" \/>\n<meta name=\"twitter:card\" content=\"summary_large_image\" \/>\n<meta name=\"twitter:label1\" content=\"Ber\u00e4knad l\u00e4stid\" \/>\n\t<meta name=\"twitter:data1\" content=\"2 minuter\" \/>\n<script type=\"application\/ld+json\" class=\"yoast-schema-graph\">{\"@context\":\"https:\/\/schema.org\",\"@graph\":[{\"@type\":\"WebPage\",\"@id\":\"https:\/\/puttgardenrodby.com\/se\/fehmarnbelt-tunneln\/\",\"url\":\"https:\/\/puttgardenrodby.com\/se\/fehmarnbelt-tunneln\/\",\"name\":\"Fehmarnbelt-tunneln Danmark - Tyskland\",\"isPartOf\":{\"@id\":\"https:\/\/puttgardenrodby.com\/se\/#website\"},\"primaryImageOfPage\":{\"@id\":\"https:\/\/puttgardenrodby.com\/se\/fehmarnbelt-tunneln\/#primaryimage\"},\"image\":{\"@id\":\"https:\/\/puttgardenrodby.com\/se\/fehmarnbelt-tunneln\/#primaryimage\"},\"thumbnailUrl\":\"https:\/\/puttgardenrodby.com\/se\/wp-content\/uploads\/sites\/2\/2023\/05\/tunnel-blueprints.jpg\",\"datePublished\":\"2023-05-10T07:59:58+00:00\",\"dateModified\":\"2024-03-14T10:02:57+00:00\",\"description\":\"Fehmarn B\u00e4lt-tunneln \u00e4r den framtida fasta f\u00f6rbindelsen mellan Tyskland och Danmark. L\u00e4s mer om det planerade bygget,\",\"breadcrumb\":{\"@id\":\"https:\/\/puttgardenrodby.com\/se\/fehmarnbelt-tunneln\/#breadcrumb\"},\"inLanguage\":\"sv-SE\",\"potentialAction\":[{\"@type\":\"ReadAction\",\"target\":[\"https:\/\/puttgardenrodby.com\/se\/fehmarnbelt-tunneln\/\"]}]},{\"@type\":\"ImageObject\",\"inLanguage\":\"sv-SE\",\"@id\":\"https:\/\/puttgardenrodby.com\/se\/fehmarnbelt-tunneln\/#primaryimage\",\"url\":\"https:\/\/puttgardenrodby.com\/se\/wp-content\/uploads\/sites\/2\/2023\/05\/tunnel-blueprints.jpg\",\"contentUrl\":\"https:\/\/puttgardenrodby.com\/se\/wp-content\/uploads\/sites\/2\/2023\/05\/tunnel-blueprints.jpg\",\"width\":1000,\"height\":500,\"caption\":\"tunnel blueprints\"},{\"@type\":\"BreadcrumbList\",\"@id\":\"https:\/\/puttgardenrodby.com\/se\/fehmarnbelt-tunneln\/#breadcrumb\",\"itemListElement\":[{\"@type\":\"ListItem\",\"position\":1,\"name\":\"Home\",\"item\":\"https:\/\/puttgardenrodby.com\/se\/\"},{\"@type\":\"ListItem\",\"position\":2,\"name\":\"Fehmarnbelt-tunneln\"}]},{\"@type\":\"WebSite\",\"@id\":\"https:\/\/puttgardenrodby.com\/se\/#website\",\"url\":\"https:\/\/puttgardenrodby.com\/se\/\",\"name\":\"Puttgarden Rodby Svenska\",\"description\":\"\",\"publisher\":{\"@id\":\"https:\/\/puttgardenrodby.com\/se\/#organization\"},\"potentialAction\":[{\"@type\":\"SearchAction\",\"target\":{\"@type\":\"EntryPoint\",\"urlTemplate\":\"https:\/\/puttgardenrodby.com\/se\/?s={search_term_string}\"},\"query-input\":{\"@type\":\"PropertyValueSpecification\",\"valueRequired\":true,\"valueName\":\"search_term_string\"}}],\"inLanguage\":\"sv-SE\"},{\"@type\":\"Organization\",\"@id\":\"https:\/\/puttgardenrodby.com\/se\/#organization\",\"name\":\"Puttgarden Rodby Svenska\",\"url\":\"https:\/\/puttgardenrodby.com\/se\/\",\"logo\":{\"@type\":\"ImageObject\",\"inLanguage\":\"sv-SE\",\"@id\":\"https:\/\/puttgardenrodby.com\/se\/#\/schema\/logo\/image\/\",\"url\":\"https:\/\/puttgardenrodby.com\/se\/wp-content\/uploads\/sites\/2\/2023\/05\/Puttgarden-Rodby-logo.png\",\"contentUrl\":\"https:\/\/puttgardenrodby.com\/se\/wp-content\/uploads\/sites\/2\/2023\/05\/Puttgarden-Rodby-logo.png\",\"width\":1043,\"height\":347,\"caption\":\"Puttgarden Rodby Svenska\"},\"image\":{\"@id\":\"https:\/\/puttgardenrodby.com\/se\/#\/schema\/logo\/image\/\"}}]}<\/script>\n<!-- \/ Yoast SEO plugin. -->","yoast_head_json":{"title":"Fehmarnbelt-tunneln Danmark - Tyskland","description":"Fehmarn B\u00e4lt-tunneln \u00e4r den framtida fasta f\u00f6rbindelsen mellan Tyskland och Danmark. L\u00e4s mer om det planerade bygget,","robots":{"index":"index","follow":"follow","max-snippet":"max-snippet:-1","max-image-preview":"max-image-preview:large","max-video-preview":"max-video-preview:-1"},"canonical":"https:\/\/puttgardenrodby.com\/se\/fehmarnbelt-tunneln\/","og_locale":"sv_SE","og_type":"article","og_title":"Fehmarnbelt-tunneln Danmark - Tyskland","og_description":"Fehmarn B\u00e4lt-tunneln \u00e4r den framtida fasta f\u00f6rbindelsen mellan Tyskland och Danmark. L\u00e4s mer om det planerade bygget,","og_url":"https:\/\/puttgardenrodby.com\/se\/fehmarnbelt-tunneln\/","og_site_name":"Puttgarden Rodby Svenska","article_modified_time":"2024-03-14T10:02:57+00:00","og_image":[{"url":"https:\/\/puttgardenrodby.com\/se\/wp-content\/uploads\/sites\/2\/2023\/05\/tunnel-blueprints.jpg","type":"","width":"","height":""}],"twitter_card":"summary_large_image","twitter_misc":{"Ber\u00e4knad l\u00e4stid":"2 minuter"},"schema":{"@context":"https:\/\/schema.org","@graph":[{"@type":"WebPage","@id":"https:\/\/puttgardenrodby.com\/se\/fehmarnbelt-tunneln\/","url":"https:\/\/puttgardenrodby.com\/se\/fehmarnbelt-tunneln\/","name":"Fehmarnbelt-tunneln Danmark - Tyskland","isPartOf":{"@id":"https:\/\/puttgardenrodby.com\/se\/#website"},"primaryImageOfPage":{"@id":"https:\/\/puttgardenrodby.com\/se\/fehmarnbelt-tunneln\/#primaryimage"},"image":{"@id":"https:\/\/puttgardenrodby.com\/se\/fehmarnbelt-tunneln\/#primaryimage"},"thumbnailUrl":"https:\/\/puttgardenrodby.com\/se\/wp-content\/uploads\/sites\/2\/2023\/05\/tunnel-blueprints.jpg","datePublished":"2023-05-10T07:59:58+00:00","dateModified":"2024-03-14T10:02:57+00:00","description":"Fehmarn B\u00e4lt-tunneln \u00e4r den framtida fasta f\u00f6rbindelsen mellan Tyskland och Danmark. L\u00e4s mer om det planerade bygget,","breadcrumb":{"@id":"https:\/\/puttgardenrodby.com\/se\/fehmarnbelt-tunneln\/#breadcrumb"},"inLanguage":"sv-SE","potentialAction":[{"@type":"ReadAction","target":["https:\/\/puttgardenrodby.com\/se\/fehmarnbelt-tunneln\/"]}]},{"@type":"ImageObject","inLanguage":"sv-SE","@id":"https:\/\/puttgardenrodby.com\/se\/fehmarnbelt-tunneln\/#primaryimage","url":"https:\/\/puttgardenrodby.com\/se\/wp-content\/uploads\/sites\/2\/2023\/05\/tunnel-blueprints.jpg","contentUrl":"https:\/\/puttgardenrodby.com\/se\/wp-content\/uploads\/sites\/2\/2023\/05\/tunnel-blueprints.jpg","width":1000,"height":500,"caption":"tunnel blueprints"},{"@type":"BreadcrumbList","@id":"https:\/\/puttgardenrodby.com\/se\/fehmarnbelt-tunneln\/#breadcrumb","itemListElement":[{"@type":"ListItem","position":1,"name":"Home","item":"https:\/\/puttgardenrodby.com\/se\/"},{"@type":"ListItem","position":2,"name":"Fehmarnbelt-tunneln"}]},{"@type":"WebSite","@id":"https:\/\/puttgardenrodby.com\/se\/#website","url":"https:\/\/puttgardenrodby.com\/se\/","name":"Puttgarden Rodby Svenska","description":"","publisher":{"@id":"https:\/\/puttgardenrodby.com\/se\/#organization"},"potentialAction":[{"@type":"SearchAction","target":{"@type":"EntryPoint","urlTemplate":"https:\/\/puttgardenrodby.com\/se\/?s={search_term_string}"},"query-input":{"@type":"PropertyValueSpecification","valueRequired":true,"valueName":"search_term_string"}}],"inLanguage":"sv-SE"},{"@type":"Organization","@id":"https:\/\/puttgardenrodby.com\/se\/#organization","name":"Puttgarden Rodby Svenska","url":"https:\/\/puttgardenrodby.com\/se\/","logo":{"@type":"ImageObject","inLanguage":"sv-SE","@id":"https:\/\/puttgardenrodby.com\/se\/#\/schema\/logo\/image\/","url":"https:\/\/puttgardenrodby.com\/se\/wp-content\/uploads\/sites\/2\/2023\/05\/Puttgarden-Rodby-logo.png","contentUrl":"https:\/\/puttgardenrodby.com\/se\/wp-content\/uploads\/sites\/2\/2023\/05\/Puttgarden-Rodby-logo.png","width":1043,"height":347,"caption":"Puttgarden Rodby Svenska"},"image":{"@id":"https:\/\/puttgardenrodby.com\/se\/#\/schema\/logo\/image\/"}}]}},"_links":{"self":[{"href":"https:\/\/puttgardenrodby.com\/se\/wp-json\/wp\/v2\/pages\/524","targetHints":{"allow":["GET"]}}],"collection":[{"href":"https:\/\/puttgardenrodby.com\/se\/wp-json\/wp\/v2\/pages"}],"about":[{"href":"https:\/\/puttgardenrodby.com\/se\/wp-json\/wp\/v2\/types\/page"}],"author":[{"embeddable":true,"href":"https:\/\/puttgardenrodby.com\/se\/wp-json\/wp\/v2\/users\/1"}],"replies":[{"embeddable":true,"href":"https:\/\/puttgardenrodby.com\/se\/wp-json\/wp\/v2\/comments?post=524"}],"version-history":[{"count":14,"href":"https:\/\/puttgardenrodby.com\/se\/wp-json\/wp\/v2\/pages\/524\/revisions"}],"predecessor-version":[{"id":1202,"href":"https:\/\/puttgardenrodby.com\/se\/wp-json\/wp\/v2\/pages\/524\/revisions\/1202"}],"wp:attachment":[{"href":"https:\/\/puttgardenrodby.com\/se\/wp-json\/wp\/v2\/media?parent=524"}],"curies":[{"name":"wp","href":"https:\/\/api.w.org\/{rel}","templated":true}]}}