{"id":357,"date":"2023-05-09T13:21:50","date_gmt":"2023-05-09T13:21:50","guid":{"rendered":"https:\/\/puttgardenrodby.nl\/?page_id=357"},"modified":"2024-03-14T09:50:38","modified_gmt":"2024-03-14T09:50:38","slug":"alternativ","status":"publish","type":"page","link":"https:\/\/puttgardenrodby.com\/se\/alternativ\/","title":{"rendered":"Alternativ"},"content":{"rendered":"\t\t<div data-elementor-type=\"wp-post\" data-elementor-id=\"357\" class=\"elementor elementor-357\" data-elementor-post-type=\"page\">\n\t\t\t\t\t\t<section class=\"elementor-section elementor-top-section elementor-element elementor-element-51e08f48 elementor-section-boxed elementor-section-height-default elementor-section-height-default\" data-id=\"51e08f48\" data-element_type=\"section\" data-e-type=\"section\" data-settings=\"{&quot;background_background&quot;:&quot;gradient&quot;,&quot;sticky&quot;:&quot;top&quot;,&quot;sticky_on&quot;:[&quot;desktop&quot;,&quot;tablet&quot;,&quot;mobile&quot;],&quot;sticky_offset&quot;:0,&quot;sticky_effects_offset&quot;:0,&quot;sticky_anchor_link_offset&quot;:0}\">\n\t\t\t\t\t\t<div class=\"elementor-container elementor-column-gap-default\">\n\t\t\t\t\t<div class=\"elementor-column elementor-col-50 elementor-top-column elementor-element elementor-element-18b35cc6\" data-id=\"18b35cc6\" data-element_type=\"column\" data-e-type=\"column\">\n\t\t\t<div class=\"elementor-widget-wrap elementor-element-populated\">\n\t\t\t\t\t\t<div class=\"elementor-element elementor-element-47893a28 elementor-widget elementor-widget-breadcrumbs\" data-id=\"47893a28\" data-element_type=\"widget\" data-e-type=\"widget\" data-widget_type=\"breadcrumbs.default\">\n\t\t\t\t<div class=\"elementor-widget-container\">\n\t\t\t\t\t<p id=\"breadcrumbs\"><span><span><a href=\"https:\/\/puttgardenrodby.com\/se\/\">Home<\/a><\/span><\/span><\/p>\t\t\t\t<\/div>\n\t\t\t\t<\/div>\n\t\t\t\t\t<\/div>\n\t\t<\/div>\n\t\t\t\t<div class=\"elementor-column elementor-col-50 elementor-top-column elementor-element elementor-element-72a0c452\" data-id=\"72a0c452\" data-element_type=\"column\" data-e-type=\"column\">\n\t\t\t<div class=\"elementor-widget-wrap elementor-element-populated\">\n\t\t\t\t\t\t<div class=\"elementor-element elementor-element-26d66e42 elementor-align-right elementor-mobile-align-center elementor-widget elementor-widget-button\" data-id=\"26d66e42\" data-element_type=\"widget\" data-e-type=\"widget\" data-settings=\"{&quot;sticky&quot;:&quot;top&quot;,&quot;sticky_on&quot;:[&quot;mobile&quot;],&quot;sticky_offset&quot;:8,&quot;sticky_effects_offset_mobile&quot;:0,&quot;_animation_mobile&quot;:&quot;fadeIn&quot;,&quot;sticky_effects_offset&quot;:0,&quot;sticky_anchor_link_offset&quot;:0}\" data-widget_type=\"button.default\">\n\t\t\t\t<div class=\"elementor-widget-container\">\n\t\t\t\t\t\t\t\t\t<div class=\"elementor-button-wrapper\">\n\t\t\t\t\t<a class=\"elementor-button elementor-button-link elementor-size-md elementor-animation-shrink\" href=\"\/se\/go\/knapp-huvud-sida\" target=\"_blank\">\n\t\t\t\t\t\t<span class=\"elementor-button-content-wrapper\">\n\t\t\t\t\t\t<span class=\"elementor-button-icon\">\n\t\t\t\t<i aria-hidden=\"true\" class=\"far fa-arrow-alt-circle-right\"><\/i>\t\t\t<\/span>\n\t\t\t\t\t\t\t\t\t<span class=\"elementor-button-text\">F\u00e4rjpris &amp; Biljetter<\/span>\n\t\t\t\t\t<\/span>\n\t\t\t\t\t<\/a>\n\t\t\t\t<\/div>\n\t\t\t\t\t\t\t\t<\/div>\n\t\t\t\t<\/div>\n\t\t\t\t\t<\/div>\n\t\t<\/div>\n\t\t\t\t\t<\/div>\n\t\t<\/section>\n\t\t\t\t<section class=\"elementor-section elementor-top-section elementor-element elementor-element-348d881 elementor-section-boxed elementor-section-height-default elementor-section-height-default\" data-id=\"348d881\" data-element_type=\"section\" data-e-type=\"section\">\n\t\t\t\t\t\t\t<div class=\"elementor-background-overlay\"><\/div>\n\t\t\t\t\t\t\t<div class=\"elementor-container elementor-column-gap-default\">\n\t\t\t\t\t<div class=\"elementor-column elementor-col-50 elementor-top-column elementor-element elementor-element-2e117c7\" data-id=\"2e117c7\" data-element_type=\"column\" data-e-type=\"column\">\n\t\t\t<div class=\"elementor-widget-wrap elementor-element-populated\">\n\t\t\t\t\t\t<div class=\"elementor-element elementor-element-e20d4c6 elementor-widget elementor-widget-image\" data-id=\"e20d4c6\" data-element_type=\"widget\" data-e-type=\"widget\" data-widget_type=\"image.default\">\n\t\t\t\t<div class=\"elementor-widget-container\">\n\t\t\t\t\t\t\t\t\t\t\t\t\t\t\t<img fetchpriority=\"high\" decoding=\"async\" width=\"1500\" height=\"750\" src=\"https:\/\/puttgardenrodby.com\/se\/wp-content\/uploads\/sites\/2\/2023\/05\/gedser-harbour.jpg\" class=\"attachment-full size-full wp-image-500\" alt=\"\" srcset=\"https:\/\/puttgardenrodby.com\/se\/wp-content\/uploads\/sites\/2\/2023\/05\/gedser-harbour.jpg 1500w, https:\/\/puttgardenrodby.com\/se\/wp-content\/uploads\/sites\/2\/2023\/05\/gedser-harbour-300x150.jpg 300w, https:\/\/puttgardenrodby.com\/se\/wp-content\/uploads\/sites\/2\/2023\/05\/gedser-harbour-1024x512.jpg 1024w, https:\/\/puttgardenrodby.com\/se\/wp-content\/uploads\/sites\/2\/2023\/05\/gedser-harbour-768x384.jpg 768w\" sizes=\"(max-width: 1500px) 100vw, 1500px\" \/>\t\t\t\t\t\t\t\t\t\t\t\t\t\t\t<\/div>\n\t\t\t\t<\/div>\n\t\t\t\t<div class=\"elementor-element elementor-element-18585c6 elementor-widget elementor-widget-heading\" data-id=\"18585c6\" data-element_type=\"widget\" data-e-type=\"widget\" data-widget_type=\"heading.default\">\n\t\t\t\t<div class=\"elementor-widget-container\">\n\t\t\t\t\t<h1 class=\"elementor-heading-title elementor-size-default\">Alternativa rutter\n<\/h1>\t\t\t\t<\/div>\n\t\t\t\t<\/div>\n\t\t\t\t<div class=\"elementor-element elementor-element-3d6085d elementor-widget elementor-widget-text-editor\" data-id=\"3d6085d\" data-element_type=\"widget\" data-e-type=\"widget\" data-widget_type=\"text-editor.default\">\n\t\t\t\t<div class=\"elementor-widget-container\">\n\t\t\t\t\t\t\t\t\t<p><strong>F\u00e4rjan mellan Puttgarden och R\u00f8dby har tv\u00e5 bra alternativ. \u00c4ven dessa tar dig i riktning mot Tyskland fr\u00e5n Lolland, Falster, Sj\u00e6lland, K\u00f6penhamn och Sverige.<\/strong><\/p><h2>Gedser-Rostock<\/h2><p>Lite l\u00e4ngre \u00f6sterut finns f\u00e4rjan fr\u00e5n Gedser till Rostock. Denna f\u00f6rbindelse tar cirka 2 timmar, vilket \u00e4r lite l\u00e4ngre, men det kan vara en f\u00f6rdelaktig \u00f6verfart med bil.<\/p><p><a href=\"https:\/\/puttgardenrodby.com\/se\/go\/rostock-gedser\" target=\"_blank\" rel=\"noopener\">Rostock-Gedser<\/a>-\u00f6verfarten g\u00e5r 10 g\u00e5nger om dagen och drivs ocks\u00e5 av <a href=\"https:\/\/puttgardenrodby.com\/se\/go\/rostock-gedser\" target=\"_blank\" rel=\"noopener\">Scandlines.<\/a><\/p><h2>\u00c5ka via broarna<\/h2><p>Ett annat alternativ \u00e4r att ta Stora B\u00e4ltbron, \u00e4ven k\u00e4nd som Storeb\u00e6ltsbron, som f\u00f6rbinder den danska \u00f6n Sj\u00e4lland med \u00f6n Fyn. Denna imponerande ingenj\u00f6rsm\u00e4ssiga bedrift \u00e4r en del av motorv\u00e4gen E20. Fr\u00e5n Danmark kan du k\u00f6ra mot Stora B\u00e4ltbron genom att f\u00f6lja E45 och sedan ta de l\u00e4mpliga avfarterna f\u00f6r att n\u00e5 bron. Det \u00e4r en betalbro, och du kan ange ditt registreringsnummer i f\u00f6rv\u00e4g f\u00f6r att s\u00e4kerst\u00e4lla en smidig passage.<\/p><ul><li><a href=\"https:\/\/storebaelt.dk\" target=\"_blank\" rel=\"noopener\">https:\/\/storebaelt.dk<\/a><\/li><\/ul><p>N\u00e4r du \u00e4r p\u00e5 bron kan du njuta av den fantastiska utsikten \u00f6ver havet och de omgivande \u00f6arna. Efter att ha korsat bron och kommit till Fyn kan du forts\u00e4tta din resa mot Tyskland genom att f\u00f6lja motorv\u00e4garna mot Flensburg.<\/p>\t\t\t\t\t\t\t\t<\/div>\n\t\t\t\t<\/div>\n\t\t\t\t<div class=\"elementor-element elementor-element-b505073 elementor-widget elementor-widget-image\" data-id=\"b505073\" data-element_type=\"widget\" data-e-type=\"widget\" data-widget_type=\"image.default\">\n\t\t\t\t<div class=\"elementor-widget-container\">\n\t\t\t\t\t\t\t\t\t\t\t\t\t\t\t<img decoding=\"async\" width=\"800\" height=\"500\" src=\"https:\/\/puttgardenrodby.com\/se\/wp-content\/uploads\/sites\/2\/2023\/07\/storebaelt.jpg\" class=\"attachment-full size-full wp-image-1100\" alt=\"storebaelt\" srcset=\"https:\/\/puttgardenrodby.com\/se\/wp-content\/uploads\/sites\/2\/2023\/07\/storebaelt.jpg 800w, https:\/\/puttgardenrodby.com\/se\/wp-content\/uploads\/sites\/2\/2023\/07\/storebaelt-300x188.jpg 300w, https:\/\/puttgardenrodby.com\/se\/wp-content\/uploads\/sites\/2\/2023\/07\/storebaelt-768x480.jpg 768w\" sizes=\"(max-width: 800px) 100vw, 800px\" \/>\t\t\t\t\t\t\t\t\t\t\t\t\t\t\t<\/div>\n\t\t\t\t<\/div>\n\t\t\t\t\t<\/div>\n\t\t<\/div>\n\t\t\t\t<div class=\"elementor-column elementor-col-50 elementor-top-column elementor-element elementor-element-9a29147\" data-id=\"9a29147\" data-element_type=\"column\" data-e-type=\"column\">\n\t\t\t<div class=\"elementor-widget-wrap elementor-element-populated\">\n\t\t\t\t\t\t<div class=\"elementor-element elementor-element-de19ae8 elementor-widget elementor-widget-text-editor\" data-id=\"de19ae8\" data-element_type=\"widget\" data-e-type=\"widget\" data-settings=\"{&quot;sticky&quot;:&quot;top&quot;,&quot;sticky_parent&quot;:&quot;yes&quot;,&quot;sticky_offset&quot;:100,&quot;sticky_effects_offset&quot;:60,&quot;sticky_on&quot;:[&quot;desktop&quot;,&quot;tablet&quot;,&quot;mobile&quot;],&quot;sticky_anchor_link_offset&quot;:0}\" data-widget_type=\"text-editor.default\">\n\t\t\t\t<div class=\"elementor-widget-container\">\n\t\t\t\t\t\t\t\t\t<p><strong>F\u00e4rjebiljetter<\/strong><\/p><p>De mest f\u00f6rm\u00e5nliga biljetterna finns tillg\u00e4ngliga genom f\u00e4rjeoperat\u00f6ren Scandlines.<\/p><p><a href=\"https:\/\/puttgardenrodby.com\/se\/go\/pages-side\" target=\"_blank\" rel=\"noopener\">S\u00e4tt ihop din \u00f6verfart. \u2b9e<\/a><\/p>\t\t\t\t\t\t\t\t<\/div>\n\t\t\t\t<\/div>\n\t\t\t\t\t<\/div>\n\t\t<\/div>\n\t\t\t\t\t<\/div>\n\t\t<\/section>\n\t\t\t\t<\/div>\n\t\t","protected":false},"excerpt":{"rendered":"<p>F\u00e4rjpris &#038; Biljetter Alternativa rutter F\u00e4rjan mellan Puttgarden och R\u00f8dby har tv\u00e5 bra alternativ. \u00c4ven dessa tar dig i riktning mot Tyskland fr\u00e5n Lolland, Falster, Sj\u00e6lland, K\u00f6penhamn och Sverige. Gedser-Rostock Lite l\u00e4ngre \u00f6sterut finns f\u00e4rjan fr\u00e5n Gedser till Rostock. Denna f\u00f6rbindelse tar cirka 2 timmar, vilket \u00e4r lite l\u00e4ngre, men det kan vara en f\u00f6rdelaktig [&hellip;]<\/p>\n","protected":false},"author":1,"featured_media":0,"parent":0,"menu_order":0,"comment_status":"closed","ping_status":"closed","template":"elementor_header_footer","meta":{"footnotes":""},"class_list":["post-357","page","type-page","status-publish","hentry"],"yoast_head":"<!-- This site is optimized with the Yoast SEO plugin v27.2 - https:\/\/yoast.com\/product\/yoast-seo-wordpress\/ -->\n<title>Alternativ rutter Puttgarden-R\u00f8dby<\/title>\n<meta name=\"robots\" content=\"index, follow, max-snippet:-1, max-image-preview:large, max-video-preview:-1\" \/>\n<link rel=\"canonical\" href=\"https:\/\/puttgardenrodby.com\/se\/alternativ\/\" \/>\n<meta property=\"og:locale\" content=\"sv_SE\" \/>\n<meta property=\"og:type\" content=\"article\" \/>\n<meta property=\"og:title\" content=\"Alternativ rutter Puttgarden-R\u00f8dby\" \/>\n<meta property=\"og:description\" content=\"F\u00e4rjpris &#038; Biljetter Alternativa rutter F\u00e4rjan mellan Puttgarden och R\u00f8dby har tv\u00e5 bra alternativ. \u00c4ven dessa tar dig i riktning mot Tyskland fr\u00e5n Lolland, Falster, Sj\u00e6lland, K\u00f6penhamn och Sverige. Gedser-Rostock Lite l\u00e4ngre \u00f6sterut finns f\u00e4rjan fr\u00e5n Gedser till Rostock. Denna f\u00f6rbindelse tar cirka 2 timmar, vilket \u00e4r lite l\u00e4ngre, men det kan vara en f\u00f6rdelaktig [&hellip;]\" \/>\n<meta property=\"og:url\" content=\"https:\/\/puttgardenrodby.com\/se\/alternativ\/\" \/>\n<meta property=\"og:site_name\" content=\"Puttgarden Rodby Svenska\" \/>\n<meta property=\"article:modified_time\" content=\"2024-03-14T09:50:38+00:00\" \/>\n<meta property=\"og:image\" content=\"https:\/\/puttgardenrodby.com\/se\/wp-content\/uploads\/sites\/2\/2023\/05\/gedser-harbour.jpg\" \/>\n<meta name=\"twitter:card\" content=\"summary_large_image\" \/>\n<meta name=\"twitter:label1\" content=\"Ber\u00e4knad l\u00e4stid\" \/>\n\t<meta name=\"twitter:data1\" content=\"2 minuter\" \/>\n<script type=\"application\/ld+json\" class=\"yoast-schema-graph\">{\"@context\":\"https:\/\/schema.org\",\"@graph\":[{\"@type\":\"WebPage\",\"@id\":\"https:\/\/puttgardenrodby.com\/se\/alternativ\/\",\"url\":\"https:\/\/puttgardenrodby.com\/se\/alternativ\/\",\"name\":\"Alternativ rutter Puttgarden-R\u00f8dby\",\"isPartOf\":{\"@id\":\"https:\/\/puttgardenrodby.com\/se\/#website\"},\"primaryImageOfPage\":{\"@id\":\"https:\/\/puttgardenrodby.com\/se\/alternativ\/#primaryimage\"},\"image\":{\"@id\":\"https:\/\/puttgardenrodby.com\/se\/alternativ\/#primaryimage\"},\"thumbnailUrl\":\"https:\/\/puttgardenrodby.com\/se\/wp-content\/uploads\/sites\/2\/2023\/05\/gedser-harbour.jpg\",\"datePublished\":\"2023-05-09T13:21:50+00:00\",\"dateModified\":\"2024-03-14T09:50:38+00:00\",\"breadcrumb\":{\"@id\":\"https:\/\/puttgardenrodby.com\/se\/alternativ\/#breadcrumb\"},\"inLanguage\":\"sv-SE\",\"potentialAction\":[{\"@type\":\"ReadAction\",\"target\":[\"https:\/\/puttgardenrodby.com\/se\/alternativ\/\"]}]},{\"@type\":\"ImageObject\",\"inLanguage\":\"sv-SE\",\"@id\":\"https:\/\/puttgardenrodby.com\/se\/alternativ\/#primaryimage\",\"url\":\"https:\/\/puttgardenrodby.com\/se\/wp-content\/uploads\/sites\/2\/2023\/05\/gedser-harbour.jpg\",\"contentUrl\":\"https:\/\/puttgardenrodby.com\/se\/wp-content\/uploads\/sites\/2\/2023\/05\/gedser-harbour.jpg\",\"width\":1500,\"height\":750},{\"@type\":\"BreadcrumbList\",\"@id\":\"https:\/\/puttgardenrodby.com\/se\/alternativ\/#breadcrumb\",\"itemListElement\":[{\"@type\":\"ListItem\",\"position\":1,\"name\":\"Home\",\"item\":\"https:\/\/puttgardenrodby.com\/se\/\"},{\"@type\":\"ListItem\",\"position\":2,\"name\":\"Alternativ\"}]},{\"@type\":\"WebSite\",\"@id\":\"https:\/\/puttgardenrodby.com\/se\/#website\",\"url\":\"https:\/\/puttgardenrodby.com\/se\/\",\"name\":\"Puttgarden Rodby Svenska\",\"description\":\"\",\"publisher\":{\"@id\":\"https:\/\/puttgardenrodby.com\/se\/#organization\"},\"potentialAction\":[{\"@type\":\"SearchAction\",\"target\":{\"@type\":\"EntryPoint\",\"urlTemplate\":\"https:\/\/puttgardenrodby.com\/se\/?s={search_term_string}\"},\"query-input\":{\"@type\":\"PropertyValueSpecification\",\"valueRequired\":true,\"valueName\":\"search_term_string\"}}],\"inLanguage\":\"sv-SE\"},{\"@type\":\"Organization\",\"@id\":\"https:\/\/puttgardenrodby.com\/se\/#organization\",\"name\":\"Puttgarden Rodby Svenska\",\"url\":\"https:\/\/puttgardenrodby.com\/se\/\",\"logo\":{\"@type\":\"ImageObject\",\"inLanguage\":\"sv-SE\",\"@id\":\"https:\/\/puttgardenrodby.com\/se\/#\/schema\/logo\/image\/\",\"url\":\"https:\/\/puttgardenrodby.com\/se\/wp-content\/uploads\/sites\/2\/2023\/05\/Puttgarden-Rodby-logo.png\",\"contentUrl\":\"https:\/\/puttgardenrodby.com\/se\/wp-content\/uploads\/sites\/2\/2023\/05\/Puttgarden-Rodby-logo.png\",\"width\":1043,\"height\":347,\"caption\":\"Puttgarden Rodby Svenska\"},\"image\":{\"@id\":\"https:\/\/puttgardenrodby.com\/se\/#\/schema\/logo\/image\/\"}}]}<\/script>\n<!-- \/ Yoast SEO plugin. -->","yoast_head_json":{"title":"Alternativ rutter Puttgarden-R\u00f8dby","robots":{"index":"index","follow":"follow","max-snippet":"max-snippet:-1","max-image-preview":"max-image-preview:large","max-video-preview":"max-video-preview:-1"},"canonical":"https:\/\/puttgardenrodby.com\/se\/alternativ\/","og_locale":"sv_SE","og_type":"article","og_title":"Alternativ rutter Puttgarden-R\u00f8dby","og_description":"F\u00e4rjpris &#038; Biljetter Alternativa rutter F\u00e4rjan mellan Puttgarden och R\u00f8dby har tv\u00e5 bra alternativ. \u00c4ven dessa tar dig i riktning mot Tyskland fr\u00e5n Lolland, Falster, Sj\u00e6lland, K\u00f6penhamn och Sverige. Gedser-Rostock Lite l\u00e4ngre \u00f6sterut finns f\u00e4rjan fr\u00e5n Gedser till Rostock. Denna f\u00f6rbindelse tar cirka 2 timmar, vilket \u00e4r lite l\u00e4ngre, men det kan vara en f\u00f6rdelaktig [&hellip;]","og_url":"https:\/\/puttgardenrodby.com\/se\/alternativ\/","og_site_name":"Puttgarden Rodby Svenska","article_modified_time":"2024-03-14T09:50:38+00:00","og_image":[{"url":"https:\/\/puttgardenrodby.com\/se\/wp-content\/uploads\/sites\/2\/2023\/05\/gedser-harbour.jpg","type":"","width":"","height":""}],"twitter_card":"summary_large_image","twitter_misc":{"Ber\u00e4knad l\u00e4stid":"2 minuter"},"schema":{"@context":"https:\/\/schema.org","@graph":[{"@type":"WebPage","@id":"https:\/\/puttgardenrodby.com\/se\/alternativ\/","url":"https:\/\/puttgardenrodby.com\/se\/alternativ\/","name":"Alternativ rutter Puttgarden-R\u00f8dby","isPartOf":{"@id":"https:\/\/puttgardenrodby.com\/se\/#website"},"primaryImageOfPage":{"@id":"https:\/\/puttgardenrodby.com\/se\/alternativ\/#primaryimage"},"image":{"@id":"https:\/\/puttgardenrodby.com\/se\/alternativ\/#primaryimage"},"thumbnailUrl":"https:\/\/puttgardenrodby.com\/se\/wp-content\/uploads\/sites\/2\/2023\/05\/gedser-harbour.jpg","datePublished":"2023-05-09T13:21:50+00:00","dateModified":"2024-03-14T09:50:38+00:00","breadcrumb":{"@id":"https:\/\/puttgardenrodby.com\/se\/alternativ\/#breadcrumb"},"inLanguage":"sv-SE","potentialAction":[{"@type":"ReadAction","target":["https:\/\/puttgardenrodby.com\/se\/alternativ\/"]}]},{"@type":"ImageObject","inLanguage":"sv-SE","@id":"https:\/\/puttgardenrodby.com\/se\/alternativ\/#primaryimage","url":"https:\/\/puttgardenrodby.com\/se\/wp-content\/uploads\/sites\/2\/2023\/05\/gedser-harbour.jpg","contentUrl":"https:\/\/puttgardenrodby.com\/se\/wp-content\/uploads\/sites\/2\/2023\/05\/gedser-harbour.jpg","width":1500,"height":750},{"@type":"BreadcrumbList","@id":"https:\/\/puttgardenrodby.com\/se\/alternativ\/#breadcrumb","itemListElement":[{"@type":"ListItem","position":1,"name":"Home","item":"https:\/\/puttgardenrodby.com\/se\/"},{"@type":"ListItem","position":2,"name":"Alternativ"}]},{"@type":"WebSite","@id":"https:\/\/puttgardenrodby.com\/se\/#website","url":"https:\/\/puttgardenrodby.com\/se\/","name":"Puttgarden Rodby Svenska","description":"","publisher":{"@id":"https:\/\/puttgardenrodby.com\/se\/#organization"},"potentialAction":[{"@type":"SearchAction","target":{"@type":"EntryPoint","urlTemplate":"https:\/\/puttgardenrodby.com\/se\/?s={search_term_string}"},"query-input":{"@type":"PropertyValueSpecification","valueRequired":true,"valueName":"search_term_string"}}],"inLanguage":"sv-SE"},{"@type":"Organization","@id":"https:\/\/puttgardenrodby.com\/se\/#organization","name":"Puttgarden Rodby Svenska","url":"https:\/\/puttgardenrodby.com\/se\/","logo":{"@type":"ImageObject","inLanguage":"sv-SE","@id":"https:\/\/puttgardenrodby.com\/se\/#\/schema\/logo\/image\/","url":"https:\/\/puttgardenrodby.com\/se\/wp-content\/uploads\/sites\/2\/2023\/05\/Puttgarden-Rodby-logo.png","contentUrl":"https:\/\/puttgardenrodby.com\/se\/wp-content\/uploads\/sites\/2\/2023\/05\/Puttgarden-Rodby-logo.png","width":1043,"height":347,"caption":"Puttgarden Rodby Svenska"},"image":{"@id":"https:\/\/puttgardenrodby.com\/se\/#\/schema\/logo\/image\/"}}]}},"_links":{"self":[{"href":"https:\/\/puttgardenrodby.com\/se\/wp-json\/wp\/v2\/pages\/357","targetHints":{"allow":["GET"]}}],"collection":[{"href":"https:\/\/puttgardenrodby.com\/se\/wp-json\/wp\/v2\/pages"}],"about":[{"href":"https:\/\/puttgardenrodby.com\/se\/wp-json\/wp\/v2\/types\/page"}],"author":[{"embeddable":true,"href":"https:\/\/puttgardenrodby.com\/se\/wp-json\/wp\/v2\/users\/1"}],"replies":[{"embeddable":true,"href":"https:\/\/puttgardenrodby.com\/se\/wp-json\/wp\/v2\/comments?post=357"}],"version-history":[{"count":22,"href":"https:\/\/puttgardenrodby.com\/se\/wp-json\/wp\/v2\/pages\/357\/revisions"}],"predecessor-version":[{"id":1190,"href":"https:\/\/puttgardenrodby.com\/se\/wp-json\/wp\/v2\/pages\/357\/revisions\/1190"}],"wp:attachment":[{"href":"https:\/\/puttgardenrodby.com\/se\/wp-json\/wp\/v2\/media?parent=357"}],"curies":[{"name":"wp","href":"https:\/\/api.w.org\/{rel}","templated":true}]}}