{"id":168,"date":"2023-05-08T12:11:27","date_gmt":"2023-05-08T12:11:27","guid":{"rendered":"https:\/\/puttgardenrodby.nl\/?page_id=168"},"modified":"2024-04-29T09:01:43","modified_gmt":"2024-04-29T09:01:43","slug":"priser","status":"publish","type":"page","link":"https:\/\/puttgardenrodby.com\/se\/priser\/","title":{"rendered":"R\u00f8dby-Puttgarden f\u00e4rjepriser"},"content":{"rendered":"\t\t<div data-elementor-type=\"wp-post\" data-elementor-id=\"168\" class=\"elementor elementor-168\" data-elementor-post-type=\"page\">\n\t\t\t\t\t\t<section class=\"elementor-section elementor-top-section elementor-element elementor-element-554a695 elementor-section-boxed elementor-section-height-default elementor-section-height-default\" data-id=\"554a695\" data-element_type=\"section\" data-e-type=\"section\" data-settings=\"{&quot;background_background&quot;:&quot;gradient&quot;,&quot;sticky&quot;:&quot;top&quot;,&quot;sticky_on&quot;:[&quot;desktop&quot;,&quot;tablet&quot;,&quot;mobile&quot;],&quot;sticky_offset&quot;:0,&quot;sticky_effects_offset&quot;:0,&quot;sticky_anchor_link_offset&quot;:0}\">\n\t\t\t\t\t\t<div class=\"elementor-container elementor-column-gap-default\">\n\t\t\t\t\t<div class=\"elementor-column elementor-col-50 elementor-top-column elementor-element elementor-element-3fb36534\" data-id=\"3fb36534\" data-element_type=\"column\" data-e-type=\"column\">\n\t\t\t<div class=\"elementor-widget-wrap elementor-element-populated\">\n\t\t\t\t\t\t<div class=\"elementor-element elementor-element-e853df9 elementor-widget elementor-widget-breadcrumbs\" data-id=\"e853df9\" data-element_type=\"widget\" data-e-type=\"widget\" data-widget_type=\"breadcrumbs.default\">\n\t\t\t\t<div class=\"elementor-widget-container\">\n\t\t\t\t\t<p id=\"breadcrumbs\"><span><span><a href=\"https:\/\/puttgardenrodby.com\/se\/\">Home<\/a><\/span><\/span><\/p>\t\t\t\t<\/div>\n\t\t\t\t<\/div>\n\t\t\t\t\t<\/div>\n\t\t<\/div>\n\t\t\t\t<div class=\"elementor-column elementor-col-50 elementor-top-column elementor-element elementor-element-530fd8fe\" data-id=\"530fd8fe\" data-element_type=\"column\" data-e-type=\"column\">\n\t\t\t<div class=\"elementor-widget-wrap elementor-element-populated\">\n\t\t\t\t\t\t<div class=\"elementor-element elementor-element-670c18e2 elementor-align-right elementor-mobile-align-center elementor-widget elementor-widget-button\" data-id=\"670c18e2\" data-element_type=\"widget\" data-e-type=\"widget\" data-settings=\"{&quot;sticky&quot;:&quot;top&quot;,&quot;sticky_on&quot;:[&quot;mobile&quot;],&quot;sticky_offset&quot;:8,&quot;sticky_effects_offset_mobile&quot;:0,&quot;_animation_mobile&quot;:&quot;fadeIn&quot;,&quot;sticky_effects_offset&quot;:0,&quot;sticky_anchor_link_offset&quot;:0}\" data-widget_type=\"button.default\">\n\t\t\t\t<div class=\"elementor-widget-container\">\n\t\t\t\t\t\t\t\t\t<div class=\"elementor-button-wrapper\">\n\t\t\t\t\t<a class=\"elementor-button elementor-button-link elementor-size-md elementor-animation-shrink\" href=\"\/se\/go\/knapp-huvud-sida\" target=\"_blank\">\n\t\t\t\t\t\t<span class=\"elementor-button-content-wrapper\">\n\t\t\t\t\t\t<span class=\"elementor-button-icon\">\n\t\t\t\t<i aria-hidden=\"true\" class=\"far fa-arrow-alt-circle-right\"><\/i>\t\t\t<\/span>\n\t\t\t\t\t\t\t\t\t<span class=\"elementor-button-text\">F\u00e4rjpris &amp; Biljetter<\/span>\n\t\t\t\t\t<\/span>\n\t\t\t\t\t<\/a>\n\t\t\t\t<\/div>\n\t\t\t\t\t\t\t\t<\/div>\n\t\t\t\t<\/div>\n\t\t\t\t\t<\/div>\n\t\t<\/div>\n\t\t\t\t\t<\/div>\n\t\t<\/section>\n\t\t\t\t<section class=\"elementor-section elementor-top-section elementor-element elementor-element-348d881 elementor-section-boxed elementor-section-height-default elementor-section-height-default\" data-id=\"348d881\" data-element_type=\"section\" data-e-type=\"section\">\n\t\t\t\t\t\t\t<div class=\"elementor-background-overlay\"><\/div>\n\t\t\t\t\t\t\t<div class=\"elementor-container elementor-column-gap-default\">\n\t\t\t\t\t<div class=\"elementor-column elementor-col-50 elementor-top-column elementor-element elementor-element-2e117c7\" data-id=\"2e117c7\" data-element_type=\"column\" data-e-type=\"column\">\n\t\t\t<div class=\"elementor-widget-wrap elementor-element-populated\">\n\t\t\t\t\t\t<div class=\"elementor-element elementor-element-e20d4c6 elementor-widget elementor-widget-image\" data-id=\"e20d4c6\" data-element_type=\"widget\" data-e-type=\"widget\" data-widget_type=\"image.default\">\n\t\t\t\t<div class=\"elementor-widget-container\">\n\t\t\t\t\t\t\t\t\t\t\t\t\t\t\t<img fetchpriority=\"high\" decoding=\"async\" width=\"1500\" height=\"750\" src=\"https:\/\/puttgardenrodby.com\/se\/wp-content\/uploads\/sites\/2\/2023\/05\/Ontwerp-zonder-titel-2023-05-08T143801.157.jpg\" class=\"attachment-full size-full wp-image-197\" alt=\"\" srcset=\"https:\/\/puttgardenrodby.com\/se\/wp-content\/uploads\/sites\/2\/2023\/05\/Ontwerp-zonder-titel-2023-05-08T143801.157.jpg 1500w, https:\/\/puttgardenrodby.com\/se\/wp-content\/uploads\/sites\/2\/2023\/05\/Ontwerp-zonder-titel-2023-05-08T143801.157-300x150.jpg 300w, https:\/\/puttgardenrodby.com\/se\/wp-content\/uploads\/sites\/2\/2023\/05\/Ontwerp-zonder-titel-2023-05-08T143801.157-1024x512.jpg 1024w, https:\/\/puttgardenrodby.com\/se\/wp-content\/uploads\/sites\/2\/2023\/05\/Ontwerp-zonder-titel-2023-05-08T143801.157-768x384.jpg 768w\" sizes=\"(max-width: 1500px) 100vw, 1500px\" \/>\t\t\t\t\t\t\t\t\t\t\t\t\t\t\t<\/div>\n\t\t\t\t<\/div>\n\t\t\t\t<div class=\"elementor-element elementor-element-18585c6 elementor-widget elementor-widget-heading\" data-id=\"18585c6\" data-element_type=\"widget\" data-e-type=\"widget\" data-widget_type=\"heading.default\">\n\t\t\t\t<div class=\"elementor-widget-container\">\n\t\t\t\t\t<h1 class=\"elementor-heading-title elementor-size-default\">R\u00f8dby-Puttgarden f\u00e4rjepriser<\/h1>\t\t\t\t<\/div>\n\t\t\t\t<\/div>\n\t\t\t\t<div class=\"elementor-element elementor-element-b42abdf elementor-widget elementor-widget-text-editor\" data-id=\"b42abdf\" data-element_type=\"widget\" data-e-type=\"widget\" data-widget_type=\"text-editor.default\">\n\t\t\t\t<div class=\"elementor-widget-container\">\n\t\t\t\t\t\t\t\t\t<p><strong>Det finns flera s\u00e4tt att resa mellan Tyskland och Danmark. J\u00e4mf\u00f6r d\u00e4rf\u00f6r noga priserna mellan Puttgarden-R\u00f8dby-f\u00e4rjan och <a href=\"https:\/\/puttgardenrodby.com\/se\/alternativ\/\">alternativen.<\/a><\/strong><\/p><p>Priserna f\u00f6r Puttgarden-R\u00f8dby-f\u00e4rjan varierar beroende p\u00e5 h\u00f6g- och l\u00e5gs\u00e4song. F\u00f6r fordonstj\u00e4nsterna till\u00e4mpas ocks\u00e5 en mellans\u00e4song d\u00e4r priserna \u00e4r n\u00e5got h\u00f6gre \u00e4n l\u00e5gs\u00e4songen.<\/p><p>De priserna som anges p\u00e5 Scandlines webbplats \u00e4r alltid:<\/p><ul><li>L\u00e5gs\u00e4songspriser<\/li><li>Exklusive 15 SEK br\u00e4nsletill\u00e4gg per avg\u00e5ng<\/li><li>Priser f\u00f6r tidiga bokningar.<\/li><\/ul><p>Priserna varierar beroende p\u00e5 vilken typ av biljett du v\u00e4ljer vid bokningen: Early Booker, Standard eller Flex. Nedan finner du priserna f\u00f6r enkelresa inklusive br\u00e4nsletill\u00e4gg. Det finns ingen extra f\u00f6rdel f\u00f6r returbiljetter om du inte \u00e5terv\u00e4nder samma dag. I \u00f6vriga fall \u00e4r kostnaden f\u00f6r enkelresa dubbelt s\u00e5 h\u00f6g f\u00f6r tur och retur.<\/p><p>&#8211; Early Booker: 579 SEK<br \/>&#8211; Standard: 569,40 SEK<br \/>&#8211; Flex: 1.285 SEK<\/p><p>Observera att priserna kan variera beroende p\u00e5 s\u00e4song och tillg\u00e4nglighet. Kontrollera alltid de aktuella priserna vid bokningstillf\u00e4llet.<\/p><p>F\u00f6r dem som vill ta \u00f6verfarten med ett fordon betalas endast f\u00f6r fordonet. Det maximala antalet personer som kan l\u00e4ggas till fordonet \u00e4r 9. F\u00f6r fordon \u00f6ver 6 meter i l\u00e4ngd tillkommer en extra kostnad p\u00e5 345 SEK per tv\u00e5 meter.<\/p><h3>&#8217;Early booker&#8217; fr\u00e5n 579 SEK<\/h3><p>Fr\u00e5n 30 dagar f\u00f6re avg\u00e5ng kan du k\u00f6pa biljetter med begr\u00e4nsad tillg\u00e4nglighet fr\u00e5n 579 SEK f\u00f6r enkel resa. D\u00e4rtill tillkommer en br\u00e4nsletill\u00e4gg p\u00e5 15 SEK.<\/p><h3>&#8217;Standard&#8217; fr\u00e5n 569,40 SEK<\/h3><p>&#8217;Standard&#8217;-biljetter kan k\u00f6pas online upp till 2 timmar f\u00f6re avg\u00e5ng f\u00f6r 569,40 SEK. En br\u00e4nsletill\u00e4gg p\u00e5 15 SEK tillkommer.<\/p><h3>&#8217;Flex&#8217; fr\u00e5n 1.285 SEK<\/h3><p>Flexbiljetter betraktar vi som biljetter som du endast b\u00f6r k\u00f6pa i undantagsfall p\u00e5 grund av priset. De \u00e4r intressanta endast om du reser med stor os\u00e4kerhet kring ditt avg\u00e5ngsdatum. Flexbiljetter finns tillg\u00e4ngliga fr\u00e5n 1.285 SEK exklusive br\u00e4nsletill\u00e4gg.<\/p>\t\t\t\t\t\t\t\t<\/div>\n\t\t\t\t<\/div>\n\t\t\t\t<div class=\"elementor-element elementor-element-a44ea6d elementor-widget elementor-widget-text-editor\" data-id=\"a44ea6d\" data-element_type=\"widget\" data-e-type=\"widget\" data-widget_type=\"text-editor.default\">\n\t\t\t\t<div class=\"elementor-widget-container\">\n\t\t\t\t\t\t\t\t\t<p>Vi uppdaterar f\u00f6r n\u00e4rvarande priserna, s\u00e5 de \u00e4r f\u00f6rem\u00e5l f\u00f6r \u00e4ndring.<\/p>\t\t\t\t\t\t\t\t<\/div>\n\t\t\t\t<\/div>\n\t\t\t\t<div class=\"elementor-element elementor-element-9a07386 elementor-tabs-view-horizontal elementor-widget elementor-widget-tabs\" data-id=\"9a07386\" data-element_type=\"widget\" data-e-type=\"widget\" data-widget_type=\"tabs.default\">\n\t\t\t\t<div class=\"elementor-widget-container\">\n\t\t\t\t\t\t\t<div class=\"elementor-tabs\">\n\t\t\t<div class=\"elementor-tabs-wrapper\" role=\"tablist\" >\n\t\t\t\t\t\t\t\t\t<div id=\"elementor-tab-title-1611\" class=\"elementor-tab-title elementor-tab-desktop-title\" aria-selected=\"true\" data-tab=\"1\" role=\"tab\" tabindex=\"0\" aria-controls=\"elementor-tab-content-1611\" aria-expanded=\"false\">H\u00f6gs\u00e4songens priser<\/div>\n\t\t\t\t\t\t\t\t\t<div id=\"elementor-tab-title-1612\" class=\"elementor-tab-title elementor-tab-desktop-title\" aria-selected=\"false\" data-tab=\"2\" role=\"tab\" tabindex=\"-1\" aria-controls=\"elementor-tab-content-1612\" aria-expanded=\"false\">L\u00e5gs\u00e4songens priser<\/div>\n\t\t\t\t\t\t\t<\/div>\n\t\t\t<div class=\"elementor-tabs-content-wrapper\" role=\"tablist\" aria-orientation=\"vertical\">\n\t\t\t\t\t\t\t\t\t<div class=\"elementor-tab-title elementor-tab-mobile-title\" aria-selected=\"true\" data-tab=\"1\" role=\"tab\" tabindex=\"0\" aria-controls=\"elementor-tab-content-1611\" aria-expanded=\"false\">H\u00f6gs\u00e4songens priser<\/div>\n\t\t\t\t\t<div id=\"elementor-tab-content-1611\" class=\"elementor-tab-content elementor-clearfix\" data-tab=\"1\" role=\"tabpanel\" aria-labelledby=\"elementor-tab-title-1611\" tabindex=\"0\" hidden=\"false\"><h5>Low Price<\/h5>\n<ul>\n<li>\n<p><b>Fordon &lt;6m upp till 9 personer:&nbsp;579 SEK<\/b><br>+345 SEK per 2 meter extra l\u00e4ngd<\/p>\n<\/li>\n<\/ul>\n<h5>Standard<\/h5>\n<ul>\n<li>\n<p><b>Fordon &lt;6m upp till 9 personer:&nbsp;569,40 SEK<\/b><br>+ 345 SEK per 2 meter extra l\u00e4ngd<\/p>\n<\/li>\n<\/ul>\n<h5>Flex<\/h5>\n<ul>\n<li>\n<p><b>Fordon &lt;6m upp till 9 personer:&nbsp;1.595 SEK <\/b><br>+ 345 SEK per 2 meter extra l\u00e4ngd<\/p>\n<\/li>\n<\/ul>\n<h5>Andra priser<\/h5>\n<ul>\n<li><strong>Motor\/cykel 351 SEK<\/strong><\/li>\n<li><strong>L\u00e5gs\u00e4songspris 230 SEK<\/strong><\/li>\n<li><strong>Barn (5-13 \u00e5r) 115 SEK<\/strong><\/li>\n<li><strong>Cykel: 30 SEK<\/strong><\/li>\n<\/ul><\/div>\n\t\t\t\t\t\t\t\t\t<div class=\"elementor-tab-title elementor-tab-mobile-title\" aria-selected=\"false\" data-tab=\"2\" role=\"tab\" tabindex=\"-1\" aria-controls=\"elementor-tab-content-1612\" aria-expanded=\"false\">L\u00e5gs\u00e4songens priser<\/div>\n\t\t\t\t\t<div id=\"elementor-tab-content-1612\" class=\"elementor-tab-content elementor-clearfix\" data-tab=\"2\" role=\"tabpanel\" aria-labelledby=\"elementor-tab-title-1612\" tabindex=\"0\" hidden=\"hidden\"><h5>Low Price<\/h5>\n<ul>\n<li><strong>Fordon &lt;6m upp till 9 personer: 569,40 SEK<\/strong><br>+ 345 SEK per 2 meter extra l\u00e4ngd<\/li>\n<\/ul>\n<h5>Standard<\/h5>\n<ul>\n<li><strong><span style=\"letter-spacing: -0.27px;\">Fordon &lt;6m upp till 9 personer: <\/span>\u20ac83<\/strong><br>+ 345 SEK per 2 meter extra l\u00e4ngd<\/li>\n<\/ul>\n<h5>Flex<\/h5>\n<ul>\n<li><strong><span style=\"letter-spacing: -0.27px;\">Fordon &lt;6m upp till 9 personer: 1.285 SEK<\/span><\/strong><br>+ 345 SEK per 2 meter extra l\u00e4ngd<\/li>\n<\/ul>\n<h5>Andra<\/h5>\n<ul>\n<li><strong>Motor\/cykel: 275,40 SEK<\/strong><\/li>\n<li><b>L\u00e5gs\u00e4songspris: 115 SEK<\/b><\/li>\n<li><strong>Barn (5-13 \u00e5r): 55 SEK<\/strong><\/li>\n<li><strong>Cykel: 15 SEK<\/strong><\/li>\n<\/ul><\/div>\n\t\t\t\t\t\t\t<\/div>\n\t\t<\/div>\n\t\t\t\t\t\t<\/div>\n\t\t\t\t<\/div>\n\t\t\t\t<div class=\"elementor-element elementor-element-3d6085d elementor-widget elementor-widget-text-editor\" data-id=\"3d6085d\" data-element_type=\"widget\" data-e-type=\"widget\" data-widget_type=\"text-editor.default\">\n\t\t\t\t<div class=\"elementor-widget-container\">\n\t\t\t\t\t\t\t\t\t<h2>Kombinationsbiljetter Sverige- Danmark &#8211; Tyskland<\/h2><p>Den som vill resa till Tyskland eller Danmark kan i en och samma bokning ocks\u00e5 k\u00f6pa biljetter till bron eller till f\u00e4rjan mellan Helsingborg och Helsing\u00f6r. Vi har en separat sida f\u00f6r dessa biljetter:<\/p><ul><li><a href=\"https:\/\/puttgardenrodby.com\/se\/puttgarden-rodby-helsingor-helsingborg\/\" target=\"_blank\" rel=\"noopener\">Puttgarden-R\u00f8dby + Helsing\u00f8r-Helsingborg<\/a><\/li><li><a href=\"https:\/\/puttgardenrodby.com\/se\/puttgarden-rodby-oresundsbron\/\" target=\"_blank\" rel=\"noopener\">Puttgarden-R\u00f8dby + \u00d8resundbrug<\/a><\/li><\/ul>\t\t\t\t\t\t\t\t<\/div>\n\t\t\t\t<\/div>\n\t\t\t\t\t<\/div>\n\t\t<\/div>\n\t\t\t\t<div class=\"elementor-column elementor-col-50 elementor-top-column elementor-element elementor-element-9a29147\" data-id=\"9a29147\" data-element_type=\"column\" data-e-type=\"column\">\n\t\t\t<div class=\"elementor-widget-wrap elementor-element-populated\">\n\t\t\t\t\t\t<div class=\"elementor-element elementor-element-de19ae8 elementor-widget elementor-widget-text-editor\" data-id=\"de19ae8\" data-element_type=\"widget\" data-e-type=\"widget\" data-settings=\"{&quot;sticky&quot;:&quot;top&quot;,&quot;sticky_parent&quot;:&quot;yes&quot;,&quot;sticky_offset&quot;:100,&quot;sticky_effects_offset&quot;:60,&quot;sticky_on&quot;:[&quot;desktop&quot;,&quot;tablet&quot;,&quot;mobile&quot;],&quot;sticky_anchor_link_offset&quot;:0}\" data-widget_type=\"text-editor.default\">\n\t\t\t\t<div class=\"elementor-widget-container\">\n\t\t\t\t\t\t\t\t\t<p><strong>F\u00e4rjebiljetter<\/strong><\/p><p>De mest f\u00f6rm\u00e5nliga biljetterna finns tillg\u00e4ngliga genom f\u00e4rjeoperat\u00f6ren Scandlines.<\/p><p><a href=\"https:\/\/puttgardenrodby.com\/se\/go\/pages-side\" target=\"_blank\" rel=\"noopener\">S\u00e4tt ihop din \u00f6verfart. \u2b9e<\/a><\/p>\t\t\t\t\t\t\t\t<\/div>\n\t\t\t\t<\/div>\n\t\t\t\t\t<\/div>\n\t\t<\/div>\n\t\t\t\t\t<\/div>\n\t\t<\/section>\n\t\t\t\t<\/div>\n\t\t","protected":false},"excerpt":{"rendered":"<p>F\u00e4rjpris &#038; Biljetter R\u00f8dby-Puttgarden f\u00e4rjepriser Det finns flera s\u00e4tt att resa mellan Tyskland och Danmark. J\u00e4mf\u00f6r d\u00e4rf\u00f6r noga priserna mellan Puttgarden-R\u00f8dby-f\u00e4rjan och alternativen. Priserna f\u00f6r Puttgarden-R\u00f8dby-f\u00e4rjan varierar beroende p\u00e5 h\u00f6g- och l\u00e5gs\u00e4song. F\u00f6r fordonstj\u00e4nsterna till\u00e4mpas ocks\u00e5 en mellans\u00e4song d\u00e4r priserna \u00e4r n\u00e5got h\u00f6gre \u00e4n l\u00e5gs\u00e4songen. De priserna som anges p\u00e5 Scandlines webbplats \u00e4r alltid: L\u00e5gs\u00e4songspriser [&hellip;]<\/p>\n","protected":false},"author":1,"featured_media":0,"parent":0,"menu_order":0,"comment_status":"closed","ping_status":"closed","template":"elementor_header_footer","meta":{"footnotes":""},"class_list":["post-168","page","type-page","status-publish","hentry"],"yoast_head":"<!-- This site is optimized with the Yoast SEO plugin v27.2 - https:\/\/yoast.com\/product\/yoast-seo-wordpress\/ -->\n<title>Puttgarden-Rodby f\u00e4rjepriser och priser | PuttgardenRodby.com<\/title>\n<meta name=\"description\" content=\"Uppt\u00e4ck priserna p\u00e5 Puttgarden-R\u00f8dby-f\u00e4rjan p\u00e5 PuttgardenRodby.com. Se priser och tips f\u00f6r hur du bokar med f\u00f6rdel.\" \/>\n<meta name=\"robots\" content=\"index, follow, max-snippet:-1, max-image-preview:large, max-video-preview:-1\" \/>\n<link rel=\"canonical\" href=\"https:\/\/puttgardenrodby.com\/se\/priser\/\" \/>\n<meta property=\"og:locale\" content=\"sv_SE\" \/>\n<meta property=\"og:type\" content=\"article\" \/>\n<meta property=\"og:title\" content=\"Puttgarden-Rodby f\u00e4rjepriser och priser | PuttgardenRodby.com\" \/>\n<meta property=\"og:description\" content=\"Uppt\u00e4ck priserna p\u00e5 Puttgarden-R\u00f8dby-f\u00e4rjan p\u00e5 PuttgardenRodby.com. Se priser och tips f\u00f6r hur du bokar med f\u00f6rdel.\" \/>\n<meta property=\"og:url\" content=\"https:\/\/puttgardenrodby.com\/se\/priser\/\" \/>\n<meta property=\"og:site_name\" content=\"Puttgarden Rodby Svenska\" \/>\n<meta property=\"article:modified_time\" content=\"2024-04-29T09:01:43+00:00\" \/>\n<meta property=\"og:image\" content=\"https:\/\/puttgardenrodby.com\/se\/wp-content\/uploads\/sites\/2\/2023\/05\/Ontwerp-zonder-titel-2023-05-08T143801.157.jpg\" \/>\n<meta name=\"twitter:card\" content=\"summary_large_image\" \/>\n<meta name=\"twitter:label1\" content=\"Ber\u00e4knad l\u00e4stid\" \/>\n\t<meta name=\"twitter:data1\" content=\"3 minuter\" \/>\n<script type=\"application\/ld+json\" class=\"yoast-schema-graph\">{\"@context\":\"https:\/\/schema.org\",\"@graph\":[{\"@type\":\"WebPage\",\"@id\":\"https:\/\/puttgardenrodby.com\/se\/priser\/\",\"url\":\"https:\/\/puttgardenrodby.com\/se\/priser\/\",\"name\":\"Puttgarden-Rodby f\u00e4rjepriser och priser | PuttgardenRodby.com\",\"isPartOf\":{\"@id\":\"https:\/\/puttgardenrodby.com\/se\/#website\"},\"primaryImageOfPage\":{\"@id\":\"https:\/\/puttgardenrodby.com\/se\/priser\/#primaryimage\"},\"image\":{\"@id\":\"https:\/\/puttgardenrodby.com\/se\/priser\/#primaryimage\"},\"thumbnailUrl\":\"https:\/\/puttgardenrodby.com\/se\/wp-content\/uploads\/sites\/2\/2023\/05\/Ontwerp-zonder-titel-2023-05-08T143801.157.jpg\",\"datePublished\":\"2023-05-08T12:11:27+00:00\",\"dateModified\":\"2024-04-29T09:01:43+00:00\",\"description\":\"Uppt\u00e4ck priserna p\u00e5 Puttgarden-R\u00f8dby-f\u00e4rjan p\u00e5 PuttgardenRodby.com. Se priser och tips f\u00f6r hur du bokar med f\u00f6rdel.\",\"breadcrumb\":{\"@id\":\"https:\/\/puttgardenrodby.com\/se\/priser\/#breadcrumb\"},\"inLanguage\":\"sv-SE\",\"potentialAction\":[{\"@type\":\"ReadAction\",\"target\":[\"https:\/\/puttgardenrodby.com\/se\/priser\/\"]}]},{\"@type\":\"ImageObject\",\"inLanguage\":\"sv-SE\",\"@id\":\"https:\/\/puttgardenrodby.com\/se\/priser\/#primaryimage\",\"url\":\"https:\/\/puttgardenrodby.com\/se\/wp-content\/uploads\/sites\/2\/2023\/05\/Ontwerp-zonder-titel-2023-05-08T143801.157.jpg\",\"contentUrl\":\"https:\/\/puttgardenrodby.com\/se\/wp-content\/uploads\/sites\/2\/2023\/05\/Ontwerp-zonder-titel-2023-05-08T143801.157.jpg\",\"width\":1500,\"height\":750},{\"@type\":\"BreadcrumbList\",\"@id\":\"https:\/\/puttgardenrodby.com\/se\/priser\/#breadcrumb\",\"itemListElement\":[{\"@type\":\"ListItem\",\"position\":1,\"name\":\"Home\",\"item\":\"https:\/\/puttgardenrodby.com\/se\/\"},{\"@type\":\"ListItem\",\"position\":2,\"name\":\"R\u00f8dby-Puttgarden f\u00e4rjepriser\"}]},{\"@type\":\"WebSite\",\"@id\":\"https:\/\/puttgardenrodby.com\/se\/#website\",\"url\":\"https:\/\/puttgardenrodby.com\/se\/\",\"name\":\"Puttgarden Rodby Svenska\",\"description\":\"\",\"publisher\":{\"@id\":\"https:\/\/puttgardenrodby.com\/se\/#organization\"},\"potentialAction\":[{\"@type\":\"SearchAction\",\"target\":{\"@type\":\"EntryPoint\",\"urlTemplate\":\"https:\/\/puttgardenrodby.com\/se\/?s={search_term_string}\"},\"query-input\":{\"@type\":\"PropertyValueSpecification\",\"valueRequired\":true,\"valueName\":\"search_term_string\"}}],\"inLanguage\":\"sv-SE\"},{\"@type\":\"Organization\",\"@id\":\"https:\/\/puttgardenrodby.com\/se\/#organization\",\"name\":\"Puttgarden Rodby Svenska\",\"url\":\"https:\/\/puttgardenrodby.com\/se\/\",\"logo\":{\"@type\":\"ImageObject\",\"inLanguage\":\"sv-SE\",\"@id\":\"https:\/\/puttgardenrodby.com\/se\/#\/schema\/logo\/image\/\",\"url\":\"https:\/\/puttgardenrodby.com\/se\/wp-content\/uploads\/sites\/2\/2023\/05\/Puttgarden-Rodby-logo.png\",\"contentUrl\":\"https:\/\/puttgardenrodby.com\/se\/wp-content\/uploads\/sites\/2\/2023\/05\/Puttgarden-Rodby-logo.png\",\"width\":1043,\"height\":347,\"caption\":\"Puttgarden Rodby Svenska\"},\"image\":{\"@id\":\"https:\/\/puttgardenrodby.com\/se\/#\/schema\/logo\/image\/\"}}]}<\/script>\n<!-- \/ Yoast SEO plugin. -->","yoast_head_json":{"title":"Puttgarden-Rodby f\u00e4rjepriser och priser | PuttgardenRodby.com","description":"Uppt\u00e4ck priserna p\u00e5 Puttgarden-R\u00f8dby-f\u00e4rjan p\u00e5 PuttgardenRodby.com. Se priser och tips f\u00f6r hur du bokar med f\u00f6rdel.","robots":{"index":"index","follow":"follow","max-snippet":"max-snippet:-1","max-image-preview":"max-image-preview:large","max-video-preview":"max-video-preview:-1"},"canonical":"https:\/\/puttgardenrodby.com\/se\/priser\/","og_locale":"sv_SE","og_type":"article","og_title":"Puttgarden-Rodby f\u00e4rjepriser och priser | PuttgardenRodby.com","og_description":"Uppt\u00e4ck priserna p\u00e5 Puttgarden-R\u00f8dby-f\u00e4rjan p\u00e5 PuttgardenRodby.com. Se priser och tips f\u00f6r hur du bokar med f\u00f6rdel.","og_url":"https:\/\/puttgardenrodby.com\/se\/priser\/","og_site_name":"Puttgarden Rodby Svenska","article_modified_time":"2024-04-29T09:01:43+00:00","og_image":[{"url":"https:\/\/puttgardenrodby.com\/se\/wp-content\/uploads\/sites\/2\/2023\/05\/Ontwerp-zonder-titel-2023-05-08T143801.157.jpg","type":"","width":"","height":""}],"twitter_card":"summary_large_image","twitter_misc":{"Ber\u00e4knad l\u00e4stid":"3 minuter"},"schema":{"@context":"https:\/\/schema.org","@graph":[{"@type":"WebPage","@id":"https:\/\/puttgardenrodby.com\/se\/priser\/","url":"https:\/\/puttgardenrodby.com\/se\/priser\/","name":"Puttgarden-Rodby f\u00e4rjepriser och priser | PuttgardenRodby.com","isPartOf":{"@id":"https:\/\/puttgardenrodby.com\/se\/#website"},"primaryImageOfPage":{"@id":"https:\/\/puttgardenrodby.com\/se\/priser\/#primaryimage"},"image":{"@id":"https:\/\/puttgardenrodby.com\/se\/priser\/#primaryimage"},"thumbnailUrl":"https:\/\/puttgardenrodby.com\/se\/wp-content\/uploads\/sites\/2\/2023\/05\/Ontwerp-zonder-titel-2023-05-08T143801.157.jpg","datePublished":"2023-05-08T12:11:27+00:00","dateModified":"2024-04-29T09:01:43+00:00","description":"Uppt\u00e4ck priserna p\u00e5 Puttgarden-R\u00f8dby-f\u00e4rjan p\u00e5 PuttgardenRodby.com. Se priser och tips f\u00f6r hur du bokar med f\u00f6rdel.","breadcrumb":{"@id":"https:\/\/puttgardenrodby.com\/se\/priser\/#breadcrumb"},"inLanguage":"sv-SE","potentialAction":[{"@type":"ReadAction","target":["https:\/\/puttgardenrodby.com\/se\/priser\/"]}]},{"@type":"ImageObject","inLanguage":"sv-SE","@id":"https:\/\/puttgardenrodby.com\/se\/priser\/#primaryimage","url":"https:\/\/puttgardenrodby.com\/se\/wp-content\/uploads\/sites\/2\/2023\/05\/Ontwerp-zonder-titel-2023-05-08T143801.157.jpg","contentUrl":"https:\/\/puttgardenrodby.com\/se\/wp-content\/uploads\/sites\/2\/2023\/05\/Ontwerp-zonder-titel-2023-05-08T143801.157.jpg","width":1500,"height":750},{"@type":"BreadcrumbList","@id":"https:\/\/puttgardenrodby.com\/se\/priser\/#breadcrumb","itemListElement":[{"@type":"ListItem","position":1,"name":"Home","item":"https:\/\/puttgardenrodby.com\/se\/"},{"@type":"ListItem","position":2,"name":"R\u00f8dby-Puttgarden f\u00e4rjepriser"}]},{"@type":"WebSite","@id":"https:\/\/puttgardenrodby.com\/se\/#website","url":"https:\/\/puttgardenrodby.com\/se\/","name":"Puttgarden Rodby Svenska","description":"","publisher":{"@id":"https:\/\/puttgardenrodby.com\/se\/#organization"},"potentialAction":[{"@type":"SearchAction","target":{"@type":"EntryPoint","urlTemplate":"https:\/\/puttgardenrodby.com\/se\/?s={search_term_string}"},"query-input":{"@type":"PropertyValueSpecification","valueRequired":true,"valueName":"search_term_string"}}],"inLanguage":"sv-SE"},{"@type":"Organization","@id":"https:\/\/puttgardenrodby.com\/se\/#organization","name":"Puttgarden Rodby Svenska","url":"https:\/\/puttgardenrodby.com\/se\/","logo":{"@type":"ImageObject","inLanguage":"sv-SE","@id":"https:\/\/puttgardenrodby.com\/se\/#\/schema\/logo\/image\/","url":"https:\/\/puttgardenrodby.com\/se\/wp-content\/uploads\/sites\/2\/2023\/05\/Puttgarden-Rodby-logo.png","contentUrl":"https:\/\/puttgardenrodby.com\/se\/wp-content\/uploads\/sites\/2\/2023\/05\/Puttgarden-Rodby-logo.png","width":1043,"height":347,"caption":"Puttgarden Rodby Svenska"},"image":{"@id":"https:\/\/puttgardenrodby.com\/se\/#\/schema\/logo\/image\/"}}]}},"_links":{"self":[{"href":"https:\/\/puttgardenrodby.com\/se\/wp-json\/wp\/v2\/pages\/168","targetHints":{"allow":["GET"]}}],"collection":[{"href":"https:\/\/puttgardenrodby.com\/se\/wp-json\/wp\/v2\/pages"}],"about":[{"href":"https:\/\/puttgardenrodby.com\/se\/wp-json\/wp\/v2\/types\/page"}],"author":[{"embeddable":true,"href":"https:\/\/puttgardenrodby.com\/se\/wp-json\/wp\/v2\/users\/1"}],"replies":[{"embeddable":true,"href":"https:\/\/puttgardenrodby.com\/se\/wp-json\/wp\/v2\/comments?post=168"}],"version-history":[{"count":32,"href":"https:\/\/puttgardenrodby.com\/se\/wp-json\/wp\/v2\/pages\/168\/revisions"}],"predecessor-version":[{"id":1215,"href":"https:\/\/puttgardenrodby.com\/se\/wp-json\/wp\/v2\/pages\/168\/revisions\/1215"}],"wp:attachment":[{"href":"https:\/\/puttgardenrodby.com\/se\/wp-json\/wp\/v2\/media?parent=168"}],"curies":[{"name":"wp","href":"https:\/\/api.w.org\/{rel}","templated":true}]}}