{"id":664,"date":"2023-05-11T10:17:30","date_gmt":"2023-05-11T10:17:30","guid":{"rendered":"https:\/\/puttgardenrodby.nl\/?page_id=664"},"modified":"2024-03-21T11:55:23","modified_gmt":"2024-03-21T11:55:23","slug":"rodby","status":"publish","type":"page","link":"https:\/\/puttgardenrodby.com\/dk\/rodby\/","title":{"rendered":"Rodby"},"content":{"rendered":"\t\t<div data-elementor-type=\"wp-post\" data-elementor-id=\"664\" class=\"elementor elementor-664\" data-elementor-post-type=\"page\">\n\t\t\t\t\t\t<section class=\"elementor-section elementor-top-section elementor-element elementor-element-59e60652 elementor-section-boxed elementor-section-height-default elementor-section-height-default\" data-id=\"59e60652\" data-element_type=\"section\" data-e-type=\"section\" data-settings=\"{&quot;background_background&quot;:&quot;gradient&quot;,&quot;sticky&quot;:&quot;top&quot;,&quot;sticky_on&quot;:[&quot;desktop&quot;,&quot;tablet&quot;,&quot;mobile&quot;],&quot;sticky_offset&quot;:0,&quot;sticky_effects_offset&quot;:0,&quot;sticky_anchor_link_offset&quot;:0}\">\n\t\t\t\t\t\t<div class=\"elementor-container elementor-column-gap-default\">\n\t\t\t\t\t<div class=\"elementor-column elementor-col-50 elementor-top-column elementor-element elementor-element-6778a9f6\" data-id=\"6778a9f6\" data-element_type=\"column\" data-e-type=\"column\">\n\t\t\t<div class=\"elementor-widget-wrap elementor-element-populated\">\n\t\t\t\t\t\t<div class=\"elementor-element elementor-element-5576e940 elementor-widget elementor-widget-breadcrumbs\" data-id=\"5576e940\" data-element_type=\"widget\" data-e-type=\"widget\" data-widget_type=\"breadcrumbs.default\">\n\t\t\t\t<div class=\"elementor-widget-container\">\n\t\t\t\t\t<p id=\"breadcrumbs\"><span><span><a href=\"https:\/\/puttgardenrodby.com\/dk\/\">Home<\/a><\/span><\/span><\/p>\t\t\t\t<\/div>\n\t\t\t\t<\/div>\n\t\t\t\t\t<\/div>\n\t\t<\/div>\n\t\t\t\t<div class=\"elementor-column elementor-col-50 elementor-top-column elementor-element elementor-element-1d69c75f\" data-id=\"1d69c75f\" data-element_type=\"column\" data-e-type=\"column\">\n\t\t\t<div class=\"elementor-widget-wrap elementor-element-populated\">\n\t\t\t\t\t\t<div class=\"elementor-element elementor-element-4f02c0e1 elementor-align-right elementor-mobile-align-center elementor-widget elementor-widget-button\" data-id=\"4f02c0e1\" data-element_type=\"widget\" data-e-type=\"widget\" data-settings=\"{&quot;sticky&quot;:&quot;top&quot;,&quot;sticky_on&quot;:[&quot;mobile&quot;],&quot;sticky_offset&quot;:8,&quot;sticky_effects_offset_mobile&quot;:0,&quot;_animation_mobile&quot;:&quot;fadeIn&quot;,&quot;sticky_effects_offset&quot;:0,&quot;sticky_anchor_link_offset&quot;:0}\" data-widget_type=\"button.default\">\n\t\t\t\t<div class=\"elementor-widget-container\">\n\t\t\t\t\t\t\t\t\t<div class=\"elementor-button-wrapper\">\n\t\t\t\t\t<a class=\"elementor-button elementor-button-link elementor-size-md elementor-animation-shrink\" href=\"\/dk\/go\/knap-hoved-side\" target=\"_blank\">\n\t\t\t\t\t\t<span class=\"elementor-button-content-wrapper\">\n\t\t\t\t\t\t<span class=\"elementor-button-icon\">\n\t\t\t\t<i aria-hidden=\"true\" class=\"far fa-arrow-alt-circle-right\"><\/i>\t\t\t<\/span>\n\t\t\t\t\t\t\t\t\t<span class=\"elementor-button-text\">F\u00e6rgepris &amp; Billetter<\/span>\n\t\t\t\t\t<\/span>\n\t\t\t\t\t<\/a>\n\t\t\t\t<\/div>\n\t\t\t\t\t\t\t\t<\/div>\n\t\t\t\t<\/div>\n\t\t\t\t\t<\/div>\n\t\t<\/div>\n\t\t\t\t\t<\/div>\n\t\t<\/section>\n\t\t\t\t<section class=\"elementor-section elementor-top-section elementor-element elementor-element-348d881 elementor-section-boxed elementor-section-height-default elementor-section-height-default\" data-id=\"348d881\" data-element_type=\"section\" data-e-type=\"section\">\n\t\t\t\t\t\t\t<div class=\"elementor-background-overlay\"><\/div>\n\t\t\t\t\t\t\t<div class=\"elementor-container elementor-column-gap-default\">\n\t\t\t\t\t<div class=\"elementor-column elementor-col-50 elementor-top-column elementor-element elementor-element-2e117c7\" data-id=\"2e117c7\" data-element_type=\"column\" data-e-type=\"column\">\n\t\t\t<div class=\"elementor-widget-wrap elementor-element-populated\">\n\t\t\t\t\t\t<div class=\"elementor-element elementor-element-e20d4c6 elementor-widget elementor-widget-image\" data-id=\"e20d4c6\" data-element_type=\"widget\" data-e-type=\"widget\" data-widget_type=\"image.default\">\n\t\t\t\t<div class=\"elementor-widget-container\">\n\t\t\t\t\t\t\t\t\t\t\t\t\t\t\t<img fetchpriority=\"high\" decoding=\"async\" width=\"1000\" height=\"500\" src=\"https:\/\/puttgardenrodby.com\/dk\/wp-content\/uploads\/sites\/3\/2023\/05\/Rodby-Haven.jpg\" class=\"attachment-full size-full wp-image-613\" alt=\"\" srcset=\"https:\/\/puttgardenrodby.com\/dk\/wp-content\/uploads\/sites\/3\/2023\/05\/Rodby-Haven.jpg 1000w, https:\/\/puttgardenrodby.com\/dk\/wp-content\/uploads\/sites\/3\/2023\/05\/Rodby-Haven-300x150.jpg 300w, https:\/\/puttgardenrodby.com\/dk\/wp-content\/uploads\/sites\/3\/2023\/05\/Rodby-Haven-768x384.jpg 768w\" sizes=\"(max-width: 1000px) 100vw, 1000px\" \/>\t\t\t\t\t\t\t\t\t\t\t\t\t\t\t<\/div>\n\t\t\t\t<\/div>\n\t\t\t\t<div class=\"elementor-element elementor-element-18585c6 elementor-widget elementor-widget-heading\" data-id=\"18585c6\" data-element_type=\"widget\" data-e-type=\"widget\" data-widget_type=\"heading.default\">\n\t\t\t\t<div class=\"elementor-widget-container\">\n\t\t\t\t\t<h1 class=\"elementor-heading-title elementor-size-default\">R\u00f8dby<\/h1>\t\t\t\t<\/div>\n\t\t\t\t<\/div>\n\t\t\t\t<div class=\"elementor-element elementor-element-3d6085d elementor-widget__width-initial elementor-widget elementor-widget-text-editor\" data-id=\"3d6085d\" data-element_type=\"widget\" data-e-type=\"widget\" data-widget_type=\"text-editor.default\">\n\t\t\t\t<div class=\"elementor-widget-container\">\n\t\t\t\t\t\t\t\t\t<p>R\u00f8dby og R\u00f8dbyhavn er to forskellige sm\u00e5byer i syden af Lolland.<\/p><p>B\u00e5de R\u00f8dby og R\u00f8dbyhavn er sm\u00e5 steder, og der er ikke meget at opleve. R\u00f8dby har dog stadig en autentisk bykerne, men den er for lille til at g\u00f8re et omvej for.<\/p><p>Hvis du leder efter en solid frokost eller middag, s\u00e5 er der stadig noget at finde i R\u00f8dbyhavn. Det g\u00e6lder is\u00e6r for pizzaelskere, for p\u00e5 hovedgaden ligger der tre pizzeriaer mindre end 150 meter fra hinanden (<a href=\"https:\/\/www.tripadvisor.dk\/Restaurant_Review-g729759-d4589213-Reviews-Lazio-Roedby_Lolland_South_Zealand_Zealand.html\" target=\"_blank\" rel=\"noopener\">Lazio<\/a> f\u00e5r generelt de bedste anmeldelser). Derudover finder du der en thai restaurant, to bodegaer og en spisepub. T\u00e6t ved havnen er der et hotel tilg\u00e6ngeligt (<a href=\"https:\/\/maps.app.goo.gl\/bXnsqxwifczoZF3m8\" target=\"_blank\" rel=\"noopener\">Stop\u2019n Sleep<\/a>).<\/p>\t\t\t\t\t\t\t\t<\/div>\n\t\t\t\t<\/div>\n\t\t\t\t<div class=\"elementor-element elementor-element-c4837d0 elementor-widget elementor-widget-text-editor\" data-id=\"c4837d0\" data-element_type=\"widget\" data-e-type=\"widget\" data-widget_type=\"text-editor.default\">\n\t\t\t\t<div class=\"elementor-widget-container\">\n\t\t\t\t\t\t\t\t\t<h3 style=\"text-align: left;\">R\u00f8dbyhavn havneinformation<\/h3><p>Havnen i R\u00f8dbyhavn er designet med fokus p\u00e5 effektivitet, s\u00e5 n\u00e5r du ankommer i bil, vil det hele v\u00e6re godt skiltet og let at finde. Dette kan ogs\u00e5 ses tydeligt i denne <a href=\"https:\/\/puttgardenrodby.com\/dk\/video\/\">Video 1.<\/a> Du kan forvente f\u00f8lgende faciliteter.<\/p>\t\t\t\t\t\t\t\t<\/div>\n\t\t\t\t<\/div>\n\t\t\t\t<section class=\"elementor-section elementor-inner-section elementor-element elementor-element-047057a elementor-section-boxed elementor-section-height-default elementor-section-height-default\" data-id=\"047057a\" data-element_type=\"section\" data-e-type=\"section\">\n\t\t\t\t\t\t<div class=\"elementor-container elementor-column-gap-default\">\n\t\t\t\t\t<div class=\"elementor-column elementor-col-50 elementor-inner-column elementor-element elementor-element-91dc949\" data-id=\"91dc949\" data-element_type=\"column\" data-e-type=\"column\">\n\t\t\t<div class=\"elementor-widget-wrap elementor-element-populated\">\n\t\t\t\t\t\t<div class=\"elementor-element elementor-element-c740f20 elementor-icon-list--layout-traditional elementor-list-item-link-full_width elementor-widget elementor-widget-icon-list\" data-id=\"c740f20\" data-element_type=\"widget\" data-e-type=\"widget\" data-widget_type=\"icon-list.default\">\n\t\t\t\t<div class=\"elementor-widget-container\">\n\t\t\t\t\t\t\t<ul class=\"elementor-icon-list-items\">\n\t\t\t\t\t\t\t<li class=\"elementor-icon-list-item\">\n\t\t\t\t\t\t\t\t\t\t\t<span class=\"elementor-icon-list-icon\">\n\t\t\t\t\t\t\t<i aria-hidden=\"true\" class=\"fas fa-restroom\"><\/i>\t\t\t\t\t\t<\/span>\n\t\t\t\t\t\t\t\t\t\t<span class=\"elementor-icon-list-text\">Toiletter i n\u00e6rheden af ombordsomr\u00e5det.<\/span>\n\t\t\t\t\t\t\t\t\t<\/li>\n\t\t\t\t\t\t\t\t<li class=\"elementor-icon-list-item\">\n\t\t\t\t\t\t\t\t\t\t\t<span class=\"elementor-icon-list-icon\">\n\t\t\t\t\t\t\t<i aria-hidden=\"true\" class=\"fas fa-coffee\"><\/i>\t\t\t\t\t\t<\/span>\n\t\t\t\t\t\t\t\t\t\t<span class=\"elementor-icon-list-text\">Kaffebar.<\/span>\n\t\t\t\t\t\t\t\t\t<\/li>\n\t\t\t\t\t\t\t\t<li class=\"elementor-icon-list-item\">\n\t\t\t\t\t\t\t\t\t\t\t<span class=\"elementor-icon-list-icon\">\n\t\t\t\t\t\t\t<i aria-hidden=\"true\" class=\"fas fa-train\"><\/i>\t\t\t\t\t\t<\/span>\n\t\t\t\t\t\t\t\t\t\t<span class=\"elementor-icon-list-text\">Station<\/span>\n\t\t\t\t\t\t\t\t\t<\/li>\n\t\t\t\t\t\t<\/ul>\n\t\t\t\t\t\t<\/div>\n\t\t\t\t<\/div>\n\t\t\t\t\t<\/div>\n\t\t<\/div>\n\t\t\t\t<div class=\"elementor-column elementor-col-50 elementor-inner-column elementor-element elementor-element-298b353\" data-id=\"298b353\" data-element_type=\"column\" data-e-type=\"column\">\n\t\t\t<div class=\"elementor-widget-wrap elementor-element-populated\">\n\t\t\t\t\t\t<div class=\"elementor-element elementor-element-5e54db8 elementor-icon-list--layout-traditional elementor-list-item-link-full_width elementor-widget elementor-widget-icon-list\" data-id=\"5e54db8\" data-element_type=\"widget\" data-e-type=\"widget\" data-widget_type=\"icon-list.default\">\n\t\t\t\t<div class=\"elementor-widget-container\">\n\t\t\t\t\t\t\t<ul class=\"elementor-icon-list-items\">\n\t\t\t\t\t\t\t<li class=\"elementor-icon-list-item\">\n\t\t\t\t\t\t\t\t\t\t\t<span class=\"elementor-icon-list-icon\">\n\t\t\t\t\t\t\t<i aria-hidden=\"true\" class=\"fas fa-ship\"><\/i>\t\t\t\t\t\t<\/span>\n\t\t\t\t\t\t\t\t\t\t<span class=\"elementor-icon-list-text\">Billetter kan k\u00f8bes i havnen.<\/span>\n\t\t\t\t\t\t\t\t\t<\/li>\n\t\t\t\t\t\t\t\t<li class=\"elementor-icon-list-item\">\n\t\t\t\t\t\t\t\t\t\t\t<span class=\"elementor-icon-list-icon\">\n\t\t\t\t\t\t\t<i aria-hidden=\"true\" class=\"fas fa-hotel\"><\/i>\t\t\t\t\t\t<\/span>\n\t\t\t\t\t\t\t\t\t\t<span class=\"elementor-icon-list-text\">Hotel inden for g\u00e5afstand.<\/span>\n\t\t\t\t\t\t\t\t\t<\/li>\n\t\t\t\t\t\t\t\t<li class=\"elementor-icon-list-item\">\n\t\t\t\t\t\t\t\t\t\t\t<span class=\"elementor-icon-list-icon\">\n\t\t\t\t\t\t\t<i aria-hidden=\"true\" class=\"fas fa-gas-pump\"><\/i>\t\t\t\t\t\t<\/span>\n\t\t\t\t\t\t\t\t\t\t<span class=\"elementor-icon-list-text\">Tankstation.<\/span>\n\t\t\t\t\t\t\t\t\t<\/li>\n\t\t\t\t\t\t<\/ul>\n\t\t\t\t\t\t<\/div>\n\t\t\t\t<\/div>\n\t\t\t\t\t<\/div>\n\t\t<\/div>\n\t\t\t\t\t<\/div>\n\t\t<\/section>\n\t\t\t\t<div class=\"elementor-element elementor-element-3b9be75 elementor-widget elementor-widget-heading\" data-id=\"3b9be75\" data-element_type=\"widget\" data-e-type=\"widget\" data-widget_type=\"heading.default\">\n\t\t\t\t<div class=\"elementor-widget-container\">\n\t\t\t\t\t<h2 class=\"elementor-heading-title elementor-size-default\">Faq<\/h2>\t\t\t\t<\/div>\n\t\t\t\t<\/div>\n\t\t\t\t<div class=\"elementor-element elementor-element-c66b0a9 elementor-widget elementor-widget-accordion\" data-id=\"c66b0a9\" data-element_type=\"widget\" data-e-type=\"widget\" data-widget_type=\"accordion.default\">\n\t\t\t\t<div class=\"elementor-widget-container\">\n\t\t\t\t\t\t\t<div class=\"elementor-accordion\">\n\t\t\t\t\t\t\t<div class=\"elementor-accordion-item\">\n\t\t\t\t\t<div id=\"elementor-tab-title-2081\" class=\"elementor-tab-title\" data-tab=\"1\" role=\"button\" aria-controls=\"elementor-tab-content-2081\" aria-expanded=\"false\">\n\t\t\t\t\t\t\t\t\t\t\t\t\t<span class=\"elementor-accordion-icon elementor-accordion-icon-left\" aria-hidden=\"true\">\n\t\t\t\t\t\t\t\t\t\t\t\t\t\t\t<span class=\"elementor-accordion-icon-closed\"><i class=\"fas fa-plus\"><\/i><\/span>\n\t\t\t\t\t\t\t\t<span class=\"elementor-accordion-icon-opened\"><i class=\"fas fa-minus\"><\/i><\/span>\n\t\t\t\t\t\t\t\t\t\t\t\t\t\t<\/span>\n\t\t\t\t\t\t\t\t\t\t\t\t<a class=\"elementor-accordion-title\" tabindex=\"0\">Er der noget at lave p\u00e5 \u00f8en Lolland?<\/a>\n\t\t\t\t\t<\/div>\n\t\t\t\t\t<div id=\"elementor-tab-content-2081\" class=\"elementor-tab-content elementor-clearfix\" data-tab=\"1\" role=\"region\" aria-labelledby=\"elementor-tab-title-2081\"><p>Er du nysgerrig efter om der er ting at lave omkring R\u00f8dby? Du kan finde information p\u00e5 Lolland og Falsters Turistbureaus hjemmeside.<\/p><\/div>\n\t\t\t\t<\/div>\n\t\t\t\t\t\t\t<div class=\"elementor-accordion-item\">\n\t\t\t\t\t<div id=\"elementor-tab-title-2082\" class=\"elementor-tab-title\" data-tab=\"2\" role=\"button\" aria-controls=\"elementor-tab-content-2082\" aria-expanded=\"false\">\n\t\t\t\t\t\t\t\t\t\t\t\t\t<span class=\"elementor-accordion-icon elementor-accordion-icon-left\" aria-hidden=\"true\">\n\t\t\t\t\t\t\t\t\t\t\t\t\t\t\t<span class=\"elementor-accordion-icon-closed\"><i class=\"fas fa-plus\"><\/i><\/span>\n\t\t\t\t\t\t\t\t<span class=\"elementor-accordion-icon-opened\"><i class=\"fas fa-minus\"><\/i><\/span>\n\t\t\t\t\t\t\t\t\t\t\t\t\t\t<\/span>\n\t\t\t\t\t\t\t\t\t\t\t\t<a class=\"elementor-accordion-title\" tabindex=\"0\">Hvor er toilettet i R\u00f8dbyhavn?<\/a>\n\t\t\t\t\t<\/div>\n\t\t\t\t\t<div id=\"elementor-tab-content-2082\" class=\"elementor-tab-content elementor-clearfix\" data-tab=\"2\" role=\"region\" aria-labelledby=\"elementor-tab-title-2082\"><p>Hvis du k\u00f8rer gennem adgangsportene, finder du ret hurtigt p\u00e5 din venstre side et toilet. Ogs\u00e5 i enden af r\u00e6kken, hvor du foretager en venstresving med bilen, finder du et toilet. Det ligger ved bygningen, hvor du ogs\u00e5 kan k\u00f8be drikkevarer og snacks.<\/p><\/div>\n\t\t\t\t<\/div>\n\t\t\t\t\t\t\t<div class=\"elementor-accordion-item\">\n\t\t\t\t\t<div id=\"elementor-tab-title-2083\" class=\"elementor-tab-title\" data-tab=\"3\" role=\"button\" aria-controls=\"elementor-tab-content-2083\" aria-expanded=\"false\">\n\t\t\t\t\t\t\t\t\t\t\t\t\t<span class=\"elementor-accordion-icon elementor-accordion-icon-left\" aria-hidden=\"true\">\n\t\t\t\t\t\t\t\t\t\t\t\t\t\t\t<span class=\"elementor-accordion-icon-closed\"><i class=\"fas fa-plus\"><\/i><\/span>\n\t\t\t\t\t\t\t\t<span class=\"elementor-accordion-icon-opened\"><i class=\"fas fa-minus\"><\/i><\/span>\n\t\t\t\t\t\t\t\t\t\t\t\t\t\t<\/span>\n\t\t\t\t\t\t\t\t\t\t\t\t<a class=\"elementor-accordion-title\" tabindex=\"0\">Hvor lang tid i forvejen skal man v\u00e6re i havnen?<\/a>\n\t\t\t\t\t<\/div>\n\t\t\t\t\t<div id=\"elementor-tab-content-2083\" class=\"elementor-tab-content elementor-clearfix\" data-tab=\"3\" role=\"region\" aria-labelledby=\"elementor-tab-title-2083\"><p>Du skal v\u00e6re til stede mindst 15 minutter f\u00f8r afgang i havnen.<\/p><\/div>\n\t\t\t\t<\/div>\n\t\t\t\t\t\t\t\t<\/div>\n\t\t\t\t\t\t<\/div>\n\t\t\t\t<\/div>\n\t\t\t\t\t<\/div>\n\t\t<\/div>\n\t\t\t\t<div class=\"elementor-column elementor-col-50 elementor-top-column elementor-element elementor-element-9a29147\" data-id=\"9a29147\" data-element_type=\"column\" data-e-type=\"column\">\n\t\t\t<div class=\"elementor-widget-wrap elementor-element-populated\">\n\t\t\t\t\t\t<div class=\"elementor-element elementor-element-de19ae8 elementor-widget elementor-widget-text-editor\" data-id=\"de19ae8\" data-element_type=\"widget\" data-e-type=\"widget\" data-settings=\"{&quot;sticky&quot;:&quot;top&quot;,&quot;sticky_parent&quot;:&quot;yes&quot;,&quot;sticky_offset&quot;:100,&quot;sticky_effects_offset&quot;:60,&quot;sticky_on&quot;:[&quot;desktop&quot;,&quot;tablet&quot;,&quot;mobile&quot;],&quot;sticky_anchor_link_offset&quot;:0}\" data-widget_type=\"text-editor.default\">\n\t\t\t\t<div class=\"elementor-widget-container\">\n\t\t\t\t\t\t\t\t\t<p><strong>F\u00e6rgebilletter<\/strong><\/p><p>De mest fordelagtige billetter er tilg\u00e6ngelige gennem f\u00e6rgeselskabet Scandlines.<\/p><p><strong><a href=\"https:\/\/puttgardenrodby.com\/dk\/go\/pages-side\" target=\"_blank\" rel=\"noopener\">Saml din overfart. \u2b9e<\/a><\/strong><\/p>\t\t\t\t\t\t\t\t<\/div>\n\t\t\t\t<\/div>\n\t\t\t\t\t<\/div>\n\t\t<\/div>\n\t\t\t\t\t<\/div>\n\t\t<\/section>\n\t\t\t\t<\/div>\n\t\t","protected":false},"excerpt":{"rendered":"<p>F\u00e6rgepris &#038; Billetter R\u00f8dby R\u00f8dby og R\u00f8dbyhavn er to forskellige sm\u00e5byer i syden af Lolland. B\u00e5de R\u00f8dby og R\u00f8dbyhavn er sm\u00e5 steder, og der er ikke meget at opleve. R\u00f8dby har dog stadig en autentisk bykerne, men den er for lille til at g\u00f8re et omvej for. Hvis du leder efter en solid frokost eller [&hellip;]<\/p>\n","protected":false},"author":1,"featured_media":0,"parent":0,"menu_order":0,"comment_status":"closed","ping_status":"closed","template":"elementor_header_footer","meta":{"footnotes":""},"class_list":["post-664","page","type-page","status-publish","hentry"],"yoast_head":"<!-- This site is optimized with the Yoast SEO plugin v27.2 - https:\/\/yoast.com\/product\/yoast-seo-wordpress\/ -->\n<title>R\u00f8dby havn information, Danmark | PuttgardenRodby.com<\/title>\n<meta name=\"description\" content=\"Alt om R\u00f8dby og R\u00f8dbyhavn, hvor f\u00e6rgen afg\u00e5r og ankommer. Er der hoteller? Kan man spise, og hvor er toilettet i havnen?\" \/>\n<meta name=\"robots\" content=\"index, follow, max-snippet:-1, max-image-preview:large, max-video-preview:-1\" \/>\n<link rel=\"canonical\" href=\"https:\/\/puttgardenrodby.com\/dk\/rodby\/\" \/>\n<meta property=\"og:locale\" content=\"da_DK\" \/>\n<meta property=\"og:type\" content=\"article\" \/>\n<meta property=\"og:title\" content=\"R\u00f8dby havn information, Danmark | PuttgardenRodby.com\" \/>\n<meta property=\"og:description\" content=\"Alt om R\u00f8dby og R\u00f8dbyhavn, hvor f\u00e6rgen afg\u00e5r og ankommer. Er der hoteller? Kan man spise, og hvor er toilettet i havnen?\" \/>\n<meta property=\"og:url\" content=\"https:\/\/puttgardenrodby.com\/dk\/rodby\/\" \/>\n<meta property=\"og:site_name\" content=\"Puttgarden Rodby Dansk\" \/>\n<meta property=\"article:modified_time\" content=\"2024-03-21T11:55:23+00:00\" \/>\n<meta property=\"og:image\" content=\"https:\/\/puttgardenrodby.com\/dk\/wp-content\/uploads\/sites\/3\/2023\/05\/Rodby-Haven.jpg\" \/>\n<meta name=\"twitter:card\" content=\"summary_large_image\" \/>\n<meta name=\"twitter:label1\" content=\"Estimeret l\u00e6setid\" \/>\n\t<meta name=\"twitter:data1\" content=\"2 minutter\" \/>\n<script type=\"application\/ld+json\" class=\"yoast-schema-graph\">{\"@context\":\"https:\/\/schema.org\",\"@graph\":[{\"@type\":\"WebPage\",\"@id\":\"https:\/\/puttgardenrodby.com\/dk\/rodby\/\",\"url\":\"https:\/\/puttgardenrodby.com\/dk\/rodby\/\",\"name\":\"R\u00f8dby havn information, Danmark | PuttgardenRodby.com\",\"isPartOf\":{\"@id\":\"https:\/\/puttgardenrodby.com\/dk\/#website\"},\"primaryImageOfPage\":{\"@id\":\"https:\/\/puttgardenrodby.com\/dk\/rodby\/#primaryimage\"},\"image\":{\"@id\":\"https:\/\/puttgardenrodby.com\/dk\/rodby\/#primaryimage\"},\"thumbnailUrl\":\"https:\/\/puttgardenrodby.com\/dk\/wp-content\/uploads\/sites\/3\/2023\/05\/Rodby-Haven.jpg\",\"datePublished\":\"2023-05-11T10:17:30+00:00\",\"dateModified\":\"2024-03-21T11:55:23+00:00\",\"description\":\"Alt om R\u00f8dby og R\u00f8dbyhavn, hvor f\u00e6rgen afg\u00e5r og ankommer. Er der hoteller? Kan man spise, og hvor er toilettet i havnen?\",\"breadcrumb\":{\"@id\":\"https:\/\/puttgardenrodby.com\/dk\/rodby\/#breadcrumb\"},\"inLanguage\":\"da-DK\",\"potentialAction\":[{\"@type\":\"ReadAction\",\"target\":[\"https:\/\/puttgardenrodby.com\/dk\/rodby\/\"]}]},{\"@type\":\"ImageObject\",\"inLanguage\":\"da-DK\",\"@id\":\"https:\/\/puttgardenrodby.com\/dk\/rodby\/#primaryimage\",\"url\":\"https:\/\/puttgardenrodby.com\/dk\/wp-content\/uploads\/sites\/3\/2023\/05\/Rodby-Haven.jpg\",\"contentUrl\":\"https:\/\/puttgardenrodby.com\/dk\/wp-content\/uploads\/sites\/3\/2023\/05\/Rodby-Haven.jpg\",\"width\":1000,\"height\":500},{\"@type\":\"BreadcrumbList\",\"@id\":\"https:\/\/puttgardenrodby.com\/dk\/rodby\/#breadcrumb\",\"itemListElement\":[{\"@type\":\"ListItem\",\"position\":1,\"name\":\"Home\",\"item\":\"https:\/\/puttgardenrodby.com\/dk\/\"},{\"@type\":\"ListItem\",\"position\":2,\"name\":\"Rodby\"}]},{\"@type\":\"WebSite\",\"@id\":\"https:\/\/puttgardenrodby.com\/dk\/#website\",\"url\":\"https:\/\/puttgardenrodby.com\/dk\/\",\"name\":\"Puttgarden Rodby Dansk\",\"description\":\"\",\"publisher\":{\"@id\":\"https:\/\/puttgardenrodby.com\/dk\/#organization\"},\"potentialAction\":[{\"@type\":\"SearchAction\",\"target\":{\"@type\":\"EntryPoint\",\"urlTemplate\":\"https:\/\/puttgardenrodby.com\/dk\/?s={search_term_string}\"},\"query-input\":{\"@type\":\"PropertyValueSpecification\",\"valueRequired\":true,\"valueName\":\"search_term_string\"}}],\"inLanguage\":\"da-DK\"},{\"@type\":\"Organization\",\"@id\":\"https:\/\/puttgardenrodby.com\/dk\/#organization\",\"name\":\"Puttgarden Rodby Dansk\",\"url\":\"https:\/\/puttgardenrodby.com\/dk\/\",\"logo\":{\"@type\":\"ImageObject\",\"inLanguage\":\"da-DK\",\"@id\":\"https:\/\/puttgardenrodby.com\/dk\/#\/schema\/logo\/image\/\",\"url\":\"https:\/\/puttgardenrodby.com\/dk\/wp-content\/uploads\/sites\/3\/2023\/05\/Puttgarden-Rodby-logo.png\",\"contentUrl\":\"https:\/\/puttgardenrodby.com\/dk\/wp-content\/uploads\/sites\/3\/2023\/05\/Puttgarden-Rodby-logo.png\",\"width\":1043,\"height\":347,\"caption\":\"Puttgarden Rodby Dansk\"},\"image\":{\"@id\":\"https:\/\/puttgardenrodby.com\/dk\/#\/schema\/logo\/image\/\"}}]}<\/script>\n<!-- \/ Yoast SEO plugin. -->","yoast_head_json":{"title":"R\u00f8dby havn information, Danmark | PuttgardenRodby.com","description":"Alt om R\u00f8dby og R\u00f8dbyhavn, hvor f\u00e6rgen afg\u00e5r og ankommer. Er der hoteller? Kan man spise, og hvor er toilettet i havnen?","robots":{"index":"index","follow":"follow","max-snippet":"max-snippet:-1","max-image-preview":"max-image-preview:large","max-video-preview":"max-video-preview:-1"},"canonical":"https:\/\/puttgardenrodby.com\/dk\/rodby\/","og_locale":"da_DK","og_type":"article","og_title":"R\u00f8dby havn information, Danmark | PuttgardenRodby.com","og_description":"Alt om R\u00f8dby og R\u00f8dbyhavn, hvor f\u00e6rgen afg\u00e5r og ankommer. Er der hoteller? Kan man spise, og hvor er toilettet i havnen?","og_url":"https:\/\/puttgardenrodby.com\/dk\/rodby\/","og_site_name":"Puttgarden Rodby Dansk","article_modified_time":"2024-03-21T11:55:23+00:00","og_image":[{"url":"https:\/\/puttgardenrodby.com\/dk\/wp-content\/uploads\/sites\/3\/2023\/05\/Rodby-Haven.jpg","type":"","width":"","height":""}],"twitter_card":"summary_large_image","twitter_misc":{"Estimeret l\u00e6setid":"2 minutter"},"schema":{"@context":"https:\/\/schema.org","@graph":[{"@type":"WebPage","@id":"https:\/\/puttgardenrodby.com\/dk\/rodby\/","url":"https:\/\/puttgardenrodby.com\/dk\/rodby\/","name":"R\u00f8dby havn information, Danmark | PuttgardenRodby.com","isPartOf":{"@id":"https:\/\/puttgardenrodby.com\/dk\/#website"},"primaryImageOfPage":{"@id":"https:\/\/puttgardenrodby.com\/dk\/rodby\/#primaryimage"},"image":{"@id":"https:\/\/puttgardenrodby.com\/dk\/rodby\/#primaryimage"},"thumbnailUrl":"https:\/\/puttgardenrodby.com\/dk\/wp-content\/uploads\/sites\/3\/2023\/05\/Rodby-Haven.jpg","datePublished":"2023-05-11T10:17:30+00:00","dateModified":"2024-03-21T11:55:23+00:00","description":"Alt om R\u00f8dby og R\u00f8dbyhavn, hvor f\u00e6rgen afg\u00e5r og ankommer. Er der hoteller? Kan man spise, og hvor er toilettet i havnen?","breadcrumb":{"@id":"https:\/\/puttgardenrodby.com\/dk\/rodby\/#breadcrumb"},"inLanguage":"da-DK","potentialAction":[{"@type":"ReadAction","target":["https:\/\/puttgardenrodby.com\/dk\/rodby\/"]}]},{"@type":"ImageObject","inLanguage":"da-DK","@id":"https:\/\/puttgardenrodby.com\/dk\/rodby\/#primaryimage","url":"https:\/\/puttgardenrodby.com\/dk\/wp-content\/uploads\/sites\/3\/2023\/05\/Rodby-Haven.jpg","contentUrl":"https:\/\/puttgardenrodby.com\/dk\/wp-content\/uploads\/sites\/3\/2023\/05\/Rodby-Haven.jpg","width":1000,"height":500},{"@type":"BreadcrumbList","@id":"https:\/\/puttgardenrodby.com\/dk\/rodby\/#breadcrumb","itemListElement":[{"@type":"ListItem","position":1,"name":"Home","item":"https:\/\/puttgardenrodby.com\/dk\/"},{"@type":"ListItem","position":2,"name":"Rodby"}]},{"@type":"WebSite","@id":"https:\/\/puttgardenrodby.com\/dk\/#website","url":"https:\/\/puttgardenrodby.com\/dk\/","name":"Puttgarden Rodby Dansk","description":"","publisher":{"@id":"https:\/\/puttgardenrodby.com\/dk\/#organization"},"potentialAction":[{"@type":"SearchAction","target":{"@type":"EntryPoint","urlTemplate":"https:\/\/puttgardenrodby.com\/dk\/?s={search_term_string}"},"query-input":{"@type":"PropertyValueSpecification","valueRequired":true,"valueName":"search_term_string"}}],"inLanguage":"da-DK"},{"@type":"Organization","@id":"https:\/\/puttgardenrodby.com\/dk\/#organization","name":"Puttgarden Rodby Dansk","url":"https:\/\/puttgardenrodby.com\/dk\/","logo":{"@type":"ImageObject","inLanguage":"da-DK","@id":"https:\/\/puttgardenrodby.com\/dk\/#\/schema\/logo\/image\/","url":"https:\/\/puttgardenrodby.com\/dk\/wp-content\/uploads\/sites\/3\/2023\/05\/Puttgarden-Rodby-logo.png","contentUrl":"https:\/\/puttgardenrodby.com\/dk\/wp-content\/uploads\/sites\/3\/2023\/05\/Puttgarden-Rodby-logo.png","width":1043,"height":347,"caption":"Puttgarden Rodby Dansk"},"image":{"@id":"https:\/\/puttgardenrodby.com\/dk\/#\/schema\/logo\/image\/"}}]}},"_links":{"self":[{"href":"https:\/\/puttgardenrodby.com\/dk\/wp-json\/wp\/v2\/pages\/664","targetHints":{"allow":["GET"]}}],"collection":[{"href":"https:\/\/puttgardenrodby.com\/dk\/wp-json\/wp\/v2\/pages"}],"about":[{"href":"https:\/\/puttgardenrodby.com\/dk\/wp-json\/wp\/v2\/types\/page"}],"author":[{"embeddable":true,"href":"https:\/\/puttgardenrodby.com\/dk\/wp-json\/wp\/v2\/users\/1"}],"replies":[{"embeddable":true,"href":"https:\/\/puttgardenrodby.com\/dk\/wp-json\/wp\/v2\/comments?post=664"}],"version-history":[{"count":31,"href":"https:\/\/puttgardenrodby.com\/dk\/wp-json\/wp\/v2\/pages\/664\/revisions"}],"predecessor-version":[{"id":1265,"href":"https:\/\/puttgardenrodby.com\/dk\/wp-json\/wp\/v2\/pages\/664\/revisions\/1265"}],"wp:attachment":[{"href":"https:\/\/puttgardenrodby.com\/dk\/wp-json\/wp\/v2\/media?parent=664"}],"curies":[{"name":"wp","href":"https:\/\/api.w.org\/{rel}","templated":true}]}}