{"id":651,"date":"2023-05-11T11:56:09","date_gmt":"2023-05-11T11:56:09","guid":{"rendered":"https:\/\/puttgardenrodby.nl\/?page_id=651"},"modified":"2024-03-21T13:08:41","modified_gmt":"2024-03-21T13:08:41","slug":"tidsplan","status":"publish","type":"page","link":"https:\/\/puttgardenrodby.com\/dk\/tidsplan\/","title":{"rendered":"Tidsplan"},"content":{"rendered":"\t\t<div data-elementor-type=\"wp-post\" data-elementor-id=\"651\" class=\"elementor elementor-651\" data-elementor-post-type=\"page\">\n\t\t\t\t\t\t<section class=\"elementor-section elementor-top-section elementor-element elementor-element-78c299a elementor-section-boxed elementor-section-height-default elementor-section-height-default\" data-id=\"78c299a\" data-element_type=\"section\" data-e-type=\"section\" data-settings=\"{&quot;background_background&quot;:&quot;gradient&quot;,&quot;sticky&quot;:&quot;top&quot;,&quot;sticky_on&quot;:[&quot;desktop&quot;,&quot;tablet&quot;,&quot;mobile&quot;],&quot;sticky_offset&quot;:0,&quot;sticky_effects_offset&quot;:0,&quot;sticky_anchor_link_offset&quot;:0}\">\n\t\t\t\t\t\t<div class=\"elementor-container elementor-column-gap-default\">\n\t\t\t\t\t<div class=\"elementor-column elementor-col-50 elementor-top-column elementor-element elementor-element-4d93adb6\" data-id=\"4d93adb6\" data-element_type=\"column\" data-e-type=\"column\">\n\t\t\t<div class=\"elementor-widget-wrap elementor-element-populated\">\n\t\t\t\t\t\t<div class=\"elementor-element elementor-element-59e2735b elementor-widget elementor-widget-breadcrumbs\" data-id=\"59e2735b\" data-element_type=\"widget\" data-e-type=\"widget\" data-widget_type=\"breadcrumbs.default\">\n\t\t\t\t<div class=\"elementor-widget-container\">\n\t\t\t\t\t<p id=\"breadcrumbs\"><span><span><a href=\"https:\/\/puttgardenrodby.com\/dk\/\">Home<\/a><\/span><\/span><\/p>\t\t\t\t<\/div>\n\t\t\t\t<\/div>\n\t\t\t\t\t<\/div>\n\t\t<\/div>\n\t\t\t\t<div class=\"elementor-column elementor-col-50 elementor-top-column elementor-element elementor-element-6b2acbc2\" data-id=\"6b2acbc2\" data-element_type=\"column\" data-e-type=\"column\">\n\t\t\t<div class=\"elementor-widget-wrap elementor-element-populated\">\n\t\t\t\t\t\t<div class=\"elementor-element elementor-element-496033bb elementor-align-right elementor-mobile-align-center elementor-widget elementor-widget-button\" data-id=\"496033bb\" data-element_type=\"widget\" data-e-type=\"widget\" data-settings=\"{&quot;sticky&quot;:&quot;top&quot;,&quot;sticky_on&quot;:[&quot;mobile&quot;],&quot;sticky_offset&quot;:8,&quot;sticky_effects_offset_mobile&quot;:0,&quot;_animation_mobile&quot;:&quot;fadeIn&quot;,&quot;sticky_effects_offset&quot;:0,&quot;sticky_anchor_link_offset&quot;:0}\" data-widget_type=\"button.default\">\n\t\t\t\t<div class=\"elementor-widget-container\">\n\t\t\t\t\t\t\t\t\t<div class=\"elementor-button-wrapper\">\n\t\t\t\t\t<a class=\"elementor-button elementor-button-link elementor-size-md elementor-animation-shrink\" href=\"\/dk\/go\/knap-hoved-side\" target=\"_blank\">\n\t\t\t\t\t\t<span class=\"elementor-button-content-wrapper\">\n\t\t\t\t\t\t<span class=\"elementor-button-icon\">\n\t\t\t\t<i aria-hidden=\"true\" class=\"far fa-arrow-alt-circle-right\"><\/i>\t\t\t<\/span>\n\t\t\t\t\t\t\t\t\t<span class=\"elementor-button-text\">F\u00e6rgepris &amp; Billetter<\/span>\n\t\t\t\t\t<\/span>\n\t\t\t\t\t<\/a>\n\t\t\t\t<\/div>\n\t\t\t\t\t\t\t\t<\/div>\n\t\t\t\t<\/div>\n\t\t\t\t\t<\/div>\n\t\t<\/div>\n\t\t\t\t\t<\/div>\n\t\t<\/section>\n\t\t\t\t<section class=\"elementor-section elementor-top-section elementor-element elementor-element-348d881 elementor-section-boxed elementor-section-height-default elementor-section-height-default\" data-id=\"348d881\" data-element_type=\"section\" data-e-type=\"section\">\n\t\t\t\t\t\t\t<div class=\"elementor-background-overlay\"><\/div>\n\t\t\t\t\t\t\t<div class=\"elementor-container elementor-column-gap-default\">\n\t\t\t\t\t<div class=\"elementor-column elementor-col-50 elementor-top-column elementor-element elementor-element-2e117c7\" data-id=\"2e117c7\" data-element_type=\"column\" data-e-type=\"column\">\n\t\t\t<div class=\"elementor-widget-wrap elementor-element-populated\">\n\t\t\t\t\t\t<div class=\"elementor-element elementor-element-e20d4c6 elementor-widget elementor-widget-image\" data-id=\"e20d4c6\" data-element_type=\"widget\" data-e-type=\"widget\" data-widget_type=\"image.default\">\n\t\t\t\t<div class=\"elementor-widget-container\">\n\t\t\t\t\t\t\t\t\t\t\t\t\t\t\t<img fetchpriority=\"high\" decoding=\"async\" width=\"1000\" height=\"500\" src=\"https:\/\/puttgardenrodby.com\/dk\/wp-content\/uploads\/sites\/3\/2023\/05\/Ferry-sea-Puttgarden-Rodby.jpg\" class=\"attachment-full size-full wp-image-655\" alt=\"Ferry op zee Puttgarden Rodby\" srcset=\"https:\/\/puttgardenrodby.com\/dk\/wp-content\/uploads\/sites\/3\/2023\/05\/Ferry-sea-Puttgarden-Rodby.jpg 1000w, https:\/\/puttgardenrodby.com\/dk\/wp-content\/uploads\/sites\/3\/2023\/05\/Ferry-sea-Puttgarden-Rodby-300x150.jpg 300w, https:\/\/puttgardenrodby.com\/dk\/wp-content\/uploads\/sites\/3\/2023\/05\/Ferry-sea-Puttgarden-Rodby-768x384.jpg 768w\" sizes=\"(max-width: 1000px) 100vw, 1000px\" \/>\t\t\t\t\t\t\t\t\t\t\t\t\t\t\t<\/div>\n\t\t\t\t<\/div>\n\t\t\t\t<div class=\"elementor-element elementor-element-18585c6 elementor-widget elementor-widget-heading\" data-id=\"18585c6\" data-element_type=\"widget\" data-e-type=\"widget\" data-widget_type=\"heading.default\">\n\t\t\t\t<div class=\"elementor-widget-container\">\n\t\t\t\t\t<h1 class=\"elementor-heading-title elementor-size-default\">R\u00f8dby Puttgarden Tidsplan<\/h1>\t\t\t\t<\/div>\n\t\t\t\t<\/div>\n\t\t\t\t<div class=\"elementor-element elementor-element-bf504aa elementor-widget elementor-widget-text-editor\" data-id=\"bf504aa\" data-element_type=\"widget\" data-e-type=\"widget\" data-widget_type=\"text-editor.default\">\n\t\t\t\t<div class=\"elementor-widget-container\">\n\t\t\t\t\t\t\t\t\t<p>If\u00f8lge den almindelige tidsplan afg\u00e5r f\u00e6rgen fra R\u00f8dby\u00a0<span style=\"letter-spacing: -0.27px; color: var( --e-global-color-text ); font-family: var( --e-global-typography-text-font-family ), Sans-serif; font-size: var( --e-global-typography-text-font-size ); font-weight: var( --e-global-typography-text-font-weight );\">til\u00a0<\/span><span style=\"font-size: var( --e-global-typography-text-font-size ); text-align: inherit; color: var( --e-global-color-text ); font-family: var( --e-global-typography-text-font-family ), Sans-serif; font-weight: var( --e-global-typography-text-font-weight ); letter-spacing: -0.27px;\">Puttgarden<\/span><span style=\"font-size: var( --e-global-typography-text-font-size ); text-align: inherit; color: var( --e-global-color-text ); font-family: var( --e-global-typography-text-font-family ), Sans-serif; font-weight: var( --e-global-typography-text-font-weight ); letter-spacing: -0.27px;\">\u00a0<\/span><span style=\"font-size: inherit; text-align: inherit; color: var( --e-global-color-text ); font-family: var( --e-global-typography-text-font-family ), Sans-serif; font-weight: var( --e-global-typography-text-font-weight ); letter-spacing: -0.015em;\">(eller omvendt) hver halve time.<\/span><\/p><p>Hold \u00f8je med de seneste rejseoplysninger for eventuelle \u00e6ndringer i afgangstider og ankomsttider. I visse tilf\u00e6lde kan sejltiderne afvige fra den normale tidsplan. Det er ogs\u00e5 klogt at tjekke <a href=\"https:\/\/puttgardenrodby.com\/dk\/vejret\/\">vejret<\/a> og <a href=\"https:\/\/www.scandlines.com\/customer-services\/traffic-information\/\">trafikoplysningerne<\/a> p\u00e5 forh\u00e5nd.<\/p>\t\t\t\t\t\t\t\t<\/div>\n\t\t\t\t<\/div>\n\t\t\t\t<div class=\"elementor-element elementor-element-86d897b elementor-widget elementor-widget-heading\" data-id=\"86d897b\" data-element_type=\"widget\" data-e-type=\"widget\" data-widget_type=\"heading.default\">\n\t\t\t\t<div class=\"elementor-widget-container\">\n\t\t\t\t\t<h2 class=\"elementor-heading-title elementor-size-default\">Tidsplan<\/h2>\t\t\t\t<\/div>\n\t\t\t\t<\/div>\n\t\t\t\t<div class=\"elementor-element elementor-element-9a07386 elementor-tabs-view-horizontal elementor-widget elementor-widget-tabs\" data-id=\"9a07386\" data-element_type=\"widget\" data-e-type=\"widget\" data-widget_type=\"tabs.default\">\n\t\t\t\t<div class=\"elementor-widget-container\">\n\t\t\t\t\t\t\t<div class=\"elementor-tabs\">\n\t\t\t<div class=\"elementor-tabs-wrapper\" role=\"tablist\" >\n\t\t\t\t\t\t\t\t\t<div id=\"elementor-tab-title-1611\" class=\"elementor-tab-title elementor-tab-desktop-title\" aria-selected=\"true\" data-tab=\"1\" role=\"tab\" tabindex=\"0\" aria-controls=\"elementor-tab-content-1611\" aria-expanded=\"false\">R\u00f8dby \u27a8 Puttgarden<\/div>\n\t\t\t\t\t\t\t\t\t<div id=\"elementor-tab-title-1612\" class=\"elementor-tab-title elementor-tab-desktop-title\" aria-selected=\"false\" data-tab=\"2\" role=\"tab\" tabindex=\"-1\" aria-controls=\"elementor-tab-content-1612\" aria-expanded=\"false\">Puttgarden \u27a8 R\u00f8dby<\/div>\n\t\t\t\t\t\t\t<\/div>\n\t\t\t<div class=\"elementor-tabs-content-wrapper\" role=\"tablist\" aria-orientation=\"vertical\">\n\t\t\t\t\t\t\t\t\t<div class=\"elementor-tab-title elementor-tab-mobile-title\" aria-selected=\"true\" data-tab=\"1\" role=\"tab\" tabindex=\"0\" aria-controls=\"elementor-tab-content-1611\" aria-expanded=\"false\">R\u00f8dby \u27a8 Puttgarden<\/div>\n\t\t\t\t\t<div id=\"elementor-tab-content-1611\" class=\"elementor-tab-content elementor-clearfix\" data-tab=\"1\" role=\"tabpanel\" aria-labelledby=\"elementor-tab-title-1611\" tabindex=\"0\" hidden=\"false\"><ul><li>00:15 R\u00f8dby \u27a8 01:00 Puttgarden<\/li><li>00:45 R\u00f8dby \u27a8 01:30 Puttgarden<\/li><li>01:45 R\u00f8dby \u27a8 02:30 Puttgarden<\/li><li>02:15 R\u00f8dby \u27a8 03:00 Puttgarden<\/li><li>02:45 R\u00f8dby \u27a8 03:30 Puttgarden<\/li><li>03:15 R\u00f8dby \u27a8 04:00 Puttgarden<\/li><li>03:45 R\u00f8dby \u27a8 04:30 Puttgarden<\/li><li>04:15 R\u00f8dby \u27a8 05:00 Puttgarden<\/li><li>04:45 R\u00f8dby \u27a8 05:30 Puttgarden<\/li><li>05:15 R\u00f8dby \u27a8 06:00 Puttgarden<\/li><li>05:45 R\u00f8dby \u27a8 06:30 Puttgarden<\/li><li>06:15 R\u00f8dby \u27a8 07:00 Puttgarden<\/li><li>06:45 R\u00f8dby \u27a8 07:30 Puttgarden<\/li><li>07:15 R\u00f8dby \u27a8 08:00 Puttgarden<\/li><li>07:45 R\u00f8dby \u27a8 08:30 Puttgarden<\/li><li>08:15 R\u00f8dby \u27a8 09:00 Puttgarden<\/li><li>08:45 R\u00f8dby \u27a8 09:30 Puttgarden<\/li><li>09:15 R\u00f8dby \u27a8 10:00 Puttgarden<\/li><li>09:45 R\u00f8dby \u27a8 10:30 Puttgarden<\/li><li>10:15 R\u00f8dby \u27a8 11:00 Puttgarden<\/li><li>10:45 R\u00f8dby \u27a8 11:30 Puttgarden<\/li><li>11:15 R\u00f8dby \u27a8 12:00 Puttgarden<\/li><li>11:45 R\u00f8dby \u27a8 12:30 Puttgarden<\/li><li>12:15 R\u00f8dby \u27a8 13:00 Puttgarden<\/li><li>12:45 R\u00f8dby \u27a8 13:30 Puttgarden<\/li><li>13:15 R\u00f8dby \u27a8 14:00 Puttgarden<\/li><li>13:45 R\u00f8dby \u27a8 14:30 Puttgarden<\/li><li>14:15 R\u00f8dby \u27a8 15:00 Puttgarden<\/li><li>14:45 R\u00f8dby \u27a8 15:30 Puttgarden<\/li><li>15:15 R\u00f8dby \u27a8 16:00 Puttgarden<\/li><li>15:45 R\u00f8dby \u27a8 16:30 Puttgarden<\/li><li>16:15 R\u00f8dby \u27a8 17:00 Puttgarden<\/li><li>16:45 R\u00f8dby \u27a8 17:30 Puttgarden<\/li><li>17:15 R\u00f8dby \u27a8 18:00 Puttgarden<\/li><li>17:45 R\u00f8dby \u27a8 18:30 Puttgarden<\/li><li>18:15 R\u00f8dby \u27a8 19:00 Puttgarden<\/li><li>18:45 R\u00f8dby \u27a8 19:30 Puttgarden<\/li><li>19:15 R\u00f8dby \u27a8 20:00 Puttgarden<\/li><li>19:45 R\u00f8dby \u27a8 20:30 Puttgarden<\/li><li>20:15 R\u00f8dby \u27a8 21:00 Puttgarden<\/li><li>20:45 R\u00f8dby \u27a8 21:30 Puttgarden<\/li><li>21:15 R\u00f8dby \u27a8 22:00 Puttgarden<\/li><li>21:45 R\u00f8dby \u27a8 22:30 Puttgarden<\/li><li>22:15 R\u00f8dby \u27a8 23:00 Puttgarden<\/li><li>22:45 R\u00f8dby \u27a8 23:30 Puttgarden<\/li><li>23:15 R\u00f8dby \u27a8 00:00 Puttgarden<\/li><li>23:45 R\u00f8dby \u27a8 00:30 Puttgarden<\/li><\/ul><\/div>\n\t\t\t\t\t\t\t\t\t<div class=\"elementor-tab-title elementor-tab-mobile-title\" aria-selected=\"false\" data-tab=\"2\" role=\"tab\" tabindex=\"-1\" aria-controls=\"elementor-tab-content-1612\" aria-expanded=\"false\">Puttgarden \u27a8 R\u00f8dby<\/div>\n\t\t\t\t\t<div id=\"elementor-tab-content-1612\" class=\"elementor-tab-content elementor-clearfix\" data-tab=\"2\" role=\"tabpanel\" aria-labelledby=\"elementor-tab-title-1612\" tabindex=\"0\" hidden=\"hidden\"><ul><li>00:45 Puttgarden \u27a8 01:15 R\u00f8dby<\/li><li>01:15 Puttgarden \u27a8 02:00 R\u00f8dby<\/li><li>01:45 Puttgarden \u27a8 02:30 R\u00f8dby<\/li><li>02:45 Puttgarden \u27a8 03:30 R\u00f8dby<\/li><li>03:15 Puttgarden \u27a8 04:00 R\u00f8dby<\/li><li>03:45 Puttgarden \u27a8 04:30 R\u00f8dby<\/li><li>04:15 Puttgarden \u27a8 05:00 R\u00f8dby<\/li><li>04:45 Puttgarden \u27a8 05:30 R\u00f8dby<\/li><li>05:15 Puttgarden \u27a8 06:00 R\u00f8dby<\/li><li>05:45 Puttgarden \u27a8 06:30 R\u00f8dby<\/li><li>06:15 Puttgarden \u27a8 07:00 R\u00f8dby<\/li><li>06:45 Puttgarden \u27a8 07:30 R\u00f8dby<\/li><li>07:15 Puttgarden \u27a8 08:00 R\u00f8dby<\/li><li>07:45 Puttgarden \u27a8 08:30 R\u00f8dby<\/li><li>08:15 Puttgarden \u27a8 09:00 R\u00f8dby<\/li><li>08:45 Puttgarden \u27a8 09:30 R\u00f8dby<\/li><li>09:15 Puttgarden \u27a8 10:00 R\u00f8dby<\/li><li>09:45 Puttgarden \u27a8 10:30 R\u00f8dby<\/li><li><span style=\"font-size: inherit; text-align: inherit; color: var( --e-global-color-text ); font-family: var( --e-global-typography-text-font-family ), Sans-serif; font-weight: var( --e-global-typography-text-font-weight ); letter-spacing: -0.015em;\">10:15 Puttgarden \u27a8 11:00 R\u00f8dby<\/span><\/li><li>10:45 Puttgarden \u27a8 11:30 R\u00f8dby<\/li><li>11:15 Puttgarden \u27a8 12:00 R\u00f8dby<\/li><li>11:45 Puttgarden \u27a8 12:30 R\u00f8dby<\/li><li><span style=\"font-size: inherit; text-align: inherit; color: var( --e-global-color-text ); font-family: var( --e-global-typography-text-font-family ), Sans-serif; font-weight: var( --e-global-typography-text-font-weight ); letter-spacing: -0.015em;\">12:15 Puttgarden \u27a8 13:00 R\u00f8dby<\/span><\/li><li>12:45 Puttgarden \u27a8 13:30 R\u00f8dby<\/li><li><span style=\"font-size: inherit; text-align: inherit; color: var( --e-global-color-text ); font-family: var( --e-global-typography-text-font-family ), Sans-serif; font-weight: var( --e-global-typography-text-font-weight ); letter-spacing: -0.015em;\">13:15 Puttgarden \u27a8 14:00 R\u00f8dby<\/span><\/li><li>13:45 Puttgarden \u27a8 14:30 R\u00f8dby<\/li><li>14:15 Puttgarden \u27a8 15:00 R\u00f8dby<\/li><li>14:45 Puttgarden \u27a8 15:30 R\u00f8dby<\/li><li>15:15 Puttgarden \u27a8 16:00 R\u00f8dby<\/li><li>15:45 Puttgarden \u27a8 16:30 R\u00f8dby<\/li><li>16:15 Puttgarden \u27a8 17:00 R\u00f8dby<\/li><li>16:45 Puttgarden \u27a8 17:30 R\u00f8dby<\/li><li>17:15 Puttgarden \u27a8 18:00 R\u00f8dby<\/li><li>17:45 Puttgarden \u27a8 18:30 R\u00f8dby<\/li><li>18:15 Puttgarden \u27a8 19:00 R\u00f8dby<\/li><li>18:45 Puttgarden \u27a8 19:30 R\u00f8dby<\/li><li>19:15 Puttgarden \u27a8 20:00 R\u00f8dby<\/li><li>19:45 Puttgarden \u27a8 20:30 R\u00f8dby<\/li><li><span style=\"font-size: inherit; text-align: inherit; color: var( --e-global-color-text ); font-family: var( --e-global-typography-text-font-family ), Sans-serif; font-weight: var( --e-global-typography-text-font-weight ); letter-spacing: -0.015em;\">20:15 Puttgarden \u27a8 21:00 R\u00f8dby<\/span><\/li><li>20:45 Puttgarden \u27a8 21:30 R\u00f8dby<\/li><li>21:15 Puttgarden \u27a8 22:00 R\u00f8dby<\/li><li>21:45 Puttgarden \u27a8 22:30 R\u00f8dby<\/li><li>22:15 Puttgarden \u27a8 23:00 R\u00f8dby<\/li><li>22:45 Puttgarden \u27a8 23:30 R\u00f8dby<\/li><li>23:15 Puttgarden \u27a8 00:00 Rodby<\/li><li>23:45 Puttgarden \u27a8 00:30 Rodby<\/li><\/ul><\/div>\n\t\t\t\t\t\t\t<\/div>\n\t\t<\/div>\n\t\t\t\t\t\t<\/div>\n\t\t\t\t<\/div>\n\t\t\t\t\t<\/div>\n\t\t<\/div>\n\t\t\t\t<div class=\"elementor-column elementor-col-50 elementor-top-column elementor-element elementor-element-9a29147\" data-id=\"9a29147\" data-element_type=\"column\" data-e-type=\"column\">\n\t\t\t<div class=\"elementor-widget-wrap elementor-element-populated\">\n\t\t\t\t\t\t<div class=\"elementor-element elementor-element-de19ae8 elementor-widget elementor-widget-text-editor\" data-id=\"de19ae8\" data-element_type=\"widget\" data-e-type=\"widget\" data-settings=\"{&quot;sticky&quot;:&quot;top&quot;,&quot;sticky_parent&quot;:&quot;yes&quot;,&quot;sticky_offset&quot;:100,&quot;sticky_effects_offset&quot;:60,&quot;sticky_on&quot;:[&quot;desktop&quot;,&quot;tablet&quot;,&quot;mobile&quot;],&quot;sticky_anchor_link_offset&quot;:0}\" data-widget_type=\"text-editor.default\">\n\t\t\t\t<div class=\"elementor-widget-container\">\n\t\t\t\t\t\t\t\t\t<p><strong>F\u00e6rgebilletter<\/strong><\/p><p>De mest fordelagtige billetter er tilg\u00e6ngelige gennem f\u00e6rgeselskabet Scandlines.<\/p><p><strong><a href=\"https:\/\/puttgardenrodby.com\/dk\/go\/pages-side\" target=\"_blank\" rel=\"noopener\">Saml din overfart. \u2b9e<\/a><\/strong><\/p>\t\t\t\t\t\t\t\t<\/div>\n\t\t\t\t<\/div>\n\t\t\t\t\t<\/div>\n\t\t<\/div>\n\t\t\t\t\t<\/div>\n\t\t<\/section>\n\t\t\t\t<\/div>\n\t\t","protected":false},"excerpt":{"rendered":"<p>F\u00e6rgepris &#038; Billetter R\u00f8dby Puttgarden Tidsplan If\u00f8lge den almindelige tidsplan afg\u00e5r f\u00e6rgen fra R\u00f8dby\u00a0til\u00a0Puttgarden\u00a0(eller omvendt) hver halve time. Hold \u00f8je med de seneste rejseoplysninger for eventuelle \u00e6ndringer i afgangstider og ankomsttider. I visse tilf\u00e6lde kan sejltiderne afvige fra den normale tidsplan. Det er ogs\u00e5 klogt at tjekke vejret og trafikoplysningerne p\u00e5 forh\u00e5nd. Tidsplan R\u00f8dby \u27a8 [&hellip;]<\/p>\n","protected":false},"author":1,"featured_media":0,"parent":0,"menu_order":0,"comment_status":"closed","ping_status":"closed","template":"elementor_header_footer","meta":{"footnotes":""},"class_list":["post-651","page","type-page","status-publish","hentry"],"yoast_head":"<!-- This site is optimized with the Yoast SEO plugin v27.2 - https:\/\/yoast.com\/product\/yoast-seo-wordpress\/ -->\n<title>Puttgarden-R\u00f8dby f\u00e6rge tidsplan | Afgang- og ankomsttider<\/title>\n<meta name=\"description\" content=\"Se tidsplanen for Puttgarden-R\u00f8dby f\u00e6rgen p\u00e5 PuttgardenRodby.com. Alle afgangstider for denne f\u00e6rgeoverfart.\" \/>\n<meta name=\"robots\" content=\"index, follow, max-snippet:-1, max-image-preview:large, max-video-preview:-1\" \/>\n<link rel=\"canonical\" href=\"https:\/\/puttgardenrodby.com\/dk\/tidsplan\/\" \/>\n<meta property=\"og:locale\" content=\"da_DK\" \/>\n<meta property=\"og:type\" content=\"article\" \/>\n<meta property=\"og:title\" content=\"Puttgarden-R\u00f8dby f\u00e6rge tidsplan | Afgang- og ankomsttider\" \/>\n<meta property=\"og:description\" content=\"Se tidsplanen for Puttgarden-R\u00f8dby f\u00e6rgen p\u00e5 PuttgardenRodby.com. Alle afgangstider for denne f\u00e6rgeoverfart.\" \/>\n<meta property=\"og:url\" content=\"https:\/\/puttgardenrodby.com\/dk\/tidsplan\/\" \/>\n<meta property=\"og:site_name\" content=\"Puttgarden Rodby Dansk\" \/>\n<meta property=\"article:modified_time\" content=\"2024-03-21T13:08:41+00:00\" \/>\n<meta property=\"og:image\" content=\"https:\/\/puttgardenrodby.com\/dk\/wp-content\/uploads\/sites\/3\/2023\/05\/Ferry-sea-Puttgarden-Rodby.jpg\" \/>\n<meta name=\"twitter:card\" content=\"summary_large_image\" \/>\n<meta name=\"twitter:label1\" content=\"Estimeret l\u00e6setid\" \/>\n\t<meta name=\"twitter:data1\" content=\"4 minutter\" \/>\n<script type=\"application\/ld+json\" class=\"yoast-schema-graph\">{\"@context\":\"https:\/\/schema.org\",\"@graph\":[{\"@type\":\"WebPage\",\"@id\":\"https:\/\/puttgardenrodby.com\/dk\/tidsplan\/\",\"url\":\"https:\/\/puttgardenrodby.com\/dk\/tidsplan\/\",\"name\":\"Puttgarden-R\u00f8dby f\u00e6rge tidsplan | Afgang- og ankomsttider\",\"isPartOf\":{\"@id\":\"https:\/\/puttgardenrodby.com\/dk\/#website\"},\"primaryImageOfPage\":{\"@id\":\"https:\/\/puttgardenrodby.com\/dk\/tidsplan\/#primaryimage\"},\"image\":{\"@id\":\"https:\/\/puttgardenrodby.com\/dk\/tidsplan\/#primaryimage\"},\"thumbnailUrl\":\"https:\/\/puttgardenrodby.com\/dk\/wp-content\/uploads\/sites\/3\/2023\/05\/Ferry-sea-Puttgarden-Rodby.jpg\",\"datePublished\":\"2023-05-11T11:56:09+00:00\",\"dateModified\":\"2024-03-21T13:08:41+00:00\",\"description\":\"Se tidsplanen for Puttgarden-R\u00f8dby f\u00e6rgen p\u00e5 PuttgardenRodby.com. Alle afgangstider for denne f\u00e6rgeoverfart.\",\"breadcrumb\":{\"@id\":\"https:\/\/puttgardenrodby.com\/dk\/tidsplan\/#breadcrumb\"},\"inLanguage\":\"da-DK\",\"potentialAction\":[{\"@type\":\"ReadAction\",\"target\":[\"https:\/\/puttgardenrodby.com\/dk\/tidsplan\/\"]}]},{\"@type\":\"ImageObject\",\"inLanguage\":\"da-DK\",\"@id\":\"https:\/\/puttgardenrodby.com\/dk\/tidsplan\/#primaryimage\",\"url\":\"https:\/\/puttgardenrodby.com\/dk\/wp-content\/uploads\/sites\/3\/2023\/05\/Ferry-sea-Puttgarden-Rodby.jpg\",\"contentUrl\":\"https:\/\/puttgardenrodby.com\/dk\/wp-content\/uploads\/sites\/3\/2023\/05\/Ferry-sea-Puttgarden-Rodby.jpg\",\"width\":1000,\"height\":500,\"caption\":\"Ferry op zee Puttgarden Rodby\"},{\"@type\":\"BreadcrumbList\",\"@id\":\"https:\/\/puttgardenrodby.com\/dk\/tidsplan\/#breadcrumb\",\"itemListElement\":[{\"@type\":\"ListItem\",\"position\":1,\"name\":\"Home\",\"item\":\"https:\/\/puttgardenrodby.com\/dk\/\"},{\"@type\":\"ListItem\",\"position\":2,\"name\":\"Tidsplan\"}]},{\"@type\":\"WebSite\",\"@id\":\"https:\/\/puttgardenrodby.com\/dk\/#website\",\"url\":\"https:\/\/puttgardenrodby.com\/dk\/\",\"name\":\"Puttgarden Rodby Dansk\",\"description\":\"\",\"publisher\":{\"@id\":\"https:\/\/puttgardenrodby.com\/dk\/#organization\"},\"potentialAction\":[{\"@type\":\"SearchAction\",\"target\":{\"@type\":\"EntryPoint\",\"urlTemplate\":\"https:\/\/puttgardenrodby.com\/dk\/?s={search_term_string}\"},\"query-input\":{\"@type\":\"PropertyValueSpecification\",\"valueRequired\":true,\"valueName\":\"search_term_string\"}}],\"inLanguage\":\"da-DK\"},{\"@type\":\"Organization\",\"@id\":\"https:\/\/puttgardenrodby.com\/dk\/#organization\",\"name\":\"Puttgarden Rodby Dansk\",\"url\":\"https:\/\/puttgardenrodby.com\/dk\/\",\"logo\":{\"@type\":\"ImageObject\",\"inLanguage\":\"da-DK\",\"@id\":\"https:\/\/puttgardenrodby.com\/dk\/#\/schema\/logo\/image\/\",\"url\":\"https:\/\/puttgardenrodby.com\/dk\/wp-content\/uploads\/sites\/3\/2023\/05\/Puttgarden-Rodby-logo.png\",\"contentUrl\":\"https:\/\/puttgardenrodby.com\/dk\/wp-content\/uploads\/sites\/3\/2023\/05\/Puttgarden-Rodby-logo.png\",\"width\":1043,\"height\":347,\"caption\":\"Puttgarden Rodby Dansk\"},\"image\":{\"@id\":\"https:\/\/puttgardenrodby.com\/dk\/#\/schema\/logo\/image\/\"}}]}<\/script>\n<!-- \/ Yoast SEO plugin. -->","yoast_head_json":{"title":"Puttgarden-R\u00f8dby f\u00e6rge tidsplan | Afgang- og ankomsttider","description":"Se tidsplanen for Puttgarden-R\u00f8dby f\u00e6rgen p\u00e5 PuttgardenRodby.com. Alle afgangstider for denne f\u00e6rgeoverfart.","robots":{"index":"index","follow":"follow","max-snippet":"max-snippet:-1","max-image-preview":"max-image-preview:large","max-video-preview":"max-video-preview:-1"},"canonical":"https:\/\/puttgardenrodby.com\/dk\/tidsplan\/","og_locale":"da_DK","og_type":"article","og_title":"Puttgarden-R\u00f8dby f\u00e6rge tidsplan | Afgang- og ankomsttider","og_description":"Se tidsplanen for Puttgarden-R\u00f8dby f\u00e6rgen p\u00e5 PuttgardenRodby.com. Alle afgangstider for denne f\u00e6rgeoverfart.","og_url":"https:\/\/puttgardenrodby.com\/dk\/tidsplan\/","og_site_name":"Puttgarden Rodby Dansk","article_modified_time":"2024-03-21T13:08:41+00:00","og_image":[{"url":"https:\/\/puttgardenrodby.com\/dk\/wp-content\/uploads\/sites\/3\/2023\/05\/Ferry-sea-Puttgarden-Rodby.jpg","type":"","width":"","height":""}],"twitter_card":"summary_large_image","twitter_misc":{"Estimeret l\u00e6setid":"4 minutter"},"schema":{"@context":"https:\/\/schema.org","@graph":[{"@type":"WebPage","@id":"https:\/\/puttgardenrodby.com\/dk\/tidsplan\/","url":"https:\/\/puttgardenrodby.com\/dk\/tidsplan\/","name":"Puttgarden-R\u00f8dby f\u00e6rge tidsplan | Afgang- og ankomsttider","isPartOf":{"@id":"https:\/\/puttgardenrodby.com\/dk\/#website"},"primaryImageOfPage":{"@id":"https:\/\/puttgardenrodby.com\/dk\/tidsplan\/#primaryimage"},"image":{"@id":"https:\/\/puttgardenrodby.com\/dk\/tidsplan\/#primaryimage"},"thumbnailUrl":"https:\/\/puttgardenrodby.com\/dk\/wp-content\/uploads\/sites\/3\/2023\/05\/Ferry-sea-Puttgarden-Rodby.jpg","datePublished":"2023-05-11T11:56:09+00:00","dateModified":"2024-03-21T13:08:41+00:00","description":"Se tidsplanen for Puttgarden-R\u00f8dby f\u00e6rgen p\u00e5 PuttgardenRodby.com. Alle afgangstider for denne f\u00e6rgeoverfart.","breadcrumb":{"@id":"https:\/\/puttgardenrodby.com\/dk\/tidsplan\/#breadcrumb"},"inLanguage":"da-DK","potentialAction":[{"@type":"ReadAction","target":["https:\/\/puttgardenrodby.com\/dk\/tidsplan\/"]}]},{"@type":"ImageObject","inLanguage":"da-DK","@id":"https:\/\/puttgardenrodby.com\/dk\/tidsplan\/#primaryimage","url":"https:\/\/puttgardenrodby.com\/dk\/wp-content\/uploads\/sites\/3\/2023\/05\/Ferry-sea-Puttgarden-Rodby.jpg","contentUrl":"https:\/\/puttgardenrodby.com\/dk\/wp-content\/uploads\/sites\/3\/2023\/05\/Ferry-sea-Puttgarden-Rodby.jpg","width":1000,"height":500,"caption":"Ferry op zee Puttgarden Rodby"},{"@type":"BreadcrumbList","@id":"https:\/\/puttgardenrodby.com\/dk\/tidsplan\/#breadcrumb","itemListElement":[{"@type":"ListItem","position":1,"name":"Home","item":"https:\/\/puttgardenrodby.com\/dk\/"},{"@type":"ListItem","position":2,"name":"Tidsplan"}]},{"@type":"WebSite","@id":"https:\/\/puttgardenrodby.com\/dk\/#website","url":"https:\/\/puttgardenrodby.com\/dk\/","name":"Puttgarden Rodby Dansk","description":"","publisher":{"@id":"https:\/\/puttgardenrodby.com\/dk\/#organization"},"potentialAction":[{"@type":"SearchAction","target":{"@type":"EntryPoint","urlTemplate":"https:\/\/puttgardenrodby.com\/dk\/?s={search_term_string}"},"query-input":{"@type":"PropertyValueSpecification","valueRequired":true,"valueName":"search_term_string"}}],"inLanguage":"da-DK"},{"@type":"Organization","@id":"https:\/\/puttgardenrodby.com\/dk\/#organization","name":"Puttgarden Rodby Dansk","url":"https:\/\/puttgardenrodby.com\/dk\/","logo":{"@type":"ImageObject","inLanguage":"da-DK","@id":"https:\/\/puttgardenrodby.com\/dk\/#\/schema\/logo\/image\/","url":"https:\/\/puttgardenrodby.com\/dk\/wp-content\/uploads\/sites\/3\/2023\/05\/Puttgarden-Rodby-logo.png","contentUrl":"https:\/\/puttgardenrodby.com\/dk\/wp-content\/uploads\/sites\/3\/2023\/05\/Puttgarden-Rodby-logo.png","width":1043,"height":347,"caption":"Puttgarden Rodby Dansk"},"image":{"@id":"https:\/\/puttgardenrodby.com\/dk\/#\/schema\/logo\/image\/"}}]}},"_links":{"self":[{"href":"https:\/\/puttgardenrodby.com\/dk\/wp-json\/wp\/v2\/pages\/651","targetHints":{"allow":["GET"]}}],"collection":[{"href":"https:\/\/puttgardenrodby.com\/dk\/wp-json\/wp\/v2\/pages"}],"about":[{"href":"https:\/\/puttgardenrodby.com\/dk\/wp-json\/wp\/v2\/types\/page"}],"author":[{"embeddable":true,"href":"https:\/\/puttgardenrodby.com\/dk\/wp-json\/wp\/v2\/users\/1"}],"replies":[{"embeddable":true,"href":"https:\/\/puttgardenrodby.com\/dk\/wp-json\/wp\/v2\/comments?post=651"}],"version-history":[{"count":24,"href":"https:\/\/puttgardenrodby.com\/dk\/wp-json\/wp\/v2\/pages\/651\/revisions"}],"predecessor-version":[{"id":1271,"href":"https:\/\/puttgardenrodby.com\/dk\/wp-json\/wp\/v2\/pages\/651\/revisions\/1271"}],"wp:attachment":[{"href":"https:\/\/puttgardenrodby.com\/dk\/wp-json\/wp\/v2\/media?parent=651"}],"curies":[{"name":"wp","href":"https:\/\/api.w.org\/{rel}","templated":true}]}}