{"id":524,"date":"2023-05-10T07:59:58","date_gmt":"2023-05-10T07:59:58","guid":{"rendered":"https:\/\/puttgardenrodby.nl\/?page_id=524"},"modified":"2024-03-14T12:03:08","modified_gmt":"2024-03-14T12:03:08","slug":"fehmarnbelt-tunnelen","status":"publish","type":"page","link":"https:\/\/puttgardenrodby.com\/dk\/fehmarnbelt-tunnelen\/","title":{"rendered":"Fehmarnbelt-tunnelen"},"content":{"rendered":"\t\t<div data-elementor-type=\"wp-post\" data-elementor-id=\"524\" class=\"elementor elementor-524\" data-elementor-post-type=\"page\">\n\t\t\t\t\t\t<section class=\"elementor-section elementor-top-section elementor-element elementor-element-64d03108 elementor-section-boxed elementor-section-height-default elementor-section-height-default\" data-id=\"64d03108\" data-element_type=\"section\" data-e-type=\"section\" data-settings=\"{&quot;background_background&quot;:&quot;gradient&quot;,&quot;sticky&quot;:&quot;top&quot;,&quot;sticky_on&quot;:[&quot;desktop&quot;,&quot;tablet&quot;,&quot;mobile&quot;],&quot;sticky_offset&quot;:0,&quot;sticky_effects_offset&quot;:0,&quot;sticky_anchor_link_offset&quot;:0}\">\n\t\t\t\t\t\t<div class=\"elementor-container elementor-column-gap-default\">\n\t\t\t\t\t<div class=\"elementor-column elementor-col-50 elementor-top-column elementor-element elementor-element-32ab304a\" data-id=\"32ab304a\" data-element_type=\"column\" data-e-type=\"column\">\n\t\t\t<div class=\"elementor-widget-wrap elementor-element-populated\">\n\t\t\t\t\t\t<div class=\"elementor-element elementor-element-25e4e4f7 elementor-widget elementor-widget-breadcrumbs\" data-id=\"25e4e4f7\" data-element_type=\"widget\" data-e-type=\"widget\" data-widget_type=\"breadcrumbs.default\">\n\t\t\t\t<div class=\"elementor-widget-container\">\n\t\t\t\t\t<p id=\"breadcrumbs\"><span><span><a href=\"https:\/\/puttgardenrodby.com\/dk\/\">Home<\/a><\/span><\/span><\/p>\t\t\t\t<\/div>\n\t\t\t\t<\/div>\n\t\t\t\t\t<\/div>\n\t\t<\/div>\n\t\t\t\t<div class=\"elementor-column elementor-col-50 elementor-top-column elementor-element elementor-element-7cbad2d0\" data-id=\"7cbad2d0\" data-element_type=\"column\" data-e-type=\"column\">\n\t\t\t<div class=\"elementor-widget-wrap elementor-element-populated\">\n\t\t\t\t\t\t<div class=\"elementor-element elementor-element-4c583aa7 elementor-align-right elementor-mobile-align-center elementor-widget elementor-widget-button\" data-id=\"4c583aa7\" data-element_type=\"widget\" data-e-type=\"widget\" data-settings=\"{&quot;sticky&quot;:&quot;top&quot;,&quot;sticky_on&quot;:[&quot;mobile&quot;],&quot;sticky_offset&quot;:8,&quot;sticky_effects_offset_mobile&quot;:0,&quot;_animation_mobile&quot;:&quot;fadeIn&quot;,&quot;sticky_effects_offset&quot;:0,&quot;sticky_anchor_link_offset&quot;:0}\" data-widget_type=\"button.default\">\n\t\t\t\t<div class=\"elementor-widget-container\">\n\t\t\t\t\t\t\t\t\t<div class=\"elementor-button-wrapper\">\n\t\t\t\t\t<a class=\"elementor-button elementor-button-link elementor-size-md elementor-animation-shrink\" href=\"\/dk\/go\/knap-hoved-side\" target=\"_blank\">\n\t\t\t\t\t\t<span class=\"elementor-button-content-wrapper\">\n\t\t\t\t\t\t<span class=\"elementor-button-icon\">\n\t\t\t\t<i aria-hidden=\"true\" class=\"far fa-arrow-alt-circle-right\"><\/i>\t\t\t<\/span>\n\t\t\t\t\t\t\t\t\t<span class=\"elementor-button-text\">F\u00e6rgepris &amp; Billetter<\/span>\n\t\t\t\t\t<\/span>\n\t\t\t\t\t<\/a>\n\t\t\t\t<\/div>\n\t\t\t\t\t\t\t\t<\/div>\n\t\t\t\t<\/div>\n\t\t\t\t\t<\/div>\n\t\t<\/div>\n\t\t\t\t\t<\/div>\n\t\t<\/section>\n\t\t\t\t<section class=\"elementor-section elementor-top-section elementor-element elementor-element-348d881 elementor-section-boxed elementor-section-height-default elementor-section-height-default\" data-id=\"348d881\" data-element_type=\"section\" data-e-type=\"section\">\n\t\t\t\t\t\t\t<div class=\"elementor-background-overlay\"><\/div>\n\t\t\t\t\t\t\t<div class=\"elementor-container elementor-column-gap-default\">\n\t\t\t\t\t<div class=\"elementor-column elementor-col-50 elementor-top-column elementor-element elementor-element-2e117c7\" data-id=\"2e117c7\" data-element_type=\"column\" data-e-type=\"column\">\n\t\t\t<div class=\"elementor-widget-wrap elementor-element-populated\">\n\t\t\t\t\t\t<div class=\"elementor-element elementor-element-e20d4c6 elementor-widget elementor-widget-image\" data-id=\"e20d4c6\" data-element_type=\"widget\" data-e-type=\"widget\" data-widget_type=\"image.default\">\n\t\t\t\t<div class=\"elementor-widget-container\">\n\t\t\t\t\t\t\t\t\t\t\t\t\t\t\t<img fetchpriority=\"high\" decoding=\"async\" width=\"1000\" height=\"500\" src=\"https:\/\/puttgardenrodby.com\/dk\/wp-content\/uploads\/sites\/3\/2023\/05\/tunnel-blueprints.jpg\" class=\"attachment-full size-full wp-image-526\" alt=\"tunnel blueprints\" srcset=\"https:\/\/puttgardenrodby.com\/dk\/wp-content\/uploads\/sites\/3\/2023\/05\/tunnel-blueprints.jpg 1000w, https:\/\/puttgardenrodby.com\/dk\/wp-content\/uploads\/sites\/3\/2023\/05\/tunnel-blueprints-300x150.jpg 300w, https:\/\/puttgardenrodby.com\/dk\/wp-content\/uploads\/sites\/3\/2023\/05\/tunnel-blueprints-768x384.jpg 768w\" sizes=\"(max-width: 1000px) 100vw, 1000px\" \/>\t\t\t\t\t\t\t\t\t\t\t\t\t\t\t<\/div>\n\t\t\t\t<\/div>\n\t\t\t\t<div class=\"elementor-element elementor-element-18585c6 elementor-widget elementor-widget-heading\" data-id=\"18585c6\" data-element_type=\"widget\" data-e-type=\"widget\" data-widget_type=\"heading.default\">\n\t\t\t\t<div class=\"elementor-widget-container\">\n\t\t\t\t\t<h1 class=\"elementor-heading-title elementor-size-default\">Fehmarnbelt-tunnelen mellem Tyskland og Danmark<\/h1>\t\t\t\t<\/div>\n\t\t\t\t<\/div>\n\t\t\t\t<div class=\"elementor-element elementor-element-3d6085d elementor-widget elementor-widget-text-editor\" data-id=\"3d6085d\" data-element_type=\"widget\" data-e-type=\"widget\" data-widget_type=\"text-editor.default\">\n\t\t\t\t<div class=\"elementor-widget-container\">\n\t\t\t\t\t\t\t\t\t<p><strong>Fehmarnbelt-tunnelen, som i \u00f8jeblikket bliver bygget mellem Puttgarden i Tyskland og R\u00f8dby i Danmark, er et af de st\u00f8rste infrastrukturprojekter i Europa og forventes at v\u00e6re f\u00e6rdig i 2029. Tunnelen, ogs\u00e5 kendt som Puttgarden-tunnelen, vil danne en vigtig forbindelse mellem Skandinavien og Centraleuropa og forventes at have stor indvirkning p\u00e5 \u00f8konomien, milj\u00f8et og samfundet i regionen.<\/strong><\/p><p>Fehmarnbelt-tunnelen vil have en l\u00e6ngde p\u00e5 cirka 18 kilometer og vil best\u00e5 af en enkelt tunnelr\u00f8r, der kan transportere b\u00e5de tog, biler og lastbiler. Tunnelen vil blive bygget p\u00e5 en dybde p\u00e5 cirka 40 meter under havbunden. Rejsetiden med tog vil kun v\u00e6re syv minutter, og med bil vil rejsetiden v\u00e6re 10 minutter.<\/p><p>Fehmarnbelt-tunnelen forventes at give betydelige \u00f8konomiske fordele for regionen. Den vil fremme handel og turisme mellem Tyskland og Danmark, hvilket vil stimulere \u00f8konomisk v\u00e6kst og skabe nye besk\u00e6ftigelsesmuligheder. Derudover vil tunnelen reducere presset p\u00e5 den eksisterende infrastruktur og forkorte rejsetiderne, hvilket vil g\u00f8re regionen endnu mere attraktiv for b\u00e5de virksomheder og turister.<\/p><p>Hvad ang\u00e5r de nuv\u00e6rende f\u00e6rgeforbindelser, er konsekvenserne af tunnelen endnu ikke kendt, men det ser ud til, at de vil blive overfl\u00f8dige. Da tunnelen b\u00e5de vil have en vej- og jernbaneforbindelse, vil tunnelen v\u00e6re det bedre alternativ for b\u00e5de bilister og fodpassagerer. Det er muligt, at godstransport vil forts\u00e6tte over vandet.<\/p><p>Se ogs\u00e5 webkameraoptagelser af byggeriet af denne tunnel p\u00e5 <a href=\"https:\/\/puttgardenrodby.com\/dk\/webcams\/\">denne hjemmeside.<\/a><\/p><h4>Kilder:<\/h4><ul><li>Officiel hjemmeside for Fehmarnbelt-tunnelen: <a href=\"https:\/\/femern.com\/\" target=\"_new\">https:\/\/femern.com\/<\/a><\/li><\/ul>\t\t\t\t\t\t\t\t<\/div>\n\t\t\t\t<\/div>\n\t\t\t\t<div class=\"elementor-element elementor-element-253940c elementor-widget elementor-widget-video\" data-id=\"253940c\" data-element_type=\"widget\" data-e-type=\"widget\" data-settings=\"{&quot;youtube_url&quot;:&quot;https:\\\/\\\/www.youtube.com\\\/watch?v=5Uop3nun7mM&quot;,&quot;video_type&quot;:&quot;youtube&quot;,&quot;controls&quot;:&quot;yes&quot;}\" data-widget_type=\"video.default\">\n\t\t\t\t<div class=\"elementor-widget-container\">\n\t\t\t\t\t\t\t<div class=\"elementor-wrapper elementor-open-inline\">\n\t\t\t<div class=\"elementor-video\"><\/div>\t\t<\/div>\n\t\t\t\t\t\t<\/div>\n\t\t\t\t<\/div>\n\t\t\t\t\t<\/div>\n\t\t<\/div>\n\t\t\t\t<div class=\"elementor-column elementor-col-50 elementor-top-column elementor-element elementor-element-9a29147\" data-id=\"9a29147\" data-element_type=\"column\" data-e-type=\"column\">\n\t\t\t<div class=\"elementor-widget-wrap elementor-element-populated\">\n\t\t\t\t\t\t<div class=\"elementor-element elementor-element-de19ae8 elementor-widget elementor-widget-text-editor\" data-id=\"de19ae8\" data-element_type=\"widget\" data-e-type=\"widget\" data-settings=\"{&quot;sticky&quot;:&quot;top&quot;,&quot;sticky_parent&quot;:&quot;yes&quot;,&quot;sticky_offset&quot;:100,&quot;sticky_effects_offset&quot;:60,&quot;sticky_on&quot;:[&quot;desktop&quot;,&quot;tablet&quot;,&quot;mobile&quot;],&quot;sticky_anchor_link_offset&quot;:0}\" data-widget_type=\"text-editor.default\">\n\t\t\t\t<div class=\"elementor-widget-container\">\n\t\t\t\t\t\t\t\t\t<p><strong>F\u00e6rgebilletter<\/strong><\/p><p>De mest fordelagtige billetter er tilg\u00e6ngelige gennem f\u00e6rgeselskabet Scandlines.<\/p><p><strong><a href=\"https:\/\/puttgardenrodby.com\/dk\/go\/pages-side\" target=\"_blank\" rel=\"noopener\">Saml din overfart. \u2b9e<\/a><\/strong><\/p>\t\t\t\t\t\t\t\t<\/div>\n\t\t\t\t<\/div>\n\t\t\t\t\t<\/div>\n\t\t<\/div>\n\t\t\t\t\t<\/div>\n\t\t<\/section>\n\t\t\t\t<\/div>\n\t\t","protected":false},"excerpt":{"rendered":"<p>F\u00e6rgepris &#038; Billetter Fehmarnbelt-tunnelen mellem Tyskland og Danmark Fehmarnbelt-tunnelen, som i \u00f8jeblikket bliver bygget mellem Puttgarden i Tyskland og R\u00f8dby i Danmark, er et af de st\u00f8rste infrastrukturprojekter i Europa og forventes at v\u00e6re f\u00e6rdig i 2029. Tunnelen, ogs\u00e5 kendt som Puttgarden-tunnelen, vil danne en vigtig forbindelse mellem Skandinavien og Centraleuropa og forventes at have [&hellip;]<\/p>\n","protected":false},"author":1,"featured_media":0,"parent":0,"menu_order":0,"comment_status":"closed","ping_status":"closed","template":"elementor_header_footer","meta":{"footnotes":""},"class_list":["post-524","page","type-page","status-publish","hentry"],"yoast_head":"<!-- This site is optimized with the Yoast SEO plugin v27.2 - https:\/\/yoast.com\/product\/yoast-seo-wordpress\/ -->\n<title>Fehmarnbelt-tunnelen | Tyskland-Danmark | PuttgardenRodby.com<\/title>\n<meta name=\"description\" content=\"Fehmarnbelt-tunnelen er den kommende faste forbindelse mellem Tyskland og Danmark. L\u00e6s mere om den planlagte konstruktion.\" \/>\n<meta name=\"robots\" content=\"index, follow, max-snippet:-1, max-image-preview:large, max-video-preview:-1\" \/>\n<link rel=\"canonical\" href=\"https:\/\/puttgardenrodby.com\/dk\/fehmarnbelt-tunnelen\/\" \/>\n<meta property=\"og:locale\" content=\"da_DK\" \/>\n<meta property=\"og:type\" content=\"article\" \/>\n<meta property=\"og:title\" content=\"Fehmarnbelt-tunnelen | Tyskland-Danmark | PuttgardenRodby.com\" \/>\n<meta property=\"og:description\" content=\"Fehmarnbelt-tunnelen er den kommende faste forbindelse mellem Tyskland og Danmark. L\u00e6s mere om den planlagte konstruktion.\" \/>\n<meta property=\"og:url\" content=\"https:\/\/puttgardenrodby.com\/dk\/fehmarnbelt-tunnelen\/\" \/>\n<meta property=\"og:site_name\" content=\"Puttgarden Rodby Dansk\" \/>\n<meta property=\"article:modified_time\" content=\"2024-03-14T12:03:08+00:00\" \/>\n<meta property=\"og:image\" content=\"https:\/\/puttgardenrodby.com\/dk\/wp-content\/uploads\/sites\/3\/2023\/05\/tunnel-blueprints.jpg\" \/>\n<meta name=\"twitter:card\" content=\"summary_large_image\" \/>\n<meta name=\"twitter:label1\" content=\"Estimeret l\u00e6setid\" \/>\n\t<meta name=\"twitter:data1\" content=\"2 minutter\" \/>\n<script type=\"application\/ld+json\" class=\"yoast-schema-graph\">{\"@context\":\"https:\/\/schema.org\",\"@graph\":[{\"@type\":\"WebPage\",\"@id\":\"https:\/\/puttgardenrodby.com\/dk\/fehmarnbelt-tunnelen\/\",\"url\":\"https:\/\/puttgardenrodby.com\/dk\/fehmarnbelt-tunnelen\/\",\"name\":\"Fehmarnbelt-tunnelen | Tyskland-Danmark | PuttgardenRodby.com\",\"isPartOf\":{\"@id\":\"https:\/\/puttgardenrodby.com\/dk\/#website\"},\"primaryImageOfPage\":{\"@id\":\"https:\/\/puttgardenrodby.com\/dk\/fehmarnbelt-tunnelen\/#primaryimage\"},\"image\":{\"@id\":\"https:\/\/puttgardenrodby.com\/dk\/fehmarnbelt-tunnelen\/#primaryimage\"},\"thumbnailUrl\":\"https:\/\/puttgardenrodby.com\/dk\/wp-content\/uploads\/sites\/3\/2023\/05\/tunnel-blueprints.jpg\",\"datePublished\":\"2023-05-10T07:59:58+00:00\",\"dateModified\":\"2024-03-14T12:03:08+00:00\",\"description\":\"Fehmarnbelt-tunnelen er den kommende faste forbindelse mellem Tyskland og Danmark. L\u00e6s mere om den planlagte konstruktion.\",\"breadcrumb\":{\"@id\":\"https:\/\/puttgardenrodby.com\/dk\/fehmarnbelt-tunnelen\/#breadcrumb\"},\"inLanguage\":\"da-DK\",\"potentialAction\":[{\"@type\":\"ReadAction\",\"target\":[\"https:\/\/puttgardenrodby.com\/dk\/fehmarnbelt-tunnelen\/\"]}]},{\"@type\":\"ImageObject\",\"inLanguage\":\"da-DK\",\"@id\":\"https:\/\/puttgardenrodby.com\/dk\/fehmarnbelt-tunnelen\/#primaryimage\",\"url\":\"https:\/\/puttgardenrodby.com\/dk\/wp-content\/uploads\/sites\/3\/2023\/05\/tunnel-blueprints.jpg\",\"contentUrl\":\"https:\/\/puttgardenrodby.com\/dk\/wp-content\/uploads\/sites\/3\/2023\/05\/tunnel-blueprints.jpg\",\"width\":1000,\"height\":500,\"caption\":\"tunnel blueprints\"},{\"@type\":\"BreadcrumbList\",\"@id\":\"https:\/\/puttgardenrodby.com\/dk\/fehmarnbelt-tunnelen\/#breadcrumb\",\"itemListElement\":[{\"@type\":\"ListItem\",\"position\":1,\"name\":\"Home\",\"item\":\"https:\/\/puttgardenrodby.com\/dk\/\"},{\"@type\":\"ListItem\",\"position\":2,\"name\":\"Fehmarnbelt-tunnelen\"}]},{\"@type\":\"WebSite\",\"@id\":\"https:\/\/puttgardenrodby.com\/dk\/#website\",\"url\":\"https:\/\/puttgardenrodby.com\/dk\/\",\"name\":\"Puttgarden Rodby Dansk\",\"description\":\"\",\"publisher\":{\"@id\":\"https:\/\/puttgardenrodby.com\/dk\/#organization\"},\"potentialAction\":[{\"@type\":\"SearchAction\",\"target\":{\"@type\":\"EntryPoint\",\"urlTemplate\":\"https:\/\/puttgardenrodby.com\/dk\/?s={search_term_string}\"},\"query-input\":{\"@type\":\"PropertyValueSpecification\",\"valueRequired\":true,\"valueName\":\"search_term_string\"}}],\"inLanguage\":\"da-DK\"},{\"@type\":\"Organization\",\"@id\":\"https:\/\/puttgardenrodby.com\/dk\/#organization\",\"name\":\"Puttgarden Rodby Dansk\",\"url\":\"https:\/\/puttgardenrodby.com\/dk\/\",\"logo\":{\"@type\":\"ImageObject\",\"inLanguage\":\"da-DK\",\"@id\":\"https:\/\/puttgardenrodby.com\/dk\/#\/schema\/logo\/image\/\",\"url\":\"https:\/\/puttgardenrodby.com\/dk\/wp-content\/uploads\/sites\/3\/2023\/05\/Puttgarden-Rodby-logo.png\",\"contentUrl\":\"https:\/\/puttgardenrodby.com\/dk\/wp-content\/uploads\/sites\/3\/2023\/05\/Puttgarden-Rodby-logo.png\",\"width\":1043,\"height\":347,\"caption\":\"Puttgarden Rodby Dansk\"},\"image\":{\"@id\":\"https:\/\/puttgardenrodby.com\/dk\/#\/schema\/logo\/image\/\"}}]}<\/script>\n<!-- \/ Yoast SEO plugin. -->","yoast_head_json":{"title":"Fehmarnbelt-tunnelen | Tyskland-Danmark | PuttgardenRodby.com","description":"Fehmarnbelt-tunnelen er den kommende faste forbindelse mellem Tyskland og Danmark. L\u00e6s mere om den planlagte konstruktion.","robots":{"index":"index","follow":"follow","max-snippet":"max-snippet:-1","max-image-preview":"max-image-preview:large","max-video-preview":"max-video-preview:-1"},"canonical":"https:\/\/puttgardenrodby.com\/dk\/fehmarnbelt-tunnelen\/","og_locale":"da_DK","og_type":"article","og_title":"Fehmarnbelt-tunnelen | Tyskland-Danmark | PuttgardenRodby.com","og_description":"Fehmarnbelt-tunnelen er den kommende faste forbindelse mellem Tyskland og Danmark. L\u00e6s mere om den planlagte konstruktion.","og_url":"https:\/\/puttgardenrodby.com\/dk\/fehmarnbelt-tunnelen\/","og_site_name":"Puttgarden Rodby Dansk","article_modified_time":"2024-03-14T12:03:08+00:00","og_image":[{"url":"https:\/\/puttgardenrodby.com\/dk\/wp-content\/uploads\/sites\/3\/2023\/05\/tunnel-blueprints.jpg","type":"","width":"","height":""}],"twitter_card":"summary_large_image","twitter_misc":{"Estimeret l\u00e6setid":"2 minutter"},"schema":{"@context":"https:\/\/schema.org","@graph":[{"@type":"WebPage","@id":"https:\/\/puttgardenrodby.com\/dk\/fehmarnbelt-tunnelen\/","url":"https:\/\/puttgardenrodby.com\/dk\/fehmarnbelt-tunnelen\/","name":"Fehmarnbelt-tunnelen | Tyskland-Danmark | PuttgardenRodby.com","isPartOf":{"@id":"https:\/\/puttgardenrodby.com\/dk\/#website"},"primaryImageOfPage":{"@id":"https:\/\/puttgardenrodby.com\/dk\/fehmarnbelt-tunnelen\/#primaryimage"},"image":{"@id":"https:\/\/puttgardenrodby.com\/dk\/fehmarnbelt-tunnelen\/#primaryimage"},"thumbnailUrl":"https:\/\/puttgardenrodby.com\/dk\/wp-content\/uploads\/sites\/3\/2023\/05\/tunnel-blueprints.jpg","datePublished":"2023-05-10T07:59:58+00:00","dateModified":"2024-03-14T12:03:08+00:00","description":"Fehmarnbelt-tunnelen er den kommende faste forbindelse mellem Tyskland og Danmark. L\u00e6s mere om den planlagte konstruktion.","breadcrumb":{"@id":"https:\/\/puttgardenrodby.com\/dk\/fehmarnbelt-tunnelen\/#breadcrumb"},"inLanguage":"da-DK","potentialAction":[{"@type":"ReadAction","target":["https:\/\/puttgardenrodby.com\/dk\/fehmarnbelt-tunnelen\/"]}]},{"@type":"ImageObject","inLanguage":"da-DK","@id":"https:\/\/puttgardenrodby.com\/dk\/fehmarnbelt-tunnelen\/#primaryimage","url":"https:\/\/puttgardenrodby.com\/dk\/wp-content\/uploads\/sites\/3\/2023\/05\/tunnel-blueprints.jpg","contentUrl":"https:\/\/puttgardenrodby.com\/dk\/wp-content\/uploads\/sites\/3\/2023\/05\/tunnel-blueprints.jpg","width":1000,"height":500,"caption":"tunnel blueprints"},{"@type":"BreadcrumbList","@id":"https:\/\/puttgardenrodby.com\/dk\/fehmarnbelt-tunnelen\/#breadcrumb","itemListElement":[{"@type":"ListItem","position":1,"name":"Home","item":"https:\/\/puttgardenrodby.com\/dk\/"},{"@type":"ListItem","position":2,"name":"Fehmarnbelt-tunnelen"}]},{"@type":"WebSite","@id":"https:\/\/puttgardenrodby.com\/dk\/#website","url":"https:\/\/puttgardenrodby.com\/dk\/","name":"Puttgarden Rodby Dansk","description":"","publisher":{"@id":"https:\/\/puttgardenrodby.com\/dk\/#organization"},"potentialAction":[{"@type":"SearchAction","target":{"@type":"EntryPoint","urlTemplate":"https:\/\/puttgardenrodby.com\/dk\/?s={search_term_string}"},"query-input":{"@type":"PropertyValueSpecification","valueRequired":true,"valueName":"search_term_string"}}],"inLanguage":"da-DK"},{"@type":"Organization","@id":"https:\/\/puttgardenrodby.com\/dk\/#organization","name":"Puttgarden Rodby Dansk","url":"https:\/\/puttgardenrodby.com\/dk\/","logo":{"@type":"ImageObject","inLanguage":"da-DK","@id":"https:\/\/puttgardenrodby.com\/dk\/#\/schema\/logo\/image\/","url":"https:\/\/puttgardenrodby.com\/dk\/wp-content\/uploads\/sites\/3\/2023\/05\/Puttgarden-Rodby-logo.png","contentUrl":"https:\/\/puttgardenrodby.com\/dk\/wp-content\/uploads\/sites\/3\/2023\/05\/Puttgarden-Rodby-logo.png","width":1043,"height":347,"caption":"Puttgarden Rodby Dansk"},"image":{"@id":"https:\/\/puttgardenrodby.com\/dk\/#\/schema\/logo\/image\/"}}]}},"_links":{"self":[{"href":"https:\/\/puttgardenrodby.com\/dk\/wp-json\/wp\/v2\/pages\/524","targetHints":{"allow":["GET"]}}],"collection":[{"href":"https:\/\/puttgardenrodby.com\/dk\/wp-json\/wp\/v2\/pages"}],"about":[{"href":"https:\/\/puttgardenrodby.com\/dk\/wp-json\/wp\/v2\/types\/page"}],"author":[{"embeddable":true,"href":"https:\/\/puttgardenrodby.com\/dk\/wp-json\/wp\/v2\/users\/1"}],"replies":[{"embeddable":true,"href":"https:\/\/puttgardenrodby.com\/dk\/wp-json\/wp\/v2\/comments?post=524"}],"version-history":[{"count":13,"href":"https:\/\/puttgardenrodby.com\/dk\/wp-json\/wp\/v2\/pages\/524\/revisions"}],"predecessor-version":[{"id":1240,"href":"https:\/\/puttgardenrodby.com\/dk\/wp-json\/wp\/v2\/pages\/524\/revisions\/1240"}],"wp:attachment":[{"href":"https:\/\/puttgardenrodby.com\/dk\/wp-json\/wp\/v2\/media?parent=524"}],"curies":[{"name":"wp","href":"https:\/\/api.w.org\/{rel}","templated":true}]}}