{"id":357,"date":"2023-05-09T13:21:50","date_gmt":"2023-05-09T13:21:50","guid":{"rendered":"https:\/\/puttgardenrodby.nl\/?page_id=357"},"modified":"2024-03-14T11:35:08","modified_gmt":"2024-03-14T11:35:08","slug":"alternativer","status":"publish","type":"page","link":"https:\/\/puttgardenrodby.com\/dk\/alternativer\/","title":{"rendered":"Alternativer"},"content":{"rendered":"\t\t<div data-elementor-type=\"wp-post\" data-elementor-id=\"357\" class=\"elementor elementor-357\" data-elementor-post-type=\"page\">\n\t\t\t\t\t\t<section class=\"elementor-section elementor-top-section elementor-element elementor-element-6df9c2ce elementor-section-boxed elementor-section-height-default elementor-section-height-default\" data-id=\"6df9c2ce\" data-element_type=\"section\" data-e-type=\"section\" data-settings=\"{&quot;background_background&quot;:&quot;gradient&quot;,&quot;sticky&quot;:&quot;top&quot;,&quot;sticky_on&quot;:[&quot;desktop&quot;,&quot;tablet&quot;,&quot;mobile&quot;],&quot;sticky_offset&quot;:0,&quot;sticky_effects_offset&quot;:0,&quot;sticky_anchor_link_offset&quot;:0}\">\n\t\t\t\t\t\t<div class=\"elementor-container elementor-column-gap-default\">\n\t\t\t\t\t<div class=\"elementor-column elementor-col-50 elementor-top-column elementor-element elementor-element-14b5434b\" data-id=\"14b5434b\" data-element_type=\"column\" data-e-type=\"column\">\n\t\t\t<div class=\"elementor-widget-wrap elementor-element-populated\">\n\t\t\t\t\t\t<div class=\"elementor-element elementor-element-6a28212b elementor-widget elementor-widget-breadcrumbs\" data-id=\"6a28212b\" data-element_type=\"widget\" data-e-type=\"widget\" data-widget_type=\"breadcrumbs.default\">\n\t\t\t\t<div class=\"elementor-widget-container\">\n\t\t\t\t\t<p id=\"breadcrumbs\"><span><span><a href=\"https:\/\/puttgardenrodby.com\/dk\/\">Home<\/a><\/span><\/span><\/p>\t\t\t\t<\/div>\n\t\t\t\t<\/div>\n\t\t\t\t\t<\/div>\n\t\t<\/div>\n\t\t\t\t<div class=\"elementor-column elementor-col-50 elementor-top-column elementor-element elementor-element-39c414e7\" data-id=\"39c414e7\" data-element_type=\"column\" data-e-type=\"column\">\n\t\t\t<div class=\"elementor-widget-wrap elementor-element-populated\">\n\t\t\t\t\t\t<div class=\"elementor-element elementor-element-2b02a87 elementor-align-right elementor-mobile-align-center elementor-widget elementor-widget-button\" data-id=\"2b02a87\" data-element_type=\"widget\" data-e-type=\"widget\" data-settings=\"{&quot;sticky&quot;:&quot;top&quot;,&quot;sticky_on&quot;:[&quot;mobile&quot;],&quot;sticky_offset&quot;:8,&quot;sticky_effects_offset_mobile&quot;:0,&quot;_animation_mobile&quot;:&quot;fadeIn&quot;,&quot;sticky_effects_offset&quot;:0,&quot;sticky_anchor_link_offset&quot;:0}\" data-widget_type=\"button.default\">\n\t\t\t\t<div class=\"elementor-widget-container\">\n\t\t\t\t\t\t\t\t\t<div class=\"elementor-button-wrapper\">\n\t\t\t\t\t<a class=\"elementor-button elementor-button-link elementor-size-md elementor-animation-shrink\" href=\"\/dk\/go\/knap-hoved-side\" target=\"_blank\">\n\t\t\t\t\t\t<span class=\"elementor-button-content-wrapper\">\n\t\t\t\t\t\t<span class=\"elementor-button-icon\">\n\t\t\t\t<i aria-hidden=\"true\" class=\"far fa-arrow-alt-circle-right\"><\/i>\t\t\t<\/span>\n\t\t\t\t\t\t\t\t\t<span class=\"elementor-button-text\">F\u00e6rgepris &amp; Billetter<\/span>\n\t\t\t\t\t<\/span>\n\t\t\t\t\t<\/a>\n\t\t\t\t<\/div>\n\t\t\t\t\t\t\t\t<\/div>\n\t\t\t\t<\/div>\n\t\t\t\t\t<\/div>\n\t\t<\/div>\n\t\t\t\t\t<\/div>\n\t\t<\/section>\n\t\t\t\t<section class=\"elementor-section elementor-top-section elementor-element elementor-element-348d881 elementor-section-boxed elementor-section-height-default elementor-section-height-default\" data-id=\"348d881\" data-element_type=\"section\" data-e-type=\"section\">\n\t\t\t\t\t\t\t<div class=\"elementor-background-overlay\"><\/div>\n\t\t\t\t\t\t\t<div class=\"elementor-container elementor-column-gap-default\">\n\t\t\t\t\t<div class=\"elementor-column elementor-col-50 elementor-top-column elementor-element elementor-element-2e117c7\" data-id=\"2e117c7\" data-element_type=\"column\" data-e-type=\"column\">\n\t\t\t<div class=\"elementor-widget-wrap elementor-element-populated\">\n\t\t\t\t\t\t<div class=\"elementor-element elementor-element-e20d4c6 elementor-widget elementor-widget-image\" data-id=\"e20d4c6\" data-element_type=\"widget\" data-e-type=\"widget\" data-widget_type=\"image.default\">\n\t\t\t\t<div class=\"elementor-widget-container\">\n\t\t\t\t\t\t\t\t\t\t\t\t\t\t\t<img fetchpriority=\"high\" decoding=\"async\" width=\"1500\" height=\"750\" src=\"https:\/\/puttgardenrodby.com\/dk\/wp-content\/uploads\/sites\/3\/2023\/05\/gedser-harbour.jpg\" class=\"attachment-full size-full wp-image-500\" alt=\"\" srcset=\"https:\/\/puttgardenrodby.com\/dk\/wp-content\/uploads\/sites\/3\/2023\/05\/gedser-harbour.jpg 1500w, https:\/\/puttgardenrodby.com\/dk\/wp-content\/uploads\/sites\/3\/2023\/05\/gedser-harbour-300x150.jpg 300w, https:\/\/puttgardenrodby.com\/dk\/wp-content\/uploads\/sites\/3\/2023\/05\/gedser-harbour-1024x512.jpg 1024w, https:\/\/puttgardenrodby.com\/dk\/wp-content\/uploads\/sites\/3\/2023\/05\/gedser-harbour-768x384.jpg 768w\" sizes=\"(max-width: 1500px) 100vw, 1500px\" \/>\t\t\t\t\t\t\t\t\t\t\t\t\t\t\t<\/div>\n\t\t\t\t<\/div>\n\t\t\t\t<div class=\"elementor-element elementor-element-18585c6 elementor-widget elementor-widget-heading\" data-id=\"18585c6\" data-element_type=\"widget\" data-e-type=\"widget\" data-widget_type=\"heading.default\">\n\t\t\t\t<div class=\"elementor-widget-container\">\n\t\t\t\t\t<h1 class=\"elementor-heading-title elementor-size-default\">Alternative ruter<\/h1>\t\t\t\t<\/div>\n\t\t\t\t<\/div>\n\t\t\t\t<div class=\"elementor-element elementor-element-3d6085d elementor-widget elementor-widget-text-editor\" data-id=\"3d6085d\" data-element_type=\"widget\" data-e-type=\"widget\" data-widget_type=\"text-editor.default\">\n\t\t\t\t<div class=\"elementor-widget-container\">\n\t\t\t\t\t\t\t\t\t<p><b>F\u00e6rgen mellem Puttgarden og R\u00f8dby har to gode alternativer. Disse tager dig mod Tyskland fra Lolland, Falster, Sj\u00e6lland, K\u00f8benhavn og Sverige.<\/b><\/p><h2><span style=\"font-size: 4.8rem; font-weight: bold; letter-spacing: -0.0415625em; text-align: inherit; color: var( --e-global-color-text ); font-family: var( --e-global-typography-text-font-family ), Sans-serif;\">Rostock-Gedser<\/span><\/h2><p>Lidt l\u00e6ngere mod \u00f8st ligger f\u00e6rgen fra Rostock til Gedser. Denne forbindelse tager 2 timer, hvilket er lidt l\u00e6ngere, men det kan v\u00e6re en favorabel overfart med k\u00f8rsel.<\/p><p><a href=\"https:\/\/puttgardenrodby.com\/dk\/go\/rostock-gedser\" target=\"_blank\" rel=\"noopener\">Rostock-Gedser-overfarten<\/a> foretages 10 gange om dagen og drives ogs\u00e5 af <a href=\"https:\/\/puttgardenrodby.com\/dk\/go\/scandlines\" target=\"_blank\" rel=\"noopener\">Scandlines.<\/a><\/p><h2>At k\u00f8re via broerne.<\/h2><p>En anden mulighed er at tage Storeb\u00e6ltsbroen, der forbinder den danske \u00f8 Sj\u00e6lland med \u00f8en Fyn. Denne imponerende ingeni\u00f8rbedrift er en del af motorvejen E20. Fra Danmark kan du k\u00f8re mod Storeb\u00e6ltsbroen ved at f\u00f8lge E45 og derefter tage de passende afk\u00f8rsler for at n\u00e5 broen. Det er en betalingsbro, og du kan give dit nummerplade i forvejen for at sikre en problemfri passage.<\/p><p><a href=\"https:\/\/storebaelt.dk\" target=\"_blank\" rel=\"noopener\">https:\/\/storebaelt.dk<\/a><\/p><p>N\u00e5r du er p\u00e5 broen, kan du nyde den fantastiske udsigt over havet og de omkringliggende \u00f8er. Efter at have krydset broen og ankommet til Fyn kan du forts\u00e6tte din rejse mod Tyskland ved at f\u00f8lge motorvejene mod Flensborg.<\/p>\t\t\t\t\t\t\t\t<\/div>\n\t\t\t\t<\/div>\n\t\t\t\t<div class=\"elementor-element elementor-element-627991c elementor-widget elementor-widget-image\" data-id=\"627991c\" data-element_type=\"widget\" data-e-type=\"widget\" data-widget_type=\"image.default\">\n\t\t\t\t<div class=\"elementor-widget-container\">\n\t\t\t\t\t\t\t\t\t\t\t\t\t\t\t<img decoding=\"async\" width=\"800\" height=\"500\" src=\"https:\/\/puttgardenrodby.com\/dk\/wp-content\/uploads\/sites\/3\/2023\/07\/storebaelt.jpg\" class=\"attachment-full size-full wp-image-1146\" alt=\"\" srcset=\"https:\/\/puttgardenrodby.com\/dk\/wp-content\/uploads\/sites\/3\/2023\/07\/storebaelt.jpg 800w, https:\/\/puttgardenrodby.com\/dk\/wp-content\/uploads\/sites\/3\/2023\/07\/storebaelt-300x188.jpg 300w, https:\/\/puttgardenrodby.com\/dk\/wp-content\/uploads\/sites\/3\/2023\/07\/storebaelt-768x480.jpg 768w\" sizes=\"(max-width: 800px) 100vw, 800px\" \/>\t\t\t\t\t\t\t\t\t\t\t\t\t\t\t<\/div>\n\t\t\t\t<\/div>\n\t\t\t\t\t<\/div>\n\t\t<\/div>\n\t\t\t\t<div class=\"elementor-column elementor-col-50 elementor-top-column elementor-element elementor-element-9a29147\" data-id=\"9a29147\" data-element_type=\"column\" data-e-type=\"column\">\n\t\t\t<div class=\"elementor-widget-wrap elementor-element-populated\">\n\t\t\t\t\t\t<div class=\"elementor-element elementor-element-de19ae8 elementor-widget elementor-widget-text-editor\" data-id=\"de19ae8\" data-element_type=\"widget\" data-e-type=\"widget\" data-settings=\"{&quot;sticky&quot;:&quot;top&quot;,&quot;sticky_parent&quot;:&quot;yes&quot;,&quot;sticky_offset&quot;:100,&quot;sticky_effects_offset&quot;:60,&quot;sticky_on&quot;:[&quot;desktop&quot;,&quot;tablet&quot;,&quot;mobile&quot;],&quot;sticky_anchor_link_offset&quot;:0}\" data-widget_type=\"text-editor.default\">\n\t\t\t\t<div class=\"elementor-widget-container\">\n\t\t\t\t\t\t\t\t\t<p><strong>F\u00e6rgebilletter<\/strong><\/p><p>De mest fordelagtige billetter er tilg\u00e6ngelige gennem f\u00e6rgeselskabet Scandlines.<\/p><p><strong><a href=\"https:\/\/puttgardenrodby.com\/dk\/go\/pages-side\" target=\"_blank\" rel=\"noopener\">Saml din overfart. \u2b9e<\/a><\/strong><\/p>\t\t\t\t\t\t\t\t<\/div>\n\t\t\t\t<\/div>\n\t\t\t\t\t<\/div>\n\t\t<\/div>\n\t\t\t\t\t<\/div>\n\t\t<\/section>\n\t\t\t\t<\/div>\n\t\t","protected":false},"excerpt":{"rendered":"<p>F\u00e6rgepris &#038; Billetter Alternative ruter F\u00e6rgen mellem Puttgarden og R\u00f8dby har to gode alternativer. Disse tager dig mod Tyskland fra Lolland, Falster, Sj\u00e6lland, K\u00f8benhavn og Sverige. Rostock-Gedser Lidt l\u00e6ngere mod \u00f8st ligger f\u00e6rgen fra Rostock til Gedser. Denne forbindelse tager 2 timer, hvilket er lidt l\u00e6ngere, men det kan v\u00e6re en favorabel overfart med k\u00f8rsel. [&hellip;]<\/p>\n","protected":false},"author":1,"featured_media":0,"parent":0,"menu_order":0,"comment_status":"closed","ping_status":"closed","template":"elementor_header_footer","meta":{"footnotes":""},"class_list":["post-357","page","type-page","status-publish","hentry"],"yoast_head":"<!-- This site is optimized with the Yoast SEO plugin v27.2 - https:\/\/yoast.com\/product\/yoast-seo-wordpress\/ -->\n<title>Alternative ruter Puttgarden-R\u00f8dby f\u00e6rge<\/title>\n<meta name=\"robots\" content=\"index, follow, max-snippet:-1, max-image-preview:large, max-video-preview:-1\" \/>\n<link rel=\"canonical\" href=\"https:\/\/puttgardenrodby.com\/dk\/alternativer\/\" \/>\n<meta property=\"og:locale\" content=\"da_DK\" \/>\n<meta property=\"og:type\" content=\"article\" \/>\n<meta property=\"og:title\" content=\"Alternative ruter Puttgarden-R\u00f8dby f\u00e6rge\" \/>\n<meta property=\"og:description\" content=\"F\u00e6rgepris &#038; Billetter Alternative ruter F\u00e6rgen mellem Puttgarden og R\u00f8dby har to gode alternativer. Disse tager dig mod Tyskland fra Lolland, Falster, Sj\u00e6lland, K\u00f8benhavn og Sverige. Rostock-Gedser Lidt l\u00e6ngere mod \u00f8st ligger f\u00e6rgen fra Rostock til Gedser. Denne forbindelse tager 2 timer, hvilket er lidt l\u00e6ngere, men det kan v\u00e6re en favorabel overfart med k\u00f8rsel. [&hellip;]\" \/>\n<meta property=\"og:url\" content=\"https:\/\/puttgardenrodby.com\/dk\/alternativer\/\" \/>\n<meta property=\"og:site_name\" content=\"Puttgarden Rodby Dansk\" \/>\n<meta property=\"article:modified_time\" content=\"2024-03-14T11:35:08+00:00\" \/>\n<meta property=\"og:image\" content=\"https:\/\/puttgardenrodby.com\/dk\/wp-content\/uploads\/sites\/3\/2023\/05\/gedser-harbour.jpg\" \/>\n<meta name=\"twitter:card\" content=\"summary_large_image\" \/>\n<meta name=\"twitter:label1\" content=\"Estimeret l\u00e6setid\" \/>\n\t<meta name=\"twitter:data1\" content=\"2 minutter\" \/>\n<script type=\"application\/ld+json\" class=\"yoast-schema-graph\">{\"@context\":\"https:\/\/schema.org\",\"@graph\":[{\"@type\":\"WebPage\",\"@id\":\"https:\/\/puttgardenrodby.com\/dk\/alternativer\/\",\"url\":\"https:\/\/puttgardenrodby.com\/dk\/alternativer\/\",\"name\":\"Alternative ruter Puttgarden-R\u00f8dby f\u00e6rge\",\"isPartOf\":{\"@id\":\"https:\/\/puttgardenrodby.com\/dk\/#website\"},\"primaryImageOfPage\":{\"@id\":\"https:\/\/puttgardenrodby.com\/dk\/alternativer\/#primaryimage\"},\"image\":{\"@id\":\"https:\/\/puttgardenrodby.com\/dk\/alternativer\/#primaryimage\"},\"thumbnailUrl\":\"https:\/\/puttgardenrodby.com\/dk\/wp-content\/uploads\/sites\/3\/2023\/05\/gedser-harbour.jpg\",\"datePublished\":\"2023-05-09T13:21:50+00:00\",\"dateModified\":\"2024-03-14T11:35:08+00:00\",\"breadcrumb\":{\"@id\":\"https:\/\/puttgardenrodby.com\/dk\/alternativer\/#breadcrumb\"},\"inLanguage\":\"da-DK\",\"potentialAction\":[{\"@type\":\"ReadAction\",\"target\":[\"https:\/\/puttgardenrodby.com\/dk\/alternativer\/\"]}]},{\"@type\":\"ImageObject\",\"inLanguage\":\"da-DK\",\"@id\":\"https:\/\/puttgardenrodby.com\/dk\/alternativer\/#primaryimage\",\"url\":\"https:\/\/puttgardenrodby.com\/dk\/wp-content\/uploads\/sites\/3\/2023\/05\/gedser-harbour.jpg\",\"contentUrl\":\"https:\/\/puttgardenrodby.com\/dk\/wp-content\/uploads\/sites\/3\/2023\/05\/gedser-harbour.jpg\",\"width\":1500,\"height\":750},{\"@type\":\"BreadcrumbList\",\"@id\":\"https:\/\/puttgardenrodby.com\/dk\/alternativer\/#breadcrumb\",\"itemListElement\":[{\"@type\":\"ListItem\",\"position\":1,\"name\":\"Home\",\"item\":\"https:\/\/puttgardenrodby.com\/dk\/\"},{\"@type\":\"ListItem\",\"position\":2,\"name\":\"Alternativer\"}]},{\"@type\":\"WebSite\",\"@id\":\"https:\/\/puttgardenrodby.com\/dk\/#website\",\"url\":\"https:\/\/puttgardenrodby.com\/dk\/\",\"name\":\"Puttgarden Rodby Dansk\",\"description\":\"\",\"publisher\":{\"@id\":\"https:\/\/puttgardenrodby.com\/dk\/#organization\"},\"potentialAction\":[{\"@type\":\"SearchAction\",\"target\":{\"@type\":\"EntryPoint\",\"urlTemplate\":\"https:\/\/puttgardenrodby.com\/dk\/?s={search_term_string}\"},\"query-input\":{\"@type\":\"PropertyValueSpecification\",\"valueRequired\":true,\"valueName\":\"search_term_string\"}}],\"inLanguage\":\"da-DK\"},{\"@type\":\"Organization\",\"@id\":\"https:\/\/puttgardenrodby.com\/dk\/#organization\",\"name\":\"Puttgarden Rodby Dansk\",\"url\":\"https:\/\/puttgardenrodby.com\/dk\/\",\"logo\":{\"@type\":\"ImageObject\",\"inLanguage\":\"da-DK\",\"@id\":\"https:\/\/puttgardenrodby.com\/dk\/#\/schema\/logo\/image\/\",\"url\":\"https:\/\/puttgardenrodby.com\/dk\/wp-content\/uploads\/sites\/3\/2023\/05\/Puttgarden-Rodby-logo.png\",\"contentUrl\":\"https:\/\/puttgardenrodby.com\/dk\/wp-content\/uploads\/sites\/3\/2023\/05\/Puttgarden-Rodby-logo.png\",\"width\":1043,\"height\":347,\"caption\":\"Puttgarden Rodby Dansk\"},\"image\":{\"@id\":\"https:\/\/puttgardenrodby.com\/dk\/#\/schema\/logo\/image\/\"}}]}<\/script>\n<!-- \/ Yoast SEO plugin. -->","yoast_head_json":{"title":"Alternative ruter Puttgarden-R\u00f8dby f\u00e6rge","robots":{"index":"index","follow":"follow","max-snippet":"max-snippet:-1","max-image-preview":"max-image-preview:large","max-video-preview":"max-video-preview:-1"},"canonical":"https:\/\/puttgardenrodby.com\/dk\/alternativer\/","og_locale":"da_DK","og_type":"article","og_title":"Alternative ruter Puttgarden-R\u00f8dby f\u00e6rge","og_description":"F\u00e6rgepris &#038; Billetter Alternative ruter F\u00e6rgen mellem Puttgarden og R\u00f8dby har to gode alternativer. Disse tager dig mod Tyskland fra Lolland, Falster, Sj\u00e6lland, K\u00f8benhavn og Sverige. Rostock-Gedser Lidt l\u00e6ngere mod \u00f8st ligger f\u00e6rgen fra Rostock til Gedser. Denne forbindelse tager 2 timer, hvilket er lidt l\u00e6ngere, men det kan v\u00e6re en favorabel overfart med k\u00f8rsel. [&hellip;]","og_url":"https:\/\/puttgardenrodby.com\/dk\/alternativer\/","og_site_name":"Puttgarden Rodby Dansk","article_modified_time":"2024-03-14T11:35:08+00:00","og_image":[{"url":"https:\/\/puttgardenrodby.com\/dk\/wp-content\/uploads\/sites\/3\/2023\/05\/gedser-harbour.jpg","type":"","width":"","height":""}],"twitter_card":"summary_large_image","twitter_misc":{"Estimeret l\u00e6setid":"2 minutter"},"schema":{"@context":"https:\/\/schema.org","@graph":[{"@type":"WebPage","@id":"https:\/\/puttgardenrodby.com\/dk\/alternativer\/","url":"https:\/\/puttgardenrodby.com\/dk\/alternativer\/","name":"Alternative ruter Puttgarden-R\u00f8dby f\u00e6rge","isPartOf":{"@id":"https:\/\/puttgardenrodby.com\/dk\/#website"},"primaryImageOfPage":{"@id":"https:\/\/puttgardenrodby.com\/dk\/alternativer\/#primaryimage"},"image":{"@id":"https:\/\/puttgardenrodby.com\/dk\/alternativer\/#primaryimage"},"thumbnailUrl":"https:\/\/puttgardenrodby.com\/dk\/wp-content\/uploads\/sites\/3\/2023\/05\/gedser-harbour.jpg","datePublished":"2023-05-09T13:21:50+00:00","dateModified":"2024-03-14T11:35:08+00:00","breadcrumb":{"@id":"https:\/\/puttgardenrodby.com\/dk\/alternativer\/#breadcrumb"},"inLanguage":"da-DK","potentialAction":[{"@type":"ReadAction","target":["https:\/\/puttgardenrodby.com\/dk\/alternativer\/"]}]},{"@type":"ImageObject","inLanguage":"da-DK","@id":"https:\/\/puttgardenrodby.com\/dk\/alternativer\/#primaryimage","url":"https:\/\/puttgardenrodby.com\/dk\/wp-content\/uploads\/sites\/3\/2023\/05\/gedser-harbour.jpg","contentUrl":"https:\/\/puttgardenrodby.com\/dk\/wp-content\/uploads\/sites\/3\/2023\/05\/gedser-harbour.jpg","width":1500,"height":750},{"@type":"BreadcrumbList","@id":"https:\/\/puttgardenrodby.com\/dk\/alternativer\/#breadcrumb","itemListElement":[{"@type":"ListItem","position":1,"name":"Home","item":"https:\/\/puttgardenrodby.com\/dk\/"},{"@type":"ListItem","position":2,"name":"Alternativer"}]},{"@type":"WebSite","@id":"https:\/\/puttgardenrodby.com\/dk\/#website","url":"https:\/\/puttgardenrodby.com\/dk\/","name":"Puttgarden Rodby Dansk","description":"","publisher":{"@id":"https:\/\/puttgardenrodby.com\/dk\/#organization"},"potentialAction":[{"@type":"SearchAction","target":{"@type":"EntryPoint","urlTemplate":"https:\/\/puttgardenrodby.com\/dk\/?s={search_term_string}"},"query-input":{"@type":"PropertyValueSpecification","valueRequired":true,"valueName":"search_term_string"}}],"inLanguage":"da-DK"},{"@type":"Organization","@id":"https:\/\/puttgardenrodby.com\/dk\/#organization","name":"Puttgarden Rodby Dansk","url":"https:\/\/puttgardenrodby.com\/dk\/","logo":{"@type":"ImageObject","inLanguage":"da-DK","@id":"https:\/\/puttgardenrodby.com\/dk\/#\/schema\/logo\/image\/","url":"https:\/\/puttgardenrodby.com\/dk\/wp-content\/uploads\/sites\/3\/2023\/05\/Puttgarden-Rodby-logo.png","contentUrl":"https:\/\/puttgardenrodby.com\/dk\/wp-content\/uploads\/sites\/3\/2023\/05\/Puttgarden-Rodby-logo.png","width":1043,"height":347,"caption":"Puttgarden Rodby Dansk"},"image":{"@id":"https:\/\/puttgardenrodby.com\/dk\/#\/schema\/logo\/image\/"}}]}},"_links":{"self":[{"href":"https:\/\/puttgardenrodby.com\/dk\/wp-json\/wp\/v2\/pages\/357","targetHints":{"allow":["GET"]}}],"collection":[{"href":"https:\/\/puttgardenrodby.com\/dk\/wp-json\/wp\/v2\/pages"}],"about":[{"href":"https:\/\/puttgardenrodby.com\/dk\/wp-json\/wp\/v2\/types\/page"}],"author":[{"embeddable":true,"href":"https:\/\/puttgardenrodby.com\/dk\/wp-json\/wp\/v2\/users\/1"}],"replies":[{"embeddable":true,"href":"https:\/\/puttgardenrodby.com\/dk\/wp-json\/wp\/v2\/comments?post=357"}],"version-history":[{"count":23,"href":"https:\/\/puttgardenrodby.com\/dk\/wp-json\/wp\/v2\/pages\/357\/revisions"}],"predecessor-version":[{"id":1231,"href":"https:\/\/puttgardenrodby.com\/dk\/wp-json\/wp\/v2\/pages\/357\/revisions\/1231"}],"wp:attachment":[{"href":"https:\/\/puttgardenrodby.com\/dk\/wp-json\/wp\/v2\/media?parent=357"}],"curies":[{"name":"wp","href":"https:\/\/api.w.org\/{rel}","templated":true}]}}