{"id":168,"date":"2023-05-08T12:11:27","date_gmt":"2023-05-08T12:11:27","guid":{"rendered":"https:\/\/puttgardenrodby.nl\/?page_id=168"},"modified":"2024-03-14T11:30:34","modified_gmt":"2024-03-14T11:30:34","slug":"priser","status":"publish","type":"page","link":"https:\/\/puttgardenrodby.com\/dk\/priser\/","title":{"rendered":"Puttgarden-R\u00f8dby f\u00e6rgepriser"},"content":{"rendered":"\t\t<div data-elementor-type=\"wp-post\" data-elementor-id=\"168\" class=\"elementor elementor-168\" data-elementor-post-type=\"page\">\n\t\t\t\t\t\t<section class=\"elementor-section elementor-top-section elementor-element elementor-element-38d15f97 elementor-section-boxed elementor-section-height-default elementor-section-height-default\" data-id=\"38d15f97\" data-element_type=\"section\" data-e-type=\"section\" data-settings=\"{&quot;background_background&quot;:&quot;gradient&quot;,&quot;sticky&quot;:&quot;top&quot;,&quot;sticky_on&quot;:[&quot;desktop&quot;,&quot;tablet&quot;,&quot;mobile&quot;],&quot;sticky_offset&quot;:0,&quot;sticky_effects_offset&quot;:0,&quot;sticky_anchor_link_offset&quot;:0}\">\n\t\t\t\t\t\t<div class=\"elementor-container elementor-column-gap-default\">\n\t\t\t\t\t<div class=\"elementor-column elementor-col-50 elementor-top-column elementor-element elementor-element-7bce1b01\" data-id=\"7bce1b01\" data-element_type=\"column\" data-e-type=\"column\">\n\t\t\t<div class=\"elementor-widget-wrap elementor-element-populated\">\n\t\t\t\t\t\t<div class=\"elementor-element elementor-element-7a6a338b elementor-widget elementor-widget-breadcrumbs\" data-id=\"7a6a338b\" data-element_type=\"widget\" data-e-type=\"widget\" data-widget_type=\"breadcrumbs.default\">\n\t\t\t\t<div class=\"elementor-widget-container\">\n\t\t\t\t\t<p id=\"breadcrumbs\"><span><span><a href=\"https:\/\/puttgardenrodby.com\/dk\/\">Home<\/a><\/span><\/span><\/p>\t\t\t\t<\/div>\n\t\t\t\t<\/div>\n\t\t\t\t\t<\/div>\n\t\t<\/div>\n\t\t\t\t<div class=\"elementor-column elementor-col-50 elementor-top-column elementor-element elementor-element-6e7e0988\" data-id=\"6e7e0988\" data-element_type=\"column\" data-e-type=\"column\">\n\t\t\t<div class=\"elementor-widget-wrap elementor-element-populated\">\n\t\t\t\t\t\t<div class=\"elementor-element elementor-element-497f02db elementor-align-right elementor-mobile-align-center elementor-widget elementor-widget-button\" data-id=\"497f02db\" data-element_type=\"widget\" data-e-type=\"widget\" data-settings=\"{&quot;sticky&quot;:&quot;top&quot;,&quot;sticky_on&quot;:[&quot;mobile&quot;],&quot;sticky_offset&quot;:8,&quot;sticky_effects_offset_mobile&quot;:0,&quot;_animation_mobile&quot;:&quot;fadeIn&quot;,&quot;sticky_effects_offset&quot;:0,&quot;sticky_anchor_link_offset&quot;:0}\" data-widget_type=\"button.default\">\n\t\t\t\t<div class=\"elementor-widget-container\">\n\t\t\t\t\t\t\t\t\t<div class=\"elementor-button-wrapper\">\n\t\t\t\t\t<a class=\"elementor-button elementor-button-link elementor-size-md elementor-animation-shrink\" href=\"\/dk\/go\/knap-hoved-side\" target=\"_blank\">\n\t\t\t\t\t\t<span class=\"elementor-button-content-wrapper\">\n\t\t\t\t\t\t<span class=\"elementor-button-icon\">\n\t\t\t\t<i aria-hidden=\"true\" class=\"far fa-arrow-alt-circle-right\"><\/i>\t\t\t<\/span>\n\t\t\t\t\t\t\t\t\t<span class=\"elementor-button-text\">F\u00e6rgepris &amp; Billetter<\/span>\n\t\t\t\t\t<\/span>\n\t\t\t\t\t<\/a>\n\t\t\t\t<\/div>\n\t\t\t\t\t\t\t\t<\/div>\n\t\t\t\t<\/div>\n\t\t\t\t\t<\/div>\n\t\t<\/div>\n\t\t\t\t\t<\/div>\n\t\t<\/section>\n\t\t\t\t<section class=\"elementor-section elementor-top-section elementor-element elementor-element-348d881 elementor-section-boxed elementor-section-height-default elementor-section-height-default\" data-id=\"348d881\" data-element_type=\"section\" data-e-type=\"section\">\n\t\t\t\t\t\t\t<div class=\"elementor-background-overlay\"><\/div>\n\t\t\t\t\t\t\t<div class=\"elementor-container elementor-column-gap-default\">\n\t\t\t\t\t<div class=\"elementor-column elementor-col-50 elementor-top-column elementor-element elementor-element-2e117c7\" data-id=\"2e117c7\" data-element_type=\"column\" data-e-type=\"column\">\n\t\t\t<div class=\"elementor-widget-wrap elementor-element-populated\">\n\t\t\t\t\t\t<div class=\"elementor-element elementor-element-e20d4c6 elementor-widget elementor-widget-image\" data-id=\"e20d4c6\" data-element_type=\"widget\" data-e-type=\"widget\" data-widget_type=\"image.default\">\n\t\t\t\t<div class=\"elementor-widget-container\">\n\t\t\t\t\t\t\t\t\t\t\t\t\t\t\t<img decoding=\"async\" src=\"https:\/\/puttgardenrodby.com\/wp-content\/uploads\/2023\/05\/Ontwerp-zonder-titel-2023-05-08T143801.157.jpg\" title=\"\" alt=\"\" loading=\"lazy\" \/>\t\t\t\t\t\t\t\t\t\t\t\t\t\t\t<\/div>\n\t\t\t\t<\/div>\n\t\t\t\t<div class=\"elementor-element elementor-element-18585c6 elementor-widget elementor-widget-heading\" data-id=\"18585c6\" data-element_type=\"widget\" data-e-type=\"widget\" data-widget_type=\"heading.default\">\n\t\t\t\t<div class=\"elementor-widget-container\">\n\t\t\t\t\t<h1 class=\"elementor-heading-title elementor-size-default\">Priser for Puttgarden-R\u00f8dby f\u00e6rgen.<\/h1>\t\t\t\t<\/div>\n\t\t\t\t<\/div>\n\t\t\t\t<div class=\"elementor-element elementor-element-b42abdf elementor-widget elementor-widget-text-editor\" data-id=\"b42abdf\" data-element_type=\"widget\" data-e-type=\"widget\" data-widget_type=\"text-editor.default\">\n\t\t\t\t<div class=\"elementor-widget-container\">\n\t\t\t\t\t\t\t\t\t<p><strong>Der er flere m\u00e5der at rejse mellem Tyskland og Danmark. Derfor er det vigtigt at sammenligne priserne mellem Puttgarden-R\u00f8dby-f\u00e6rgen og <a href=\"https:\/\/puttgardenrodby.com\/dk\/alternativer\/\">alternativerne.<\/a><\/strong><\/p>\n<p>Priserne for Puttgarden-R\u00f8dby-f\u00e6rgen varierer afh\u00e6ngigt af h\u00f8js\u00e6son og lavs\u00e6son. Der er ogs\u00e5 en mellems\u00e6son, hvor priserne er lidt h\u00f8jere end lavs\u00e6sonen, for k\u00f8ret\u00f8jstjenester.<\/p>\n<p>Priserne angivet p\u00e5 Scandlines&#8217; hjemmeside er altid:<\/p>\n<ul>\n<li>Lavs\u00e6sonpriser<\/li>\n<li>Eksklusive 1,50 \u20ac br\u00e6ndstoftill\u00e6g pr. afgang<\/li>\n<li>Priser for tidlig booking<\/li>\n<\/ul>\n<p>Priserne varierer afh\u00e6ngigt af den type billet, du v\u00e6lger ved booking: Early Booker, Standard eller Flex. Her er priserne for en enkeltbillet inklusive br\u00e6ndstoftill\u00e6g. Der er ingen ekstra fordel for returbilletter, medmindre du vender tilbage samme dag. I andre tilf\u00e6lde er omkostningen for en enkeltbillet dobbelt s\u00e5 h\u00f8j som tur-retur.<\/p>\n<ul>\n<li>Early Booker: \u20ac52<\/li>\n<li>Standard: \u20ac83<\/li>\n<li>Flex: \u20ac113<\/li>\n<\/ul>\n<p>Bem\u00e6rk, at priserne kan variere afh\u00e6ngigt af s\u00e6son og tilg\u00e6ngelighed. Kontroller altid de aktuelle priser ved booking.<\/p>\n<p>For dem, der \u00f8nsker at tage overfarten med et k\u00f8ret\u00f8j, betales der kun for k\u00f8ret\u00f8jet. Det maksimale antal personer, der kan tilf\u00f8jes k\u00f8ret\u00f8jet, er 9. For k\u00f8ret\u00f8jer over 6 meter i l\u00e6ngden p\u00e5l\u00e6gges en ekstra afgift p\u00e5 30 \u20ac pr. to meter.<\/p>\n<h2>&#8216;Early booker&#8217; fra \u20ac52<\/h2>\n<p>Fra 30 dage f\u00f8r afgang kan du k\u00f8be billetter med begr\u00e6nset tilg\u00e6ngelighed fra \u20ac50,50 for enkeltrejse. Derudover p\u00e5l\u00e6gges et br\u00e6ndstoftill\u00e6g p\u00e5 \u20ac1,50.<\/p>\n<h2>&#8216;Standard&#8217; fra \u20ac83<\/h2>\n<p>&#8216;Standard&#8217; billetter kan k\u00f8bes online op til 2 timer f\u00f8r afgang for \u20ac81,50. Der p\u00e5l\u00e6gges et br\u00e6ndstoftill\u00e6g p\u00e5 \u20ac1,50.<\/p>\n<h2>&#8216;Flex&#8217; fra \u20ac113<\/h2>\n<p>Vi betragter flexbilletter som billetter, du kun b\u00f8r k\u00f8be undtagelsesvis p\u00e5 grund af prisen. De er kun interessante, hvis du rejser med stor usikkerhed om din afgangsdato. Flexbilletter er tilg\u00e6ngelige fra \u20ac111,50 eksklusive br\u00e6ndstoftill\u00e6g.<\/p>\n<p>Vi opdaterer i \u00f8jeblikket priserne, s\u00e5 de kan \u00e6ndres.<\/p>\t\t\t\t\t\t\t\t<\/div>\n\t\t\t\t<\/div>\n\t\t\t\t<div class=\"elementor-element elementor-element-9a07386 elementor-tabs-view-horizontal elementor-widget elementor-widget-tabs\" data-id=\"9a07386\" data-element_type=\"widget\" data-e-type=\"widget\" data-widget_type=\"tabs.default\">\n\t\t\t\t<div class=\"elementor-widget-container\">\n\t\t\t\t\t\t\t<div class=\"elementor-tabs\">\n\t\t\t<div class=\"elementor-tabs-wrapper\" role=\"tablist\" >\n\t\t\t\t\t\t\t\t\t<div id=\"elementor-tab-title-1611\" class=\"elementor-tab-title elementor-tab-desktop-title\" aria-selected=\"true\" data-tab=\"1\" role=\"tab\" tabindex=\"0\" aria-controls=\"elementor-tab-content-1611\" aria-expanded=\"false\">H\u00f8js\u00e6sonens priser<\/div>\n\t\t\t\t\t\t\t\t\t<div id=\"elementor-tab-title-1612\" class=\"elementor-tab-title elementor-tab-desktop-title\" aria-selected=\"false\" data-tab=\"2\" role=\"tab\" tabindex=\"-1\" aria-controls=\"elementor-tab-content-1612\" aria-expanded=\"false\">Lavs\u00e6sonens priser<\/div>\n\t\t\t\t\t\t\t<\/div>\n\t\t\t<div class=\"elementor-tabs-content-wrapper\" role=\"tablist\" aria-orientation=\"vertical\">\n\t\t\t\t\t\t\t\t\t<div class=\"elementor-tab-title elementor-tab-mobile-title\" aria-selected=\"true\" data-tab=\"1\" role=\"tab\" tabindex=\"0\" aria-controls=\"elementor-tab-content-1611\" aria-expanded=\"false\">H\u00f8js\u00e6sonens priser<\/div>\n\t\t\t\t\t<div id=\"elementor-tab-content-1611\" class=\"elementor-tab-content elementor-clearfix\" data-tab=\"1\" role=\"tabpanel\" aria-labelledby=\"elementor-tab-title-1611\" tabindex=\"0\" hidden=\"false\"><h5>Enkeltrejse \u2013 tidlig booking<\/h5><ul><li><strong>K\u00f8ret\u00f8j &lt;6m op til 9 personer \u20ac64<\/strong><br \/>+ \u20ac30 pr. 2 meter ekstra l\u00e6ngde<\/li><\/ul><h5>Standard<\/h5><ul><li><strong>K\u00f8ret\u00f8j &lt;6m op til 9 personer \u20ac105<\/strong><br \/>+ \u20ac30 pr. 2 meter ekstra l\u00e6ngde<\/li><\/ul><h5>Flex<\/h5><ul><li><strong>K\u00f8ret\u00f8j &lt;6m op til 9 personer \u20ac141<\/strong><br \/>+ \u20ac30 pr. 2 meter ekstra l\u00e6ngde<\/li><\/ul><h5>Andet.<\/h5><ul><li>Motorcykel\/scooter \u20ac59<\/li><li>Fodg\u00e6nger \u20ac20<\/li><li>Barn 5-13 \u00e5r \u20ac10<\/li><li>Cykel: \u20ac3<\/li><\/ul><\/div>\n\t\t\t\t\t\t\t\t\t<div class=\"elementor-tab-title elementor-tab-mobile-title\" aria-selected=\"false\" data-tab=\"2\" role=\"tab\" tabindex=\"-1\" aria-controls=\"elementor-tab-content-1612\" aria-expanded=\"false\">Lavs\u00e6sonens priser<\/div>\n\t\t\t\t\t<div id=\"elementor-tab-content-1612\" class=\"elementor-tab-content elementor-clearfix\" data-tab=\"2\" role=\"tabpanel\" aria-labelledby=\"elementor-tab-title-1612\" tabindex=\"0\" hidden=\"hidden\"><h5>Enkeltrejse &#8211; tidlig booking<\/h5><ul><li><strong>K\u00f8ret\u00f8j &lt;6m op til 9 personer \u20ac53<\/strong><br \/>+ \u20ac30 pr. 2 meter ekstra l\u00e6ngde<\/li><\/ul><h5>Standard<\/h5><ul><li><strong>K\u00f8ret\u00f8j &lt;6m op til 9 personer \u20ac83<\/strong><br \/>+ \u20ac30 pr. 2 meter ekstra l\u00e6ngde<\/li><\/ul><h5>Flex<\/h5><ul><li><strong>K\u00f8ret\u00f8j &lt;6m op til 9 personer \u20ac113<\/strong><br \/>+ \u20ac30 pr. 2 meter ekstra l\u00e6ngde<\/li><\/ul><h5>Andet.<\/h5><ul><li>Motorcykel\/scooter \u20ac48<\/li><li>Fodg\u00e6nger \u20ac10<\/li><li>Barn 5-13 \u00e5r \u20ac5<\/li><li>Cykel: \u20ac1,50<\/li><\/ul><\/div>\n\t\t\t\t\t\t\t<\/div>\n\t\t<\/div>\n\t\t\t\t\t\t<\/div>\n\t\t\t\t<\/div>\n\t\t\t\t<div class=\"elementor-element elementor-element-3d6085d elementor-widget elementor-widget-text-editor\" data-id=\"3d6085d\" data-element_type=\"widget\" data-e-type=\"widget\" data-widget_type=\"text-editor.default\">\n\t\t\t\t<div class=\"elementor-widget-container\">\n\t\t\t\t\t\t\t\t\t<h2>Kombinationsbilletter Sverige-Danmark-Tyskland<\/h2><p>Den, der \u00f8nsker at rejse til Tyskland eller Danmark, kan ogs\u00e5 k\u00f8be billetter til broen eller f\u00e6rgen mellem Helsingborg og Helsing\u00f8r i \u00e9n og samme reservation. Vi har en separat side til disse billetter:<\/p><ul><li>Puttgarden-R\u00f8dby + Helsing\u00f8r-Helsingborg<\/li><li>Puttgarden-R\u00f8dby + \u00d8resundsbroen<\/li><\/ul>\t\t\t\t\t\t\t\t<\/div>\n\t\t\t\t<\/div>\n\t\t\t\t\t<\/div>\n\t\t<\/div>\n\t\t\t\t<div class=\"elementor-column elementor-col-50 elementor-top-column elementor-element elementor-element-9a29147\" data-id=\"9a29147\" data-element_type=\"column\" data-e-type=\"column\">\n\t\t\t<div class=\"elementor-widget-wrap elementor-element-populated\">\n\t\t\t\t\t\t<div class=\"elementor-element elementor-element-de19ae8 elementor-widget elementor-widget-text-editor\" data-id=\"de19ae8\" data-element_type=\"widget\" data-e-type=\"widget\" data-settings=\"{&quot;sticky&quot;:&quot;top&quot;,&quot;sticky_parent&quot;:&quot;yes&quot;,&quot;sticky_offset&quot;:100,&quot;sticky_effects_offset&quot;:60,&quot;sticky_on&quot;:[&quot;desktop&quot;,&quot;tablet&quot;,&quot;mobile&quot;],&quot;sticky_anchor_link_offset&quot;:0}\" data-widget_type=\"text-editor.default\">\n\t\t\t\t<div class=\"elementor-widget-container\">\n\t\t\t\t\t\t\t\t\t<p><strong>F\u00e6rgebilletter<\/strong><\/p><p>De mest fordelagtige billetter er tilg\u00e6ngelige gennem f\u00e6rgeselskabet Scandlines.<\/p><p><strong><a href=\"https:\/\/puttgardenrodby.com\/dk\/go\/pages-side\" target=\"_blank\" rel=\"noopener\">Saml din overfart. \u2b9e<\/a><\/strong><\/p>\t\t\t\t\t\t\t\t<\/div>\n\t\t\t\t<\/div>\n\t\t\t\t\t<\/div>\n\t\t<\/div>\n\t\t\t\t\t<\/div>\n\t\t<\/section>\n\t\t\t\t<\/div>\n\t\t","protected":false},"excerpt":{"rendered":"<p>F\u00e6rgepris &#038; Billetter Priser for Puttgarden-R\u00f8dby f\u00e6rgen. Der er flere m\u00e5der at rejse mellem Tyskland og Danmark. Derfor er det vigtigt at sammenligne priserne mellem Puttgarden-R\u00f8dby-f\u00e6rgen og alternativerne. Priserne for Puttgarden-R\u00f8dby-f\u00e6rgen varierer afh\u00e6ngigt af h\u00f8js\u00e6son og lavs\u00e6son. Der er ogs\u00e5 en mellems\u00e6son, hvor priserne er lidt h\u00f8jere end lavs\u00e6sonen, for k\u00f8ret\u00f8jstjenester. Priserne angivet p\u00e5 Scandlines&#8217; [&hellip;]<\/p>\n","protected":false},"author":1,"featured_media":0,"parent":0,"menu_order":0,"comment_status":"closed","ping_status":"closed","template":"elementor_header_footer","meta":{"footnotes":""},"class_list":["post-168","page","type-page","status-publish","hentry"],"yoast_head":"<!-- This site is optimized with the Yoast SEO plugin v27.2 - https:\/\/yoast.com\/product\/yoast-seo-wordpress\/ -->\n<title>Puttgarden-R\u00f8dby f\u00e6rgebilletter og priser | PuttgardenRodby.com<\/title>\n<meta name=\"description\" content=\"P\u00e5 PuttgardenRodby.com kan du opdage priserne p\u00e5 Puttgarden-R\u00f8dby-f\u00e6rgen. Se priserne og f\u00e5 tips til, hvordan du kan booke med fordele.\" \/>\n<meta name=\"robots\" content=\"index, follow, max-snippet:-1, max-image-preview:large, max-video-preview:-1\" \/>\n<link rel=\"canonical\" href=\"https:\/\/puttgardenrodby.com\/dk\/priser\/\" \/>\n<meta property=\"og:locale\" content=\"da_DK\" \/>\n<meta property=\"og:type\" content=\"article\" \/>\n<meta property=\"og:title\" content=\"Puttgarden-R\u00f8dby f\u00e6rgebilletter og priser | PuttgardenRodby.com\" \/>\n<meta property=\"og:description\" content=\"P\u00e5 PuttgardenRodby.com kan du opdage priserne p\u00e5 Puttgarden-R\u00f8dby-f\u00e6rgen. Se priserne og f\u00e5 tips til, hvordan du kan booke med fordele.\" \/>\n<meta property=\"og:url\" content=\"https:\/\/puttgardenrodby.com\/dk\/priser\/\" \/>\n<meta property=\"og:site_name\" content=\"Puttgarden Rodby Dansk\" \/>\n<meta property=\"article:modified_time\" content=\"2024-03-14T11:30:34+00:00\" \/>\n<meta property=\"og:image\" content=\"https:\/\/puttgardenrodby.com\/dk\/wp-content\/uploads\/sites\/3\/2023\/05\/Ontwerp-zonder-titel-2023-05-08T143801.157.jpg\" \/>\n<meta name=\"twitter:card\" content=\"summary_large_image\" \/>\n<meta name=\"twitter:label1\" content=\"Estimeret l\u00e6setid\" \/>\n\t<meta name=\"twitter:data1\" content=\"3 minutter\" \/>\n<script type=\"application\/ld+json\" class=\"yoast-schema-graph\">{\"@context\":\"https:\/\/schema.org\",\"@graph\":[{\"@type\":\"WebPage\",\"@id\":\"https:\/\/puttgardenrodby.com\/dk\/priser\/\",\"url\":\"https:\/\/puttgardenrodby.com\/dk\/priser\/\",\"name\":\"Puttgarden-R\u00f8dby f\u00e6rgebilletter og priser | PuttgardenRodby.com\",\"isPartOf\":{\"@id\":\"https:\/\/puttgardenrodby.com\/dk\/#website\"},\"primaryImageOfPage\":{\"@id\":\"https:\/\/puttgardenrodby.com\/dk\/priser\/#primaryimage\"},\"image\":{\"@id\":\"https:\/\/puttgardenrodby.com\/dk\/priser\/#primaryimage\"},\"thumbnailUrl\":\"https:\/\/puttgardenrodby.com\/dk\/wp-content\/uploads\/sites\/3\/2023\/05\/Ontwerp-zonder-titel-2023-05-08T143801.157.jpg\",\"datePublished\":\"2023-05-08T12:11:27+00:00\",\"dateModified\":\"2024-03-14T11:30:34+00:00\",\"description\":\"P\u00e5 PuttgardenRodby.com kan du opdage priserne p\u00e5 Puttgarden-R\u00f8dby-f\u00e6rgen. Se priserne og f\u00e5 tips til, hvordan du kan booke med fordele.\",\"breadcrumb\":{\"@id\":\"https:\/\/puttgardenrodby.com\/dk\/priser\/#breadcrumb\"},\"inLanguage\":\"da-DK\",\"potentialAction\":[{\"@type\":\"ReadAction\",\"target\":[\"https:\/\/puttgardenrodby.com\/dk\/priser\/\"]}]},{\"@type\":\"ImageObject\",\"inLanguage\":\"da-DK\",\"@id\":\"https:\/\/puttgardenrodby.com\/dk\/priser\/#primaryimage\",\"url\":\"\",\"contentUrl\":\"\"},{\"@type\":\"BreadcrumbList\",\"@id\":\"https:\/\/puttgardenrodby.com\/dk\/priser\/#breadcrumb\",\"itemListElement\":[{\"@type\":\"ListItem\",\"position\":1,\"name\":\"Home\",\"item\":\"https:\/\/puttgardenrodby.com\/dk\/\"},{\"@type\":\"ListItem\",\"position\":2,\"name\":\"Puttgarden-R\u00f8dby f\u00e6rgepriser\"}]},{\"@type\":\"WebSite\",\"@id\":\"https:\/\/puttgardenrodby.com\/dk\/#website\",\"url\":\"https:\/\/puttgardenrodby.com\/dk\/\",\"name\":\"Puttgarden Rodby Dansk\",\"description\":\"\",\"publisher\":{\"@id\":\"https:\/\/puttgardenrodby.com\/dk\/#organization\"},\"potentialAction\":[{\"@type\":\"SearchAction\",\"target\":{\"@type\":\"EntryPoint\",\"urlTemplate\":\"https:\/\/puttgardenrodby.com\/dk\/?s={search_term_string}\"},\"query-input\":{\"@type\":\"PropertyValueSpecification\",\"valueRequired\":true,\"valueName\":\"search_term_string\"}}],\"inLanguage\":\"da-DK\"},{\"@type\":\"Organization\",\"@id\":\"https:\/\/puttgardenrodby.com\/dk\/#organization\",\"name\":\"Puttgarden Rodby Dansk\",\"url\":\"https:\/\/puttgardenrodby.com\/dk\/\",\"logo\":{\"@type\":\"ImageObject\",\"inLanguage\":\"da-DK\",\"@id\":\"https:\/\/puttgardenrodby.com\/dk\/#\/schema\/logo\/image\/\",\"url\":\"https:\/\/puttgardenrodby.com\/dk\/wp-content\/uploads\/sites\/3\/2023\/05\/Puttgarden-Rodby-logo.png\",\"contentUrl\":\"https:\/\/puttgardenrodby.com\/dk\/wp-content\/uploads\/sites\/3\/2023\/05\/Puttgarden-Rodby-logo.png\",\"width\":1043,\"height\":347,\"caption\":\"Puttgarden Rodby Dansk\"},\"image\":{\"@id\":\"https:\/\/puttgardenrodby.com\/dk\/#\/schema\/logo\/image\/\"}}]}<\/script>\n<!-- \/ Yoast SEO plugin. -->","yoast_head_json":{"title":"Puttgarden-R\u00f8dby f\u00e6rgebilletter og priser | PuttgardenRodby.com","description":"P\u00e5 PuttgardenRodby.com kan du opdage priserne p\u00e5 Puttgarden-R\u00f8dby-f\u00e6rgen. Se priserne og f\u00e5 tips til, hvordan du kan booke med fordele.","robots":{"index":"index","follow":"follow","max-snippet":"max-snippet:-1","max-image-preview":"max-image-preview:large","max-video-preview":"max-video-preview:-1"},"canonical":"https:\/\/puttgardenrodby.com\/dk\/priser\/","og_locale":"da_DK","og_type":"article","og_title":"Puttgarden-R\u00f8dby f\u00e6rgebilletter og priser | PuttgardenRodby.com","og_description":"P\u00e5 PuttgardenRodby.com kan du opdage priserne p\u00e5 Puttgarden-R\u00f8dby-f\u00e6rgen. Se priserne og f\u00e5 tips til, hvordan du kan booke med fordele.","og_url":"https:\/\/puttgardenrodby.com\/dk\/priser\/","og_site_name":"Puttgarden Rodby Dansk","article_modified_time":"2024-03-14T11:30:34+00:00","og_image":[{"url":"https:\/\/puttgardenrodby.com\/dk\/wp-content\/uploads\/sites\/3\/2023\/05\/Ontwerp-zonder-titel-2023-05-08T143801.157.jpg","type":"","width":"","height":""}],"twitter_card":"summary_large_image","twitter_misc":{"Estimeret l\u00e6setid":"3 minutter"},"schema":{"@context":"https:\/\/schema.org","@graph":[{"@type":"WebPage","@id":"https:\/\/puttgardenrodby.com\/dk\/priser\/","url":"https:\/\/puttgardenrodby.com\/dk\/priser\/","name":"Puttgarden-R\u00f8dby f\u00e6rgebilletter og priser | PuttgardenRodby.com","isPartOf":{"@id":"https:\/\/puttgardenrodby.com\/dk\/#website"},"primaryImageOfPage":{"@id":"https:\/\/puttgardenrodby.com\/dk\/priser\/#primaryimage"},"image":{"@id":"https:\/\/puttgardenrodby.com\/dk\/priser\/#primaryimage"},"thumbnailUrl":"https:\/\/puttgardenrodby.com\/dk\/wp-content\/uploads\/sites\/3\/2023\/05\/Ontwerp-zonder-titel-2023-05-08T143801.157.jpg","datePublished":"2023-05-08T12:11:27+00:00","dateModified":"2024-03-14T11:30:34+00:00","description":"P\u00e5 PuttgardenRodby.com kan du opdage priserne p\u00e5 Puttgarden-R\u00f8dby-f\u00e6rgen. Se priserne og f\u00e5 tips til, hvordan du kan booke med fordele.","breadcrumb":{"@id":"https:\/\/puttgardenrodby.com\/dk\/priser\/#breadcrumb"},"inLanguage":"da-DK","potentialAction":[{"@type":"ReadAction","target":["https:\/\/puttgardenrodby.com\/dk\/priser\/"]}]},{"@type":"ImageObject","inLanguage":"da-DK","@id":"https:\/\/puttgardenrodby.com\/dk\/priser\/#primaryimage","url":"","contentUrl":""},{"@type":"BreadcrumbList","@id":"https:\/\/puttgardenrodby.com\/dk\/priser\/#breadcrumb","itemListElement":[{"@type":"ListItem","position":1,"name":"Home","item":"https:\/\/puttgardenrodby.com\/dk\/"},{"@type":"ListItem","position":2,"name":"Puttgarden-R\u00f8dby f\u00e6rgepriser"}]},{"@type":"WebSite","@id":"https:\/\/puttgardenrodby.com\/dk\/#website","url":"https:\/\/puttgardenrodby.com\/dk\/","name":"Puttgarden Rodby Dansk","description":"","publisher":{"@id":"https:\/\/puttgardenrodby.com\/dk\/#organization"},"potentialAction":[{"@type":"SearchAction","target":{"@type":"EntryPoint","urlTemplate":"https:\/\/puttgardenrodby.com\/dk\/?s={search_term_string}"},"query-input":{"@type":"PropertyValueSpecification","valueRequired":true,"valueName":"search_term_string"}}],"inLanguage":"da-DK"},{"@type":"Organization","@id":"https:\/\/puttgardenrodby.com\/dk\/#organization","name":"Puttgarden Rodby Dansk","url":"https:\/\/puttgardenrodby.com\/dk\/","logo":{"@type":"ImageObject","inLanguage":"da-DK","@id":"https:\/\/puttgardenrodby.com\/dk\/#\/schema\/logo\/image\/","url":"https:\/\/puttgardenrodby.com\/dk\/wp-content\/uploads\/sites\/3\/2023\/05\/Puttgarden-Rodby-logo.png","contentUrl":"https:\/\/puttgardenrodby.com\/dk\/wp-content\/uploads\/sites\/3\/2023\/05\/Puttgarden-Rodby-logo.png","width":1043,"height":347,"caption":"Puttgarden Rodby Dansk"},"image":{"@id":"https:\/\/puttgardenrodby.com\/dk\/#\/schema\/logo\/image\/"}}]}},"_links":{"self":[{"href":"https:\/\/puttgardenrodby.com\/dk\/wp-json\/wp\/v2\/pages\/168","targetHints":{"allow":["GET"]}}],"collection":[{"href":"https:\/\/puttgardenrodby.com\/dk\/wp-json\/wp\/v2\/pages"}],"about":[{"href":"https:\/\/puttgardenrodby.com\/dk\/wp-json\/wp\/v2\/types\/page"}],"author":[{"embeddable":true,"href":"https:\/\/puttgardenrodby.com\/dk\/wp-json\/wp\/v2\/users\/1"}],"replies":[{"embeddable":true,"href":"https:\/\/puttgardenrodby.com\/dk\/wp-json\/wp\/v2\/comments?post=168"}],"version-history":[{"count":45,"href":"https:\/\/puttgardenrodby.com\/dk\/wp-json\/wp\/v2\/pages\/168\/revisions"}],"predecessor-version":[{"id":1219,"href":"https:\/\/puttgardenrodby.com\/dk\/wp-json\/wp\/v2\/pages\/168\/revisions\/1219"}],"wp:attachment":[{"href":"https:\/\/puttgardenrodby.com\/dk\/wp-json\/wp\/v2\/media?parent=168"}],"curies":[{"name":"wp","href":"https:\/\/api.w.org\/{rel}","templated":true}]}}