{"id":842,"date":"2023-05-12T12:33:41","date_gmt":"2023-05-12T12:33:41","guid":{"rendered":"https:\/\/puttgardenrodby.nl\/?page_id=842"},"modified":"2024-03-14T08:47:14","modified_gmt":"2024-03-14T08:47:14","slug":"fehmarn-rodbyhavn","status":"publish","type":"page","link":"https:\/\/puttgardenrodby.com\/de\/fehmarn-rodbyhavn\/","title":{"rendered":"Fehmarn-Rodbyhavn"},"content":{"rendered":"\t\t<div data-elementor-type=\"wp-post\" data-elementor-id=\"842\" class=\"elementor elementor-842\" data-elementor-post-type=\"page\">\n\t\t\t\t\t\t<section class=\"elementor-section elementor-top-section elementor-element elementor-element-3dc9105a elementor-section-boxed elementor-section-height-default elementor-section-height-default\" data-id=\"3dc9105a\" data-element_type=\"section\" data-e-type=\"section\" data-settings=\"{&quot;background_background&quot;:&quot;gradient&quot;,&quot;sticky&quot;:&quot;top&quot;,&quot;sticky_on&quot;:[&quot;desktop&quot;,&quot;tablet&quot;,&quot;mobile&quot;],&quot;sticky_offset&quot;:0,&quot;sticky_effects_offset&quot;:0,&quot;sticky_anchor_link_offset&quot;:0}\">\n\t\t\t\t\t\t<div class=\"elementor-container elementor-column-gap-default\">\n\t\t\t\t\t<div class=\"elementor-column elementor-col-50 elementor-top-column elementor-element elementor-element-8eb48fa\" data-id=\"8eb48fa\" data-element_type=\"column\" data-e-type=\"column\">\n\t\t\t<div class=\"elementor-widget-wrap elementor-element-populated\">\n\t\t\t\t\t\t<div class=\"elementor-element elementor-element-4c338afa elementor-widget elementor-widget-breadcrumbs\" data-id=\"4c338afa\" data-element_type=\"widget\" data-e-type=\"widget\" data-widget_type=\"breadcrumbs.default\">\n\t\t\t\t<div class=\"elementor-widget-container\">\n\t\t\t\t\t<p id=\"breadcrumbs\"><span><span><a href=\"https:\/\/puttgardenrodby.com\/de\/\">Home<\/a><\/span><\/span><\/p>\t\t\t\t<\/div>\n\t\t\t\t<\/div>\n\t\t\t\t\t<\/div>\n\t\t<\/div>\n\t\t\t\t<div class=\"elementor-column elementor-col-50 elementor-top-column elementor-element elementor-element-32352f1d\" data-id=\"32352f1d\" data-element_type=\"column\" data-e-type=\"column\">\n\t\t\t<div class=\"elementor-widget-wrap elementor-element-populated\">\n\t\t\t\t\t\t<div class=\"elementor-element elementor-element-49c781ee elementor-align-right elementor-mobile-align-center elementor-widget elementor-widget-button\" data-id=\"49c781ee\" data-element_type=\"widget\" data-e-type=\"widget\" data-settings=\"{&quot;sticky&quot;:&quot;top&quot;,&quot;sticky_on&quot;:[&quot;mobile&quot;],&quot;sticky_offset&quot;:8,&quot;sticky_effects_offset_mobile&quot;:0,&quot;_animation_mobile&quot;:&quot;fadeIn&quot;,&quot;sticky_effects_offset&quot;:0,&quot;sticky_anchor_link_offset&quot;:0}\" data-widget_type=\"button.default\">\n\t\t\t\t<div class=\"elementor-widget-container\">\n\t\t\t\t\t\t\t\t\t<div class=\"elementor-button-wrapper\">\n\t\t\t\t\t<a class=\"elementor-button elementor-button-link elementor-size-md elementor-animation-shrink\" href=\"https:\/\/puttgardenrodby.com\/de\/go\/button-header-page\" target=\"_blank\">\n\t\t\t\t\t\t<span class=\"elementor-button-content-wrapper\">\n\t\t\t\t\t\t<span class=\"elementor-button-icon\">\n\t\t\t\t<i aria-hidden=\"true\" class=\"far fa-arrow-alt-circle-right\"><\/i>\t\t\t<\/span>\n\t\t\t\t\t\t\t\t\t<span class=\"elementor-button-text\">F\u00e4hre Preise und Tickets<\/span>\n\t\t\t\t\t<\/span>\n\t\t\t\t\t<\/a>\n\t\t\t\t<\/div>\n\t\t\t\t\t\t\t\t<\/div>\n\t\t\t\t<\/div>\n\t\t\t\t\t<\/div>\n\t\t<\/div>\n\t\t\t\t\t<\/div>\n\t\t<\/section>\n\t\t\t\t<section class=\"elementor-section elementor-top-section elementor-element elementor-element-348d881 elementor-section-boxed elementor-section-height-default elementor-section-height-default\" data-id=\"348d881\" data-element_type=\"section\" data-e-type=\"section\">\n\t\t\t\t\t\t\t<div class=\"elementor-background-overlay\"><\/div>\n\t\t\t\t\t\t\t<div class=\"elementor-container elementor-column-gap-default\">\n\t\t\t\t\t<div class=\"elementor-column elementor-col-50 elementor-top-column elementor-element elementor-element-2e117c7\" data-id=\"2e117c7\" data-element_type=\"column\" data-e-type=\"column\">\n\t\t\t<div class=\"elementor-widget-wrap elementor-element-populated\">\n\t\t\t\t\t\t<div class=\"elementor-element elementor-element-e20d4c6 elementor-widget elementor-widget-image\" data-id=\"e20d4c6\" data-element_type=\"widget\" data-e-type=\"widget\" data-widget_type=\"image.default\">\n\t\t\t\t<div class=\"elementor-widget-container\">\n\t\t\t\t\t\t\t\t\t\t\t\t\t\t\t<img fetchpriority=\"high\" decoding=\"async\" width=\"1000\" height=\"500\" src=\"https:\/\/puttgardenrodby.com\/de\/wp-content\/uploads\/sites\/4\/2023\/05\/fehmarn-rodbyhavn.jpg\" class=\"attachment-full size-full wp-image-845\" alt=\"\" srcset=\"https:\/\/puttgardenrodby.com\/de\/wp-content\/uploads\/sites\/4\/2023\/05\/fehmarn-rodbyhavn.jpg 1000w, https:\/\/puttgardenrodby.com\/de\/wp-content\/uploads\/sites\/4\/2023\/05\/fehmarn-rodbyhavn-300x150.jpg 300w, https:\/\/puttgardenrodby.com\/de\/wp-content\/uploads\/sites\/4\/2023\/05\/fehmarn-rodbyhavn-768x384.jpg 768w\" sizes=\"(max-width: 1000px) 100vw, 1000px\" \/>\t\t\t\t\t\t\t\t\t\t\t\t\t\t\t<\/div>\n\t\t\t\t<\/div>\n\t\t\t\t<div class=\"elementor-element elementor-element-18585c6 elementor-widget elementor-widget-heading\" data-id=\"18585c6\" data-element_type=\"widget\" data-e-type=\"widget\" data-widget_type=\"heading.default\">\n\t\t\t\t<div class=\"elementor-widget-container\">\n\t\t\t\t\t<h1 class=\"elementor-heading-title elementor-size-default\">Fehmarn-Rodbyhavn<\/h1>\t\t\t\t<\/div>\n\t\t\t\t<\/div>\n\t\t\t\t<div class=\"elementor-element elementor-element-3d6085d elementor-widget elementor-widget-text-editor\" data-id=\"3d6085d\" data-element_type=\"widget\" data-e-type=\"widget\" data-widget_type=\"text-editor.default\">\n\t\t\t\t<div class=\"elementor-widget-container\">\n\t\t\t\t\t\t\t\t\t<p><strong>In der Regel wird die k\u00fcrzeste \u00dcberfahrt von Deutschland nach D\u00e4nemark als Puttgarden-Rodby-F\u00e4hre bezeichnet. Wie bereits auf unserer Seite \u00fcber\u00a0<\/strong><a href=\"https:\/\/puttgardenrodby.com\/de\/rodby\/\" target=\"_blank\" rel=\"noopener\">Rodby<\/a><strong>\u00a0erw\u00e4hnt, f\u00e4hrt die F\u00e4hre tats\u00e4chlich nach Rodbyhavn! Puttgarden ist hingegen die richtige Bezeichnung f\u00fcr den Abfahrtshafen, aber auch der Name Fehmarn wird verwendet, in Bezug auf die Insel, auf der Puttgarden liegt.<\/strong><\/p><p>Kurz gesagt:\u00a0<a href=\"https:\/\/puttgardenrodby.com\/de\/go\/scandlines-combi\" target=\"_blank\" rel=\"noopener\">Puttgarden-Rodbyhavn<\/a>\u00a0oder Fehmarn-Rodbyhavn sind ebenfalls gebr\u00e4uchliche Namen f\u00fcr diese Strecke.<\/p><h3>Insel Fehmarn<\/h3><p>Auf Fehmarn selbst gibt es eigentlich nicht allzu viel zu tun. Es gibt jedoch sch\u00f6ne Sandstr\u00e4nde, also wenn du danach suchst, bist du hier richtig.<\/p><p>Wenn du mit einem Wohnmobil \u00fcbernachten m\u00f6chtest, kannst du dies auf dem Campingplatz Puttgarden tun:<\/p><p>Der Campingplatz Puttgarden ist ein guter \u00dcbernachtungscampingplatz f\u00fcr die F\u00e4hre nach D\u00e4nemark. Im Mai zahlten wir 30 \u20ac inklusive Kurtaxe f\u00fcr eine \u00dcbernachtung auf dem Durchreise-Campingplatz Puttgarden. Dieser befindet sich in Gehweite zur F\u00e4hre.<\/p><p>Adresse: Puttgarden, 23769<\/p><p>Die F\u00e4hre selbst ist zu finden, wenn du der E47 folgst. Du f\u00e4hrst dann schnell und einfach mit der F\u00e4hre \u00fcber den Femer Belt weiter nach D\u00e4nemark.<\/p><ul><li><a href=\"https:\/\/puttgardenrodby.com\/de\/go\/scandlines-combi\">Kombiticket buchen<\/a><\/li><li><a href=\"https:\/\/puttgardenrodby.com\/de\/\">Mehr \u00fcber Puttgarden Rodby<\/a><\/li><\/ul>\t\t\t\t\t\t\t\t<\/div>\n\t\t\t\t<\/div>\n\t\t\t\t\t<\/div>\n\t\t<\/div>\n\t\t\t\t<div class=\"elementor-column elementor-col-50 elementor-top-column elementor-element elementor-element-9a29147\" data-id=\"9a29147\" data-element_type=\"column\" data-e-type=\"column\">\n\t\t\t<div class=\"elementor-widget-wrap elementor-element-populated\">\n\t\t\t\t\t\t<div class=\"elementor-element elementor-element-de19ae8 elementor-widget elementor-widget-text-editor\" data-id=\"de19ae8\" data-element_type=\"widget\" data-e-type=\"widget\" data-settings=\"{&quot;sticky&quot;:&quot;top&quot;,&quot;sticky_parent&quot;:&quot;yes&quot;,&quot;sticky_offset&quot;:100,&quot;sticky_effects_offset&quot;:60,&quot;sticky_on&quot;:[&quot;desktop&quot;,&quot;tablet&quot;,&quot;mobile&quot;],&quot;sticky_anchor_link_offset&quot;:0}\" data-widget_type=\"text-editor.default\">\n\t\t\t\t<div class=\"elementor-widget-container\">\n\t\t\t\t\t\t\t\t\t<p><strong>F\u00e4hrtickets<\/strong><\/p><p>Die g\u00fcnstigsten Tickets sind \u00fcber den F\u00e4hrbetreiber Scandlines erh\u00e4ltlich.<\/p><p><a href=\"https:\/\/puttgardenrodby.com\/de\/go\/pages-side\" target=\"_blank\" rel=\"noopener\">Stellen Sie Ihre \u00dcberfahrt zusammen. <\/a><a href=\"https:\/\/puttgardenrodby.com\/go\/pages-side\" target=\"_blank\" rel=\"noopener\">\u2b9e<\/a><\/p>\t\t\t\t\t\t\t\t<\/div>\n\t\t\t\t<\/div>\n\t\t\t\t\t<\/div>\n\t\t<\/div>\n\t\t\t\t\t<\/div>\n\t\t<\/section>\n\t\t\t\t<\/div>\n\t\t","protected":false},"excerpt":{"rendered":"<p>F\u00e4hre Preise und Tickets Fehmarn-Rodbyhavn In der Regel wird die k\u00fcrzeste \u00dcberfahrt von Deutschland nach D\u00e4nemark als Puttgarden-Rodby-F\u00e4hre bezeichnet. Wie bereits auf unserer Seite \u00fcber\u00a0Rodby\u00a0erw\u00e4hnt, f\u00e4hrt die F\u00e4hre tats\u00e4chlich nach Rodbyhavn! Puttgarden ist hingegen die richtige Bezeichnung f\u00fcr den Abfahrtshafen, aber auch der Name Fehmarn wird verwendet, in Bezug auf die Insel, auf der Puttgarden [&hellip;]<\/p>\n","protected":false},"author":1,"featured_media":0,"parent":0,"menu_order":0,"comment_status":"closed","ping_status":"closed","template":"elementor_header_footer","meta":{"footnotes":""},"class_list":["post-842","page","type-page","status-publish","hentry"],"yoast_head":"<!-- This site is optimized with the Yoast SEO plugin v27.2 - https:\/\/yoast.com\/product\/yoast-seo-wordpress\/ -->\n<title>F\u00e4hre Fehmarn-Rodbyhavn<\/title>\n<meta name=\"description\" content=\"Infos zur Fehmarn-Rodbyhavn-F\u00e4hre: Fahrplan, Preise und Einrichtungen dieser beliebten F\u00e4hre zwischen Deutschland und D\u00e4nemark.\" \/>\n<meta name=\"robots\" content=\"index, follow, max-snippet:-1, max-image-preview:large, max-video-preview:-1\" \/>\n<link rel=\"canonical\" href=\"https:\/\/puttgardenrodby.com\/de\/fehmarn-rodbyhavn\/\" \/>\n<meta property=\"og:locale\" content=\"de_DE\" \/>\n<meta property=\"og:type\" content=\"article\" \/>\n<meta property=\"og:title\" content=\"F\u00e4hre Fehmarn-Rodbyhavn\" \/>\n<meta property=\"og:description\" content=\"Infos zur Fehmarn-Rodbyhavn-F\u00e4hre: Fahrplan, Preise und Einrichtungen dieser beliebten F\u00e4hre zwischen Deutschland und D\u00e4nemark.\" \/>\n<meta property=\"og:url\" content=\"https:\/\/puttgardenrodby.com\/de\/fehmarn-rodbyhavn\/\" \/>\n<meta property=\"og:site_name\" content=\"Puttgarden Rodby Deutsch\" \/>\n<meta property=\"article:modified_time\" content=\"2024-03-14T08:47:14+00:00\" \/>\n<meta property=\"og:image\" content=\"https:\/\/puttgardenrodby.com\/de\/wp-content\/uploads\/sites\/4\/2023\/05\/fehmarn-rodbyhavn.jpg\" \/>\n<meta name=\"twitter:card\" content=\"summary_large_image\" \/>\n<meta name=\"twitter:label1\" content=\"Gesch\u00e4tzte Lesezeit\" \/>\n\t<meta name=\"twitter:data1\" content=\"2\u00a0Minuten\" \/>\n<script type=\"application\/ld+json\" class=\"yoast-schema-graph\">{\"@context\":\"https:\/\/schema.org\",\"@graph\":[{\"@type\":\"WebPage\",\"@id\":\"https:\/\/puttgardenrodby.com\/de\/fehmarn-rodbyhavn\/\",\"url\":\"https:\/\/puttgardenrodby.com\/de\/fehmarn-rodbyhavn\/\",\"name\":\"F\u00e4hre Fehmarn-Rodbyhavn\",\"isPartOf\":{\"@id\":\"https:\/\/puttgardenrodby.com\/de\/#website\"},\"primaryImageOfPage\":{\"@id\":\"https:\/\/puttgardenrodby.com\/de\/fehmarn-rodbyhavn\/#primaryimage\"},\"image\":{\"@id\":\"https:\/\/puttgardenrodby.com\/de\/fehmarn-rodbyhavn\/#primaryimage\"},\"thumbnailUrl\":\"https:\/\/puttgardenrodby.com\/de\/wp-content\/uploads\/sites\/4\/2023\/05\/fehmarn-rodbyhavn.jpg\",\"datePublished\":\"2023-05-12T12:33:41+00:00\",\"dateModified\":\"2024-03-14T08:47:14+00:00\",\"description\":\"Infos zur Fehmarn-Rodbyhavn-F\u00e4hre: Fahrplan, Preise und Einrichtungen dieser beliebten F\u00e4hre zwischen Deutschland und D\u00e4nemark.\",\"breadcrumb\":{\"@id\":\"https:\/\/puttgardenrodby.com\/de\/fehmarn-rodbyhavn\/#breadcrumb\"},\"inLanguage\":\"de\",\"potentialAction\":[{\"@type\":\"ReadAction\",\"target\":[\"https:\/\/puttgardenrodby.com\/de\/fehmarn-rodbyhavn\/\"]}]},{\"@type\":\"ImageObject\",\"inLanguage\":\"de\",\"@id\":\"https:\/\/puttgardenrodby.com\/de\/fehmarn-rodbyhavn\/#primaryimage\",\"url\":\"https:\/\/puttgardenrodby.com\/de\/wp-content\/uploads\/sites\/4\/2023\/05\/fehmarn-rodbyhavn.jpg\",\"contentUrl\":\"https:\/\/puttgardenrodby.com\/de\/wp-content\/uploads\/sites\/4\/2023\/05\/fehmarn-rodbyhavn.jpg\",\"width\":1000,\"height\":500},{\"@type\":\"BreadcrumbList\",\"@id\":\"https:\/\/puttgardenrodby.com\/de\/fehmarn-rodbyhavn\/#breadcrumb\",\"itemListElement\":[{\"@type\":\"ListItem\",\"position\":1,\"name\":\"Home\",\"item\":\"https:\/\/puttgardenrodby.com\/de\/\"},{\"@type\":\"ListItem\",\"position\":2,\"name\":\"Fehmarn-Rodbyhavn\"}]},{\"@type\":\"WebSite\",\"@id\":\"https:\/\/puttgardenrodby.com\/de\/#website\",\"url\":\"https:\/\/puttgardenrodby.com\/de\/\",\"name\":\"Puttgarden Rodby Deutsch\",\"description\":\"\",\"publisher\":{\"@id\":\"https:\/\/puttgardenrodby.com\/de\/#organization\"},\"potentialAction\":[{\"@type\":\"SearchAction\",\"target\":{\"@type\":\"EntryPoint\",\"urlTemplate\":\"https:\/\/puttgardenrodby.com\/de\/?s={search_term_string}\"},\"query-input\":{\"@type\":\"PropertyValueSpecification\",\"valueRequired\":true,\"valueName\":\"search_term_string\"}}],\"inLanguage\":\"de\"},{\"@type\":\"Organization\",\"@id\":\"https:\/\/puttgardenrodby.com\/de\/#organization\",\"name\":\"Puttgarden Rodby Deutsch\",\"url\":\"https:\/\/puttgardenrodby.com\/de\/\",\"logo\":{\"@type\":\"ImageObject\",\"inLanguage\":\"de\",\"@id\":\"https:\/\/puttgardenrodby.com\/de\/#\/schema\/logo\/image\/\",\"url\":\"https:\/\/puttgardenrodby.com\/de\/wp-content\/uploads\/sites\/4\/2023\/05\/Puttgarden-Rodby-logo.png\",\"contentUrl\":\"https:\/\/puttgardenrodby.com\/de\/wp-content\/uploads\/sites\/4\/2023\/05\/Puttgarden-Rodby-logo.png\",\"width\":1043,\"height\":347,\"caption\":\"Puttgarden Rodby Deutsch\"},\"image\":{\"@id\":\"https:\/\/puttgardenrodby.com\/de\/#\/schema\/logo\/image\/\"}}]}<\/script>\n<!-- \/ Yoast SEO plugin. -->","yoast_head_json":{"title":"F\u00e4hre Fehmarn-Rodbyhavn","description":"Infos zur Fehmarn-Rodbyhavn-F\u00e4hre: Fahrplan, Preise und Einrichtungen dieser beliebten F\u00e4hre zwischen Deutschland und D\u00e4nemark.","robots":{"index":"index","follow":"follow","max-snippet":"max-snippet:-1","max-image-preview":"max-image-preview:large","max-video-preview":"max-video-preview:-1"},"canonical":"https:\/\/puttgardenrodby.com\/de\/fehmarn-rodbyhavn\/","og_locale":"de_DE","og_type":"article","og_title":"F\u00e4hre Fehmarn-Rodbyhavn","og_description":"Infos zur Fehmarn-Rodbyhavn-F\u00e4hre: Fahrplan, Preise und Einrichtungen dieser beliebten F\u00e4hre zwischen Deutschland und D\u00e4nemark.","og_url":"https:\/\/puttgardenrodby.com\/de\/fehmarn-rodbyhavn\/","og_site_name":"Puttgarden Rodby Deutsch","article_modified_time":"2024-03-14T08:47:14+00:00","og_image":[{"url":"https:\/\/puttgardenrodby.com\/de\/wp-content\/uploads\/sites\/4\/2023\/05\/fehmarn-rodbyhavn.jpg","type":"","width":"","height":""}],"twitter_card":"summary_large_image","twitter_misc":{"Gesch\u00e4tzte Lesezeit":"2\u00a0Minuten"},"schema":{"@context":"https:\/\/schema.org","@graph":[{"@type":"WebPage","@id":"https:\/\/puttgardenrodby.com\/de\/fehmarn-rodbyhavn\/","url":"https:\/\/puttgardenrodby.com\/de\/fehmarn-rodbyhavn\/","name":"F\u00e4hre Fehmarn-Rodbyhavn","isPartOf":{"@id":"https:\/\/puttgardenrodby.com\/de\/#website"},"primaryImageOfPage":{"@id":"https:\/\/puttgardenrodby.com\/de\/fehmarn-rodbyhavn\/#primaryimage"},"image":{"@id":"https:\/\/puttgardenrodby.com\/de\/fehmarn-rodbyhavn\/#primaryimage"},"thumbnailUrl":"https:\/\/puttgardenrodby.com\/de\/wp-content\/uploads\/sites\/4\/2023\/05\/fehmarn-rodbyhavn.jpg","datePublished":"2023-05-12T12:33:41+00:00","dateModified":"2024-03-14T08:47:14+00:00","description":"Infos zur Fehmarn-Rodbyhavn-F\u00e4hre: Fahrplan, Preise und Einrichtungen dieser beliebten F\u00e4hre zwischen Deutschland und D\u00e4nemark.","breadcrumb":{"@id":"https:\/\/puttgardenrodby.com\/de\/fehmarn-rodbyhavn\/#breadcrumb"},"inLanguage":"de","potentialAction":[{"@type":"ReadAction","target":["https:\/\/puttgardenrodby.com\/de\/fehmarn-rodbyhavn\/"]}]},{"@type":"ImageObject","inLanguage":"de","@id":"https:\/\/puttgardenrodby.com\/de\/fehmarn-rodbyhavn\/#primaryimage","url":"https:\/\/puttgardenrodby.com\/de\/wp-content\/uploads\/sites\/4\/2023\/05\/fehmarn-rodbyhavn.jpg","contentUrl":"https:\/\/puttgardenrodby.com\/de\/wp-content\/uploads\/sites\/4\/2023\/05\/fehmarn-rodbyhavn.jpg","width":1000,"height":500},{"@type":"BreadcrumbList","@id":"https:\/\/puttgardenrodby.com\/de\/fehmarn-rodbyhavn\/#breadcrumb","itemListElement":[{"@type":"ListItem","position":1,"name":"Home","item":"https:\/\/puttgardenrodby.com\/de\/"},{"@type":"ListItem","position":2,"name":"Fehmarn-Rodbyhavn"}]},{"@type":"WebSite","@id":"https:\/\/puttgardenrodby.com\/de\/#website","url":"https:\/\/puttgardenrodby.com\/de\/","name":"Puttgarden Rodby Deutsch","description":"","publisher":{"@id":"https:\/\/puttgardenrodby.com\/de\/#organization"},"potentialAction":[{"@type":"SearchAction","target":{"@type":"EntryPoint","urlTemplate":"https:\/\/puttgardenrodby.com\/de\/?s={search_term_string}"},"query-input":{"@type":"PropertyValueSpecification","valueRequired":true,"valueName":"search_term_string"}}],"inLanguage":"de"},{"@type":"Organization","@id":"https:\/\/puttgardenrodby.com\/de\/#organization","name":"Puttgarden Rodby Deutsch","url":"https:\/\/puttgardenrodby.com\/de\/","logo":{"@type":"ImageObject","inLanguage":"de","@id":"https:\/\/puttgardenrodby.com\/de\/#\/schema\/logo\/image\/","url":"https:\/\/puttgardenrodby.com\/de\/wp-content\/uploads\/sites\/4\/2023\/05\/Puttgarden-Rodby-logo.png","contentUrl":"https:\/\/puttgardenrodby.com\/de\/wp-content\/uploads\/sites\/4\/2023\/05\/Puttgarden-Rodby-logo.png","width":1043,"height":347,"caption":"Puttgarden Rodby Deutsch"},"image":{"@id":"https:\/\/puttgardenrodby.com\/de\/#\/schema\/logo\/image\/"}}]}},"_links":{"self":[{"href":"https:\/\/puttgardenrodby.com\/de\/wp-json\/wp\/v2\/pages\/842","targetHints":{"allow":["GET"]}}],"collection":[{"href":"https:\/\/puttgardenrodby.com\/de\/wp-json\/wp\/v2\/pages"}],"about":[{"href":"https:\/\/puttgardenrodby.com\/de\/wp-json\/wp\/v2\/types\/page"}],"author":[{"embeddable":true,"href":"https:\/\/puttgardenrodby.com\/de\/wp-json\/wp\/v2\/users\/1"}],"replies":[{"embeddable":true,"href":"https:\/\/puttgardenrodby.com\/de\/wp-json\/wp\/v2\/comments?post=842"}],"version-history":[{"count":23,"href":"https:\/\/puttgardenrodby.com\/de\/wp-json\/wp\/v2\/pages\/842\/revisions"}],"predecessor-version":[{"id":1468,"href":"https:\/\/puttgardenrodby.com\/de\/wp-json\/wp\/v2\/pages\/842\/revisions\/1468"}],"wp:attachment":[{"href":"https:\/\/puttgardenrodby.com\/de\/wp-json\/wp\/v2\/media?parent=842"}],"curies":[{"name":"wp","href":"https:\/\/api.w.org\/{rel}","templated":true}]}}