{"id":770,"date":"2023-05-12T10:19:41","date_gmt":"2023-05-12T10:19:41","guid":{"rendered":"https:\/\/puttgardenrodby.nl\/?page_id=770"},"modified":"2025-12-22T14:32:53","modified_gmt":"2025-12-22T14:32:53","slug":"puttgarden-rodby-oeresundbruecke","status":"publish","type":"page","link":"https:\/\/puttgardenrodby.com\/de\/puttgarden-rodby-oeresundbruecke\/","title":{"rendered":"Puttgarden-R\u00f8dby + \u00d6resundbr\u00fccke"},"content":{"rendered":"\t\t<div data-elementor-type=\"wp-post\" data-elementor-id=\"770\" class=\"elementor elementor-770\" data-elementor-post-type=\"page\">\n\t\t\t\t\t\t<section class=\"elementor-section elementor-top-section elementor-element elementor-element-7a057718 elementor-section-boxed elementor-section-height-default elementor-section-height-default\" data-id=\"7a057718\" data-element_type=\"section\" data-e-type=\"section\" data-settings=\"{&quot;background_background&quot;:&quot;gradient&quot;,&quot;sticky&quot;:&quot;top&quot;,&quot;sticky_on&quot;:[&quot;desktop&quot;,&quot;tablet&quot;,&quot;mobile&quot;],&quot;sticky_offset&quot;:0,&quot;sticky_effects_offset&quot;:0,&quot;sticky_anchor_link_offset&quot;:0}\">\n\t\t\t\t\t\t<div class=\"elementor-container elementor-column-gap-default\">\n\t\t\t\t\t<div class=\"elementor-column elementor-col-50 elementor-top-column elementor-element elementor-element-2704654a\" data-id=\"2704654a\" data-element_type=\"column\" data-e-type=\"column\">\n\t\t\t<div class=\"elementor-widget-wrap elementor-element-populated\">\n\t\t\t\t\t\t<div class=\"elementor-element elementor-element-4739e297 elementor-widget elementor-widget-breadcrumbs\" data-id=\"4739e297\" data-element_type=\"widget\" data-e-type=\"widget\" data-widget_type=\"breadcrumbs.default\">\n\t\t\t\t<div class=\"elementor-widget-container\">\n\t\t\t\t\t<p id=\"breadcrumbs\"><span><span><a href=\"https:\/\/puttgardenrodby.com\/de\/\">Home<\/a><\/span><\/span><\/p>\t\t\t\t<\/div>\n\t\t\t\t<\/div>\n\t\t\t\t\t<\/div>\n\t\t<\/div>\n\t\t\t\t<div class=\"elementor-column elementor-col-50 elementor-top-column elementor-element elementor-element-2f3ced66\" data-id=\"2f3ced66\" data-element_type=\"column\" data-e-type=\"column\">\n\t\t\t<div class=\"elementor-widget-wrap elementor-element-populated\">\n\t\t\t\t\t\t<div class=\"elementor-element elementor-element-15ca491a elementor-align-right elementor-mobile-align-center elementor-widget elementor-widget-button\" data-id=\"15ca491a\" data-element_type=\"widget\" data-e-type=\"widget\" data-settings=\"{&quot;sticky&quot;:&quot;top&quot;,&quot;sticky_on&quot;:[&quot;mobile&quot;],&quot;sticky_offset&quot;:8,&quot;sticky_effects_offset_mobile&quot;:0,&quot;_animation_mobile&quot;:&quot;fadeIn&quot;,&quot;sticky_effects_offset&quot;:0,&quot;sticky_anchor_link_offset&quot;:0}\" data-widget_type=\"button.default\">\n\t\t\t\t<div class=\"elementor-widget-container\">\n\t\t\t\t\t\t\t\t\t<div class=\"elementor-button-wrapper\">\n\t\t\t\t\t<a class=\"elementor-button elementor-button-link elementor-size-md elementor-animation-shrink\" href=\"https:\/\/puttgardenrodby.com\/de\/go\/button-header-page\" target=\"_blank\">\n\t\t\t\t\t\t<span class=\"elementor-button-content-wrapper\">\n\t\t\t\t\t\t<span class=\"elementor-button-icon\">\n\t\t\t\t<i aria-hidden=\"true\" class=\"far fa-arrow-alt-circle-right\"><\/i>\t\t\t<\/span>\n\t\t\t\t\t\t\t\t\t<span class=\"elementor-button-text\">F\u00e4hre Preise und Tickets<\/span>\n\t\t\t\t\t<\/span>\n\t\t\t\t\t<\/a>\n\t\t\t\t<\/div>\n\t\t\t\t\t\t\t\t<\/div>\n\t\t\t\t<\/div>\n\t\t\t\t\t<\/div>\n\t\t<\/div>\n\t\t\t\t\t<\/div>\n\t\t<\/section>\n\t\t\t\t<section class=\"elementor-section elementor-top-section elementor-element elementor-element-348d881 elementor-section-boxed elementor-section-height-default elementor-section-height-default\" data-id=\"348d881\" data-element_type=\"section\" data-e-type=\"section\">\n\t\t\t\t\t\t\t<div class=\"elementor-background-overlay\"><\/div>\n\t\t\t\t\t\t\t<div class=\"elementor-container elementor-column-gap-default\">\n\t\t\t\t\t<div class=\"elementor-column elementor-col-50 elementor-top-column elementor-element elementor-element-2e117c7\" data-id=\"2e117c7\" data-element_type=\"column\" data-e-type=\"column\">\n\t\t\t<div class=\"elementor-widget-wrap elementor-element-populated\">\n\t\t\t\t\t\t<div class=\"elementor-element elementor-element-e20d4c6 elementor-widget elementor-widget-image\" data-id=\"e20d4c6\" data-element_type=\"widget\" data-e-type=\"widget\" data-widget_type=\"image.default\">\n\t\t\t\t<div class=\"elementor-widget-container\">\n\t\t\t\t\t\t\t\t\t\t\t\t\t\t\t<img fetchpriority=\"high\" decoding=\"async\" width=\"1000\" height=\"500\" src=\"https:\/\/puttgardenrodby.com\/de\/wp-content\/uploads\/sites\/4\/2023\/05\/oresundbrug.jpg\" class=\"attachment-full size-full wp-image-773\" alt=\"\" srcset=\"https:\/\/puttgardenrodby.com\/de\/wp-content\/uploads\/sites\/4\/2023\/05\/oresundbrug.jpg 1000w, https:\/\/puttgardenrodby.com\/de\/wp-content\/uploads\/sites\/4\/2023\/05\/oresundbrug-300x150.jpg 300w, https:\/\/puttgardenrodby.com\/de\/wp-content\/uploads\/sites\/4\/2023\/05\/oresundbrug-768x384.jpg 768w\" sizes=\"(max-width: 1000px) 100vw, 1000px\" \/>\t\t\t\t\t\t\t\t\t\t\t\t\t\t\t<\/div>\n\t\t\t\t<\/div>\n\t\t\t\t<div class=\"elementor-element elementor-element-18585c6 elementor-widget elementor-widget-heading\" data-id=\"18585c6\" data-element_type=\"widget\" data-e-type=\"widget\" data-widget_type=\"heading.default\">\n\t\t\t\t<div class=\"elementor-widget-container\">\n\t\t\t\t\t<h1 class=\"elementor-heading-title elementor-size-default\">Puttgarden-R\u00f8dby + \u00d6resundbr\u00fccke<\/h1>\t\t\t\t<\/div>\n\t\t\t\t<\/div>\n\t\t\t\t<div class=\"elementor-element elementor-element-3d6085d elementor-widget elementor-widget-text-editor\" data-id=\"3d6085d\" data-element_type=\"widget\" data-e-type=\"widget\" data-widget_type=\"text-editor.default\">\n\t\t\t\t<div class=\"elementor-widget-container\">\n\t\t\t\t\t\t\t\t\t<p><strong>Nach der Reise mit der Puttgarden-R\u00f8dby F\u00e4hre kannst du w\u00e4hlen, ob du weiter nach Schweden mit der \u00d8resundbr\u00fccke (Mautbr\u00fccke) oder der <a href=\"https:\/\/puttgardenrodby.com\/de\/puttgarden-rodby-helsingor-helsingborg\/\">Helsingborg-F\u00e4hre<\/a> fahren m\u00f6chtest. Die Wahl zwischen diesen beiden Optionen h\u00e4ngt von deinen pers\u00f6nlichen Bed\u00fcrfnissen und Vorlieben ab.\u00a0<\/strong><\/p><p>Wenn du auf der Suche nach Geschwindigkeit bist, k\u00f6nnte die Br\u00fccke die bessere Wahl sein. Wenn du jedoch noch etwas die Beine vertreten m\u00f6chtest, ist die F\u00e4hre m\u00f6glicherweise besser geeignet. Vergiss nicht, auch den Preis der Reise in Betracht zu ziehen, da dies ein wichtiger Faktor bei deiner Entscheidung sein kann. Sowohl die Br\u00fccke als auch die F\u00e4hre kosten Geld. Du kannst Tickets f\u00fcr die Puttgarden F\u00e4hre und die Mautbr\u00fccke in einem Kauf erwerben.<\/p><h2>Puttgarden-R\u00f8dby + \u00d8resundbrug Tickets<\/h2><p>Scandlines bietet Kombinationstickets f\u00fcr:<\/p><ul><li><strong>Puttgarden-R\u00f8dby + Helsing\u00f8r-Helsingborg, <\/strong><\/li><li>und f\u00fcr <strong>Puttgarden-R\u00f8dby + \u00d8resundbr\u00fccke.<\/strong><\/li><\/ul><p>Du kannst diese bei Scandlines gut vergleichen, indem du angibst, auf welche Weise du reisen m\u00f6chtest. So kannst du schnell die Kosten sehen.<\/p><p><a href=\"https:\/\/puttgardenrodby.com\/go\/combinatietickets\" target=\"_blank\" rel=\"noopener\"><img decoding=\"async\" class=\"alignnone wp-image-774 size-full\" src=\"https:\/\/puttgardenrodby.com\/wp-content\/uploads\/2023\/05\/combination-ticket-scandlines-puttgarden-rodby-and-oresundbridge.jpg\" alt=\"\" width=\"850\" height=\"163\" srcset=\"https:\/\/puttgardenrodby.com\/de\/wp-content\/uploads\/sites\/4\/2023\/05\/combination-ticket-scandlines-puttgarden-rodby-and-oresundbridge.jpg 850w, https:\/\/puttgardenrodby.com\/de\/wp-content\/uploads\/sites\/4\/2023\/05\/combination-ticket-scandlines-puttgarden-rodby-and-oresundbridge-300x58.jpg 300w, https:\/\/puttgardenrodby.com\/de\/wp-content\/uploads\/sites\/4\/2023\/05\/combination-ticket-scandlines-puttgarden-rodby-and-oresundbridge-768x147.jpg 768w\" sizes=\"(max-width: 850px) 100vw, 850px\" \/><\/a><\/p><h2>\u00dcber die \u00d8resundbr\u00fccke<\/h2><div><p>Die \u00d8resundbr\u00fccke ist eine beeindruckende Konstruktion, die Schweden und D\u00e4nemark miteinander verbindet. Die Br\u00fccke ist ganze 8 Kilometer lang und besteht aus verschiedenen Teilen, darunter ein Tunnel und eine k\u00fcnstliche Insel. Die \u00d8resundbr\u00fccke ist nicht nur ein technisches Meisterwerk, sondern auch eine wichtige Verbindung im europ\u00e4ischen Stra\u00dfennetz.<\/p><p>Es ist auch wichtig zu wissen, dass f\u00fcr die \u00dcberquerung der Br\u00fccke eine Mautgeb\u00fchr zu entrichten ist, und dass dieser Betrag je nach Fahrzeugtyp und Tageszeit variieren kann.<\/p><\/div>\t\t\t\t\t\t\t\t<\/div>\n\t\t\t\t<\/div>\n\t\t\t\t<div class=\"elementor-element elementor-element-ed72b7f elementor-widget elementor-widget-image\" data-id=\"ed72b7f\" data-element_type=\"widget\" data-e-type=\"widget\" data-widget_type=\"image.default\">\n\t\t\t\t<div class=\"elementor-widget-container\">\n\t\t\t\t\t\t\t\t\t\t\t\t\t\t\t<img decoding=\"async\" src=\"https:\/\/puttgardenrodby.com\/de\/wp-content\/uploads\/sites\/4\/elementor\/thumbs\/puttgarden-rodby-test-q6vo9ve8ia81upxjakrjh3jbel1bftgazma67l7m2w.jpg\" title=\"puttgarden rodby test\" alt=\"puttgarden rodby test\" loading=\"lazy\" \/>\t\t\t\t\t\t\t\t\t\t\t\t\t\t\t<\/div>\n\t\t\t\t<\/div>\n\t\t\t\t<div class=\"elementor-element elementor-element-c3bf599 elementor-widget elementor-widget-text-editor\" data-id=\"c3bf599\" data-element_type=\"widget\" data-e-type=\"widget\" data-widget_type=\"text-editor.default\">\n\t\t\t\t<div class=\"elementor-widget-container\">\n\t\t\t\t\t\t\t\t\t<p><span style=\"color: #d70550; font-size: 40px; font-weight: bold; letter-spacing: -0.0415625em; text-align: inherit; font-family: var( --e-global-typography-text-font-family ), Sans-serif;\">Solltest du die F\u00e4hre oder die Br\u00fccke w\u00e4hlen?<\/span><\/p><div><div class=\"group w-full text-gray-800 dark:text-gray-100 border-b border-black\/10 dark:border-gray-900\/50 bg-gray-50 dark:bg-[#444654]\"><div class=\"flex p-4 gap-4 text-base md:gap-6 md:max-w-2xl lg:max-w-xl xl:max-w-3xl md:py-6 lg:px-0 m-auto\"><div class=\"relative flex w-[calc(100%-50px)] flex-col gap-1 md:gap-3 lg:w-[calc(100%-115px)]\"><div class=\"flex flex-grow flex-col gap-3\"><div class=\"min-h-[20px] flex flex-col items-start gap-4 whitespace-pre-wrap break-words\"><div class=\"markdown prose w-full break-words dark:prose-invert light\"><p>Die \u00d8resundbr\u00fccke und die Helsingborg-F\u00e4hre haben jeweils ihre Vor- und Nachteile, abh\u00e4ngig von deinen spezifischen Bed\u00fcrfnissen und Vorlieben, wenn du von Puttgarden nach Schweden reist.<\/p><p>Wenn du vorhast, nach Malm\u00f6 zu reisen, ist die \u00d8resundbr\u00fccke eine bessere Wahl als die F\u00e4hre, da sie n\u00e4her liegt. Wenn du jedoch in den Norden von Schweden reist, k\u00f6nnte die Helsingborg-F\u00e4hre eine passendere Option sein. Beachte jedoch, dass die F\u00e4hre l\u00e4nger dauert als die Br\u00fccke, wie wir berechnet haben.<\/p><\/div><\/div><\/div><\/div><\/div><\/div><ul><li><strong>R\u00f8dby &#8211; Ljungby \u00fcber die Br\u00fccke<\/strong> (374 km) <strong>Gesamtfahrzeit: 3<\/strong> Stunden und 49 Minuten<\/li><li><strong>R\u00f8dby &#8211; Ljungby mit der F\u00e4hre<\/strong> Von R\u00f8dby zur F\u00e4hrterminal in Helsing\u00f8r &#8211; 198 km, 2 Stunden und 8 Minuten \u00dcberfahrt: Wartezeit 10 Minuten, \u00dcberfahrtdauer 20 Minuten Von Helsingborg nach Ljungby &#8211; 131 km, 1 Stunde und 30 Minuten <strong>Gesamtfahrzeit:<\/strong> mindestens 4 Stunden und 8 Minuten<\/li><\/ul><p>Letztendlich ist die Br\u00fccke die schnellere Wahl. Aber ob sie auch unterhaltsamer und kosteng\u00fcnstiger ist? Das kannst du herausfinden, indem du deine Reise zusammenstellst und unter anderem die L\u00e4nge deines Autos und die Anzahl der Passagiere angibst.<\/p><p><a href=\"https:\/\/puttgardenrodby.com\/de\/go\/scandlines-combi\" target=\"_blank\" rel=\"noopener\">Buche hier deine Tickets.<\/a><\/p><hr \/><\/div>\t\t\t\t\t\t\t\t<\/div>\n\t\t\t\t<\/div>\n\t\t\t\t\t<\/div>\n\t\t<\/div>\n\t\t\t\t<div class=\"elementor-column elementor-col-50 elementor-top-column elementor-element elementor-element-9a29147\" data-id=\"9a29147\" data-element_type=\"column\" data-e-type=\"column\">\n\t\t\t<div class=\"elementor-widget-wrap elementor-element-populated\">\n\t\t\t\t\t\t<div class=\"elementor-element elementor-element-de19ae8 elementor-widget elementor-widget-text-editor\" data-id=\"de19ae8\" data-element_type=\"widget\" data-e-type=\"widget\" data-settings=\"{&quot;sticky&quot;:&quot;top&quot;,&quot;sticky_parent&quot;:&quot;yes&quot;,&quot;sticky_offset&quot;:100,&quot;sticky_effects_offset&quot;:60,&quot;sticky_on&quot;:[&quot;desktop&quot;,&quot;tablet&quot;,&quot;mobile&quot;],&quot;sticky_anchor_link_offset&quot;:0}\" data-widget_type=\"text-editor.default\">\n\t\t\t\t<div class=\"elementor-widget-container\">\n\t\t\t\t\t\t\t\t\t<p><strong>F\u00e4hrtickets<\/strong><\/p><p>Die g\u00fcnstigsten Tickets sind \u00fcber den F\u00e4hrbetreiber Scandlines erh\u00e4ltlich.<\/p><p><a href=\"https:\/\/puttgardenrodby.com\/go\/pages-side\" target=\"_blank\" rel=\"noopener\">Stellen Sie Ihre \u00dcberfahrt zusammen. <\/a><a href=\"https:\/\/puttgardenrodby.com\/go\/pages-side\" target=\"_blank\" rel=\"noopener\">\u2b9e<\/a><\/p>\t\t\t\t\t\t\t\t<\/div>\n\t\t\t\t<\/div>\n\t\t\t\t\t<\/div>\n\t\t<\/div>\n\t\t\t\t\t<\/div>\n\t\t<\/section>\n\t\t\t\t<\/div>\n\t\t","protected":false},"excerpt":{"rendered":"<p>F\u00e4hre Preise und Tickets Puttgarden-R\u00f8dby + \u00d6resundbr\u00fccke Nach der Reise mit der Puttgarden-R\u00f8dby F\u00e4hre kannst du w\u00e4hlen, ob du weiter nach Schweden mit der \u00d8resundbr\u00fccke (Mautbr\u00fccke) oder der Helsingborg-F\u00e4hre fahren m\u00f6chtest. Die Wahl zwischen diesen beiden Optionen h\u00e4ngt von deinen pers\u00f6nlichen Bed\u00fcrfnissen und Vorlieben ab.\u00a0 Wenn du auf der Suche nach Geschwindigkeit bist, k\u00f6nnte die [&hellip;]<\/p>\n","protected":false},"author":1,"featured_media":0,"parent":0,"menu_order":0,"comment_status":"closed","ping_status":"closed","template":"elementor_header_footer","meta":{"footnotes":""},"class_list":["post-770","page","type-page","status-publish","hentry"],"yoast_head":"<!-- This site is optimized with the Yoast SEO plugin v27.2 - https:\/\/yoast.com\/product\/yoast-seo-wordpress\/ -->\n<title>F\u00e4hrroute Puttgarden-R\u00f8dby + \u00d6resundbr\u00fccke<\/title>\n<meta name=\"description\" content=\"Erfahren Sie auf PuttgardenRodby.com alles, was Sie \u00fcber die F\u00e4hrroute Puttgarden-R\u00f8dby einschlie\u00dflich der \u00d6resundbr\u00fccke wissen m\u00fcssen.\" \/>\n<meta name=\"robots\" content=\"index, follow, max-snippet:-1, max-image-preview:large, max-video-preview:-1\" \/>\n<link rel=\"canonical\" href=\"https:\/\/puttgardenrodby.com\/de\/puttgarden-rodby-oeresundbruecke\/\" \/>\n<meta property=\"og:locale\" content=\"de_DE\" \/>\n<meta property=\"og:type\" content=\"article\" \/>\n<meta property=\"og:title\" content=\"F\u00e4hrroute Puttgarden-R\u00f8dby + \u00d6resundbr\u00fccke\" \/>\n<meta property=\"og:description\" content=\"Erfahren Sie auf PuttgardenRodby.com alles, was Sie \u00fcber die F\u00e4hrroute Puttgarden-R\u00f8dby einschlie\u00dflich der \u00d6resundbr\u00fccke wissen m\u00fcssen.\" \/>\n<meta property=\"og:url\" content=\"https:\/\/puttgardenrodby.com\/de\/puttgarden-rodby-oeresundbruecke\/\" \/>\n<meta property=\"og:site_name\" content=\"Puttgarden Rodby Deutsch\" \/>\n<meta property=\"article:modified_time\" content=\"2025-12-22T14:32:53+00:00\" \/>\n<meta property=\"og:image\" content=\"https:\/\/puttgardenrodby.com\/de\/wp-content\/uploads\/sites\/4\/2023\/05\/oresundbrug.jpg\" \/>\n\t<meta property=\"og:image:width\" content=\"1000\" \/>\n\t<meta property=\"og:image:height\" content=\"500\" \/>\n\t<meta property=\"og:image:type\" content=\"image\/jpeg\" \/>\n<meta name=\"twitter:card\" content=\"summary_large_image\" \/>\n<meta name=\"twitter:label1\" content=\"Gesch\u00e4tzte Lesezeit\" \/>\n\t<meta name=\"twitter:data1\" content=\"4\u00a0Minuten\" \/>\n<script type=\"application\/ld+json\" class=\"yoast-schema-graph\">{\"@context\":\"https:\/\/schema.org\",\"@graph\":[{\"@type\":\"WebPage\",\"@id\":\"https:\/\/puttgardenrodby.com\/de\/puttgarden-rodby-oeresundbruecke\/\",\"url\":\"https:\/\/puttgardenrodby.com\/de\/puttgarden-rodby-oeresundbruecke\/\",\"name\":\"F\u00e4hrroute Puttgarden-R\u00f8dby + \u00d6resundbr\u00fccke\",\"isPartOf\":{\"@id\":\"https:\/\/puttgardenrodby.com\/de\/#website\"},\"primaryImageOfPage\":{\"@id\":\"https:\/\/puttgardenrodby.com\/de\/puttgarden-rodby-oeresundbruecke\/#primaryimage\"},\"image\":{\"@id\":\"https:\/\/puttgardenrodby.com\/de\/puttgarden-rodby-oeresundbruecke\/#primaryimage\"},\"thumbnailUrl\":\"https:\/\/puttgardenrodby.com\/de\/wp-content\/uploads\/sites\/4\/2023\/05\/oresundbrug.jpg\",\"datePublished\":\"2023-05-12T10:19:41+00:00\",\"dateModified\":\"2025-12-22T14:32:53+00:00\",\"description\":\"Erfahren Sie auf PuttgardenRodby.com alles, was Sie \u00fcber die F\u00e4hrroute Puttgarden-R\u00f8dby einschlie\u00dflich der \u00d6resundbr\u00fccke wissen m\u00fcssen.\",\"breadcrumb\":{\"@id\":\"https:\/\/puttgardenrodby.com\/de\/puttgarden-rodby-oeresundbruecke\/#breadcrumb\"},\"inLanguage\":\"de\",\"potentialAction\":[{\"@type\":\"ReadAction\",\"target\":[\"https:\/\/puttgardenrodby.com\/de\/puttgarden-rodby-oeresundbruecke\/\"]}]},{\"@type\":\"ImageObject\",\"inLanguage\":\"de\",\"@id\":\"https:\/\/puttgardenrodby.com\/de\/puttgarden-rodby-oeresundbruecke\/#primaryimage\",\"url\":\"https:\/\/puttgardenrodby.com\/de\/wp-content\/uploads\/sites\/4\/2023\/05\/oresundbrug.jpg\",\"contentUrl\":\"https:\/\/puttgardenrodby.com\/de\/wp-content\/uploads\/sites\/4\/2023\/05\/oresundbrug.jpg\",\"width\":1000,\"height\":500},{\"@type\":\"BreadcrumbList\",\"@id\":\"https:\/\/puttgardenrodby.com\/de\/puttgarden-rodby-oeresundbruecke\/#breadcrumb\",\"itemListElement\":[{\"@type\":\"ListItem\",\"position\":1,\"name\":\"Home\",\"item\":\"https:\/\/puttgardenrodby.com\/de\/\"},{\"@type\":\"ListItem\",\"position\":2,\"name\":\"Puttgarden-R\u00f8dby + \u00d6resundbr\u00fccke\"}]},{\"@type\":\"WebSite\",\"@id\":\"https:\/\/puttgardenrodby.com\/de\/#website\",\"url\":\"https:\/\/puttgardenrodby.com\/de\/\",\"name\":\"Puttgarden Rodby Deutsch\",\"description\":\"\",\"publisher\":{\"@id\":\"https:\/\/puttgardenrodby.com\/de\/#organization\"},\"potentialAction\":[{\"@type\":\"SearchAction\",\"target\":{\"@type\":\"EntryPoint\",\"urlTemplate\":\"https:\/\/puttgardenrodby.com\/de\/?s={search_term_string}\"},\"query-input\":{\"@type\":\"PropertyValueSpecification\",\"valueRequired\":true,\"valueName\":\"search_term_string\"}}],\"inLanguage\":\"de\"},{\"@type\":\"Organization\",\"@id\":\"https:\/\/puttgardenrodby.com\/de\/#organization\",\"name\":\"Puttgarden Rodby Deutsch\",\"url\":\"https:\/\/puttgardenrodby.com\/de\/\",\"logo\":{\"@type\":\"ImageObject\",\"inLanguage\":\"de\",\"@id\":\"https:\/\/puttgardenrodby.com\/de\/#\/schema\/logo\/image\/\",\"url\":\"https:\/\/puttgardenrodby.com\/de\/wp-content\/uploads\/sites\/4\/2023\/05\/Puttgarden-Rodby-logo.png\",\"contentUrl\":\"https:\/\/puttgardenrodby.com\/de\/wp-content\/uploads\/sites\/4\/2023\/05\/Puttgarden-Rodby-logo.png\",\"width\":1043,\"height\":347,\"caption\":\"Puttgarden Rodby Deutsch\"},\"image\":{\"@id\":\"https:\/\/puttgardenrodby.com\/de\/#\/schema\/logo\/image\/\"}}]}<\/script>\n<!-- \/ Yoast SEO plugin. -->","yoast_head_json":{"title":"F\u00e4hrroute Puttgarden-R\u00f8dby + \u00d6resundbr\u00fccke","description":"Erfahren Sie auf PuttgardenRodby.com alles, was Sie \u00fcber die F\u00e4hrroute Puttgarden-R\u00f8dby einschlie\u00dflich der \u00d6resundbr\u00fccke wissen m\u00fcssen.","robots":{"index":"index","follow":"follow","max-snippet":"max-snippet:-1","max-image-preview":"max-image-preview:large","max-video-preview":"max-video-preview:-1"},"canonical":"https:\/\/puttgardenrodby.com\/de\/puttgarden-rodby-oeresundbruecke\/","og_locale":"de_DE","og_type":"article","og_title":"F\u00e4hrroute Puttgarden-R\u00f8dby + \u00d6resundbr\u00fccke","og_description":"Erfahren Sie auf PuttgardenRodby.com alles, was Sie \u00fcber die F\u00e4hrroute Puttgarden-R\u00f8dby einschlie\u00dflich der \u00d6resundbr\u00fccke wissen m\u00fcssen.","og_url":"https:\/\/puttgardenrodby.com\/de\/puttgarden-rodby-oeresundbruecke\/","og_site_name":"Puttgarden Rodby Deutsch","article_modified_time":"2025-12-22T14:32:53+00:00","og_image":[{"width":1000,"height":500,"url":"https:\/\/puttgardenrodby.com\/de\/wp-content\/uploads\/sites\/4\/2023\/05\/oresundbrug.jpg","type":"image\/jpeg"}],"twitter_card":"summary_large_image","twitter_misc":{"Gesch\u00e4tzte Lesezeit":"4\u00a0Minuten"},"schema":{"@context":"https:\/\/schema.org","@graph":[{"@type":"WebPage","@id":"https:\/\/puttgardenrodby.com\/de\/puttgarden-rodby-oeresundbruecke\/","url":"https:\/\/puttgardenrodby.com\/de\/puttgarden-rodby-oeresundbruecke\/","name":"F\u00e4hrroute Puttgarden-R\u00f8dby + \u00d6resundbr\u00fccke","isPartOf":{"@id":"https:\/\/puttgardenrodby.com\/de\/#website"},"primaryImageOfPage":{"@id":"https:\/\/puttgardenrodby.com\/de\/puttgarden-rodby-oeresundbruecke\/#primaryimage"},"image":{"@id":"https:\/\/puttgardenrodby.com\/de\/puttgarden-rodby-oeresundbruecke\/#primaryimage"},"thumbnailUrl":"https:\/\/puttgardenrodby.com\/de\/wp-content\/uploads\/sites\/4\/2023\/05\/oresundbrug.jpg","datePublished":"2023-05-12T10:19:41+00:00","dateModified":"2025-12-22T14:32:53+00:00","description":"Erfahren Sie auf PuttgardenRodby.com alles, was Sie \u00fcber die F\u00e4hrroute Puttgarden-R\u00f8dby einschlie\u00dflich der \u00d6resundbr\u00fccke wissen m\u00fcssen.","breadcrumb":{"@id":"https:\/\/puttgardenrodby.com\/de\/puttgarden-rodby-oeresundbruecke\/#breadcrumb"},"inLanguage":"de","potentialAction":[{"@type":"ReadAction","target":["https:\/\/puttgardenrodby.com\/de\/puttgarden-rodby-oeresundbruecke\/"]}]},{"@type":"ImageObject","inLanguage":"de","@id":"https:\/\/puttgardenrodby.com\/de\/puttgarden-rodby-oeresundbruecke\/#primaryimage","url":"https:\/\/puttgardenrodby.com\/de\/wp-content\/uploads\/sites\/4\/2023\/05\/oresundbrug.jpg","contentUrl":"https:\/\/puttgardenrodby.com\/de\/wp-content\/uploads\/sites\/4\/2023\/05\/oresundbrug.jpg","width":1000,"height":500},{"@type":"BreadcrumbList","@id":"https:\/\/puttgardenrodby.com\/de\/puttgarden-rodby-oeresundbruecke\/#breadcrumb","itemListElement":[{"@type":"ListItem","position":1,"name":"Home","item":"https:\/\/puttgardenrodby.com\/de\/"},{"@type":"ListItem","position":2,"name":"Puttgarden-R\u00f8dby + \u00d6resundbr\u00fccke"}]},{"@type":"WebSite","@id":"https:\/\/puttgardenrodby.com\/de\/#website","url":"https:\/\/puttgardenrodby.com\/de\/","name":"Puttgarden Rodby Deutsch","description":"","publisher":{"@id":"https:\/\/puttgardenrodby.com\/de\/#organization"},"potentialAction":[{"@type":"SearchAction","target":{"@type":"EntryPoint","urlTemplate":"https:\/\/puttgardenrodby.com\/de\/?s={search_term_string}"},"query-input":{"@type":"PropertyValueSpecification","valueRequired":true,"valueName":"search_term_string"}}],"inLanguage":"de"},{"@type":"Organization","@id":"https:\/\/puttgardenrodby.com\/de\/#organization","name":"Puttgarden Rodby Deutsch","url":"https:\/\/puttgardenrodby.com\/de\/","logo":{"@type":"ImageObject","inLanguage":"de","@id":"https:\/\/puttgardenrodby.com\/de\/#\/schema\/logo\/image\/","url":"https:\/\/puttgardenrodby.com\/de\/wp-content\/uploads\/sites\/4\/2023\/05\/Puttgarden-Rodby-logo.png","contentUrl":"https:\/\/puttgardenrodby.com\/de\/wp-content\/uploads\/sites\/4\/2023\/05\/Puttgarden-Rodby-logo.png","width":1043,"height":347,"caption":"Puttgarden Rodby Deutsch"},"image":{"@id":"https:\/\/puttgardenrodby.com\/de\/#\/schema\/logo\/image\/"}}]}},"_links":{"self":[{"href":"https:\/\/puttgardenrodby.com\/de\/wp-json\/wp\/v2\/pages\/770","targetHints":{"allow":["GET"]}}],"collection":[{"href":"https:\/\/puttgardenrodby.com\/de\/wp-json\/wp\/v2\/pages"}],"about":[{"href":"https:\/\/puttgardenrodby.com\/de\/wp-json\/wp\/v2\/types\/page"}],"author":[{"embeddable":true,"href":"https:\/\/puttgardenrodby.com\/de\/wp-json\/wp\/v2\/users\/1"}],"replies":[{"embeddable":true,"href":"https:\/\/puttgardenrodby.com\/de\/wp-json\/wp\/v2\/comments?post=770"}],"version-history":[{"count":32,"href":"https:\/\/puttgardenrodby.com\/de\/wp-json\/wp\/v2\/pages\/770\/revisions"}],"predecessor-version":[{"id":1540,"href":"https:\/\/puttgardenrodby.com\/de\/wp-json\/wp\/v2\/pages\/770\/revisions\/1540"}],"wp:attachment":[{"href":"https:\/\/puttgardenrodby.com\/de\/wp-json\/wp\/v2\/media?parent=770"}],"curies":[{"name":"wp","href":"https:\/\/api.w.org\/{rel}","templated":true}]}}