{"id":733,"date":"2023-05-12T08:49:25","date_gmt":"2023-05-12T08:49:25","guid":{"rendered":"https:\/\/puttgardenrodby.nl\/?page_id=733"},"modified":"2024-03-20T13:42:35","modified_gmt":"2024-03-20T13:42:35","slug":"puttgarden-rodby-helsingor-helsingborg","status":"publish","type":"page","link":"https:\/\/puttgardenrodby.com\/de\/puttgarden-rodby-helsingor-helsingborg\/","title":{"rendered":"Puttgarden-R\u00f8dby + Helsing\u00f8r-Helsingborg"},"content":{"rendered":"\t\t<div data-elementor-type=\"wp-post\" data-elementor-id=\"733\" class=\"elementor elementor-733\" data-elementor-post-type=\"page\">\n\t\t\t\t\t\t<section class=\"elementor-section elementor-top-section elementor-element elementor-element-3a40b1be elementor-section-boxed elementor-section-height-default elementor-section-height-default\" data-id=\"3a40b1be\" data-element_type=\"section\" data-e-type=\"section\" data-settings=\"{&quot;background_background&quot;:&quot;gradient&quot;,&quot;sticky&quot;:&quot;top&quot;,&quot;sticky_on&quot;:[&quot;desktop&quot;,&quot;tablet&quot;,&quot;mobile&quot;],&quot;sticky_offset&quot;:0,&quot;sticky_effects_offset&quot;:0,&quot;sticky_anchor_link_offset&quot;:0}\">\n\t\t\t\t\t\t<div class=\"elementor-container elementor-column-gap-default\">\n\t\t\t\t\t<div class=\"elementor-column elementor-col-50 elementor-top-column elementor-element elementor-element-706486ae\" data-id=\"706486ae\" data-element_type=\"column\" data-e-type=\"column\">\n\t\t\t<div class=\"elementor-widget-wrap elementor-element-populated\">\n\t\t\t\t\t\t<div class=\"elementor-element elementor-element-523a7996 elementor-widget elementor-widget-breadcrumbs\" data-id=\"523a7996\" data-element_type=\"widget\" data-e-type=\"widget\" data-widget_type=\"breadcrumbs.default\">\n\t\t\t\t<div class=\"elementor-widget-container\">\n\t\t\t\t\t<p id=\"breadcrumbs\"><span><span><a href=\"https:\/\/puttgardenrodby.com\/de\/\">Home<\/a><\/span><\/span><\/p>\t\t\t\t<\/div>\n\t\t\t\t<\/div>\n\t\t\t\t\t<\/div>\n\t\t<\/div>\n\t\t\t\t<div class=\"elementor-column elementor-col-50 elementor-top-column elementor-element elementor-element-84b864d\" data-id=\"84b864d\" data-element_type=\"column\" data-e-type=\"column\">\n\t\t\t<div class=\"elementor-widget-wrap elementor-element-populated\">\n\t\t\t\t\t\t<div class=\"elementor-element elementor-element-39136350 elementor-align-right elementor-mobile-align-center elementor-widget elementor-widget-button\" data-id=\"39136350\" data-element_type=\"widget\" data-e-type=\"widget\" data-settings=\"{&quot;sticky&quot;:&quot;top&quot;,&quot;sticky_on&quot;:[&quot;mobile&quot;],&quot;sticky_offset&quot;:8,&quot;sticky_effects_offset_mobile&quot;:0,&quot;_animation_mobile&quot;:&quot;fadeIn&quot;,&quot;sticky_effects_offset&quot;:0,&quot;sticky_anchor_link_offset&quot;:0}\" data-widget_type=\"button.default\">\n\t\t\t\t<div class=\"elementor-widget-container\">\n\t\t\t\t\t\t\t\t\t<div class=\"elementor-button-wrapper\">\n\t\t\t\t\t<a class=\"elementor-button elementor-button-link elementor-size-md elementor-animation-shrink\" href=\"https:\/\/puttgardenrodby.com\/de\/go\/button-header-page\" target=\"_blank\">\n\t\t\t\t\t\t<span class=\"elementor-button-content-wrapper\">\n\t\t\t\t\t\t<span class=\"elementor-button-icon\">\n\t\t\t\t<i aria-hidden=\"true\" class=\"far fa-arrow-alt-circle-right\"><\/i>\t\t\t<\/span>\n\t\t\t\t\t\t\t\t\t<span class=\"elementor-button-text\">F\u00e4hre Preise und Tickets<\/span>\n\t\t\t\t\t<\/span>\n\t\t\t\t\t<\/a>\n\t\t\t\t<\/div>\n\t\t\t\t\t\t\t\t<\/div>\n\t\t\t\t<\/div>\n\t\t\t\t\t<\/div>\n\t\t<\/div>\n\t\t\t\t\t<\/div>\n\t\t<\/section>\n\t\t\t\t<section class=\"elementor-section elementor-top-section elementor-element elementor-element-348d881 elementor-section-boxed elementor-section-height-default elementor-section-height-default\" data-id=\"348d881\" data-element_type=\"section\" data-e-type=\"section\">\n\t\t\t\t\t\t\t<div class=\"elementor-background-overlay\"><\/div>\n\t\t\t\t\t\t\t<div class=\"elementor-container elementor-column-gap-default\">\n\t\t\t\t\t<div class=\"elementor-column elementor-col-50 elementor-top-column elementor-element elementor-element-2e117c7\" data-id=\"2e117c7\" data-element_type=\"column\" data-e-type=\"column\">\n\t\t\t<div class=\"elementor-widget-wrap elementor-element-populated\">\n\t\t\t\t\t\t<div class=\"elementor-element elementor-element-e20d4c6 elementor-widget elementor-widget-image\" data-id=\"e20d4c6\" data-element_type=\"widget\" data-e-type=\"widget\" data-widget_type=\"image.default\">\n\t\t\t\t<div class=\"elementor-widget-container\">\n\t\t\t\t\t\t\t\t\t\t\t\t\t\t\t<img fetchpriority=\"high\" decoding=\"async\" width=\"1000\" height=\"500\" src=\"https:\/\/puttgardenrodby.com\/de\/wp-content\/uploads\/sites\/4\/2023\/05\/Helsingborg.jpg\" class=\"attachment-full size-full wp-image-736\" alt=\"\" srcset=\"https:\/\/puttgardenrodby.com\/de\/wp-content\/uploads\/sites\/4\/2023\/05\/Helsingborg.jpg 1000w, https:\/\/puttgardenrodby.com\/de\/wp-content\/uploads\/sites\/4\/2023\/05\/Helsingborg-300x150.jpg 300w, https:\/\/puttgardenrodby.com\/de\/wp-content\/uploads\/sites\/4\/2023\/05\/Helsingborg-768x384.jpg 768w\" sizes=\"(max-width: 1000px) 100vw, 1000px\" \/>\t\t\t\t\t\t\t\t\t\t\t\t\t\t\t<\/div>\n\t\t\t\t<\/div>\n\t\t\t\t<div class=\"elementor-element elementor-element-18585c6 elementor-widget elementor-widget-heading\" data-id=\"18585c6\" data-element_type=\"widget\" data-e-type=\"widget\" data-widget_type=\"heading.default\">\n\t\t\t\t<div class=\"elementor-widget-container\">\n\t\t\t\t\t<h1 class=\"elementor-heading-title elementor-size-default\">Puttgarden-R\u00f8dby + Helsing\u00f8r-Helsingborg<\/h1>\t\t\t\t<\/div>\n\t\t\t\t<\/div>\n\t\t\t\t<div class=\"elementor-element elementor-element-3d6085d elementor-widget elementor-widget-text-editor\" data-id=\"3d6085d\" data-element_type=\"widget\" data-e-type=\"widget\" data-widget_type=\"text-editor.default\">\n\t\t\t\t<div class=\"elementor-widget-container\">\n\t\t\t\t\t\t\t\t\t<p><b>Wer \u00fcber Puttgarden nach Schweden reist, hat die Wahl zwischen der \u00d8resundbr\u00fccke und der Helsingborg-Helsing\u00f8r-F\u00e4hre. Die Entscheidung zwischen der <a href=\"https:\/\/puttgardenrodby.com\/de\/puttgarden-rodby-oeresundbruecke\/\">\u00d8resundbr\u00fccke<\/a> und der Helsingborg-F\u00e4hre h\u00e4ngt von deinen spezifischen Bed\u00fcrfnissen und Vorlieben ab. Wenn du Wert auf Geschwindigkeit und Bequemlichkeit legst, kann die Br\u00fccke die bessere Option f\u00fcr dich sein. Wenn du hingegen die Landschaft genie\u00dfen und eine entspanntere Reise haben m\u00f6chtest, k\u00f6nnte die F\u00e4hre besser zu dir passen. Wir finden auch den Preisaspekt sehr wichtig!<\/b><\/p><h2>Puttgarden-R\u00f8dby + Helsing\u00f8r-Helsingborg Tickets<\/h2><p>Scandlines bietet Kombitickets f\u00fcr:<\/p><ul><li>Puttgarden-R\u00f8dby + Helsing\u00f8r-Helsingborg<\/li><li>und f\u00fcr Puttgarden-R\u00f8dby + \u00d8resundbr\u00fccke.<\/li><\/ul><p>Du kannst diese bei <a href=\"https:\/\/puttgardenrodby.com\/de\/go\/scandlines-combi\" target=\"_blank\" rel=\"noopener\">Scandlines<\/a> gut preislich vergleichen, indem du angibst, auf welche Weise du reisen m\u00f6chtest. So siehst du schnell, welche Kosten anfallen.<\/p><p><a href=\"https:\/\/puttgardenrodby.com\/go\/combinatietickets\" target=\"_blank\" rel=\"noopener\"><img decoding=\"async\" src=\"https:\/\/puttgardenrodby.com\/wp-content\/uploads\/2023\/05\/puttgarden-rodby-and-helsingor-helsingborg-tickets.jpg\" alt=\"\" width=\"850\" height=\"163\" \/><\/a><\/p><h2>\u00dcber die Helsing\u00f8r-Helsingborg F\u00e4hre<\/h2><div><p>Wenn Sie sich f\u00fcr die Puttgarden-R\u00f8dby + Helsing\u00f8r-Helsingborg Reise entscheiden, reisen Sie \u00fcber zwei schnelle \u00dcberfahrten. Die erste dauert 45 Minuten und die zweite nur 20 Minuten. Zwischen den beiden F\u00e4hren fahren Sie etwa 2 Stunden mit dem Auto \u00fcber eine Strecke von etwa 200 Kilometern.<\/p><p>Die Helsingborg-Helsing\u00f8r F\u00e4hre ist eine der beliebtesten F\u00e4hren in der Region. Die F\u00e4hre f\u00e4hrt t\u00e4glich zwischen Helsingborg in Schweden und Helsing\u00f8r in D\u00e4nemark. Die Reise dauert etwa 20 Minuten und es gibt mehrere Abfahrtszeiten im Laufe des Tages.<\/p><p>Wenn Sie planen, mit der Helsingborg-Helsing\u00f8r F\u00e4hre zu reisen, ist es ratsam, Ihre Tickets im Voraus zu buchen, um Wartezeiten beim Einsteigen auf die F\u00e4hre zu vermeiden.<\/p><\/div>\t\t\t\t\t\t\t\t<\/div>\n\t\t\t\t<\/div>\n\t\t\t\t<div class=\"elementor-element elementor-element-ed72b7f elementor-widget elementor-widget-image\" data-id=\"ed72b7f\" data-element_type=\"widget\" data-e-type=\"widget\" data-widget_type=\"image.default\">\n\t\t\t\t<div class=\"elementor-widget-container\">\n\t\t\t\t\t\t\t\t\t\t\t\t\t\t\t<img decoding=\"async\" src=\"https:\/\/puttgardenrodby.com\/de\/wp-content\/uploads\/sites\/4\/elementor\/thumbs\/puttgarden-rodby-test-q6vo9ve8ia81upxjakrjh3jbel1bftgazma67l7m2w.jpg\" title=\"puttgarden rodby test\" alt=\"puttgarden rodby test\" loading=\"lazy\" \/>\t\t\t\t\t\t\t\t\t\t\t\t\t\t\t<\/div>\n\t\t\t\t<\/div>\n\t\t\t\t<div class=\"elementor-element elementor-element-c3bf599 elementor-widget elementor-widget-text-editor\" data-id=\"c3bf599\" data-element_type=\"widget\" data-e-type=\"widget\" data-widget_type=\"text-editor.default\">\n\t\t\t\t<div class=\"elementor-widget-container\">\n\t\t\t\t\t\t\t\t\t<h3>An Bord der Helsingborg-Helsing\u00f8r F\u00e4hre:<\/h3><h4>Einrichtungen und Aussicht auf die \u00d8resund-Br\u00fccke<\/h4><div><p>An Bord der Helsingborg-Helsing\u00f8r F\u00e4hre stehen verschiedene Einrichtungen f\u00fcr Passagiere zur Verf\u00fcgung. Es gibt ein Restaurant, in dem Sie eine Mahlzeit oder ein Getr\u00e4nk genie\u00dfen k\u00f6nnen, w\u00e4hrend Sie den Blick auf die \u00d8resund-Br\u00fccke genie\u00dfen. Es gibt auch Toiletten und kostenloses WLAN an Bord.<\/p><p>Wenn Sie den Blick auf die \u00d8resund-Br\u00fccke genie\u00dfen m\u00f6chten, ist es am besten, sich drau\u00dfen auf dem Deck aufzuhalten. Seien Sie auf m\u00f6gliche <a href=\"https:\/\/puttgardenrodby.com\/de\/wetter\/\">Wetterbedingungen<\/a> vorbereitet und kleiden Sie sich entsprechend.<\/p><h2>Solltest du die F\u00e4hre oder die Br\u00fccke w\u00e4hlen?<\/h2><p>Sowohl die <a href=\"https:\/\/puttgardenrodby.com\/de\/puttgarden-rodby-oeresundbruecke\/\">Puttgarden-R\u00f8dby + \u00d8resundbrucke<\/a> als auch die <a href=\"https:\/\/puttgardenrodby.com\/de\/puttgarden-rodby-helsingor-helsingborg\/\">Helsingborg-F\u00e4hre<\/a> bieten verschiedene Vor- und Nachteile, abh\u00e4ngig von deinen spezifischen Bed\u00fcrfnissen und Vorlieben.<\/p><p>Wenn du nach Malm\u00f6 reisen m\u00f6chtest, ist die F\u00e4hre aus unserer Sicht viel zu weit, aber wenn du in den Norden m\u00f6chtest, ist sie eine gute Wahl. Dennoch dauert die F\u00e4hre in unserer Berechnung etwas l\u00e4nger.<\/p><p>Wenn du zum Beispiel in Richtung Ljungby reist, kannst du etwa folgende Reisedauer erwarten:<\/p><ul><li><strong>R\u00f8dby &#8211; Ljungby mit der Br\u00fccke<\/strong> (374 km)<br \/><strong>Gesamtdauer:<\/strong> 3 Stunden und 49 Minuten<\/li><li><strong>R\u00f8dby &#8211; Ljungby mit der F\u00e4hre<\/strong><br \/>Von R\u00f8dby zum Helsing\u00f8r-F\u00e4hrterminal &#8211; 198 km, 2 Stunden und 8 Minuten<br \/>\u00dcberfahrt: Wartezeit 10 Minuten, Fahrzeit 20 Minuten<br \/>Von Helsingborg nach Ljungby 131 km, 1 Stunde und 30 Minuten<br \/><strong>Gesamtdauer: 4 Stunden und 8 Minuten<\/strong><\/li><\/ul><p>Letztendlich h\u00e4ngt die Wahl zwischen der \u00d8resundbrug und der Helsingborg-F\u00e4hre von deinen spezifischen Bed\u00fcrfnissen und Vorlieben ab. Wenn du Geschwindigkeit und Bequemlichkeit sch\u00e4tzt, kann die Br\u00fccke die bessere Option sein.<\/p><p>Wenn du die Landschaft genie\u00dfen und eine entspanntere Reise haben m\u00f6chtest, k\u00f6nnte die F\u00e4hre besser zu dir passen.<\/p><p><a href=\"https:\/\/puttgardenrodby.com\/de\/go\/scandlines-combi\" target=\"_blank\" rel=\"noopener\">Buche hier deine Tickets.<\/a><\/p><hr \/><\/div>\t\t\t\t\t\t\t\t<\/div>\n\t\t\t\t<\/div>\n\t\t\t\t\t<\/div>\n\t\t<\/div>\n\t\t\t\t<div class=\"elementor-column elementor-col-50 elementor-top-column elementor-element elementor-element-9a29147\" data-id=\"9a29147\" data-element_type=\"column\" data-e-type=\"column\">\n\t\t\t<div class=\"elementor-widget-wrap elementor-element-populated\">\n\t\t\t\t\t\t<div class=\"elementor-element elementor-element-de19ae8 elementor-widget elementor-widget-text-editor\" data-id=\"de19ae8\" data-element_type=\"widget\" data-e-type=\"widget\" data-settings=\"{&quot;sticky&quot;:&quot;top&quot;,&quot;sticky_parent&quot;:&quot;yes&quot;,&quot;sticky_offset&quot;:100,&quot;sticky_effects_offset&quot;:60,&quot;sticky_on&quot;:[&quot;desktop&quot;,&quot;tablet&quot;,&quot;mobile&quot;],&quot;sticky_anchor_link_offset&quot;:0}\" data-widget_type=\"text-editor.default\">\n\t\t\t\t<div class=\"elementor-widget-container\">\n\t\t\t\t\t\t\t\t\t<p><strong>F\u00e4hrtickets<\/strong><\/p><p>Die g\u00fcnstigsten Tickets sind \u00fcber den F\u00e4hrbetreiber Scandlines erh\u00e4ltlich.<\/p><p><a href=\"https:\/\/puttgardenrodby.com\/de\/go\/pages-side\" target=\"_blank\" rel=\"noopener\">Stellen Sie Ihre \u00dcberfahrt zusammen. <\/a><a href=\"https:\/\/puttgardenrodby.com\/go\/pages-side\" target=\"_blank\" rel=\"noopener\">\u2b9e<\/a><\/p>\t\t\t\t\t\t\t\t<\/div>\n\t\t\t\t<\/div>\n\t\t\t\t\t<\/div>\n\t\t<\/div>\n\t\t\t\t\t<\/div>\n\t\t<\/section>\n\t\t\t\t<\/div>\n\t\t","protected":false},"excerpt":{"rendered":"<p>F\u00e4hre Preise und Tickets Puttgarden-R\u00f8dby + Helsing\u00f8r-Helsingborg Wer \u00fcber Puttgarden nach Schweden reist, hat die Wahl zwischen der \u00d8resundbr\u00fccke und der Helsingborg-Helsing\u00f8r-F\u00e4hre. Die Entscheidung zwischen der \u00d8resundbr\u00fccke und der Helsingborg-F\u00e4hre h\u00e4ngt von deinen spezifischen Bed\u00fcrfnissen und Vorlieben ab. Wenn du Wert auf Geschwindigkeit und Bequemlichkeit legst, kann die Br\u00fccke die bessere Option f\u00fcr dich sein. [&hellip;]<\/p>\n","protected":false},"author":1,"featured_media":0,"parent":0,"menu_order":0,"comment_status":"closed","ping_status":"closed","template":"elementor_header_footer","meta":{"footnotes":""},"class_list":["post-733","page","type-page","status-publish","hentry"],"yoast_head":"<!-- This site is optimized with the Yoast SEO plugin v27.2 - https:\/\/yoast.com\/product\/yoast-seo-wordpress\/ -->\n<title>Puttgarden-R\u00f8dby + Helsing\u00f8r-Helsingborg<\/title>\n<meta name=\"description\" content=\"Entdecken Sie die F\u00e4hre Puttgarden-R\u00f8dby + Helsing\u00f8r-Helsingborg. Erfahren Sie mehr \u00fcber die F\u00e4hrverbindungen zwischen Deutschland, D\u00e4nemark und Schweden.\" \/>\n<meta name=\"robots\" content=\"index, follow, max-snippet:-1, max-image-preview:large, max-video-preview:-1\" \/>\n<link rel=\"canonical\" href=\"https:\/\/puttgardenrodby.com\/de\/puttgarden-rodby-helsingor-helsingborg\/\" \/>\n<meta property=\"og:locale\" content=\"de_DE\" \/>\n<meta property=\"og:type\" content=\"article\" \/>\n<meta property=\"og:title\" content=\"Puttgarden-R\u00f8dby + Helsing\u00f8r-Helsingborg\" \/>\n<meta property=\"og:description\" content=\"Entdecken Sie die F\u00e4hre Puttgarden-R\u00f8dby + Helsing\u00f8r-Helsingborg. Erfahren Sie mehr \u00fcber die F\u00e4hrverbindungen zwischen Deutschland, D\u00e4nemark und Schweden.\" \/>\n<meta property=\"og:url\" content=\"https:\/\/puttgardenrodby.com\/de\/puttgarden-rodby-helsingor-helsingborg\/\" \/>\n<meta property=\"og:site_name\" content=\"Puttgarden Rodby Deutsch\" \/>\n<meta property=\"article:modified_time\" content=\"2024-03-20T13:42:35+00:00\" \/>\n<meta property=\"og:image\" content=\"https:\/\/puttgardenrodby.com\/de\/wp-content\/uploads\/sites\/4\/2023\/05\/Helsingborg.jpg\" \/>\n<meta name=\"twitter:card\" content=\"summary_large_image\" \/>\n<meta name=\"twitter:label1\" content=\"Gesch\u00e4tzte Lesezeit\" \/>\n\t<meta name=\"twitter:data1\" content=\"4\u00a0Minuten\" \/>\n<script type=\"application\/ld+json\" class=\"yoast-schema-graph\">{\"@context\":\"https:\/\/schema.org\",\"@graph\":[{\"@type\":\"WebPage\",\"@id\":\"https:\/\/puttgardenrodby.com\/de\/puttgarden-rodby-helsingor-helsingborg\/\",\"url\":\"https:\/\/puttgardenrodby.com\/de\/puttgarden-rodby-helsingor-helsingborg\/\",\"name\":\"Puttgarden-R\u00f8dby + Helsing\u00f8r-Helsingborg\",\"isPartOf\":{\"@id\":\"https:\/\/puttgardenrodby.com\/de\/#website\"},\"primaryImageOfPage\":{\"@id\":\"https:\/\/puttgardenrodby.com\/de\/puttgarden-rodby-helsingor-helsingborg\/#primaryimage\"},\"image\":{\"@id\":\"https:\/\/puttgardenrodby.com\/de\/puttgarden-rodby-helsingor-helsingborg\/#primaryimage\"},\"thumbnailUrl\":\"https:\/\/puttgardenrodby.com\/de\/wp-content\/uploads\/sites\/4\/2023\/05\/Helsingborg.jpg\",\"datePublished\":\"2023-05-12T08:49:25+00:00\",\"dateModified\":\"2024-03-20T13:42:35+00:00\",\"description\":\"Entdecken Sie die F\u00e4hre Puttgarden-R\u00f8dby + Helsing\u00f8r-Helsingborg. Erfahren Sie mehr \u00fcber die F\u00e4hrverbindungen zwischen Deutschland, D\u00e4nemark und Schweden.\",\"breadcrumb\":{\"@id\":\"https:\/\/puttgardenrodby.com\/de\/puttgarden-rodby-helsingor-helsingborg\/#breadcrumb\"},\"inLanguage\":\"de\",\"potentialAction\":[{\"@type\":\"ReadAction\",\"target\":[\"https:\/\/puttgardenrodby.com\/de\/puttgarden-rodby-helsingor-helsingborg\/\"]}]},{\"@type\":\"ImageObject\",\"inLanguage\":\"de\",\"@id\":\"https:\/\/puttgardenrodby.com\/de\/puttgarden-rodby-helsingor-helsingborg\/#primaryimage\",\"url\":\"https:\/\/puttgardenrodby.com\/de\/wp-content\/uploads\/sites\/4\/2023\/05\/Helsingborg.jpg\",\"contentUrl\":\"https:\/\/puttgardenrodby.com\/de\/wp-content\/uploads\/sites\/4\/2023\/05\/Helsingborg.jpg\",\"width\":1000,\"height\":500},{\"@type\":\"BreadcrumbList\",\"@id\":\"https:\/\/puttgardenrodby.com\/de\/puttgarden-rodby-helsingor-helsingborg\/#breadcrumb\",\"itemListElement\":[{\"@type\":\"ListItem\",\"position\":1,\"name\":\"Home\",\"item\":\"https:\/\/puttgardenrodby.com\/de\/\"},{\"@type\":\"ListItem\",\"position\":2,\"name\":\"Puttgarden-R\u00f8dby + Helsing\u00f8r-Helsingborg\"}]},{\"@type\":\"WebSite\",\"@id\":\"https:\/\/puttgardenrodby.com\/de\/#website\",\"url\":\"https:\/\/puttgardenrodby.com\/de\/\",\"name\":\"Puttgarden Rodby Deutsch\",\"description\":\"\",\"publisher\":{\"@id\":\"https:\/\/puttgardenrodby.com\/de\/#organization\"},\"potentialAction\":[{\"@type\":\"SearchAction\",\"target\":{\"@type\":\"EntryPoint\",\"urlTemplate\":\"https:\/\/puttgardenrodby.com\/de\/?s={search_term_string}\"},\"query-input\":{\"@type\":\"PropertyValueSpecification\",\"valueRequired\":true,\"valueName\":\"search_term_string\"}}],\"inLanguage\":\"de\"},{\"@type\":\"Organization\",\"@id\":\"https:\/\/puttgardenrodby.com\/de\/#organization\",\"name\":\"Puttgarden Rodby Deutsch\",\"url\":\"https:\/\/puttgardenrodby.com\/de\/\",\"logo\":{\"@type\":\"ImageObject\",\"inLanguage\":\"de\",\"@id\":\"https:\/\/puttgardenrodby.com\/de\/#\/schema\/logo\/image\/\",\"url\":\"https:\/\/puttgardenrodby.com\/de\/wp-content\/uploads\/sites\/4\/2023\/05\/Puttgarden-Rodby-logo.png\",\"contentUrl\":\"https:\/\/puttgardenrodby.com\/de\/wp-content\/uploads\/sites\/4\/2023\/05\/Puttgarden-Rodby-logo.png\",\"width\":1043,\"height\":347,\"caption\":\"Puttgarden Rodby Deutsch\"},\"image\":{\"@id\":\"https:\/\/puttgardenrodby.com\/de\/#\/schema\/logo\/image\/\"}}]}<\/script>\n<!-- \/ Yoast SEO plugin. -->","yoast_head_json":{"title":"Puttgarden-R\u00f8dby + Helsing\u00f8r-Helsingborg","description":"Entdecken Sie die F\u00e4hre Puttgarden-R\u00f8dby + Helsing\u00f8r-Helsingborg. Erfahren Sie mehr \u00fcber die F\u00e4hrverbindungen zwischen Deutschland, D\u00e4nemark und Schweden.","robots":{"index":"index","follow":"follow","max-snippet":"max-snippet:-1","max-image-preview":"max-image-preview:large","max-video-preview":"max-video-preview:-1"},"canonical":"https:\/\/puttgardenrodby.com\/de\/puttgarden-rodby-helsingor-helsingborg\/","og_locale":"de_DE","og_type":"article","og_title":"Puttgarden-R\u00f8dby + Helsing\u00f8r-Helsingborg","og_description":"Entdecken Sie die F\u00e4hre Puttgarden-R\u00f8dby + Helsing\u00f8r-Helsingborg. Erfahren Sie mehr \u00fcber die F\u00e4hrverbindungen zwischen Deutschland, D\u00e4nemark und Schweden.","og_url":"https:\/\/puttgardenrodby.com\/de\/puttgarden-rodby-helsingor-helsingborg\/","og_site_name":"Puttgarden Rodby Deutsch","article_modified_time":"2024-03-20T13:42:35+00:00","og_image":[{"url":"https:\/\/puttgardenrodby.com\/de\/wp-content\/uploads\/sites\/4\/2023\/05\/Helsingborg.jpg","type":"","width":"","height":""}],"twitter_card":"summary_large_image","twitter_misc":{"Gesch\u00e4tzte Lesezeit":"4\u00a0Minuten"},"schema":{"@context":"https:\/\/schema.org","@graph":[{"@type":"WebPage","@id":"https:\/\/puttgardenrodby.com\/de\/puttgarden-rodby-helsingor-helsingborg\/","url":"https:\/\/puttgardenrodby.com\/de\/puttgarden-rodby-helsingor-helsingborg\/","name":"Puttgarden-R\u00f8dby + Helsing\u00f8r-Helsingborg","isPartOf":{"@id":"https:\/\/puttgardenrodby.com\/de\/#website"},"primaryImageOfPage":{"@id":"https:\/\/puttgardenrodby.com\/de\/puttgarden-rodby-helsingor-helsingborg\/#primaryimage"},"image":{"@id":"https:\/\/puttgardenrodby.com\/de\/puttgarden-rodby-helsingor-helsingborg\/#primaryimage"},"thumbnailUrl":"https:\/\/puttgardenrodby.com\/de\/wp-content\/uploads\/sites\/4\/2023\/05\/Helsingborg.jpg","datePublished":"2023-05-12T08:49:25+00:00","dateModified":"2024-03-20T13:42:35+00:00","description":"Entdecken Sie die F\u00e4hre Puttgarden-R\u00f8dby + Helsing\u00f8r-Helsingborg. Erfahren Sie mehr \u00fcber die F\u00e4hrverbindungen zwischen Deutschland, D\u00e4nemark und Schweden.","breadcrumb":{"@id":"https:\/\/puttgardenrodby.com\/de\/puttgarden-rodby-helsingor-helsingborg\/#breadcrumb"},"inLanguage":"de","potentialAction":[{"@type":"ReadAction","target":["https:\/\/puttgardenrodby.com\/de\/puttgarden-rodby-helsingor-helsingborg\/"]}]},{"@type":"ImageObject","inLanguage":"de","@id":"https:\/\/puttgardenrodby.com\/de\/puttgarden-rodby-helsingor-helsingborg\/#primaryimage","url":"https:\/\/puttgardenrodby.com\/de\/wp-content\/uploads\/sites\/4\/2023\/05\/Helsingborg.jpg","contentUrl":"https:\/\/puttgardenrodby.com\/de\/wp-content\/uploads\/sites\/4\/2023\/05\/Helsingborg.jpg","width":1000,"height":500},{"@type":"BreadcrumbList","@id":"https:\/\/puttgardenrodby.com\/de\/puttgarden-rodby-helsingor-helsingborg\/#breadcrumb","itemListElement":[{"@type":"ListItem","position":1,"name":"Home","item":"https:\/\/puttgardenrodby.com\/de\/"},{"@type":"ListItem","position":2,"name":"Puttgarden-R\u00f8dby + Helsing\u00f8r-Helsingborg"}]},{"@type":"WebSite","@id":"https:\/\/puttgardenrodby.com\/de\/#website","url":"https:\/\/puttgardenrodby.com\/de\/","name":"Puttgarden Rodby Deutsch","description":"","publisher":{"@id":"https:\/\/puttgardenrodby.com\/de\/#organization"},"potentialAction":[{"@type":"SearchAction","target":{"@type":"EntryPoint","urlTemplate":"https:\/\/puttgardenrodby.com\/de\/?s={search_term_string}"},"query-input":{"@type":"PropertyValueSpecification","valueRequired":true,"valueName":"search_term_string"}}],"inLanguage":"de"},{"@type":"Organization","@id":"https:\/\/puttgardenrodby.com\/de\/#organization","name":"Puttgarden Rodby Deutsch","url":"https:\/\/puttgardenrodby.com\/de\/","logo":{"@type":"ImageObject","inLanguage":"de","@id":"https:\/\/puttgardenrodby.com\/de\/#\/schema\/logo\/image\/","url":"https:\/\/puttgardenrodby.com\/de\/wp-content\/uploads\/sites\/4\/2023\/05\/Puttgarden-Rodby-logo.png","contentUrl":"https:\/\/puttgardenrodby.com\/de\/wp-content\/uploads\/sites\/4\/2023\/05\/Puttgarden-Rodby-logo.png","width":1043,"height":347,"caption":"Puttgarden Rodby Deutsch"},"image":{"@id":"https:\/\/puttgardenrodby.com\/de\/#\/schema\/logo\/image\/"}}]}},"_links":{"self":[{"href":"https:\/\/puttgardenrodby.com\/de\/wp-json\/wp\/v2\/pages\/733","targetHints":{"allow":["GET"]}}],"collection":[{"href":"https:\/\/puttgardenrodby.com\/de\/wp-json\/wp\/v2\/pages"}],"about":[{"href":"https:\/\/puttgardenrodby.com\/de\/wp-json\/wp\/v2\/types\/page"}],"author":[{"embeddable":true,"href":"https:\/\/puttgardenrodby.com\/de\/wp-json\/wp\/v2\/users\/1"}],"replies":[{"embeddable":true,"href":"https:\/\/puttgardenrodby.com\/de\/wp-json\/wp\/v2\/comments?post=733"}],"version-history":[{"count":26,"href":"https:\/\/puttgardenrodby.com\/de\/wp-json\/wp\/v2\/pages\/733\/revisions"}],"predecessor-version":[{"id":1504,"href":"https:\/\/puttgardenrodby.com\/de\/wp-json\/wp\/v2\/pages\/733\/revisions\/1504"}],"wp:attachment":[{"href":"https:\/\/puttgardenrodby.com\/de\/wp-json\/wp\/v2\/media?parent=733"}],"curies":[{"name":"wp","href":"https:\/\/api.w.org\/{rel}","templated":true}]}}