{"id":651,"date":"2023-05-11T11:56:09","date_gmt":"2023-05-11T11:56:09","guid":{"rendered":"https:\/\/puttgardenrodby.nl\/?page_id=651"},"modified":"2025-12-22T14:31:22","modified_gmt":"2025-12-22T14:31:22","slug":"fahrplan","status":"publish","type":"page","link":"https:\/\/puttgardenrodby.com\/de\/fahrplan\/","title":{"rendered":"Fahrplan"},"content":{"rendered":"\t\t<div data-elementor-type=\"wp-post\" data-elementor-id=\"651\" class=\"elementor elementor-651\" data-elementor-post-type=\"page\">\n\t\t\t\t\t\t<section class=\"elementor-section elementor-top-section elementor-element elementor-element-2daa1329 elementor-section-boxed elementor-section-height-default elementor-section-height-default\" data-id=\"2daa1329\" data-element_type=\"section\" data-e-type=\"section\" data-settings=\"{&quot;background_background&quot;:&quot;gradient&quot;,&quot;sticky&quot;:&quot;top&quot;,&quot;sticky_on&quot;:[&quot;desktop&quot;,&quot;tablet&quot;,&quot;mobile&quot;],&quot;sticky_offset&quot;:0,&quot;sticky_effects_offset&quot;:0,&quot;sticky_anchor_link_offset&quot;:0}\">\n\t\t\t\t\t\t<div class=\"elementor-container elementor-column-gap-default\">\n\t\t\t\t\t<div class=\"elementor-column elementor-col-50 elementor-top-column elementor-element elementor-element-49697870\" data-id=\"49697870\" data-element_type=\"column\" data-e-type=\"column\">\n\t\t\t<div class=\"elementor-widget-wrap elementor-element-populated\">\n\t\t\t\t\t\t<div class=\"elementor-element elementor-element-1c626e7f elementor-widget elementor-widget-breadcrumbs\" data-id=\"1c626e7f\" data-element_type=\"widget\" data-e-type=\"widget\" data-widget_type=\"breadcrumbs.default\">\n\t\t\t\t<div class=\"elementor-widget-container\">\n\t\t\t\t\t<p id=\"breadcrumbs\"><span><span><a href=\"https:\/\/puttgardenrodby.com\/de\/\">Home<\/a><\/span><\/span><\/p>\t\t\t\t<\/div>\n\t\t\t\t<\/div>\n\t\t\t\t\t<\/div>\n\t\t<\/div>\n\t\t\t\t<div class=\"elementor-column elementor-col-50 elementor-top-column elementor-element elementor-element-f38787e\" data-id=\"f38787e\" data-element_type=\"column\" data-e-type=\"column\">\n\t\t\t<div class=\"elementor-widget-wrap elementor-element-populated\">\n\t\t\t\t\t\t<div class=\"elementor-element elementor-element-7081d202 elementor-align-right elementor-mobile-align-center elementor-widget elementor-widget-button\" data-id=\"7081d202\" data-element_type=\"widget\" data-e-type=\"widget\" data-settings=\"{&quot;sticky&quot;:&quot;top&quot;,&quot;sticky_on&quot;:[&quot;mobile&quot;],&quot;sticky_offset&quot;:8,&quot;sticky_effects_offset_mobile&quot;:0,&quot;_animation_mobile&quot;:&quot;fadeIn&quot;,&quot;sticky_effects_offset&quot;:0,&quot;sticky_anchor_link_offset&quot;:0}\" data-widget_type=\"button.default\">\n\t\t\t\t<div class=\"elementor-widget-container\">\n\t\t\t\t\t\t\t\t\t<div class=\"elementor-button-wrapper\">\n\t\t\t\t\t<a class=\"elementor-button elementor-button-link elementor-size-md elementor-animation-shrink\" href=\"https:\/\/puttgardenrodby.com\/de\/go\/button-header-page\" target=\"_blank\">\n\t\t\t\t\t\t<span class=\"elementor-button-content-wrapper\">\n\t\t\t\t\t\t<span class=\"elementor-button-icon\">\n\t\t\t\t<i aria-hidden=\"true\" class=\"far fa-arrow-alt-circle-right\"><\/i>\t\t\t<\/span>\n\t\t\t\t\t\t\t\t\t<span class=\"elementor-button-text\">F\u00e4hre Preise und Tickets<\/span>\n\t\t\t\t\t<\/span>\n\t\t\t\t\t<\/a>\n\t\t\t\t<\/div>\n\t\t\t\t\t\t\t\t<\/div>\n\t\t\t\t<\/div>\n\t\t\t\t\t<\/div>\n\t\t<\/div>\n\t\t\t\t\t<\/div>\n\t\t<\/section>\n\t\t\t\t<section class=\"elementor-section elementor-top-section elementor-element elementor-element-348d881 elementor-section-boxed elementor-section-height-default elementor-section-height-default\" data-id=\"348d881\" data-element_type=\"section\" data-e-type=\"section\">\n\t\t\t\t\t\t\t<div class=\"elementor-background-overlay\"><\/div>\n\t\t\t\t\t\t\t<div class=\"elementor-container elementor-column-gap-default\">\n\t\t\t\t\t<div class=\"elementor-column elementor-col-50 elementor-top-column elementor-element elementor-element-2e117c7\" data-id=\"2e117c7\" data-element_type=\"column\" data-e-type=\"column\">\n\t\t\t<div class=\"elementor-widget-wrap elementor-element-populated\">\n\t\t\t\t\t\t<div class=\"elementor-element elementor-element-e20d4c6 elementor-widget elementor-widget-image\" data-id=\"e20d4c6\" data-element_type=\"widget\" data-e-type=\"widget\" data-widget_type=\"image.default\">\n\t\t\t\t<div class=\"elementor-widget-container\">\n\t\t\t\t\t\t\t\t\t\t\t\t\t\t\t<img decoding=\"async\" src=\"https:\/\/puttgardenrodby.com\/de\/wp-content\/uploads\/sites\/4\/elementor\/thumbs\/Ferry-sea-Puttgarden-Rodby-q6voa1z2m9nhksto53dua9d5r90uq60c9r9qd7eor4.jpg\" title=\"Ferry sea Puttgarden Rodby\" alt=\"Ferry op zee Puttgarden Rodby\" loading=\"lazy\" \/>\t\t\t\t\t\t\t\t\t\t\t\t\t\t\t<\/div>\n\t\t\t\t<\/div>\n\t\t\t\t<div class=\"elementor-element elementor-element-18585c6 elementor-widget elementor-widget-heading\" data-id=\"18585c6\" data-element_type=\"widget\" data-e-type=\"widget\" data-widget_type=\"heading.default\">\n\t\t\t\t<div class=\"elementor-widget-container\">\n\t\t\t\t\t<h1 class=\"elementor-heading-title elementor-size-default\">Puttgarden R\u00f8dby Fahrplan<\/h1>\t\t\t\t<\/div>\n\t\t\t\t<\/div>\n\t\t\t\t<div class=\"elementor-element elementor-element-bf504aa elementor-widget elementor-widget-text-editor\" data-id=\"bf504aa\" data-element_type=\"widget\" data-e-type=\"widget\" data-widget_type=\"text-editor.default\">\n\t\t\t\t<div class=\"elementor-widget-container\">\n\t\t\t\t\t\t\t\t\t<p>Gem\u00e4\u00df dem regul\u00e4ren Fahrplan f\u00e4hrt die F\u00e4hre von Puttgarden nach R\u00f8dby (oder umgekehrt) <strong>alle halbe Stunde ab<\/strong>.<\/p><p>Bitte beachten Sie die aktuellen Reiseinformationen f\u00fcr m\u00f6gliche \u00c4nderungen der Abfahrts- und Ankunftszeiten. In einigen F\u00e4llen k\u00f6nnen die Fahrzeiten von der regul\u00e4ren Fahrplanung abweichen. Es ist auch ratsam, vorab das <a href=\"https:\/\/puttgardenrodby.com\/de\/wetter\/\">Wetter<\/a> und Verkehrsinformationen zu \u00fcberpr\u00fcfen.<\/p>\t\t\t\t\t\t\t\t<\/div>\n\t\t\t\t<\/div>\n\t\t\t\t<div class=\"elementor-element elementor-element-4c34fbd elementor-widget elementor-widget-text-editor\" data-id=\"4c34fbd\" data-element_type=\"widget\" data-e-type=\"widget\" data-widget_type=\"text-editor.default\">\n\t\t\t\t<div class=\"elementor-widget-container\">\n\t\t\t\t\t\t\t\t\t<h2 class=\"elementor-heading-title elementor-size-default elementor-inline-editing pen\" contenteditable=\"true\" data-elementor-setting-key=\"title\" data-pen-placeholder=\"Type Here...\">F\u00e4hre fehmarn d\u00e4nemark fahrplan\u200b<\/h2>\t\t\t\t\t\t\t\t<\/div>\n\t\t\t\t<\/div>\n\t\t\t\t<section class=\"elementor-section elementor-inner-section elementor-element elementor-element-deff1e6 elementor-section-boxed elementor-section-height-default elementor-section-height-default\" data-id=\"deff1e6\" data-element_type=\"section\" data-e-type=\"section\">\n\t\t\t\t\t\t<div class=\"elementor-container elementor-column-gap-default\">\n\t\t\t\t\t<div class=\"elementor-column elementor-col-50 elementor-inner-column elementor-element elementor-element-5641725\" data-id=\"5641725\" data-element_type=\"column\" data-e-type=\"column\">\n\t\t\t<div class=\"elementor-widget-wrap elementor-element-populated\">\n\t\t\t\t\t\t<div class=\"elementor-element elementor-element-5af2b8a elementor-widget elementor-widget-text-editor\" data-id=\"5af2b8a\" data-element_type=\"widget\" data-e-type=\"widget\" data-widget_type=\"text-editor.default\">\n\t\t\t\t<div class=\"elementor-widget-container\">\n\t\t\t\t\t\t\t\t\t<ul><li>00:45 Puttgarden \u27a8 01:15 R\u00f8dby<\/li><li>01:15 Puttgarden \u27a8 02:00 R\u00f8dby<\/li><li>01:45 Puttgarden \u27a8 02:30 R\u00f8dby<\/li><li>02:45 Puttgarden \u27a8 03:30 R\u00f8dby<\/li><li>03:15 Puttgarden \u27a8 04:00 R\u00f8dby<\/li><li>03:45 Puttgarden \u27a8 04:30 R\u00f8dby<\/li><li>04:15 Puttgarden \u27a8 05:00 R\u00f8dby<\/li><li>04:45 Puttgarden \u27a8 05:30 R\u00f8dby<\/li><li>05:15 Puttgarden \u27a8 06:00 R\u00f8dby<\/li><li>05:45 Puttgarden \u27a8 06:30 R\u00f8dby<\/li><li>06:15 Puttgarden \u27a8 07:00 R\u00f8dby<\/li><li>06:45 Puttgarden \u27a8 07:30 R\u00f8dby<\/li><li>07:15 Puttgarden \u27a8 08:00 R\u00f8dby<\/li><li>07:45 Puttgarden \u27a8 08:30 R\u00f8dby<\/li><li>08:15 Puttgarden \u27a8 09:00 R\u00f8dby<\/li><li>08:45 Puttgarden \u27a8 09:30 R\u00f8dby<\/li><li>09:15 Puttgarden \u27a8 10:00 R\u00f8dby<\/li><li>09:45 Puttgarden \u27a8 10:30 R\u00f8dby<\/li><li>10:15 Puttgarden \u27a8 11:00 R\u00f8dby<\/li><li>10:45 Puttgarden \u27a8 11:30 R\u00f8dby<\/li><li>11:15 Puttgarden \u27a8 12:00 R\u00f8dby<\/li><li>11:45 Puttgarden \u27a8 12:30 R\u00f8dby<\/li><li>12:15 Puttgarden \u27a8 13:00 R\u00f8dby<\/li><li>12:45 Puttgarden \u27a8 13:30 R\u00f8dby<\/li><li>13:15 Puttgarden \u27a8 14:00 R\u00f8dby<\/li><li>13:45 Puttgarden \u27a8 14:30 R\u00f8dby<\/li><li>14:15 Puttgarden \u27a8 15:00 R\u00f8dby<\/li><li>14:45 Puttgarden \u27a8 15:30 R\u00f8dby<\/li><li>15:15 Puttgarden \u27a8 16:00 R\u00f8dby<\/li><li>15:45 Puttgarden \u27a8 16:30 R\u00f8dby<\/li><li>16:15 Puttgarden \u27a8 17:00 R\u00f8dby<\/li><li>16:45 Puttgarden \u27a8 17:30 R\u00f8dby<\/li><li>17:15 Puttgarden \u27a8 18:00 R\u00f8dby<\/li><li>17:45 Puttgarden \u27a8 18:30 R\u00f8dby<\/li><li>18:15 Puttgarden \u27a8 19:00 R\u00f8dby<\/li><li>18:45 Puttgarden \u27a8 19:30 R\u00f8dby<\/li><li>19:15 Puttgarden \u27a8 20:00 R\u00f8dby<\/li><li>19:45 Puttgarden \u27a8 20:30 R\u00f8dby<\/li><li>20:15 Puttgarden \u27a8 21:00 R\u00f8dby<\/li><li>20:45 Puttgarden \u27a8 21:30 R\u00f8dby<\/li><li>21:15 Puttgarden \u27a8 22:00 R\u00f8dby<\/li><li>21:45 Puttgarden \u27a8 22:30 R\u00f8dby<\/li><li>22:15 Puttgarden \u27a8 23:00 R\u00f8dby<\/li><li>22:45 Puttgarden \u27a8 23:30 R\u00f8dby<\/li><li>23:15 Puttgarden \u27a8 00:00 Rodby<\/li><li>23:45 Puttgarden \u27a8 00:30 Rodby<\/li><\/ul>\t\t\t\t\t\t\t\t<\/div>\n\t\t\t\t<\/div>\n\t\t\t\t\t<\/div>\n\t\t<\/div>\n\t\t\t\t<div class=\"elementor-column elementor-col-50 elementor-inner-column elementor-element elementor-element-32a7730\" data-id=\"32a7730\" data-element_type=\"column\" data-e-type=\"column\">\n\t\t\t<div class=\"elementor-widget-wrap elementor-element-populated\">\n\t\t\t\t\t\t<div class=\"elementor-element elementor-element-6804a60 elementor-widget elementor-widget-text-editor\" data-id=\"6804a60\" data-element_type=\"widget\" data-e-type=\"widget\" data-widget_type=\"text-editor.default\">\n\t\t\t\t<div class=\"elementor-widget-container\">\n\t\t\t\t\t\t\t\t\t<ul><li>00:15 R\u00f8dby \u27a8 01:00 Puttgarden<\/li><li>00:45 R\u00f8dby \u27a8 01:30 Puttgarden<\/li><li>01:45 R\u00f8dby \u27a8 02:30 Puttgarden<\/li><li>02:15 R\u00f8dby \u27a8 03:00 Puttgarden<\/li><li>02:45 R\u00f8dby \u27a8 03:30 Puttgarden<\/li><li>03:15 R\u00f8dby \u27a8 04:00 Puttgarden<\/li><li>03:45 R\u00f8dby \u27a8 04:30 Puttgarden<\/li><li>04:15 R\u00f8dby \u27a8 05:00 Puttgarden<\/li><li>04:45 R\u00f8dby \u27a8 05:30 Puttgarden<\/li><li>05:15 R\u00f8dby \u27a8 06:00 Puttgarden<\/li><li>05:45 R\u00f8dby \u27a8 06:30 Puttgarden<\/li><li>06:15 R\u00f8dby \u27a8 07:00 Puttgarden<\/li><li>06:45 R\u00f8dby \u27a8 07:30 Puttgarden<\/li><li>07:15 R\u00f8dby \u27a8 08:00 Puttgarden<\/li><li>07:45 R\u00f8dby \u27a8 08:30 Puttgarden<\/li><li>08:15 R\u00f8dby \u27a8 09:00 Puttgarden<\/li><li>08:45 R\u00f8dby \u27a8 09:30 Puttgarden<\/li><li>09:15 R\u00f8dby \u27a8 10:00 Puttgarden<\/li><li>09:45 R\u00f8dby \u27a8 10:30 Puttgarden<\/li><li>10:15 R\u00f8dby \u27a8 11:00 Puttgarden<\/li><li>10:45 R\u00f8dby \u27a8 11:30 Puttgarden<\/li><li>11:15 R\u00f8dby \u27a8 12:00 Puttgarden<\/li><li>11:45 R\u00f8dby \u27a8 12:30 Puttgarden<\/li><li>12:15 R\u00f8dby \u27a8 13:00 Puttgarden<\/li><li>12:45 R\u00f8dby \u27a8 13:30 Puttgarden<\/li><li>13:15 R\u00f8dby \u27a8 14:00 Puttgarden<\/li><li>13:45 R\u00f8dby \u27a8 14:30 Puttgarden<\/li><li>14:15 R\u00f8dby \u27a8 15:00 Puttgarden<\/li><li>14:45 R\u00f8dby \u27a8 15:30 Puttgarden<\/li><li>15:15 R\u00f8dby \u27a8 16:00 Puttgarden<\/li><li>15:45 R\u00f8dby \u27a8 16:30 Puttgarden<\/li><li>16:15 R\u00f8dby \u27a8 17:00 Puttgarden<\/li><li>16:45 R\u00f8dby \u27a8 17:30 Puttgarden<\/li><li>17:15 R\u00f8dby \u27a8 18:00 Puttgarden<\/li><li>17:45 R\u00f8dby \u27a8 18:30 Puttgarden<\/li><li>18:15 R\u00f8dby \u27a8 19:00 Puttgarden<\/li><li>18:45 R\u00f8dby \u27a8 19:30 Puttgarden<\/li><li>19:15 R\u00f8dby \u27a8 20:00 Puttgarden<\/li><li>19:45 R\u00f8dby \u27a8 20:30 Puttgarden<\/li><li>20:15 R\u00f8dby \u27a8 21:00 Puttgarden<\/li><li>20:45 R\u00f8dby \u27a8 21:30 Puttgarden<\/li><li>21:15 R\u00f8dby \u27a8 22:00 Puttgarden<\/li><li>21:45 R\u00f8dby \u27a8 22:30 Puttgarden<\/li><li>22:15 R\u00f8dby \u27a8 23:00 Puttgarden<\/li><li>22:45 R\u00f8dby \u27a8 23:30 Puttgarden<\/li><li>23:15 R\u00f8dby \u27a8 00:00 Puttgarden<\/li><li>23:45 R\u00f8dby \u27a8 00:30 Puttgarden<\/li><\/ul>\t\t\t\t\t\t\t\t<\/div>\n\t\t\t\t<\/div>\n\t\t\t\t\t<\/div>\n\t\t<\/div>\n\t\t\t\t\t<\/div>\n\t\t<\/section>\n\t\t\t\t<div class=\"elementor-element elementor-element-5fe5d43 elementor-widget elementor-widget-text-editor\" data-id=\"5fe5d43\" data-element_type=\"widget\" data-e-type=\"widget\" data-widget_type=\"text-editor.default\">\n\t\t\t\t<div class=\"elementor-widget-container\">\n\t\t\t\t\t\t\t\t\t<h2>F\u00e4hrverbindung Puttgarden-R\u00f8dby: H\u00e4ufige Abfahrten und Flexible Tickets<\/h2><p>Der F\u00e4hrverkehr auf der Strecke Puttgarden-R\u00f8dby verkehrt <strong>alle halbe Stunde<\/strong>, was eine <strong>zuverl\u00e4ssige und bequeme Verbindung<\/strong> zwischen Puttgarden in Deutschland und R\u00f8dby in D\u00e4nemark gew\u00e4hrleistet. Dieser <strong>h\u00e4ufige Fahrplan<\/strong> bietet Reisenden viel Flexibilit\u00e4t, ihre Reise ohne lange Wartezeiten zu planen.<\/p><p><strong>Tickets<\/strong> f\u00fcr die F\u00e4hre k\u00f6nnen <strong>t\u00e4glich<\/strong> gebucht werden. Das bedeutet, dass Sie nicht zu einer genauen Abfahrtszeit am Hafen sein m\u00fcssen. Mit dem <strong>Standardticket \u201epro Tag\u201c<\/strong> k\u00f6nnen Sie zu einer Zeit anreisen, die am besten zu Ihrem Zeitplan passt. So haben Sie die Freiheit, Ihre Ankunft flexibel zu gestalten und Ihre Reise entspannt zu gestalten.<\/p><p>Scandlines betreibt auf der Puttgarden-R\u00f8dby Strecke <strong>zwei moderne Schiffe<\/strong>, die sich w\u00e4hrend der \u00dcberfahrt oft <strong>gegenseitig kreuzen<\/strong>. Dies ist ein beeindruckender Anblick und zeigt die Dynamik des F\u00e4hrverkehrs auf dieser Route.<\/p>\t\t\t\t\t\t\t\t<\/div>\n\t\t\t\t<\/div>\n\t\t\t\t\t<\/div>\n\t\t<\/div>\n\t\t\t\t<div class=\"elementor-column elementor-col-50 elementor-top-column elementor-element elementor-element-9a29147\" data-id=\"9a29147\" data-element_type=\"column\" data-e-type=\"column\">\n\t\t\t<div class=\"elementor-widget-wrap elementor-element-populated\">\n\t\t\t\t\t\t<div class=\"elementor-element elementor-element-de19ae8 elementor-widget elementor-widget-text-editor\" data-id=\"de19ae8\" data-element_type=\"widget\" data-e-type=\"widget\" data-settings=\"{&quot;sticky&quot;:&quot;top&quot;,&quot;sticky_parent&quot;:&quot;yes&quot;,&quot;sticky_offset&quot;:100,&quot;sticky_effects_offset&quot;:60,&quot;sticky_on&quot;:[&quot;desktop&quot;,&quot;tablet&quot;,&quot;mobile&quot;],&quot;sticky_anchor_link_offset&quot;:0}\" data-widget_type=\"text-editor.default\">\n\t\t\t\t<div class=\"elementor-widget-container\">\n\t\t\t\t\t\t\t\t\t<p><strong>F\u00e4hrtickets buchen<\/strong><\/p><p>Sichern Sie sich die g\u00fcnstigsten Tickets direkt bei Scandlines.<\/p><p><strong>Das Standardticket \u201epro Tag\u201c von Scandlines bietet Ihnen maximale Flexibilit\u00e4t:<\/strong> Sie m\u00fcssen nicht zu einer festen Abfahrtszeit am Hafen sein. Mit diesem Ticket k\u00f6nnen Sie Ihre \u00dcberfahrt innerhalb eines Tages nach Ihrem eigenen Zeitplan gestalten.<\/p><p><strong>Ihre Vorteile auf einen Blick:<\/strong><\/p><ul><li><strong>Abfahrten alle 30 Minuten<\/strong><\/li><li><strong>Standardticket \u201epro Tag\u201c<\/strong>\u00a0<\/li><li><strong>Einfache Online-Buchung<\/strong>\u00a0<\/li><li><strong>Kostenersparnis<\/strong>\u00a0<\/li><\/ul><p><strong>Gestalten Sie Ihre \u00dcberfahrt ganz nach Ihren W\u00fcnschen und <a href=\"https:\/\/puttgardenrodby.com\/de\/go\/button-header-page\" target=\"_blank\" rel=\"noopener\">buchen Sie jetzt!<\/a><\/strong> \u2b9e<\/p>\t\t\t\t\t\t\t\t<\/div>\n\t\t\t\t<\/div>\n\t\t\t\t\t<\/div>\n\t\t<\/div>\n\t\t\t\t\t<\/div>\n\t\t<\/section>\n\t\t\t\t<\/div>\n\t\t","protected":false},"excerpt":{"rendered":"<p>F\u00e4hre Preise und Tickets Puttgarden R\u00f8dby Fahrplan Gem\u00e4\u00df dem regul\u00e4ren Fahrplan f\u00e4hrt die F\u00e4hre von Puttgarden nach R\u00f8dby (oder umgekehrt) alle halbe Stunde ab. Bitte beachten Sie die aktuellen Reiseinformationen f\u00fcr m\u00f6gliche \u00c4nderungen der Abfahrts- und Ankunftszeiten. In einigen F\u00e4llen k\u00f6nnen die Fahrzeiten von der regul\u00e4ren Fahrplanung abweichen. Es ist auch ratsam, vorab das Wetter [&hellip;]<\/p>\n","protected":false},"author":1,"featured_media":0,"parent":0,"menu_order":0,"comment_status":"closed","ping_status":"closed","template":"elementor_header_footer","meta":{"footnotes":""},"class_list":["post-651","page","type-page","status-publish","hentry"],"yoast_head":"<!-- This site is optimized with the Yoast SEO plugin v27.2 - https:\/\/yoast.com\/product\/yoast-seo-wordpress\/ -->\n<title>F\u00e4hre R\u00f6dby Puttgarden Fahrplan<\/title>\n<meta name=\"description\" content=\"Besuchen Sie PuttgardenRodby.com\/de f\u00fcr den vollst\u00e4ndigen Fahrplan der F\u00e4hre Puttgarden-R\u00f8dby und reservieren Sie Ihre Tickets noch heute! Alle Abfahrtszeiten auf einen Blick.\" \/>\n<meta name=\"robots\" content=\"index, follow, max-snippet:-1, max-image-preview:large, max-video-preview:-1\" \/>\n<link rel=\"canonical\" href=\"https:\/\/puttgardenrodby.com\/de\/fahrplan\/\" \/>\n<meta property=\"og:locale\" content=\"de_DE\" \/>\n<meta property=\"og:type\" content=\"article\" \/>\n<meta property=\"og:title\" content=\"F\u00e4hre R\u00f6dby Puttgarden Fahrplan\" \/>\n<meta property=\"og:description\" content=\"Besuchen Sie PuttgardenRodby.com\/de f\u00fcr den vollst\u00e4ndigen Fahrplan der F\u00e4hre Puttgarden-R\u00f8dby und reservieren Sie Ihre Tickets noch heute! Alle Abfahrtszeiten auf einen Blick.\" \/>\n<meta property=\"og:url\" content=\"https:\/\/puttgardenrodby.com\/de\/fahrplan\/\" \/>\n<meta property=\"og:site_name\" content=\"Puttgarden Rodby Deutsch\" \/>\n<meta property=\"article:modified_time\" content=\"2025-12-22T14:31:22+00:00\" \/>\n<meta property=\"og:image\" content=\"https:\/\/puttgardenrodby.com\/de\/wp-content\/uploads\/sites\/4\/elementor\/thumbs\/Ferry-sea-Puttgarden-Rodby-q6voa1z2m9nhksto53dua9d5r90uq60c9r9qd7eor4.jpg\" \/>\n<meta name=\"twitter:card\" content=\"summary_large_image\" \/>\n<meta name=\"twitter:label1\" content=\"Gesch\u00e4tzte Lesezeit\" \/>\n\t<meta name=\"twitter:data1\" content=\"5\u00a0Minuten\" \/>\n<script type=\"application\/ld+json\" class=\"yoast-schema-graph\">{\"@context\":\"https:\/\/schema.org\",\"@graph\":[{\"@type\":\"WebPage\",\"@id\":\"https:\/\/puttgardenrodby.com\/de\/fahrplan\/\",\"url\":\"https:\/\/puttgardenrodby.com\/de\/fahrplan\/\",\"name\":\"F\u00e4hre R\u00f6dby Puttgarden Fahrplan\",\"isPartOf\":{\"@id\":\"https:\/\/puttgardenrodby.com\/de\/#website\"},\"primaryImageOfPage\":{\"@id\":\"https:\/\/puttgardenrodby.com\/de\/fahrplan\/#primaryimage\"},\"image\":{\"@id\":\"https:\/\/puttgardenrodby.com\/de\/fahrplan\/#primaryimage\"},\"thumbnailUrl\":\"https:\/\/puttgardenrodby.com\/de\/wp-content\/uploads\/sites\/4\/elementor\/thumbs\/Ferry-sea-Puttgarden-Rodby-q6voa1z2m9nhksto53dua9d5r90uq60c9r9qd7eor4.jpg\",\"datePublished\":\"2023-05-11T11:56:09+00:00\",\"dateModified\":\"2025-12-22T14:31:22+00:00\",\"description\":\"Besuchen Sie PuttgardenRodby.com\/de f\u00fcr den vollst\u00e4ndigen Fahrplan der F\u00e4hre Puttgarden-R\u00f8dby und reservieren Sie Ihre Tickets noch heute! Alle Abfahrtszeiten auf einen Blick.\",\"breadcrumb\":{\"@id\":\"https:\/\/puttgardenrodby.com\/de\/fahrplan\/#breadcrumb\"},\"inLanguage\":\"de\",\"potentialAction\":[{\"@type\":\"ReadAction\",\"target\":[\"https:\/\/puttgardenrodby.com\/de\/fahrplan\/\"]}]},{\"@type\":\"ImageObject\",\"inLanguage\":\"de\",\"@id\":\"https:\/\/puttgardenrodby.com\/de\/fahrplan\/#primaryimage\",\"url\":\"https:\/\/puttgardenrodby.com\/de\/wp-content\/uploads\/sites\/4\/elementor\/thumbs\/Ferry-sea-Puttgarden-Rodby-q6voa1z2m9nhksto53dua9d5r90uq60c9r9qd7eor4.jpg\",\"contentUrl\":\"https:\/\/puttgardenrodby.com\/de\/wp-content\/uploads\/sites\/4\/elementor\/thumbs\/Ferry-sea-Puttgarden-Rodby-q6voa1z2m9nhksto53dua9d5r90uq60c9r9qd7eor4.jpg\"},{\"@type\":\"BreadcrumbList\",\"@id\":\"https:\/\/puttgardenrodby.com\/de\/fahrplan\/#breadcrumb\",\"itemListElement\":[{\"@type\":\"ListItem\",\"position\":1,\"name\":\"Home\",\"item\":\"https:\/\/puttgardenrodby.com\/de\/\"},{\"@type\":\"ListItem\",\"position\":2,\"name\":\"Fahrplan\"}]},{\"@type\":\"WebSite\",\"@id\":\"https:\/\/puttgardenrodby.com\/de\/#website\",\"url\":\"https:\/\/puttgardenrodby.com\/de\/\",\"name\":\"Puttgarden Rodby Deutsch\",\"description\":\"\",\"publisher\":{\"@id\":\"https:\/\/puttgardenrodby.com\/de\/#organization\"},\"potentialAction\":[{\"@type\":\"SearchAction\",\"target\":{\"@type\":\"EntryPoint\",\"urlTemplate\":\"https:\/\/puttgardenrodby.com\/de\/?s={search_term_string}\"},\"query-input\":{\"@type\":\"PropertyValueSpecification\",\"valueRequired\":true,\"valueName\":\"search_term_string\"}}],\"inLanguage\":\"de\"},{\"@type\":\"Organization\",\"@id\":\"https:\/\/puttgardenrodby.com\/de\/#organization\",\"name\":\"Puttgarden Rodby Deutsch\",\"url\":\"https:\/\/puttgardenrodby.com\/de\/\",\"logo\":{\"@type\":\"ImageObject\",\"inLanguage\":\"de\",\"@id\":\"https:\/\/puttgardenrodby.com\/de\/#\/schema\/logo\/image\/\",\"url\":\"https:\/\/puttgardenrodby.com\/de\/wp-content\/uploads\/sites\/4\/2023\/05\/Puttgarden-Rodby-logo.png\",\"contentUrl\":\"https:\/\/puttgardenrodby.com\/de\/wp-content\/uploads\/sites\/4\/2023\/05\/Puttgarden-Rodby-logo.png\",\"width\":1043,\"height\":347,\"caption\":\"Puttgarden Rodby Deutsch\"},\"image\":{\"@id\":\"https:\/\/puttgardenrodby.com\/de\/#\/schema\/logo\/image\/\"}}]}<\/script>\n<!-- \/ Yoast SEO plugin. -->","yoast_head_json":{"title":"F\u00e4hre R\u00f6dby Puttgarden Fahrplan","description":"Besuchen Sie PuttgardenRodby.com\/de f\u00fcr den vollst\u00e4ndigen Fahrplan der F\u00e4hre Puttgarden-R\u00f8dby und reservieren Sie Ihre Tickets noch heute! Alle Abfahrtszeiten auf einen Blick.","robots":{"index":"index","follow":"follow","max-snippet":"max-snippet:-1","max-image-preview":"max-image-preview:large","max-video-preview":"max-video-preview:-1"},"canonical":"https:\/\/puttgardenrodby.com\/de\/fahrplan\/","og_locale":"de_DE","og_type":"article","og_title":"F\u00e4hre R\u00f6dby Puttgarden Fahrplan","og_description":"Besuchen Sie PuttgardenRodby.com\/de f\u00fcr den vollst\u00e4ndigen Fahrplan der F\u00e4hre Puttgarden-R\u00f8dby und reservieren Sie Ihre Tickets noch heute! Alle Abfahrtszeiten auf einen Blick.","og_url":"https:\/\/puttgardenrodby.com\/de\/fahrplan\/","og_site_name":"Puttgarden Rodby Deutsch","article_modified_time":"2025-12-22T14:31:22+00:00","og_image":[{"url":"https:\/\/puttgardenrodby.com\/de\/wp-content\/uploads\/sites\/4\/elementor\/thumbs\/Ferry-sea-Puttgarden-Rodby-q6voa1z2m9nhksto53dua9d5r90uq60c9r9qd7eor4.jpg","type":"","width":"","height":""}],"twitter_card":"summary_large_image","twitter_misc":{"Gesch\u00e4tzte Lesezeit":"5\u00a0Minuten"},"schema":{"@context":"https:\/\/schema.org","@graph":[{"@type":"WebPage","@id":"https:\/\/puttgardenrodby.com\/de\/fahrplan\/","url":"https:\/\/puttgardenrodby.com\/de\/fahrplan\/","name":"F\u00e4hre R\u00f6dby Puttgarden Fahrplan","isPartOf":{"@id":"https:\/\/puttgardenrodby.com\/de\/#website"},"primaryImageOfPage":{"@id":"https:\/\/puttgardenrodby.com\/de\/fahrplan\/#primaryimage"},"image":{"@id":"https:\/\/puttgardenrodby.com\/de\/fahrplan\/#primaryimage"},"thumbnailUrl":"https:\/\/puttgardenrodby.com\/de\/wp-content\/uploads\/sites\/4\/elementor\/thumbs\/Ferry-sea-Puttgarden-Rodby-q6voa1z2m9nhksto53dua9d5r90uq60c9r9qd7eor4.jpg","datePublished":"2023-05-11T11:56:09+00:00","dateModified":"2025-12-22T14:31:22+00:00","description":"Besuchen Sie PuttgardenRodby.com\/de f\u00fcr den vollst\u00e4ndigen Fahrplan der F\u00e4hre Puttgarden-R\u00f8dby und reservieren Sie Ihre Tickets noch heute! Alle Abfahrtszeiten auf einen Blick.","breadcrumb":{"@id":"https:\/\/puttgardenrodby.com\/de\/fahrplan\/#breadcrumb"},"inLanguage":"de","potentialAction":[{"@type":"ReadAction","target":["https:\/\/puttgardenrodby.com\/de\/fahrplan\/"]}]},{"@type":"ImageObject","inLanguage":"de","@id":"https:\/\/puttgardenrodby.com\/de\/fahrplan\/#primaryimage","url":"https:\/\/puttgardenrodby.com\/de\/wp-content\/uploads\/sites\/4\/elementor\/thumbs\/Ferry-sea-Puttgarden-Rodby-q6voa1z2m9nhksto53dua9d5r90uq60c9r9qd7eor4.jpg","contentUrl":"https:\/\/puttgardenrodby.com\/de\/wp-content\/uploads\/sites\/4\/elementor\/thumbs\/Ferry-sea-Puttgarden-Rodby-q6voa1z2m9nhksto53dua9d5r90uq60c9r9qd7eor4.jpg"},{"@type":"BreadcrumbList","@id":"https:\/\/puttgardenrodby.com\/de\/fahrplan\/#breadcrumb","itemListElement":[{"@type":"ListItem","position":1,"name":"Home","item":"https:\/\/puttgardenrodby.com\/de\/"},{"@type":"ListItem","position":2,"name":"Fahrplan"}]},{"@type":"WebSite","@id":"https:\/\/puttgardenrodby.com\/de\/#website","url":"https:\/\/puttgardenrodby.com\/de\/","name":"Puttgarden Rodby Deutsch","description":"","publisher":{"@id":"https:\/\/puttgardenrodby.com\/de\/#organization"},"potentialAction":[{"@type":"SearchAction","target":{"@type":"EntryPoint","urlTemplate":"https:\/\/puttgardenrodby.com\/de\/?s={search_term_string}"},"query-input":{"@type":"PropertyValueSpecification","valueRequired":true,"valueName":"search_term_string"}}],"inLanguage":"de"},{"@type":"Organization","@id":"https:\/\/puttgardenrodby.com\/de\/#organization","name":"Puttgarden Rodby Deutsch","url":"https:\/\/puttgardenrodby.com\/de\/","logo":{"@type":"ImageObject","inLanguage":"de","@id":"https:\/\/puttgardenrodby.com\/de\/#\/schema\/logo\/image\/","url":"https:\/\/puttgardenrodby.com\/de\/wp-content\/uploads\/sites\/4\/2023\/05\/Puttgarden-Rodby-logo.png","contentUrl":"https:\/\/puttgardenrodby.com\/de\/wp-content\/uploads\/sites\/4\/2023\/05\/Puttgarden-Rodby-logo.png","width":1043,"height":347,"caption":"Puttgarden Rodby Deutsch"},"image":{"@id":"https:\/\/puttgardenrodby.com\/de\/#\/schema\/logo\/image\/"}}]}},"_links":{"self":[{"href":"https:\/\/puttgardenrodby.com\/de\/wp-json\/wp\/v2\/pages\/651","targetHints":{"allow":["GET"]}}],"collection":[{"href":"https:\/\/puttgardenrodby.com\/de\/wp-json\/wp\/v2\/pages"}],"about":[{"href":"https:\/\/puttgardenrodby.com\/de\/wp-json\/wp\/v2\/types\/page"}],"author":[{"embeddable":true,"href":"https:\/\/puttgardenrodby.com\/de\/wp-json\/wp\/v2\/users\/1"}],"replies":[{"embeddable":true,"href":"https:\/\/puttgardenrodby.com\/de\/wp-json\/wp\/v2\/comments?post=651"}],"version-history":[{"count":59,"href":"https:\/\/puttgardenrodby.com\/de\/wp-json\/wp\/v2\/pages\/651\/revisions"}],"predecessor-version":[{"id":1534,"href":"https:\/\/puttgardenrodby.com\/de\/wp-json\/wp\/v2\/pages\/651\/revisions\/1534"}],"wp:attachment":[{"href":"https:\/\/puttgardenrodby.com\/de\/wp-json\/wp\/v2\/media?parent=651"}],"curies":[{"name":"wp","href":"https:\/\/api.w.org\/{rel}","templated":true}]}}