{"id":567,"date":"2023-05-10T09:56:56","date_gmt":"2023-05-10T09:56:56","guid":{"rendered":"https:\/\/puttgardenrodby.nl\/?page_id=567"},"modified":"2024-03-14T08:42:00","modified_gmt":"2024-03-14T08:42:00","slug":"video","status":"publish","type":"page","link":"https:\/\/puttgardenrodby.com\/de\/video\/","title":{"rendered":"Video"},"content":{"rendered":"\t\t<div data-elementor-type=\"wp-post\" data-elementor-id=\"567\" class=\"elementor elementor-567\" data-elementor-post-type=\"page\">\n\t\t\t\t\t\t<section class=\"elementor-section elementor-top-section elementor-element elementor-element-1c6d5d28 elementor-section-boxed elementor-section-height-default elementor-section-height-default\" data-id=\"1c6d5d28\" data-element_type=\"section\" data-e-type=\"section\" data-settings=\"{&quot;background_background&quot;:&quot;gradient&quot;,&quot;sticky&quot;:&quot;top&quot;,&quot;sticky_on&quot;:[&quot;desktop&quot;,&quot;tablet&quot;,&quot;mobile&quot;],&quot;sticky_offset&quot;:0,&quot;sticky_effects_offset&quot;:0,&quot;sticky_anchor_link_offset&quot;:0}\">\n\t\t\t\t\t\t<div class=\"elementor-container elementor-column-gap-default\">\n\t\t\t\t\t<div class=\"elementor-column elementor-col-50 elementor-top-column elementor-element elementor-element-62ce042d\" data-id=\"62ce042d\" data-element_type=\"column\" data-e-type=\"column\">\n\t\t\t<div class=\"elementor-widget-wrap elementor-element-populated\">\n\t\t\t\t\t\t<div class=\"elementor-element elementor-element-22c87e75 elementor-widget elementor-widget-breadcrumbs\" data-id=\"22c87e75\" data-element_type=\"widget\" data-e-type=\"widget\" data-widget_type=\"breadcrumbs.default\">\n\t\t\t\t<div class=\"elementor-widget-container\">\n\t\t\t\t\t<p id=\"breadcrumbs\"><span><span><a href=\"https:\/\/puttgardenrodby.com\/de\/\">Home<\/a><\/span><\/span><\/p>\t\t\t\t<\/div>\n\t\t\t\t<\/div>\n\t\t\t\t\t<\/div>\n\t\t<\/div>\n\t\t\t\t<div class=\"elementor-column elementor-col-50 elementor-top-column elementor-element elementor-element-76662d84\" data-id=\"76662d84\" data-element_type=\"column\" data-e-type=\"column\">\n\t\t\t<div class=\"elementor-widget-wrap elementor-element-populated\">\n\t\t\t\t\t\t<div class=\"elementor-element elementor-element-6be6027c elementor-align-right elementor-mobile-align-center elementor-widget elementor-widget-button\" data-id=\"6be6027c\" data-element_type=\"widget\" data-e-type=\"widget\" data-settings=\"{&quot;sticky&quot;:&quot;top&quot;,&quot;sticky_on&quot;:[&quot;mobile&quot;],&quot;sticky_offset&quot;:8,&quot;sticky_effects_offset_mobile&quot;:0,&quot;_animation_mobile&quot;:&quot;fadeIn&quot;,&quot;sticky_effects_offset&quot;:0,&quot;sticky_anchor_link_offset&quot;:0}\" data-widget_type=\"button.default\">\n\t\t\t\t<div class=\"elementor-widget-container\">\n\t\t\t\t\t\t\t\t\t<div class=\"elementor-button-wrapper\">\n\t\t\t\t\t<a class=\"elementor-button elementor-button-link elementor-size-md elementor-animation-shrink\" href=\"https:\/\/puttgardenrodby.com\/de\/go\/button-header-page\" target=\"_blank\">\n\t\t\t\t\t\t<span class=\"elementor-button-content-wrapper\">\n\t\t\t\t\t\t<span class=\"elementor-button-icon\">\n\t\t\t\t<i aria-hidden=\"true\" class=\"far fa-arrow-alt-circle-right\"><\/i>\t\t\t<\/span>\n\t\t\t\t\t\t\t\t\t<span class=\"elementor-button-text\">F\u00e4hre Preise und Tickets<\/span>\n\t\t\t\t\t<\/span>\n\t\t\t\t\t<\/a>\n\t\t\t\t<\/div>\n\t\t\t\t\t\t\t\t<\/div>\n\t\t\t\t<\/div>\n\t\t\t\t\t<\/div>\n\t\t<\/div>\n\t\t\t\t\t<\/div>\n\t\t<\/section>\n\t\t\t\t<section class=\"elementor-section elementor-top-section elementor-element elementor-element-348d881 elementor-section-boxed elementor-section-height-default elementor-section-height-default\" data-id=\"348d881\" data-element_type=\"section\" data-e-type=\"section\">\n\t\t\t\t\t\t\t<div class=\"elementor-background-overlay\"><\/div>\n\t\t\t\t\t\t\t<div class=\"elementor-container elementor-column-gap-default\">\n\t\t\t\t\t<div class=\"elementor-column elementor-col-100 elementor-top-column elementor-element elementor-element-2e117c7\" data-id=\"2e117c7\" data-element_type=\"column\" data-e-type=\"column\">\n\t\t\t<div class=\"elementor-widget-wrap elementor-element-populated\">\n\t\t\t\t\t\t<div class=\"elementor-element elementor-element-18585c6 elementor-widget elementor-widget-heading\" data-id=\"18585c6\" data-element_type=\"widget\" data-e-type=\"widget\" data-widget_type=\"heading.default\">\n\t\t\t\t<div class=\"elementor-widget-container\">\n\t\t\t\t\t<h1 class=\"elementor-heading-title elementor-size-default\">Videos von F\u00e4hrpassagieren.<\/h1>\t\t\t\t<\/div>\n\t\t\t\t<\/div>\n\t\t\t\t<div class=\"elementor-element elementor-element-02210a7 elementor-widget elementor-widget-text-editor\" data-id=\"02210a7\" data-element_type=\"widget\" data-e-type=\"widget\" data-widget_type=\"text-editor.default\">\n\t\t\t\t<div class=\"elementor-widget-container\">\n\t\t\t\t\t\t\t\t\t<p>Bist du neugierig, was dich erwartet? Wir haben einige Videos von Leuten gesammelt, die mit den F\u00e4hren gereist sind.<\/p>\t\t\t\t\t\t\t\t<\/div>\n\t\t\t\t<\/div>\n\t\t\t\t\t<\/div>\n\t\t<\/div>\n\t\t\t\t\t<\/div>\n\t\t<\/section>\n\t\t\t\t<section class=\"elementor-section elementor-top-section elementor-element elementor-element-e8d5bd0 elementor-section-boxed elementor-section-height-default elementor-section-height-default\" data-id=\"e8d5bd0\" data-element_type=\"section\" data-e-type=\"section\">\n\t\t\t\t\t\t<div class=\"elementor-container elementor-column-gap-default\">\n\t\t\t\t\t<div class=\"elementor-column elementor-col-50 elementor-top-column elementor-element elementor-element-590b9ae\" data-id=\"590b9ae\" data-element_type=\"column\" data-e-type=\"column\">\n\t\t\t<div class=\"elementor-widget-wrap elementor-element-populated\">\n\t\t\t\t\t\t<div class=\"elementor-element elementor-element-c448d51 elementor-widget elementor-widget-heading\" data-id=\"c448d51\" data-element_type=\"widget\" data-e-type=\"widget\" data-widget_type=\"heading.default\">\n\t\t\t\t<div class=\"elementor-widget-container\">\n\t\t\t\t\t<h4 class=\"elementor-heading-title elementor-size-default\">Video 1<\/h4>\t\t\t\t<\/div>\n\t\t\t\t<\/div>\n\t\t\t\t<div class=\"elementor-element elementor-element-ff9e5a6 elementor-widget elementor-widget-video\" data-id=\"ff9e5a6\" data-element_type=\"widget\" data-e-type=\"widget\" data-settings=\"{&quot;youtube_url&quot;:&quot;https:\\\/\\\/www.youtube.com\\\/watch?v=L6XYnDv5L_k&quot;,&quot;video_type&quot;:&quot;youtube&quot;,&quot;controls&quot;:&quot;yes&quot;}\" data-widget_type=\"video.default\">\n\t\t\t\t<div class=\"elementor-widget-container\">\n\t\t\t\t\t\t\t<div class=\"elementor-wrapper elementor-open-inline\">\n\t\t\t<div class=\"elementor-video\"><\/div>\t\t<\/div>\n\t\t\t\t\t\t<\/div>\n\t\t\t\t<\/div>\n\t\t\t\t<div class=\"elementor-element elementor-element-3d6085d elementor-widget elementor-widget-text-editor\" data-id=\"3d6085d\" data-element_type=\"widget\" data-e-type=\"widget\" data-widget_type=\"text-editor.default\">\n\t\t\t\t<div class=\"elementor-widget-container\">\n\t\t\t\t\t\t\t\t\t<p>Die gesamte Reise von D\u00e4nemark nach Deutschland in Bildern festgehalten.<\/p>\t\t\t\t\t\t\t\t<\/div>\n\t\t\t\t<\/div>\n\t\t\t\t\t<\/div>\n\t\t<\/div>\n\t\t\t\t<div class=\"elementor-column elementor-col-50 elementor-top-column elementor-element elementor-element-f865df3\" data-id=\"f865df3\" data-element_type=\"column\" data-e-type=\"column\">\n\t\t\t<div class=\"elementor-widget-wrap elementor-element-populated\">\n\t\t\t\t\t\t<div class=\"elementor-element elementor-element-c975e79 elementor-widget elementor-widget-heading\" data-id=\"c975e79\" data-element_type=\"widget\" data-e-type=\"widget\" data-widget_type=\"heading.default\">\n\t\t\t\t<div class=\"elementor-widget-container\">\n\t\t\t\t\t<h4 class=\"elementor-heading-title elementor-size-default\">Video 2<\/h4>\t\t\t\t<\/div>\n\t\t\t\t<\/div>\n\t\t\t\t<div class=\"elementor-element elementor-element-9a6c7a0 elementor-widget elementor-widget-video\" data-id=\"9a6c7a0\" data-element_type=\"widget\" data-e-type=\"widget\" data-settings=\"{&quot;youtube_url&quot;:&quot;https:\\\/\\\/www.youtube.com\\\/watch?v=iJnaRAo7XqA&quot;,&quot;video_type&quot;:&quot;youtube&quot;,&quot;controls&quot;:&quot;yes&quot;}\" data-widget_type=\"video.default\">\n\t\t\t\t<div class=\"elementor-widget-container\">\n\t\t\t\t\t\t\t<div class=\"elementor-wrapper elementor-open-inline\">\n\t\t\t<div class=\"elementor-video\"><\/div>\t\t<\/div>\n\t\t\t\t\t\t<\/div>\n\t\t\t\t<\/div>\n\t\t\t\t<div class=\"elementor-element elementor-element-426605d elementor-widget elementor-widget-text-editor\" data-id=\"426605d\" data-element_type=\"widget\" data-e-type=\"widget\" data-widget_type=\"text-editor.default\">\n\t\t\t\t<div class=\"elementor-widget-container\">\n\t\t\t\t\t\t\t\t\t<p>Ankunft der F\u00e4hre Puttgarden-R\u00f8dby.<\/p>\t\t\t\t\t\t\t\t<\/div>\n\t\t\t\t<\/div>\n\t\t\t\t\t<\/div>\n\t\t<\/div>\n\t\t\t\t\t<\/div>\n\t\t<\/section>\n\t\t\t\t<section class=\"elementor-section elementor-top-section elementor-element elementor-element-2c4f7a0 elementor-section-boxed elementor-section-height-default elementor-section-height-default\" data-id=\"2c4f7a0\" data-element_type=\"section\" data-e-type=\"section\">\n\t\t\t\t\t\t<div class=\"elementor-container elementor-column-gap-default\">\n\t\t\t\t\t<div class=\"elementor-column elementor-col-50 elementor-top-column elementor-element elementor-element-f7141c8\" data-id=\"f7141c8\" data-element_type=\"column\" data-e-type=\"column\">\n\t\t\t<div class=\"elementor-widget-wrap elementor-element-populated\">\n\t\t\t\t\t\t<div class=\"elementor-element elementor-element-3764a1d elementor-widget elementor-widget-heading\" data-id=\"3764a1d\" data-element_type=\"widget\" data-e-type=\"widget\" data-widget_type=\"heading.default\">\n\t\t\t\t<div class=\"elementor-widget-container\">\n\t\t\t\t\t<h4 class=\"elementor-heading-title elementor-size-default\">Video 3<\/h4>\t\t\t\t<\/div>\n\t\t\t\t<\/div>\n\t\t\t\t<div class=\"elementor-element elementor-element-b415db2 elementor-widget elementor-widget-video\" data-id=\"b415db2\" data-element_type=\"widget\" data-e-type=\"widget\" data-settings=\"{&quot;youtube_url&quot;:&quot;https:\\\/\\\/www.youtube.com\\\/watch?v=raedQ4-B22o&quot;,&quot;video_type&quot;:&quot;youtube&quot;,&quot;controls&quot;:&quot;yes&quot;}\" data-widget_type=\"video.default\">\n\t\t\t\t<div class=\"elementor-widget-container\">\n\t\t\t\t\t\t\t<div class=\"elementor-wrapper elementor-open-inline\">\n\t\t\t<div class=\"elementor-video\"><\/div>\t\t<\/div>\n\t\t\t\t\t\t<\/div>\n\t\t\t\t<\/div>\n\t\t\t\t<div class=\"elementor-element elementor-element-17acc5a elementor-widget elementor-widget-text-editor\" data-id=\"17acc5a\" data-element_type=\"widget\" data-e-type=\"widget\" data-widget_type=\"text-editor.default\">\n\t\t\t\t<div class=\"elementor-widget-container\">\n\t\t\t\t\t\t\t\t\t<p>Hafen von Puttgarden.<\/p>\t\t\t\t\t\t\t\t<\/div>\n\t\t\t\t<\/div>\n\t\t\t\t\t<\/div>\n\t\t<\/div>\n\t\t\t\t<div class=\"elementor-column elementor-col-50 elementor-top-column elementor-element elementor-element-a0ba1e0\" data-id=\"a0ba1e0\" data-element_type=\"column\" data-e-type=\"column\">\n\t\t\t<div class=\"elementor-widget-wrap elementor-element-populated\">\n\t\t\t\t\t\t<div class=\"elementor-element elementor-element-756aa6c elementor-widget elementor-widget-heading\" data-id=\"756aa6c\" data-element_type=\"widget\" data-e-type=\"widget\" data-widget_type=\"heading.default\">\n\t\t\t\t<div class=\"elementor-widget-container\">\n\t\t\t\t\t<h4 class=\"elementor-heading-title elementor-size-default\">Video 4<\/h4>\t\t\t\t<\/div>\n\t\t\t\t<\/div>\n\t\t\t\t<div class=\"elementor-element elementor-element-c0c3d6e elementor-widget elementor-widget-video\" data-id=\"c0c3d6e\" data-element_type=\"widget\" data-e-type=\"widget\" data-settings=\"{&quot;youtube_url&quot;:&quot;https:\\\/\\\/www.youtube.com\\\/watch?v=7LsFBoeHC0U&quot;,&quot;video_type&quot;:&quot;youtube&quot;,&quot;controls&quot;:&quot;yes&quot;}\" data-widget_type=\"video.default\">\n\t\t\t\t<div class=\"elementor-widget-container\">\n\t\t\t\t\t\t\t<div class=\"elementor-wrapper elementor-open-inline\">\n\t\t\t<div class=\"elementor-video\"><\/div>\t\t<\/div>\n\t\t\t\t\t\t<\/div>\n\t\t\t\t<\/div>\n\t\t\t\t<div class=\"elementor-element elementor-element-c763322 elementor-widget elementor-widget-text-editor\" data-id=\"c763322\" data-element_type=\"widget\" data-e-type=\"widget\" data-widget_type=\"text-editor.default\">\n\t\t\t\t<div class=\"elementor-widget-container\">\n\t\t\t\t\t\t\t\t\t<p>Von R\u00f8dby nach Puttgarden.<\/p>\t\t\t\t\t\t\t\t<\/div>\n\t\t\t\t<\/div>\n\t\t\t\t\t<\/div>\n\t\t<\/div>\n\t\t\t\t\t<\/div>\n\t\t<\/section>\n\t\t\t\t<\/div>\n\t\t","protected":false},"excerpt":{"rendered":"<p>F\u00e4hre Preise und Tickets Videos von F\u00e4hrpassagieren. Bist du neugierig, was dich erwartet? Wir haben einige Videos von Leuten gesammelt, die mit den F\u00e4hren gereist sind. Video 1 https:\/\/www.youtube.com\/watch?v=L6XYnDv5L_k Die gesamte Reise von D\u00e4nemark nach Deutschland in Bildern festgehalten. Video 2 https:\/\/www.youtube.com\/watch?v=iJnaRAo7XqA Ankunft der F\u00e4hre Puttgarden-R\u00f8dby. Video 3 https:\/\/www.youtube.com\/watch?v=raedQ4-B22o Hafen von Puttgarden. Video 4 https:\/\/www.youtube.com\/watch?v=7LsFBoeHC0U [&hellip;]<\/p>\n","protected":false},"author":1,"featured_media":0,"parent":0,"menu_order":0,"comment_status":"closed","ping_status":"closed","template":"elementor_header_footer","meta":{"footnotes":""},"class_list":["post-567","page","type-page","status-publish","hentry"],"yoast_head":"<!-- This site is optimized with the Yoast SEO plugin v27.2 - https:\/\/yoast.com\/product\/yoast-seo-wordpress\/ -->\n<title>Videos von F\u00e4hrpassagieren | Erfahrungen | PuttgardenRodby.com<\/title>\n<meta name=\"description\" content=\"Schauen Sie sich die Videos von F\u00e4hrpassagieren an und entdecken Sie ihre Erfahrungen mit der F\u00e4hre zwischen Puttgarden und R\u00f8dby.\" \/>\n<meta name=\"robots\" content=\"index, follow, max-snippet:-1, max-image-preview:large, max-video-preview:-1\" \/>\n<link rel=\"canonical\" href=\"https:\/\/puttgardenrodby.com\/de\/video\/\" \/>\n<meta property=\"og:locale\" content=\"de_DE\" \/>\n<meta property=\"og:type\" content=\"article\" \/>\n<meta property=\"og:title\" content=\"Videos von F\u00e4hrpassagieren | Erfahrungen | PuttgardenRodby.com\" \/>\n<meta property=\"og:description\" content=\"Schauen Sie sich die Videos von F\u00e4hrpassagieren an und entdecken Sie ihre Erfahrungen mit der F\u00e4hre zwischen Puttgarden und R\u00f8dby.\" \/>\n<meta property=\"og:url\" content=\"https:\/\/puttgardenrodby.com\/de\/video\/\" \/>\n<meta property=\"og:site_name\" content=\"Puttgarden Rodby Deutsch\" \/>\n<meta property=\"article:modified_time\" content=\"2024-03-14T08:42:00+00:00\" \/>\n<meta name=\"twitter:card\" content=\"summary_large_image\" \/>\n<meta name=\"twitter:label1\" content=\"Gesch\u00e4tzte Lesezeit\" \/>\n\t<meta name=\"twitter:data1\" content=\"1\u00a0Minute\" \/>\n<script type=\"application\/ld+json\" class=\"yoast-schema-graph\">{\"@context\":\"https:\/\/schema.org\",\"@graph\":[{\"@type\":\"WebPage\",\"@id\":\"https:\/\/puttgardenrodby.com\/de\/video\/\",\"url\":\"https:\/\/puttgardenrodby.com\/de\/video\/\",\"name\":\"Videos von F\u00e4hrpassagieren | Erfahrungen | PuttgardenRodby.com\",\"isPartOf\":{\"@id\":\"https:\/\/puttgardenrodby.com\/de\/#website\"},\"datePublished\":\"2023-05-10T09:56:56+00:00\",\"dateModified\":\"2024-03-14T08:42:00+00:00\",\"description\":\"Schauen Sie sich die Videos von F\u00e4hrpassagieren an und entdecken Sie ihre Erfahrungen mit der F\u00e4hre zwischen Puttgarden und R\u00f8dby.\",\"breadcrumb\":{\"@id\":\"https:\/\/puttgardenrodby.com\/de\/video\/#breadcrumb\"},\"inLanguage\":\"de\",\"potentialAction\":[{\"@type\":\"ReadAction\",\"target\":[\"https:\/\/puttgardenrodby.com\/de\/video\/\"]}]},{\"@type\":\"BreadcrumbList\",\"@id\":\"https:\/\/puttgardenrodby.com\/de\/video\/#breadcrumb\",\"itemListElement\":[{\"@type\":\"ListItem\",\"position\":1,\"name\":\"Home\",\"item\":\"https:\/\/puttgardenrodby.com\/de\/\"},{\"@type\":\"ListItem\",\"position\":2,\"name\":\"Video\"}]},{\"@type\":\"WebSite\",\"@id\":\"https:\/\/puttgardenrodby.com\/de\/#website\",\"url\":\"https:\/\/puttgardenrodby.com\/de\/\",\"name\":\"Puttgarden Rodby Deutsch\",\"description\":\"\",\"publisher\":{\"@id\":\"https:\/\/puttgardenrodby.com\/de\/#organization\"},\"potentialAction\":[{\"@type\":\"SearchAction\",\"target\":{\"@type\":\"EntryPoint\",\"urlTemplate\":\"https:\/\/puttgardenrodby.com\/de\/?s={search_term_string}\"},\"query-input\":{\"@type\":\"PropertyValueSpecification\",\"valueRequired\":true,\"valueName\":\"search_term_string\"}}],\"inLanguage\":\"de\"},{\"@type\":\"Organization\",\"@id\":\"https:\/\/puttgardenrodby.com\/de\/#organization\",\"name\":\"Puttgarden Rodby Deutsch\",\"url\":\"https:\/\/puttgardenrodby.com\/de\/\",\"logo\":{\"@type\":\"ImageObject\",\"inLanguage\":\"de\",\"@id\":\"https:\/\/puttgardenrodby.com\/de\/#\/schema\/logo\/image\/\",\"url\":\"https:\/\/puttgardenrodby.com\/de\/wp-content\/uploads\/sites\/4\/2023\/05\/Puttgarden-Rodby-logo.png\",\"contentUrl\":\"https:\/\/puttgardenrodby.com\/de\/wp-content\/uploads\/sites\/4\/2023\/05\/Puttgarden-Rodby-logo.png\",\"width\":1043,\"height\":347,\"caption\":\"Puttgarden Rodby Deutsch\"},\"image\":{\"@id\":\"https:\/\/puttgardenrodby.com\/de\/#\/schema\/logo\/image\/\"}}]}<\/script>\n<!-- \/ Yoast SEO plugin. -->","yoast_head_json":{"title":"Videos von F\u00e4hrpassagieren | Erfahrungen | PuttgardenRodby.com","description":"Schauen Sie sich die Videos von F\u00e4hrpassagieren an und entdecken Sie ihre Erfahrungen mit der F\u00e4hre zwischen Puttgarden und R\u00f8dby.","robots":{"index":"index","follow":"follow","max-snippet":"max-snippet:-1","max-image-preview":"max-image-preview:large","max-video-preview":"max-video-preview:-1"},"canonical":"https:\/\/puttgardenrodby.com\/de\/video\/","og_locale":"de_DE","og_type":"article","og_title":"Videos von F\u00e4hrpassagieren | Erfahrungen | PuttgardenRodby.com","og_description":"Schauen Sie sich die Videos von F\u00e4hrpassagieren an und entdecken Sie ihre Erfahrungen mit der F\u00e4hre zwischen Puttgarden und R\u00f8dby.","og_url":"https:\/\/puttgardenrodby.com\/de\/video\/","og_site_name":"Puttgarden Rodby Deutsch","article_modified_time":"2024-03-14T08:42:00+00:00","twitter_card":"summary_large_image","twitter_misc":{"Gesch\u00e4tzte Lesezeit":"1\u00a0Minute"},"schema":{"@context":"https:\/\/schema.org","@graph":[{"@type":"WebPage","@id":"https:\/\/puttgardenrodby.com\/de\/video\/","url":"https:\/\/puttgardenrodby.com\/de\/video\/","name":"Videos von F\u00e4hrpassagieren | Erfahrungen | PuttgardenRodby.com","isPartOf":{"@id":"https:\/\/puttgardenrodby.com\/de\/#website"},"datePublished":"2023-05-10T09:56:56+00:00","dateModified":"2024-03-14T08:42:00+00:00","description":"Schauen Sie sich die Videos von F\u00e4hrpassagieren an und entdecken Sie ihre Erfahrungen mit der F\u00e4hre zwischen Puttgarden und R\u00f8dby.","breadcrumb":{"@id":"https:\/\/puttgardenrodby.com\/de\/video\/#breadcrumb"},"inLanguage":"de","potentialAction":[{"@type":"ReadAction","target":["https:\/\/puttgardenrodby.com\/de\/video\/"]}]},{"@type":"BreadcrumbList","@id":"https:\/\/puttgardenrodby.com\/de\/video\/#breadcrumb","itemListElement":[{"@type":"ListItem","position":1,"name":"Home","item":"https:\/\/puttgardenrodby.com\/de\/"},{"@type":"ListItem","position":2,"name":"Video"}]},{"@type":"WebSite","@id":"https:\/\/puttgardenrodby.com\/de\/#website","url":"https:\/\/puttgardenrodby.com\/de\/","name":"Puttgarden Rodby Deutsch","description":"","publisher":{"@id":"https:\/\/puttgardenrodby.com\/de\/#organization"},"potentialAction":[{"@type":"SearchAction","target":{"@type":"EntryPoint","urlTemplate":"https:\/\/puttgardenrodby.com\/de\/?s={search_term_string}"},"query-input":{"@type":"PropertyValueSpecification","valueRequired":true,"valueName":"search_term_string"}}],"inLanguage":"de"},{"@type":"Organization","@id":"https:\/\/puttgardenrodby.com\/de\/#organization","name":"Puttgarden Rodby Deutsch","url":"https:\/\/puttgardenrodby.com\/de\/","logo":{"@type":"ImageObject","inLanguage":"de","@id":"https:\/\/puttgardenrodby.com\/de\/#\/schema\/logo\/image\/","url":"https:\/\/puttgardenrodby.com\/de\/wp-content\/uploads\/sites\/4\/2023\/05\/Puttgarden-Rodby-logo.png","contentUrl":"https:\/\/puttgardenrodby.com\/de\/wp-content\/uploads\/sites\/4\/2023\/05\/Puttgarden-Rodby-logo.png","width":1043,"height":347,"caption":"Puttgarden Rodby Deutsch"},"image":{"@id":"https:\/\/puttgardenrodby.com\/de\/#\/schema\/logo\/image\/"}}]}},"_links":{"self":[{"href":"https:\/\/puttgardenrodby.com\/de\/wp-json\/wp\/v2\/pages\/567","targetHints":{"allow":["GET"]}}],"collection":[{"href":"https:\/\/puttgardenrodby.com\/de\/wp-json\/wp\/v2\/pages"}],"about":[{"href":"https:\/\/puttgardenrodby.com\/de\/wp-json\/wp\/v2\/types\/page"}],"author":[{"embeddable":true,"href":"https:\/\/puttgardenrodby.com\/de\/wp-json\/wp\/v2\/users\/1"}],"replies":[{"embeddable":true,"href":"https:\/\/puttgardenrodby.com\/de\/wp-json\/wp\/v2\/comments?post=567"}],"version-history":[{"count":16,"href":"https:\/\/puttgardenrodby.com\/de\/wp-json\/wp\/v2\/pages\/567\/revisions"}],"predecessor-version":[{"id":1447,"href":"https:\/\/puttgardenrodby.com\/de\/wp-json\/wp\/v2\/pages\/567\/revisions\/1447"}],"wp:attachment":[{"href":"https:\/\/puttgardenrodby.com\/de\/wp-json\/wp\/v2\/media?parent=567"}],"curies":[{"name":"wp","href":"https:\/\/api.w.org\/{rel}","templated":true}]}}