{"id":557,"date":"2023-05-10T09:50:34","date_gmt":"2023-05-10T09:50:34","guid":{"rendered":"https:\/\/puttgardenrodby.nl\/?page_id=557"},"modified":"2024-03-14T08:42:38","modified_gmt":"2024-03-14T08:42:38","slug":"webcams","status":"publish","type":"page","link":"https:\/\/puttgardenrodby.com\/de\/webcams\/","title":{"rendered":"Webcams"},"content":{"rendered":"\t\t<div data-elementor-type=\"wp-post\" data-elementor-id=\"557\" class=\"elementor elementor-557\" data-elementor-post-type=\"page\">\n\t\t\t\t\t\t<section class=\"elementor-section elementor-top-section elementor-element elementor-element-2ba2cc3 elementor-section-boxed elementor-section-height-default elementor-section-height-default\" data-id=\"2ba2cc3\" data-element_type=\"section\" data-e-type=\"section\" data-settings=\"{&quot;background_background&quot;:&quot;gradient&quot;,&quot;sticky&quot;:&quot;top&quot;,&quot;sticky_on&quot;:[&quot;desktop&quot;,&quot;tablet&quot;,&quot;mobile&quot;],&quot;sticky_offset&quot;:0,&quot;sticky_effects_offset&quot;:0,&quot;sticky_anchor_link_offset&quot;:0}\">\n\t\t\t\t\t\t<div class=\"elementor-container elementor-column-gap-default\">\n\t\t\t\t\t<div class=\"elementor-column elementor-col-50 elementor-top-column elementor-element elementor-element-510392e8\" data-id=\"510392e8\" data-element_type=\"column\" data-e-type=\"column\">\n\t\t\t<div class=\"elementor-widget-wrap elementor-element-populated\">\n\t\t\t\t\t\t<div class=\"elementor-element elementor-element-1b51047a elementor-widget elementor-widget-breadcrumbs\" data-id=\"1b51047a\" data-element_type=\"widget\" data-e-type=\"widget\" data-widget_type=\"breadcrumbs.default\">\n\t\t\t\t<div class=\"elementor-widget-container\">\n\t\t\t\t\t<p id=\"breadcrumbs\"><span><span><a href=\"https:\/\/puttgardenrodby.com\/de\/\">Home<\/a><\/span><\/span><\/p>\t\t\t\t<\/div>\n\t\t\t\t<\/div>\n\t\t\t\t\t<\/div>\n\t\t<\/div>\n\t\t\t\t<div class=\"elementor-column elementor-col-50 elementor-top-column elementor-element elementor-element-24ba87ba\" data-id=\"24ba87ba\" data-element_type=\"column\" data-e-type=\"column\">\n\t\t\t<div class=\"elementor-widget-wrap elementor-element-populated\">\n\t\t\t\t\t\t<div class=\"elementor-element elementor-element-42bed6f6 elementor-align-right elementor-mobile-align-center elementor-widget elementor-widget-button\" data-id=\"42bed6f6\" data-element_type=\"widget\" data-e-type=\"widget\" data-settings=\"{&quot;sticky&quot;:&quot;top&quot;,&quot;sticky_on&quot;:[&quot;mobile&quot;],&quot;sticky_offset&quot;:8,&quot;sticky_effects_offset_mobile&quot;:0,&quot;_animation_mobile&quot;:&quot;fadeIn&quot;,&quot;sticky_effects_offset&quot;:0,&quot;sticky_anchor_link_offset&quot;:0}\" data-widget_type=\"button.default\">\n\t\t\t\t<div class=\"elementor-widget-container\">\n\t\t\t\t\t\t\t\t\t<div class=\"elementor-button-wrapper\">\n\t\t\t\t\t<a class=\"elementor-button elementor-button-link elementor-size-md elementor-animation-shrink\" href=\"https:\/\/puttgardenrodby.com\/de\/go\/button-header-page\" target=\"_blank\">\n\t\t\t\t\t\t<span class=\"elementor-button-content-wrapper\">\n\t\t\t\t\t\t<span class=\"elementor-button-icon\">\n\t\t\t\t<i aria-hidden=\"true\" class=\"far fa-arrow-alt-circle-right\"><\/i>\t\t\t<\/span>\n\t\t\t\t\t\t\t\t\t<span class=\"elementor-button-text\">F\u00e4hre Preise und Tickets<\/span>\n\t\t\t\t\t<\/span>\n\t\t\t\t\t<\/a>\n\t\t\t\t<\/div>\n\t\t\t\t\t\t\t\t<\/div>\n\t\t\t\t<\/div>\n\t\t\t\t\t<\/div>\n\t\t<\/div>\n\t\t\t\t\t<\/div>\n\t\t<\/section>\n\t\t\t\t<section class=\"elementor-section elementor-top-section elementor-element elementor-element-348d881 elementor-section-boxed elementor-section-height-default elementor-section-height-default\" data-id=\"348d881\" data-element_type=\"section\" data-e-type=\"section\">\n\t\t\t\t\t\t\t<div class=\"elementor-background-overlay\"><\/div>\n\t\t\t\t\t\t\t<div class=\"elementor-container elementor-column-gap-default\">\n\t\t\t\t\t<div class=\"elementor-column elementor-col-100 elementor-top-column elementor-element elementor-element-2e117c7\" data-id=\"2e117c7\" data-element_type=\"column\" data-e-type=\"column\">\n\t\t\t<div class=\"elementor-widget-wrap elementor-element-populated\">\n\t\t\t\t\t\t<div class=\"elementor-element elementor-element-18585c6 elementor-widget elementor-widget-heading\" data-id=\"18585c6\" data-element_type=\"widget\" data-e-type=\"widget\" data-widget_type=\"heading.default\">\n\t\t\t\t<div class=\"elementor-widget-container\">\n\t\t\t\t\t<h1 class=\"elementor-heading-title elementor-size-default\">Webcams<\/h1>\t\t\t\t<\/div>\n\t\t\t\t<\/div>\n\t\t\t\t<div class=\"elementor-element elementor-element-02210a7 elementor-widget elementor-widget-text-editor\" data-id=\"02210a7\" data-element_type=\"widget\" data-e-type=\"widget\" data-widget_type=\"text-editor.default\">\n\t\t\t\t<div class=\"elementor-widget-container\">\n\t\t\t\t\t\t\t\t\t<p>Es gibt einige Webcams in der Umgebung von Puttgarden und R\u00f8dbyhavn verf\u00fcgbar.<\/p>\t\t\t\t\t\t\t\t<\/div>\n\t\t\t\t<\/div>\n\t\t\t\t\t<\/div>\n\t\t<\/div>\n\t\t\t\t\t<\/div>\n\t\t<\/section>\n\t\t\t\t<section class=\"elementor-section elementor-top-section elementor-element elementor-element-e8d5bd0 elementor-section-boxed elementor-section-height-default elementor-section-height-default\" data-id=\"e8d5bd0\" data-element_type=\"section\" data-e-type=\"section\">\n\t\t\t\t\t\t<div class=\"elementor-container elementor-column-gap-default\">\n\t\t\t\t\t<div class=\"elementor-column elementor-col-50 elementor-top-column elementor-element elementor-element-590b9ae\" data-id=\"590b9ae\" data-element_type=\"column\" data-e-type=\"column\">\n\t\t\t<div class=\"elementor-widget-wrap elementor-element-populated\">\n\t\t\t\t\t\t<div class=\"elementor-element elementor-element-c448d51 elementor-widget elementor-widget-heading\" data-id=\"c448d51\" data-element_type=\"widget\" data-e-type=\"widget\" data-widget_type=\"heading.default\">\n\t\t\t\t<div class=\"elementor-widget-container\">\n\t\t\t\t\t<h4 class=\"elementor-heading-title elementor-size-default\">Livestream 3 R\u00f8dbyhavn <\/h4>\t\t\t\t<\/div>\n\t\t\t\t<\/div>\n\t\t\t\t<div class=\"elementor-element elementor-element-3d6085d elementor-widget elementor-widget-text-editor\" data-id=\"3d6085d\" data-element_type=\"widget\" data-e-type=\"widget\" data-widget_type=\"text-editor.default\">\n\t\t\t\t<div class=\"elementor-widget-container\">\n\t\t\t\t\t\t\t\t\t<p>\u00dcbersicht \u00fcber die Baustelle und die Fabrik f\u00fcr Tunnelbauelemente.<\/p>\t\t\t\t\t\t\t\t<\/div>\n\t\t\t\t<\/div>\n\t\t\t\t<div class=\"elementor-element elementor-element-ff9e5a6 elementor-widget elementor-widget-video\" data-id=\"ff9e5a6\" data-element_type=\"widget\" data-e-type=\"widget\" data-settings=\"{&quot;youtube_url&quot;:&quot;https:\\\/\\\/www.youtube.com\\\/watch?v=B1olJ3MhUhA&quot;,&quot;video_type&quot;:&quot;youtube&quot;,&quot;controls&quot;:&quot;yes&quot;}\" data-widget_type=\"video.default\">\n\t\t\t\t<div class=\"elementor-widget-container\">\n\t\t\t\t\t\t\t<div class=\"elementor-wrapper elementor-open-inline\">\n\t\t\t<div class=\"elementor-video\"><\/div>\t\t<\/div>\n\t\t\t\t\t\t<\/div>\n\t\t\t\t<\/div>\n\t\t\t\t\t<\/div>\n\t\t<\/div>\n\t\t\t\t<div class=\"elementor-column elementor-col-50 elementor-top-column elementor-element elementor-element-f865df3\" data-id=\"f865df3\" data-element_type=\"column\" data-e-type=\"column\">\n\t\t\t<div class=\"elementor-widget-wrap elementor-element-populated\">\n\t\t\t\t\t\t<div class=\"elementor-element elementor-element-c975e79 elementor-widget elementor-widget-heading\" data-id=\"c975e79\" data-element_type=\"widget\" data-e-type=\"widget\" data-widget_type=\"heading.default\">\n\t\t\t\t<div class=\"elementor-widget-container\">\n\t\t\t\t\t<h4 class=\"elementor-heading-title elementor-size-default\">Livestream 4 R\u00f8dbyhavn <\/h4>\t\t\t\t<\/div>\n\t\t\t\t<\/div>\n\t\t\t\t<div class=\"elementor-element elementor-element-426605d elementor-widget elementor-widget-text-editor\" data-id=\"426605d\" data-element_type=\"widget\" data-e-type=\"widget\" data-widget_type=\"text-editor.default\">\n\t\t\t\t<div class=\"elementor-widget-container\">\n\t\t\t\t\t\t\t\t\t<p>\u00dcbersicht \u00fcber die Baustelle und die Fabrik f\u00fcr Tunnelbauelemente.<\/p>\t\t\t\t\t\t\t\t<\/div>\n\t\t\t\t<\/div>\n\t\t\t\t<div class=\"elementor-element elementor-element-9a6c7a0 elementor-widget elementor-widget-video\" data-id=\"9a6c7a0\" data-element_type=\"widget\" data-e-type=\"widget\" data-settings=\"{&quot;youtube_url&quot;:&quot;https:\\\/\\\/www.youtube.com\\\/watch?v=bAmIvJAubU8&quot;,&quot;video_type&quot;:&quot;youtube&quot;,&quot;controls&quot;:&quot;yes&quot;}\" data-widget_type=\"video.default\">\n\t\t\t\t<div class=\"elementor-widget-container\">\n\t\t\t\t\t\t\t<div class=\"elementor-wrapper elementor-open-inline\">\n\t\t\t<div class=\"elementor-video\"><\/div>\t\t<\/div>\n\t\t\t\t\t\t<\/div>\n\t\t\t\t<\/div>\n\t\t\t\t\t<\/div>\n\t\t<\/div>\n\t\t\t\t\t<\/div>\n\t\t<\/section>\n\t\t\t\t<section class=\"elementor-section elementor-top-section elementor-element elementor-element-dc9df1b elementor-section-boxed elementor-section-height-default elementor-section-height-default\" data-id=\"dc9df1b\" data-element_type=\"section\" data-e-type=\"section\">\n\t\t\t\t\t\t<div class=\"elementor-container elementor-column-gap-default\">\n\t\t\t\t\t<div class=\"elementor-column elementor-col-50 elementor-top-column elementor-element elementor-element-d6c4363\" data-id=\"d6c4363\" data-element_type=\"column\" data-e-type=\"column\">\n\t\t\t<div class=\"elementor-widget-wrap elementor-element-populated\">\n\t\t\t\t\t\t<div class=\"elementor-element elementor-element-79806ce elementor-widget elementor-widget-heading\" data-id=\"79806ce\" data-element_type=\"widget\" data-e-type=\"widget\" data-widget_type=\"heading.default\">\n\t\t\t\t<div class=\"elementor-widget-container\">\n\t\t\t\t\t<h4 class=\"elementor-heading-title elementor-size-default\">Livestream Puttgarden<\/h4>\t\t\t\t<\/div>\n\t\t\t\t<\/div>\n\t\t\t\t<div class=\"elementor-element elementor-element-87ba295 elementor-widget elementor-widget-video\" data-id=\"87ba295\" data-element_type=\"widget\" data-e-type=\"widget\" data-settings=\"{&quot;youtube_url&quot;:&quot;https:\\\/\\\/www.youtube.com\\\/watch?v=qfPRBmAxkwY&quot;,&quot;video_type&quot;:&quot;youtube&quot;,&quot;controls&quot;:&quot;yes&quot;}\" data-widget_type=\"video.default\">\n\t\t\t\t<div class=\"elementor-widget-container\">\n\t\t\t\t\t\t\t<div class=\"elementor-wrapper elementor-open-inline\">\n\t\t\t<div class=\"elementor-video\"><\/div>\t\t<\/div>\n\t\t\t\t\t\t<\/div>\n\t\t\t\t<\/div>\n\t\t\t\t\t<\/div>\n\t\t<\/div>\n\t\t\t\t<div class=\"elementor-column elementor-col-50 elementor-top-column elementor-element elementor-element-b4862cc\" data-id=\"b4862cc\" data-element_type=\"column\" data-e-type=\"column\">\n\t\t\t<div class=\"elementor-widget-wrap\">\n\t\t\t\t\t\t\t<\/div>\n\t\t<\/div>\n\t\t\t\t\t<\/div>\n\t\t<\/section>\n\t\t\t\t<\/div>\n\t\t","protected":false},"excerpt":{"rendered":"<p>F\u00e4hre Preise und Tickets Webcams Es gibt einige Webcams in der Umgebung von Puttgarden und R\u00f8dbyhavn verf\u00fcgbar. Livestream 3 R\u00f8dbyhavn \u00dcbersicht \u00fcber die Baustelle und die Fabrik f\u00fcr Tunnelbauelemente. https:\/\/www.youtube.com\/watch?v=B1olJ3MhUhA Livestream 4 R\u00f8dbyhavn \u00dcbersicht \u00fcber die Baustelle und die Fabrik f\u00fcr Tunnelbauelemente. https:\/\/www.youtube.com\/watch?v=bAmIvJAubU8 Livestream Puttgarden<\/p>\n","protected":false},"author":1,"featured_media":0,"parent":0,"menu_order":0,"comment_status":"closed","ping_status":"closed","template":"elementor_header_footer","meta":{"footnotes":""},"class_list":["post-557","page","type-page","status-publish","hentry"],"yoast_head":"<!-- This site is optimized with the Yoast SEO plugin v27.2 - https:\/\/yoast.com\/product\/yoast-seo-wordpress\/ -->\n<title>Puttgarden-R\u00f8dby webcams<\/title>\n<meta name=\"robots\" content=\"index, follow, max-snippet:-1, max-image-preview:large, max-video-preview:-1\" \/>\n<link rel=\"canonical\" href=\"https:\/\/puttgardenrodby.com\/de\/webcams\/\" \/>\n<meta property=\"og:locale\" content=\"de_DE\" \/>\n<meta property=\"og:type\" content=\"article\" \/>\n<meta property=\"og:title\" content=\"Puttgarden-R\u00f8dby webcams\" \/>\n<meta property=\"og:description\" content=\"F\u00e4hre Preise und Tickets Webcams Es gibt einige Webcams in der Umgebung von Puttgarden und R\u00f8dbyhavn verf\u00fcgbar. Livestream 3 R\u00f8dbyhavn \u00dcbersicht \u00fcber die Baustelle und die Fabrik f\u00fcr Tunnelbauelemente. https:\/\/www.youtube.com\/watch?v=B1olJ3MhUhA Livestream 4 R\u00f8dbyhavn \u00dcbersicht \u00fcber die Baustelle und die Fabrik f\u00fcr Tunnelbauelemente. https:\/\/www.youtube.com\/watch?v=bAmIvJAubU8 Livestream Puttgarden\" \/>\n<meta property=\"og:url\" content=\"https:\/\/puttgardenrodby.com\/de\/webcams\/\" \/>\n<meta property=\"og:site_name\" content=\"Puttgarden Rodby Deutsch\" \/>\n<meta property=\"article:modified_time\" content=\"2024-03-14T08:42:38+00:00\" \/>\n<meta name=\"twitter:card\" content=\"summary_large_image\" \/>\n<meta name=\"twitter:label1\" content=\"Gesch\u00e4tzte Lesezeit\" \/>\n\t<meta name=\"twitter:data1\" content=\"1\u00a0Minute\" \/>\n<script type=\"application\/ld+json\" class=\"yoast-schema-graph\">{\"@context\":\"https:\/\/schema.org\",\"@graph\":[{\"@type\":\"WebPage\",\"@id\":\"https:\/\/puttgardenrodby.com\/de\/webcams\/\",\"url\":\"https:\/\/puttgardenrodby.com\/de\/webcams\/\",\"name\":\"Puttgarden-R\u00f8dby webcams\",\"isPartOf\":{\"@id\":\"https:\/\/puttgardenrodby.com\/de\/#website\"},\"datePublished\":\"2023-05-10T09:50:34+00:00\",\"dateModified\":\"2024-03-14T08:42:38+00:00\",\"breadcrumb\":{\"@id\":\"https:\/\/puttgardenrodby.com\/de\/webcams\/#breadcrumb\"},\"inLanguage\":\"de\",\"potentialAction\":[{\"@type\":\"ReadAction\",\"target\":[\"https:\/\/puttgardenrodby.com\/de\/webcams\/\"]}]},{\"@type\":\"BreadcrumbList\",\"@id\":\"https:\/\/puttgardenrodby.com\/de\/webcams\/#breadcrumb\",\"itemListElement\":[{\"@type\":\"ListItem\",\"position\":1,\"name\":\"Home\",\"item\":\"https:\/\/puttgardenrodby.com\/de\/\"},{\"@type\":\"ListItem\",\"position\":2,\"name\":\"Webcams\"}]},{\"@type\":\"WebSite\",\"@id\":\"https:\/\/puttgardenrodby.com\/de\/#website\",\"url\":\"https:\/\/puttgardenrodby.com\/de\/\",\"name\":\"Puttgarden Rodby Deutsch\",\"description\":\"\",\"publisher\":{\"@id\":\"https:\/\/puttgardenrodby.com\/de\/#organization\"},\"potentialAction\":[{\"@type\":\"SearchAction\",\"target\":{\"@type\":\"EntryPoint\",\"urlTemplate\":\"https:\/\/puttgardenrodby.com\/de\/?s={search_term_string}\"},\"query-input\":{\"@type\":\"PropertyValueSpecification\",\"valueRequired\":true,\"valueName\":\"search_term_string\"}}],\"inLanguage\":\"de\"},{\"@type\":\"Organization\",\"@id\":\"https:\/\/puttgardenrodby.com\/de\/#organization\",\"name\":\"Puttgarden Rodby Deutsch\",\"url\":\"https:\/\/puttgardenrodby.com\/de\/\",\"logo\":{\"@type\":\"ImageObject\",\"inLanguage\":\"de\",\"@id\":\"https:\/\/puttgardenrodby.com\/de\/#\/schema\/logo\/image\/\",\"url\":\"https:\/\/puttgardenrodby.com\/de\/wp-content\/uploads\/sites\/4\/2023\/05\/Puttgarden-Rodby-logo.png\",\"contentUrl\":\"https:\/\/puttgardenrodby.com\/de\/wp-content\/uploads\/sites\/4\/2023\/05\/Puttgarden-Rodby-logo.png\",\"width\":1043,\"height\":347,\"caption\":\"Puttgarden Rodby Deutsch\"},\"image\":{\"@id\":\"https:\/\/puttgardenrodby.com\/de\/#\/schema\/logo\/image\/\"}}]}<\/script>\n<!-- \/ Yoast SEO plugin. -->","yoast_head_json":{"title":"Puttgarden-R\u00f8dby webcams","robots":{"index":"index","follow":"follow","max-snippet":"max-snippet:-1","max-image-preview":"max-image-preview:large","max-video-preview":"max-video-preview:-1"},"canonical":"https:\/\/puttgardenrodby.com\/de\/webcams\/","og_locale":"de_DE","og_type":"article","og_title":"Puttgarden-R\u00f8dby webcams","og_description":"F\u00e4hre Preise und Tickets Webcams Es gibt einige Webcams in der Umgebung von Puttgarden und R\u00f8dbyhavn verf\u00fcgbar. Livestream 3 R\u00f8dbyhavn \u00dcbersicht \u00fcber die Baustelle und die Fabrik f\u00fcr Tunnelbauelemente. https:\/\/www.youtube.com\/watch?v=B1olJ3MhUhA Livestream 4 R\u00f8dbyhavn \u00dcbersicht \u00fcber die Baustelle und die Fabrik f\u00fcr Tunnelbauelemente. https:\/\/www.youtube.com\/watch?v=bAmIvJAubU8 Livestream Puttgarden","og_url":"https:\/\/puttgardenrodby.com\/de\/webcams\/","og_site_name":"Puttgarden Rodby Deutsch","article_modified_time":"2024-03-14T08:42:38+00:00","twitter_card":"summary_large_image","twitter_misc":{"Gesch\u00e4tzte Lesezeit":"1\u00a0Minute"},"schema":{"@context":"https:\/\/schema.org","@graph":[{"@type":"WebPage","@id":"https:\/\/puttgardenrodby.com\/de\/webcams\/","url":"https:\/\/puttgardenrodby.com\/de\/webcams\/","name":"Puttgarden-R\u00f8dby webcams","isPartOf":{"@id":"https:\/\/puttgardenrodby.com\/de\/#website"},"datePublished":"2023-05-10T09:50:34+00:00","dateModified":"2024-03-14T08:42:38+00:00","breadcrumb":{"@id":"https:\/\/puttgardenrodby.com\/de\/webcams\/#breadcrumb"},"inLanguage":"de","potentialAction":[{"@type":"ReadAction","target":["https:\/\/puttgardenrodby.com\/de\/webcams\/"]}]},{"@type":"BreadcrumbList","@id":"https:\/\/puttgardenrodby.com\/de\/webcams\/#breadcrumb","itemListElement":[{"@type":"ListItem","position":1,"name":"Home","item":"https:\/\/puttgardenrodby.com\/de\/"},{"@type":"ListItem","position":2,"name":"Webcams"}]},{"@type":"WebSite","@id":"https:\/\/puttgardenrodby.com\/de\/#website","url":"https:\/\/puttgardenrodby.com\/de\/","name":"Puttgarden Rodby Deutsch","description":"","publisher":{"@id":"https:\/\/puttgardenrodby.com\/de\/#organization"},"potentialAction":[{"@type":"SearchAction","target":{"@type":"EntryPoint","urlTemplate":"https:\/\/puttgardenrodby.com\/de\/?s={search_term_string}"},"query-input":{"@type":"PropertyValueSpecification","valueRequired":true,"valueName":"search_term_string"}}],"inLanguage":"de"},{"@type":"Organization","@id":"https:\/\/puttgardenrodby.com\/de\/#organization","name":"Puttgarden Rodby Deutsch","url":"https:\/\/puttgardenrodby.com\/de\/","logo":{"@type":"ImageObject","inLanguage":"de","@id":"https:\/\/puttgardenrodby.com\/de\/#\/schema\/logo\/image\/","url":"https:\/\/puttgardenrodby.com\/de\/wp-content\/uploads\/sites\/4\/2023\/05\/Puttgarden-Rodby-logo.png","contentUrl":"https:\/\/puttgardenrodby.com\/de\/wp-content\/uploads\/sites\/4\/2023\/05\/Puttgarden-Rodby-logo.png","width":1043,"height":347,"caption":"Puttgarden Rodby Deutsch"},"image":{"@id":"https:\/\/puttgardenrodby.com\/de\/#\/schema\/logo\/image\/"}}]}},"_links":{"self":[{"href":"https:\/\/puttgardenrodby.com\/de\/wp-json\/wp\/v2\/pages\/557","targetHints":{"allow":["GET"]}}],"collection":[{"href":"https:\/\/puttgardenrodby.com\/de\/wp-json\/wp\/v2\/pages"}],"about":[{"href":"https:\/\/puttgardenrodby.com\/de\/wp-json\/wp\/v2\/types\/page"}],"author":[{"embeddable":true,"href":"https:\/\/puttgardenrodby.com\/de\/wp-json\/wp\/v2\/users\/1"}],"replies":[{"embeddable":true,"href":"https:\/\/puttgardenrodby.com\/de\/wp-json\/wp\/v2\/comments?post=557"}],"version-history":[{"count":22,"href":"https:\/\/puttgardenrodby.com\/de\/wp-json\/wp\/v2\/pages\/557\/revisions"}],"predecessor-version":[{"id":1450,"href":"https:\/\/puttgardenrodby.com\/de\/wp-json\/wp\/v2\/pages\/557\/revisions\/1450"}],"wp:attachment":[{"href":"https:\/\/puttgardenrodby.com\/de\/wp-json\/wp\/v2\/media?parent=557"}],"curies":[{"name":"wp","href":"https:\/\/api.w.org\/{rel}","templated":true}]}}