{"id":537,"date":"2023-05-10T09:25:55","date_gmt":"2023-05-10T09:25:55","guid":{"rendered":"https:\/\/puttgardenrodby.nl\/?page_id=537"},"modified":"2024-03-14T08:41:27","modified_gmt":"2024-03-14T08:41:27","slug":"wetter","status":"publish","type":"page","link":"https:\/\/puttgardenrodby.com\/de\/wetter\/","title":{"rendered":"Wetter"},"content":{"rendered":"\t\t<div data-elementor-type=\"wp-post\" data-elementor-id=\"537\" class=\"elementor elementor-537\" data-elementor-post-type=\"page\">\n\t\t\t\t\t\t<section class=\"elementor-section elementor-top-section elementor-element elementor-element-669f9c61 elementor-section-boxed elementor-section-height-default elementor-section-height-default\" data-id=\"669f9c61\" data-element_type=\"section\" data-e-type=\"section\" data-settings=\"{&quot;background_background&quot;:&quot;gradient&quot;,&quot;sticky&quot;:&quot;top&quot;,&quot;sticky_on&quot;:[&quot;desktop&quot;,&quot;tablet&quot;,&quot;mobile&quot;],&quot;sticky_offset&quot;:0,&quot;sticky_effects_offset&quot;:0,&quot;sticky_anchor_link_offset&quot;:0}\">\n\t\t\t\t\t\t<div class=\"elementor-container elementor-column-gap-default\">\n\t\t\t\t\t<div class=\"elementor-column elementor-col-50 elementor-top-column elementor-element elementor-element-9fa033b\" data-id=\"9fa033b\" data-element_type=\"column\" data-e-type=\"column\">\n\t\t\t<div class=\"elementor-widget-wrap elementor-element-populated\">\n\t\t\t\t\t\t<div class=\"elementor-element elementor-element-3b9f29b2 elementor-widget elementor-widget-breadcrumbs\" data-id=\"3b9f29b2\" data-element_type=\"widget\" data-e-type=\"widget\" data-widget_type=\"breadcrumbs.default\">\n\t\t\t\t<div class=\"elementor-widget-container\">\n\t\t\t\t\t<p id=\"breadcrumbs\"><span><span><a href=\"https:\/\/puttgardenrodby.com\/de\/\">Home<\/a><\/span><\/span><\/p>\t\t\t\t<\/div>\n\t\t\t\t<\/div>\n\t\t\t\t\t<\/div>\n\t\t<\/div>\n\t\t\t\t<div class=\"elementor-column elementor-col-50 elementor-top-column elementor-element elementor-element-4c5578e0\" data-id=\"4c5578e0\" data-element_type=\"column\" data-e-type=\"column\">\n\t\t\t<div class=\"elementor-widget-wrap elementor-element-populated\">\n\t\t\t\t\t\t<div class=\"elementor-element elementor-element-14ac3a58 elementor-align-right elementor-mobile-align-center elementor-widget elementor-widget-button\" data-id=\"14ac3a58\" data-element_type=\"widget\" data-e-type=\"widget\" data-settings=\"{&quot;sticky&quot;:&quot;top&quot;,&quot;sticky_on&quot;:[&quot;mobile&quot;],&quot;sticky_offset&quot;:8,&quot;sticky_effects_offset_mobile&quot;:0,&quot;_animation_mobile&quot;:&quot;fadeIn&quot;,&quot;sticky_effects_offset&quot;:0,&quot;sticky_anchor_link_offset&quot;:0}\" data-widget_type=\"button.default\">\n\t\t\t\t<div class=\"elementor-widget-container\">\n\t\t\t\t\t\t\t\t\t<div class=\"elementor-button-wrapper\">\n\t\t\t\t\t<a class=\"elementor-button elementor-button-link elementor-size-md elementor-animation-shrink\" href=\"https:\/\/puttgardenrodby.com\/de\/go\/button-header-page\" target=\"_blank\">\n\t\t\t\t\t\t<span class=\"elementor-button-content-wrapper\">\n\t\t\t\t\t\t<span class=\"elementor-button-icon\">\n\t\t\t\t<i aria-hidden=\"true\" class=\"far fa-arrow-alt-circle-right\"><\/i>\t\t\t<\/span>\n\t\t\t\t\t\t\t\t\t<span class=\"elementor-button-text\">F\u00e4hre Preise und Tickets<\/span>\n\t\t\t\t\t<\/span>\n\t\t\t\t\t<\/a>\n\t\t\t\t<\/div>\n\t\t\t\t\t\t\t\t<\/div>\n\t\t\t\t<\/div>\n\t\t\t\t\t<\/div>\n\t\t<\/div>\n\t\t\t\t\t<\/div>\n\t\t<\/section>\n\t\t\t\t<section class=\"elementor-section elementor-top-section elementor-element elementor-element-348d881 elementor-section-boxed elementor-section-height-default elementor-section-height-default\" data-id=\"348d881\" data-element_type=\"section\" data-e-type=\"section\">\n\t\t\t\t\t\t\t<div class=\"elementor-background-overlay\"><\/div>\n\t\t\t\t\t\t\t<div class=\"elementor-container elementor-column-gap-default\">\n\t\t\t\t\t<div class=\"elementor-column elementor-col-100 elementor-top-column elementor-element elementor-element-2e117c7\" data-id=\"2e117c7\" data-element_type=\"column\" data-e-type=\"column\">\n\t\t\t<div class=\"elementor-widget-wrap elementor-element-populated\">\n\t\t\t\t\t\t<div class=\"elementor-element elementor-element-18585c6 elementor-widget elementor-widget-heading\" data-id=\"18585c6\" data-element_type=\"widget\" data-e-type=\"widget\" data-widget_type=\"heading.default\">\n\t\t\t\t<div class=\"elementor-widget-container\">\n\t\t\t\t\t<h1 class=\"elementor-heading-title elementor-size-default\">Wetter Puttgarden-R\u00f8dby<\/h1>\t\t\t\t<\/div>\n\t\t\t\t<\/div>\n\t\t\t\t<div class=\"elementor-element elementor-element-02210a7 elementor-widget elementor-widget-text-editor\" data-id=\"02210a7\" data-element_type=\"widget\" data-e-type=\"widget\" data-widget_type=\"text-editor.default\">\n\t\t\t\t<div class=\"elementor-widget-container\">\n\t\t\t\t\t\t\t\t\t<p>Um einen guten Eindruck von den Wetterbedingungen w\u00e4hrend der Puttgarden-R\u00f8dby \u00dcberfahrt zu erhalten, k\u00f6nnen Sie die folgenden Karten zurate ziehen. Diese zeigen die Windrichtung, Windgeschwindigkeit, Wellenh\u00f6he, Wellenrichtung und Niederschlag.<\/p>\t\t\t\t\t\t\t\t<\/div>\n\t\t\t\t<\/div>\n\t\t\t\t<div class=\"elementor-element elementor-element-30fec9a elementor-widget elementor-widget-heading\" data-id=\"30fec9a\" data-element_type=\"widget\" data-e-type=\"widget\" data-widget_type=\"heading.default\">\n\t\t\t\t<div class=\"elementor-widget-container\">\n\t\t\t\t\t<h2 class=\"elementor-heading-title elementor-size-default\">Die Wettervorhersage und die Windrichtung und -geschwindigkeit.<\/h2>\t\t\t\t<\/div>\n\t\t\t\t<\/div>\n\t\t\t\t<div class=\"elementor-element elementor-element-358f00f elementor-widget elementor-widget-html\" data-id=\"358f00f\" data-element_type=\"widget\" data-e-type=\"widget\" data-widget_type=\"html.default\">\n\t\t\t\t<div class=\"elementor-widget-container\">\n\t\t\t\t\t<iframe width=\"650\" height=\"450\" src=\"https:\/\/embed.windy.com\/embed2.html?lat=54.505&lon=11.302&detailLat=54.577&detailLon=11.302&width=650&height=450&zoom=10&level=surface&overlay=wind&product=ecmwf&menu=&message=&marker=&calendar=now&pressure=&type=map&location=coordinates&detail=true&metricWind=default&metricTemp=default&radarRange=-1\" frameborder=\"0\"><\/iframe>\t\t\t\t<\/div>\n\t\t\t\t<\/div>\n\t\t\t\t<div class=\"elementor-element elementor-element-f4c28b5 elementor-widget elementor-widget-heading\" data-id=\"f4c28b5\" data-element_type=\"widget\" data-e-type=\"widget\" data-widget_type=\"heading.default\">\n\t\t\t\t<div class=\"elementor-widget-container\">\n\t\t\t\t\t<h2 class=\"elementor-heading-title elementor-size-default\">Niederschlag.<\/h2>\t\t\t\t<\/div>\n\t\t\t\t<\/div>\n\t\t\t\t<div class=\"elementor-element elementor-element-81e0946 elementor-widget elementor-widget-text-editor\" data-id=\"81e0946\" data-element_type=\"widget\" data-e-type=\"widget\" data-widget_type=\"text-editor.default\">\n\t\t\t\t<div class=\"elementor-widget-container\">\n\t\t\t\t\t\t\t\t\t<p>Eventueller Niederschlag wird durch farbige Wolken dargestellt. Zus\u00e4tzlich ist die Windrichtung angegeben, damit Sie eine Einsch\u00e4tzung dar\u00fcber treffen k\u00f6nnen, was auf Sie zukommt.<\/p>\t\t\t\t\t\t\t\t<\/div>\n\t\t\t\t<\/div>\n\t\t\t\t<div class=\"elementor-element elementor-element-aa79767 elementor-widget elementor-widget-html\" data-id=\"aa79767\" data-element_type=\"widget\" data-e-type=\"widget\" data-widget_type=\"html.default\">\n\t\t\t\t<div class=\"elementor-widget-container\">\n\t\t\t\t\t<iframe width=\"650\" height=\"400\" src=\"https:\/\/embed.windy.com\/embed2.html?lat=54.548&lon=11.301&detailLat=54.583&detailLon=11.301&width=650&height=450&zoom=11&level=surface&overlay=rain&product=ecmwf&menu=&message=true&marker=&calendar=now&pressure=&type=map&location=coordinates&detail=&metricWind=default&metricTemp=default&radarRange=-1\" frameborder=\"0\"><\/iframe>\t\t\t\t<\/div>\n\t\t\t\t<\/div>\n\t\t\t\t<div class=\"elementor-element elementor-element-5f49832 elementor-widget elementor-widget-heading\" data-id=\"5f49832\" data-element_type=\"widget\" data-e-type=\"widget\" data-widget_type=\"heading.default\">\n\t\t\t\t<div class=\"elementor-widget-container\">\n\t\t\t\t\t<h2 class=\"elementor-heading-title elementor-size-default\">Wellen.<\/h2>\t\t\t\t<\/div>\n\t\t\t\t<\/div>\n\t\t\t\t<div class=\"elementor-element elementor-element-3a7ce6f elementor-widget elementor-widget-text-editor\" data-id=\"3a7ce6f\" data-element_type=\"widget\" data-e-type=\"widget\" data-widget_type=\"text-editor.default\">\n\t\t\t\t<div class=\"elementor-widget-container\">\n\t\t\t\t\t\t\t\t\t<p>Wird es eine ruhige \u00dcberfahrt sein oder nicht? Die H\u00f6he der Wellen ist ein wichtiger Indikator f\u00fcr den Komfort der \u00dcberfahrt. Wenn die Karte statt gr\u00fcn rot eingef\u00e4rbt ist, kannst du mit einem ziemlich st\u00fcrmischen Meer rechnen.<\/p>\t\t\t\t\t\t\t\t<\/div>\n\t\t\t\t<\/div>\n\t\t\t\t<div class=\"elementor-element elementor-element-4a7687f elementor-widget elementor-widget-html\" data-id=\"4a7687f\" data-element_type=\"widget\" data-e-type=\"widget\" data-widget_type=\"html.default\">\n\t\t\t\t<div class=\"elementor-widget-container\">\n\t\t\t\t\t<iframe width=\"650\" height=\"400\" src=\"https:\/\/embed.windy.com\/embed2.html?lat=54.572&lon=11.258&detailLat=54.572&detailLon=11.258&width=650&height=450&zoom=10&level=surface&overlay=waves&product=ecmwfWaves&menu=&message=true&marker=&calendar=now&pressure=&type=map&location=coordinates&detail=&metricWind=default&metricTemp=default&radarRange=-1\" frameborder=\"0\"><\/iframe>\t\t\t\t<\/div>\n\t\t\t\t<\/div>\n\t\t\t\t\t<\/div>\n\t\t<\/div>\n\t\t\t\t\t<\/div>\n\t\t<\/section>\n\t\t\t\t<\/div>\n\t\t","protected":false},"excerpt":{"rendered":"<p>F\u00e4hre Preise und Tickets Wetter Puttgarden-R\u00f8dby Um einen guten Eindruck von den Wetterbedingungen w\u00e4hrend der Puttgarden-R\u00f8dby \u00dcberfahrt zu erhalten, k\u00f6nnen Sie die folgenden Karten zurate ziehen. Diese zeigen die Windrichtung, Windgeschwindigkeit, Wellenh\u00f6he, Wellenrichtung und Niederschlag. Die Wettervorhersage und die Windrichtung und -geschwindigkeit. Niederschlag. Eventueller Niederschlag wird durch farbige Wolken dargestellt. Zus\u00e4tzlich ist die Windrichtung angegeben, [&hellip;]<\/p>\n","protected":false},"author":1,"featured_media":0,"parent":0,"menu_order":0,"comment_status":"closed","ping_status":"closed","template":"elementor_header_footer","meta":{"footnotes":""},"class_list":["post-537","page","type-page","status-publish","hentry"],"yoast_head":"<!-- This site is optimized with the Yoast SEO plugin v27.2 - https:\/\/yoast.com\/product\/yoast-seo-wordpress\/ -->\n<title>Wetter Puttgarden-R\u00f8dby f\u00e4hre<\/title>\n<meta name=\"description\" content=\"Schauen Sie sich die aktuellen Informationen zum Wetter und den Wellen der Puttgarden-R\u00f8dby F\u00e4hre an.\" \/>\n<meta name=\"robots\" content=\"index, follow, max-snippet:-1, max-image-preview:large, max-video-preview:-1\" \/>\n<link rel=\"canonical\" href=\"https:\/\/puttgardenrodby.com\/de\/wetter\/\" \/>\n<meta property=\"og:locale\" content=\"de_DE\" \/>\n<meta property=\"og:type\" content=\"article\" \/>\n<meta property=\"og:title\" content=\"Wetter Puttgarden-R\u00f8dby f\u00e4hre\" \/>\n<meta property=\"og:description\" content=\"Schauen Sie sich die aktuellen Informationen zum Wetter und den Wellen der Puttgarden-R\u00f8dby F\u00e4hre an.\" \/>\n<meta property=\"og:url\" content=\"https:\/\/puttgardenrodby.com\/de\/wetter\/\" \/>\n<meta property=\"og:site_name\" content=\"Puttgarden Rodby Deutsch\" \/>\n<meta property=\"article:modified_time\" content=\"2024-03-14T08:41:27+00:00\" \/>\n<meta name=\"twitter:card\" content=\"summary_large_image\" \/>\n<meta name=\"twitter:label1\" content=\"Gesch\u00e4tzte Lesezeit\" \/>\n\t<meta name=\"twitter:data1\" content=\"1\u00a0Minute\" \/>\n<script type=\"application\/ld+json\" class=\"yoast-schema-graph\">{\"@context\":\"https:\/\/schema.org\",\"@graph\":[{\"@type\":\"WebPage\",\"@id\":\"https:\/\/puttgardenrodby.com\/de\/wetter\/\",\"url\":\"https:\/\/puttgardenrodby.com\/de\/wetter\/\",\"name\":\"Wetter Puttgarden-R\u00f8dby f\u00e4hre\",\"isPartOf\":{\"@id\":\"https:\/\/puttgardenrodby.com\/de\/#website\"},\"datePublished\":\"2023-05-10T09:25:55+00:00\",\"dateModified\":\"2024-03-14T08:41:27+00:00\",\"description\":\"Schauen Sie sich die aktuellen Informationen zum Wetter und den Wellen der Puttgarden-R\u00f8dby F\u00e4hre an.\",\"breadcrumb\":{\"@id\":\"https:\/\/puttgardenrodby.com\/de\/wetter\/#breadcrumb\"},\"inLanguage\":\"de\",\"potentialAction\":[{\"@type\":\"ReadAction\",\"target\":[\"https:\/\/puttgardenrodby.com\/de\/wetter\/\"]}]},{\"@type\":\"BreadcrumbList\",\"@id\":\"https:\/\/puttgardenrodby.com\/de\/wetter\/#breadcrumb\",\"itemListElement\":[{\"@type\":\"ListItem\",\"position\":1,\"name\":\"Home\",\"item\":\"https:\/\/puttgardenrodby.com\/de\/\"},{\"@type\":\"ListItem\",\"position\":2,\"name\":\"Wetter\"}]},{\"@type\":\"WebSite\",\"@id\":\"https:\/\/puttgardenrodby.com\/de\/#website\",\"url\":\"https:\/\/puttgardenrodby.com\/de\/\",\"name\":\"Puttgarden Rodby Deutsch\",\"description\":\"\",\"publisher\":{\"@id\":\"https:\/\/puttgardenrodby.com\/de\/#organization\"},\"potentialAction\":[{\"@type\":\"SearchAction\",\"target\":{\"@type\":\"EntryPoint\",\"urlTemplate\":\"https:\/\/puttgardenrodby.com\/de\/?s={search_term_string}\"},\"query-input\":{\"@type\":\"PropertyValueSpecification\",\"valueRequired\":true,\"valueName\":\"search_term_string\"}}],\"inLanguage\":\"de\"},{\"@type\":\"Organization\",\"@id\":\"https:\/\/puttgardenrodby.com\/de\/#organization\",\"name\":\"Puttgarden Rodby Deutsch\",\"url\":\"https:\/\/puttgardenrodby.com\/de\/\",\"logo\":{\"@type\":\"ImageObject\",\"inLanguage\":\"de\",\"@id\":\"https:\/\/puttgardenrodby.com\/de\/#\/schema\/logo\/image\/\",\"url\":\"https:\/\/puttgardenrodby.com\/de\/wp-content\/uploads\/sites\/4\/2023\/05\/Puttgarden-Rodby-logo.png\",\"contentUrl\":\"https:\/\/puttgardenrodby.com\/de\/wp-content\/uploads\/sites\/4\/2023\/05\/Puttgarden-Rodby-logo.png\",\"width\":1043,\"height\":347,\"caption\":\"Puttgarden Rodby Deutsch\"},\"image\":{\"@id\":\"https:\/\/puttgardenrodby.com\/de\/#\/schema\/logo\/image\/\"}}]}<\/script>\n<!-- \/ Yoast SEO plugin. -->","yoast_head_json":{"title":"Wetter Puttgarden-R\u00f8dby f\u00e4hre","description":"Schauen Sie sich die aktuellen Informationen zum Wetter und den Wellen der Puttgarden-R\u00f8dby F\u00e4hre an.","robots":{"index":"index","follow":"follow","max-snippet":"max-snippet:-1","max-image-preview":"max-image-preview:large","max-video-preview":"max-video-preview:-1"},"canonical":"https:\/\/puttgardenrodby.com\/de\/wetter\/","og_locale":"de_DE","og_type":"article","og_title":"Wetter Puttgarden-R\u00f8dby f\u00e4hre","og_description":"Schauen Sie sich die aktuellen Informationen zum Wetter und den Wellen der Puttgarden-R\u00f8dby F\u00e4hre an.","og_url":"https:\/\/puttgardenrodby.com\/de\/wetter\/","og_site_name":"Puttgarden Rodby Deutsch","article_modified_time":"2024-03-14T08:41:27+00:00","twitter_card":"summary_large_image","twitter_misc":{"Gesch\u00e4tzte Lesezeit":"1\u00a0Minute"},"schema":{"@context":"https:\/\/schema.org","@graph":[{"@type":"WebPage","@id":"https:\/\/puttgardenrodby.com\/de\/wetter\/","url":"https:\/\/puttgardenrodby.com\/de\/wetter\/","name":"Wetter Puttgarden-R\u00f8dby f\u00e4hre","isPartOf":{"@id":"https:\/\/puttgardenrodby.com\/de\/#website"},"datePublished":"2023-05-10T09:25:55+00:00","dateModified":"2024-03-14T08:41:27+00:00","description":"Schauen Sie sich die aktuellen Informationen zum Wetter und den Wellen der Puttgarden-R\u00f8dby F\u00e4hre an.","breadcrumb":{"@id":"https:\/\/puttgardenrodby.com\/de\/wetter\/#breadcrumb"},"inLanguage":"de","potentialAction":[{"@type":"ReadAction","target":["https:\/\/puttgardenrodby.com\/de\/wetter\/"]}]},{"@type":"BreadcrumbList","@id":"https:\/\/puttgardenrodby.com\/de\/wetter\/#breadcrumb","itemListElement":[{"@type":"ListItem","position":1,"name":"Home","item":"https:\/\/puttgardenrodby.com\/de\/"},{"@type":"ListItem","position":2,"name":"Wetter"}]},{"@type":"WebSite","@id":"https:\/\/puttgardenrodby.com\/de\/#website","url":"https:\/\/puttgardenrodby.com\/de\/","name":"Puttgarden Rodby Deutsch","description":"","publisher":{"@id":"https:\/\/puttgardenrodby.com\/de\/#organization"},"potentialAction":[{"@type":"SearchAction","target":{"@type":"EntryPoint","urlTemplate":"https:\/\/puttgardenrodby.com\/de\/?s={search_term_string}"},"query-input":{"@type":"PropertyValueSpecification","valueRequired":true,"valueName":"search_term_string"}}],"inLanguage":"de"},{"@type":"Organization","@id":"https:\/\/puttgardenrodby.com\/de\/#organization","name":"Puttgarden Rodby Deutsch","url":"https:\/\/puttgardenrodby.com\/de\/","logo":{"@type":"ImageObject","inLanguage":"de","@id":"https:\/\/puttgardenrodby.com\/de\/#\/schema\/logo\/image\/","url":"https:\/\/puttgardenrodby.com\/de\/wp-content\/uploads\/sites\/4\/2023\/05\/Puttgarden-Rodby-logo.png","contentUrl":"https:\/\/puttgardenrodby.com\/de\/wp-content\/uploads\/sites\/4\/2023\/05\/Puttgarden-Rodby-logo.png","width":1043,"height":347,"caption":"Puttgarden Rodby Deutsch"},"image":{"@id":"https:\/\/puttgardenrodby.com\/de\/#\/schema\/logo\/image\/"}}]}},"_links":{"self":[{"href":"https:\/\/puttgardenrodby.com\/de\/wp-json\/wp\/v2\/pages\/537","targetHints":{"allow":["GET"]}}],"collection":[{"href":"https:\/\/puttgardenrodby.com\/de\/wp-json\/wp\/v2\/pages"}],"about":[{"href":"https:\/\/puttgardenrodby.com\/de\/wp-json\/wp\/v2\/types\/page"}],"author":[{"embeddable":true,"href":"https:\/\/puttgardenrodby.com\/de\/wp-json\/wp\/v2\/users\/1"}],"replies":[{"embeddable":true,"href":"https:\/\/puttgardenrodby.com\/de\/wp-json\/wp\/v2\/comments?post=537"}],"version-history":[{"count":20,"href":"https:\/\/puttgardenrodby.com\/de\/wp-json\/wp\/v2\/pages\/537\/revisions"}],"predecessor-version":[{"id":1444,"href":"https:\/\/puttgardenrodby.com\/de\/wp-json\/wp\/v2\/pages\/537\/revisions\/1444"}],"wp:attachment":[{"href":"https:\/\/puttgardenrodby.com\/de\/wp-json\/wp\/v2\/media?parent=537"}],"curies":[{"name":"wp","href":"https:\/\/api.w.org\/{rel}","templated":true}]}}