{"id":524,"date":"2023-05-10T07:59:58","date_gmt":"2023-05-10T07:59:58","guid":{"rendered":"https:\/\/puttgardenrodby.nl\/?page_id=524"},"modified":"2024-03-14T08:45:49","modified_gmt":"2024-03-14T08:45:49","slug":"fehmarnbelt-tunnel","status":"publish","type":"page","link":"https:\/\/puttgardenrodby.com\/de\/fehmarnbelt-tunnel\/","title":{"rendered":"Fehmarnbelt-Tunnel"},"content":{"rendered":"\t\t<div data-elementor-type=\"wp-post\" data-elementor-id=\"524\" class=\"elementor elementor-524\" data-elementor-post-type=\"page\">\n\t\t\t\t\t\t<section class=\"elementor-section elementor-top-section elementor-element elementor-element-43dc96d1 elementor-section-boxed elementor-section-height-default elementor-section-height-default\" data-id=\"43dc96d1\" data-element_type=\"section\" data-e-type=\"section\" data-settings=\"{&quot;background_background&quot;:&quot;gradient&quot;,&quot;sticky&quot;:&quot;top&quot;,&quot;sticky_on&quot;:[&quot;desktop&quot;,&quot;tablet&quot;,&quot;mobile&quot;],&quot;sticky_offset&quot;:0,&quot;sticky_effects_offset&quot;:0,&quot;sticky_anchor_link_offset&quot;:0}\">\n\t\t\t\t\t\t<div class=\"elementor-container elementor-column-gap-default\">\n\t\t\t\t\t<div class=\"elementor-column elementor-col-50 elementor-top-column elementor-element elementor-element-17966626\" data-id=\"17966626\" data-element_type=\"column\" data-e-type=\"column\">\n\t\t\t<div class=\"elementor-widget-wrap elementor-element-populated\">\n\t\t\t\t\t\t<div class=\"elementor-element elementor-element-371bf57a elementor-widget elementor-widget-breadcrumbs\" data-id=\"371bf57a\" data-element_type=\"widget\" data-e-type=\"widget\" data-widget_type=\"breadcrumbs.default\">\n\t\t\t\t<div class=\"elementor-widget-container\">\n\t\t\t\t\t<p id=\"breadcrumbs\"><span><span><a href=\"https:\/\/puttgardenrodby.com\/de\/\">Home<\/a><\/span><\/span><\/p>\t\t\t\t<\/div>\n\t\t\t\t<\/div>\n\t\t\t\t\t<\/div>\n\t\t<\/div>\n\t\t\t\t<div class=\"elementor-column elementor-col-50 elementor-top-column elementor-element elementor-element-a6d194c\" data-id=\"a6d194c\" data-element_type=\"column\" data-e-type=\"column\">\n\t\t\t<div class=\"elementor-widget-wrap elementor-element-populated\">\n\t\t\t\t\t\t<div class=\"elementor-element elementor-element-23d31a98 elementor-align-right elementor-mobile-align-center elementor-widget elementor-widget-button\" data-id=\"23d31a98\" data-element_type=\"widget\" data-e-type=\"widget\" data-settings=\"{&quot;sticky&quot;:&quot;top&quot;,&quot;sticky_on&quot;:[&quot;mobile&quot;],&quot;sticky_offset&quot;:8,&quot;sticky_effects_offset_mobile&quot;:0,&quot;_animation_mobile&quot;:&quot;fadeIn&quot;,&quot;sticky_effects_offset&quot;:0,&quot;sticky_anchor_link_offset&quot;:0}\" data-widget_type=\"button.default\">\n\t\t\t\t<div class=\"elementor-widget-container\">\n\t\t\t\t\t\t\t\t\t<div class=\"elementor-button-wrapper\">\n\t\t\t\t\t<a class=\"elementor-button elementor-button-link elementor-size-md elementor-animation-shrink\" href=\"https:\/\/puttgardenrodby.com\/de\/go\/button-header-page\" target=\"_blank\">\n\t\t\t\t\t\t<span class=\"elementor-button-content-wrapper\">\n\t\t\t\t\t\t<span class=\"elementor-button-icon\">\n\t\t\t\t<i aria-hidden=\"true\" class=\"far fa-arrow-alt-circle-right\"><\/i>\t\t\t<\/span>\n\t\t\t\t\t\t\t\t\t<span class=\"elementor-button-text\">F\u00e4hre Preise und Tickets<\/span>\n\t\t\t\t\t<\/span>\n\t\t\t\t\t<\/a>\n\t\t\t\t<\/div>\n\t\t\t\t\t\t\t\t<\/div>\n\t\t\t\t<\/div>\n\t\t\t\t\t<\/div>\n\t\t<\/div>\n\t\t\t\t\t<\/div>\n\t\t<\/section>\n\t\t\t\t<section class=\"elementor-section elementor-top-section elementor-element elementor-element-348d881 elementor-section-boxed elementor-section-height-default elementor-section-height-default\" data-id=\"348d881\" data-element_type=\"section\" data-e-type=\"section\">\n\t\t\t\t\t\t\t<div class=\"elementor-background-overlay\"><\/div>\n\t\t\t\t\t\t\t<div class=\"elementor-container elementor-column-gap-default\">\n\t\t\t\t\t<div class=\"elementor-column elementor-col-50 elementor-top-column elementor-element elementor-element-2e117c7\" data-id=\"2e117c7\" data-element_type=\"column\" data-e-type=\"column\">\n\t\t\t<div class=\"elementor-widget-wrap elementor-element-populated\">\n\t\t\t\t\t\t<div class=\"elementor-element elementor-element-e20d4c6 elementor-widget elementor-widget-image\" data-id=\"e20d4c6\" data-element_type=\"widget\" data-e-type=\"widget\" data-widget_type=\"image.default\">\n\t\t\t\t<div class=\"elementor-widget-container\">\n\t\t\t\t\t\t\t\t\t\t\t\t\t\t\t<img fetchpriority=\"high\" decoding=\"async\" width=\"1000\" height=\"500\" src=\"https:\/\/puttgardenrodby.com\/de\/wp-content\/uploads\/sites\/4\/2023\/05\/tunnel-blueprints.jpg\" class=\"attachment-full size-full wp-image-526\" alt=\"tunnel blueprints\" srcset=\"https:\/\/puttgardenrodby.com\/de\/wp-content\/uploads\/sites\/4\/2023\/05\/tunnel-blueprints.jpg 1000w, https:\/\/puttgardenrodby.com\/de\/wp-content\/uploads\/sites\/4\/2023\/05\/tunnel-blueprints-300x150.jpg 300w, https:\/\/puttgardenrodby.com\/de\/wp-content\/uploads\/sites\/4\/2023\/05\/tunnel-blueprints-768x384.jpg 768w\" sizes=\"(max-width: 1000px) 100vw, 1000px\" \/>\t\t\t\t\t\t\t\t\t\t\t\t\t\t\t<\/div>\n\t\t\t\t<\/div>\n\t\t\t\t<div class=\"elementor-element elementor-element-18585c6 elementor-widget elementor-widget-heading\" data-id=\"18585c6\" data-element_type=\"widget\" data-e-type=\"widget\" data-widget_type=\"heading.default\">\n\t\t\t\t<div class=\"elementor-widget-container\">\n\t\t\t\t\t<h1 class=\"elementor-heading-title elementor-size-default\">Der Fehmarnbelt-Tunnel zwischen Deutschland und D\u00e4nemark<\/h1>\t\t\t\t<\/div>\n\t\t\t\t<\/div>\n\t\t\t\t<div class=\"elementor-element elementor-element-3d6085d elementor-widget elementor-widget-text-editor\" data-id=\"3d6085d\" data-element_type=\"widget\" data-e-type=\"widget\" data-widget_type=\"text-editor.default\">\n\t\t\t\t<div class=\"elementor-widget-container\">\n\t\t\t\t\t\t\t\t\t<p><strong>Der Fehmarnbelt-Tunnel, der derzeit zwischen Puttgarden in Deutschland und R\u00f8dby in D\u00e4nemark gebaut wird, ist eines der gr\u00f6\u00dften Infrastrukturprojekte in Europa und soll voraussichtlich 2029 abgeschlossen sein. Der Tunnel, der auch als Puttgarden Tunnel bezeichnet wird, wird eine wichtige Verbindung zwischen Skandinavien und Mitteleuropa darstellen und voraussichtlich erhebliche Auswirkungen auf Wirtschaft, Umwelt und Gesellschaft in der Region haben.<\/strong><\/p><p>Der Fehmarnbelt-Tunnel wird eine L\u00e4nge von etwa 18 Kilometern haben und aus einem einzigen Tunnelrohr bestehen, das sowohl Z\u00fcge als auch Autos und Lastwagen transportieren kann. Der Tunnel wird in einer Tiefe von etwa 40 Metern unter dem Meeresboden gebaut. Die Reisezeit mit dem Zug wird nur sieben Minuten betragen, und mit dem Auto wird die Reisezeit zehn Minuten betragen.<\/p><p>Der Fehmarnbelt-Tunnel wird voraussichtlich erhebliche wirtschaftliche Vorteile f\u00fcr die Region bringen. Er wird den Handel und den Tourismus zwischen Deutschland und D\u00e4nemark ankurbeln, das Wirtschaftswachstum f\u00f6rdern und neue Besch\u00e4ftigungsm\u00f6glichkeiten schaffen. Dar\u00fcber hinaus wird der Tunnel den Druck auf die bestehende Infrastruktur verringern und die Reisezeiten verk\u00fcrzen, was die Region sowohl f\u00fcr Unternehmen als auch f\u00fcr Touristen attraktiver machen wird.<\/p><p>Welche Auswirkungen dies auf die bestehende F\u00e4hrverbindung haben wird, ist noch nicht bekannt, aber es sieht so aus, als ob diese weitgehend \u00fcberfl\u00fcssig werden k\u00f6nnte. Da sowohl eine Stra\u00dfen- als auch eine Schienenverbindung durch den Tunnel f\u00fchren, bietet der Tunnel eine bessere Alternative sowohl f\u00fcr Fahrzeugf\u00fchrer als auch f\u00fcr Fu\u00dfg\u00e4nger. M\u00f6glicherweise wird der Frachtverkehr weiterhin \u00fcber das Wasser abgewickelt.<\/p><p>Schauen Sie sich auch die Webcam-Bilder vom Bau dieses Tunnels auf <a href=\"https:\/\/puttgardenrodby.com\/de\/video\/\">dieser Website an.<\/a><\/p><h4>Quellen:<\/h4><ol><li>Offizielle Website des Fehmarnbelt-Tunnels: https:\/\/femern.com\/<\/li><\/ol>\t\t\t\t\t\t\t\t<\/div>\n\t\t\t\t<\/div>\n\t\t\t\t<div class=\"elementor-element elementor-element-253940c elementor-widget elementor-widget-video\" data-id=\"253940c\" data-element_type=\"widget\" data-e-type=\"widget\" data-settings=\"{&quot;youtube_url&quot;:&quot;https:\\\/\\\/www.youtube.com\\\/watch?v=5Uop3nun7mM&quot;,&quot;video_type&quot;:&quot;youtube&quot;,&quot;controls&quot;:&quot;yes&quot;}\" data-widget_type=\"video.default\">\n\t\t\t\t<div class=\"elementor-widget-container\">\n\t\t\t\t\t\t\t<div class=\"elementor-wrapper elementor-open-inline\">\n\t\t\t<div class=\"elementor-video\"><\/div>\t\t<\/div>\n\t\t\t\t\t\t<\/div>\n\t\t\t\t<\/div>\n\t\t\t\t\t<\/div>\n\t\t<\/div>\n\t\t\t\t<div class=\"elementor-column elementor-col-50 elementor-top-column elementor-element elementor-element-9a29147\" data-id=\"9a29147\" data-element_type=\"column\" data-e-type=\"column\">\n\t\t\t<div class=\"elementor-widget-wrap elementor-element-populated\">\n\t\t\t\t\t\t<div class=\"elementor-element elementor-element-de19ae8 elementor-widget elementor-widget-text-editor\" data-id=\"de19ae8\" data-element_type=\"widget\" data-e-type=\"widget\" data-settings=\"{&quot;sticky&quot;:&quot;top&quot;,&quot;sticky_parent&quot;:&quot;yes&quot;,&quot;sticky_offset&quot;:100,&quot;sticky_effects_offset&quot;:60,&quot;sticky_on&quot;:[&quot;desktop&quot;,&quot;tablet&quot;,&quot;mobile&quot;],&quot;sticky_anchor_link_offset&quot;:0}\" data-widget_type=\"text-editor.default\">\n\t\t\t\t<div class=\"elementor-widget-container\">\n\t\t\t\t\t\t\t\t\t<p><strong>F\u00e4hrtickets<\/strong><\/p><p>Die g\u00fcnstigsten Tickets sind \u00fcber den F\u00e4hrbetreiber Scandlines erh\u00e4ltlich.<\/p><p><a href=\"https:\/\/puttgardenrodby.com\/de\/#\">Stellen Sie Ihre \u00dcberfahrt zusammen. <\/a><a href=\"https:\/\/puttgardenrodby.com\/go\/pages-side\" target=\"_blank\" rel=\"noopener\">\u2b9e<\/a><\/p>\t\t\t\t\t\t\t\t<\/div>\n\t\t\t\t<\/div>\n\t\t\t\t\t<\/div>\n\t\t<\/div>\n\t\t\t\t\t<\/div>\n\t\t<\/section>\n\t\t\t\t<\/div>\n\t\t","protected":false},"excerpt":{"rendered":"<p>F\u00e4hre Preise und Tickets Der Fehmarnbelt-Tunnel zwischen Deutschland und D\u00e4nemark Der Fehmarnbelt-Tunnel, der derzeit zwischen Puttgarden in Deutschland und R\u00f8dby in D\u00e4nemark gebaut wird, ist eines der gr\u00f6\u00dften Infrastrukturprojekte in Europa und soll voraussichtlich 2029 abgeschlossen sein. Der Tunnel, der auch als Puttgarden Tunnel bezeichnet wird, wird eine wichtige Verbindung zwischen Skandinavien und Mitteleuropa darstellen [&hellip;]<\/p>\n","protected":false},"author":1,"featured_media":0,"parent":0,"menu_order":0,"comment_status":"closed","ping_status":"closed","template":"elementor_header_footer","meta":{"footnotes":""},"class_list":["post-524","page","type-page","status-publish","hentry"],"yoast_head":"<!-- This site is optimized with the Yoast SEO plugin v27.2 - https:\/\/yoast.com\/product\/yoast-seo-wordpress\/ -->\n<title>Fehmarnbelttunnel | Deutschland-D\u00e4nemark | PuttgardenRodby.com<\/title>\n<meta name=\"description\" content=\"Der Fehmarnbelttunnel ist die k\u00fcnftige feste Verbindung zwischen Deutschland und D\u00e4nemark. Erfahren Sie mehr \u00fcber den geplanten Bau,\" \/>\n<meta name=\"robots\" content=\"index, follow, max-snippet:-1, max-image-preview:large, max-video-preview:-1\" \/>\n<link rel=\"canonical\" href=\"https:\/\/puttgardenrodby.com\/de\/fehmarnbelt-tunnel\/\" \/>\n<meta property=\"og:locale\" content=\"de_DE\" \/>\n<meta property=\"og:type\" content=\"article\" \/>\n<meta property=\"og:title\" content=\"Fehmarnbelttunnel | Deutschland-D\u00e4nemark | PuttgardenRodby.com\" \/>\n<meta property=\"og:description\" content=\"Der Fehmarnbelttunnel ist die k\u00fcnftige feste Verbindung zwischen Deutschland und D\u00e4nemark. Erfahren Sie mehr \u00fcber den geplanten Bau,\" \/>\n<meta property=\"og:url\" content=\"https:\/\/puttgardenrodby.com\/de\/fehmarnbelt-tunnel\/\" \/>\n<meta property=\"og:site_name\" content=\"Puttgarden Rodby Deutsch\" \/>\n<meta property=\"article:modified_time\" content=\"2024-03-14T08:45:49+00:00\" \/>\n<meta property=\"og:image\" content=\"https:\/\/puttgardenrodby.com\/de\/wp-content\/uploads\/sites\/4\/2023\/05\/tunnel-blueprints.jpg\" \/>\n<meta name=\"twitter:card\" content=\"summary_large_image\" \/>\n<meta name=\"twitter:label1\" content=\"Gesch\u00e4tzte Lesezeit\" \/>\n\t<meta name=\"twitter:data1\" content=\"2\u00a0Minuten\" \/>\n<script type=\"application\/ld+json\" class=\"yoast-schema-graph\">{\"@context\":\"https:\/\/schema.org\",\"@graph\":[{\"@type\":\"WebPage\",\"@id\":\"https:\/\/puttgardenrodby.com\/de\/fehmarnbelt-tunnel\/\",\"url\":\"https:\/\/puttgardenrodby.com\/de\/fehmarnbelt-tunnel\/\",\"name\":\"Fehmarnbelttunnel | Deutschland-D\u00e4nemark | PuttgardenRodby.com\",\"isPartOf\":{\"@id\":\"https:\/\/puttgardenrodby.com\/de\/#website\"},\"primaryImageOfPage\":{\"@id\":\"https:\/\/puttgardenrodby.com\/de\/fehmarnbelt-tunnel\/#primaryimage\"},\"image\":{\"@id\":\"https:\/\/puttgardenrodby.com\/de\/fehmarnbelt-tunnel\/#primaryimage\"},\"thumbnailUrl\":\"https:\/\/puttgardenrodby.com\/de\/wp-content\/uploads\/sites\/4\/2023\/05\/tunnel-blueprints.jpg\",\"datePublished\":\"2023-05-10T07:59:58+00:00\",\"dateModified\":\"2024-03-14T08:45:49+00:00\",\"description\":\"Der Fehmarnbelttunnel ist die k\u00fcnftige feste Verbindung zwischen Deutschland und D\u00e4nemark. Erfahren Sie mehr \u00fcber den geplanten Bau,\",\"breadcrumb\":{\"@id\":\"https:\/\/puttgardenrodby.com\/de\/fehmarnbelt-tunnel\/#breadcrumb\"},\"inLanguage\":\"de\",\"potentialAction\":[{\"@type\":\"ReadAction\",\"target\":[\"https:\/\/puttgardenrodby.com\/de\/fehmarnbelt-tunnel\/\"]}]},{\"@type\":\"ImageObject\",\"inLanguage\":\"de\",\"@id\":\"https:\/\/puttgardenrodby.com\/de\/fehmarnbelt-tunnel\/#primaryimage\",\"url\":\"https:\/\/puttgardenrodby.com\/de\/wp-content\/uploads\/sites\/4\/2023\/05\/tunnel-blueprints.jpg\",\"contentUrl\":\"https:\/\/puttgardenrodby.com\/de\/wp-content\/uploads\/sites\/4\/2023\/05\/tunnel-blueprints.jpg\",\"width\":1000,\"height\":500,\"caption\":\"tunnel blueprints\"},{\"@type\":\"BreadcrumbList\",\"@id\":\"https:\/\/puttgardenrodby.com\/de\/fehmarnbelt-tunnel\/#breadcrumb\",\"itemListElement\":[{\"@type\":\"ListItem\",\"position\":1,\"name\":\"Home\",\"item\":\"https:\/\/puttgardenrodby.com\/de\/\"},{\"@type\":\"ListItem\",\"position\":2,\"name\":\"Fehmarnbelt-Tunnel\"}]},{\"@type\":\"WebSite\",\"@id\":\"https:\/\/puttgardenrodby.com\/de\/#website\",\"url\":\"https:\/\/puttgardenrodby.com\/de\/\",\"name\":\"Puttgarden Rodby Deutsch\",\"description\":\"\",\"publisher\":{\"@id\":\"https:\/\/puttgardenrodby.com\/de\/#organization\"},\"potentialAction\":[{\"@type\":\"SearchAction\",\"target\":{\"@type\":\"EntryPoint\",\"urlTemplate\":\"https:\/\/puttgardenrodby.com\/de\/?s={search_term_string}\"},\"query-input\":{\"@type\":\"PropertyValueSpecification\",\"valueRequired\":true,\"valueName\":\"search_term_string\"}}],\"inLanguage\":\"de\"},{\"@type\":\"Organization\",\"@id\":\"https:\/\/puttgardenrodby.com\/de\/#organization\",\"name\":\"Puttgarden Rodby Deutsch\",\"url\":\"https:\/\/puttgardenrodby.com\/de\/\",\"logo\":{\"@type\":\"ImageObject\",\"inLanguage\":\"de\",\"@id\":\"https:\/\/puttgardenrodby.com\/de\/#\/schema\/logo\/image\/\",\"url\":\"https:\/\/puttgardenrodby.com\/de\/wp-content\/uploads\/sites\/4\/2023\/05\/Puttgarden-Rodby-logo.png\",\"contentUrl\":\"https:\/\/puttgardenrodby.com\/de\/wp-content\/uploads\/sites\/4\/2023\/05\/Puttgarden-Rodby-logo.png\",\"width\":1043,\"height\":347,\"caption\":\"Puttgarden Rodby Deutsch\"},\"image\":{\"@id\":\"https:\/\/puttgardenrodby.com\/de\/#\/schema\/logo\/image\/\"}}]}<\/script>\n<!-- \/ Yoast SEO plugin. -->","yoast_head_json":{"title":"Fehmarnbelttunnel | Deutschland-D\u00e4nemark | PuttgardenRodby.com","description":"Der Fehmarnbelttunnel ist die k\u00fcnftige feste Verbindung zwischen Deutschland und D\u00e4nemark. Erfahren Sie mehr \u00fcber den geplanten Bau,","robots":{"index":"index","follow":"follow","max-snippet":"max-snippet:-1","max-image-preview":"max-image-preview:large","max-video-preview":"max-video-preview:-1"},"canonical":"https:\/\/puttgardenrodby.com\/de\/fehmarnbelt-tunnel\/","og_locale":"de_DE","og_type":"article","og_title":"Fehmarnbelttunnel | Deutschland-D\u00e4nemark | PuttgardenRodby.com","og_description":"Der Fehmarnbelttunnel ist die k\u00fcnftige feste Verbindung zwischen Deutschland und D\u00e4nemark. Erfahren Sie mehr \u00fcber den geplanten Bau,","og_url":"https:\/\/puttgardenrodby.com\/de\/fehmarnbelt-tunnel\/","og_site_name":"Puttgarden Rodby Deutsch","article_modified_time":"2024-03-14T08:45:49+00:00","og_image":[{"url":"https:\/\/puttgardenrodby.com\/de\/wp-content\/uploads\/sites\/4\/2023\/05\/tunnel-blueprints.jpg","type":"","width":"","height":""}],"twitter_card":"summary_large_image","twitter_misc":{"Gesch\u00e4tzte Lesezeit":"2\u00a0Minuten"},"schema":{"@context":"https:\/\/schema.org","@graph":[{"@type":"WebPage","@id":"https:\/\/puttgardenrodby.com\/de\/fehmarnbelt-tunnel\/","url":"https:\/\/puttgardenrodby.com\/de\/fehmarnbelt-tunnel\/","name":"Fehmarnbelttunnel | Deutschland-D\u00e4nemark | PuttgardenRodby.com","isPartOf":{"@id":"https:\/\/puttgardenrodby.com\/de\/#website"},"primaryImageOfPage":{"@id":"https:\/\/puttgardenrodby.com\/de\/fehmarnbelt-tunnel\/#primaryimage"},"image":{"@id":"https:\/\/puttgardenrodby.com\/de\/fehmarnbelt-tunnel\/#primaryimage"},"thumbnailUrl":"https:\/\/puttgardenrodby.com\/de\/wp-content\/uploads\/sites\/4\/2023\/05\/tunnel-blueprints.jpg","datePublished":"2023-05-10T07:59:58+00:00","dateModified":"2024-03-14T08:45:49+00:00","description":"Der Fehmarnbelttunnel ist die k\u00fcnftige feste Verbindung zwischen Deutschland und D\u00e4nemark. Erfahren Sie mehr \u00fcber den geplanten Bau,","breadcrumb":{"@id":"https:\/\/puttgardenrodby.com\/de\/fehmarnbelt-tunnel\/#breadcrumb"},"inLanguage":"de","potentialAction":[{"@type":"ReadAction","target":["https:\/\/puttgardenrodby.com\/de\/fehmarnbelt-tunnel\/"]}]},{"@type":"ImageObject","inLanguage":"de","@id":"https:\/\/puttgardenrodby.com\/de\/fehmarnbelt-tunnel\/#primaryimage","url":"https:\/\/puttgardenrodby.com\/de\/wp-content\/uploads\/sites\/4\/2023\/05\/tunnel-blueprints.jpg","contentUrl":"https:\/\/puttgardenrodby.com\/de\/wp-content\/uploads\/sites\/4\/2023\/05\/tunnel-blueprints.jpg","width":1000,"height":500,"caption":"tunnel blueprints"},{"@type":"BreadcrumbList","@id":"https:\/\/puttgardenrodby.com\/de\/fehmarnbelt-tunnel\/#breadcrumb","itemListElement":[{"@type":"ListItem","position":1,"name":"Home","item":"https:\/\/puttgardenrodby.com\/de\/"},{"@type":"ListItem","position":2,"name":"Fehmarnbelt-Tunnel"}]},{"@type":"WebSite","@id":"https:\/\/puttgardenrodby.com\/de\/#website","url":"https:\/\/puttgardenrodby.com\/de\/","name":"Puttgarden Rodby Deutsch","description":"","publisher":{"@id":"https:\/\/puttgardenrodby.com\/de\/#organization"},"potentialAction":[{"@type":"SearchAction","target":{"@type":"EntryPoint","urlTemplate":"https:\/\/puttgardenrodby.com\/de\/?s={search_term_string}"},"query-input":{"@type":"PropertyValueSpecification","valueRequired":true,"valueName":"search_term_string"}}],"inLanguage":"de"},{"@type":"Organization","@id":"https:\/\/puttgardenrodby.com\/de\/#organization","name":"Puttgarden Rodby Deutsch","url":"https:\/\/puttgardenrodby.com\/de\/","logo":{"@type":"ImageObject","inLanguage":"de","@id":"https:\/\/puttgardenrodby.com\/de\/#\/schema\/logo\/image\/","url":"https:\/\/puttgardenrodby.com\/de\/wp-content\/uploads\/sites\/4\/2023\/05\/Puttgarden-Rodby-logo.png","contentUrl":"https:\/\/puttgardenrodby.com\/de\/wp-content\/uploads\/sites\/4\/2023\/05\/Puttgarden-Rodby-logo.png","width":1043,"height":347,"caption":"Puttgarden Rodby Deutsch"},"image":{"@id":"https:\/\/puttgardenrodby.com\/de\/#\/schema\/logo\/image\/"}}]}},"_links":{"self":[{"href":"https:\/\/puttgardenrodby.com\/de\/wp-json\/wp\/v2\/pages\/524","targetHints":{"allow":["GET"]}}],"collection":[{"href":"https:\/\/puttgardenrodby.com\/de\/wp-json\/wp\/v2\/pages"}],"about":[{"href":"https:\/\/puttgardenrodby.com\/de\/wp-json\/wp\/v2\/types\/page"}],"author":[{"embeddable":true,"href":"https:\/\/puttgardenrodby.com\/de\/wp-json\/wp\/v2\/users\/1"}],"replies":[{"embeddable":true,"href":"https:\/\/puttgardenrodby.com\/de\/wp-json\/wp\/v2\/comments?post=524"}],"version-history":[{"count":26,"href":"https:\/\/puttgardenrodby.com\/de\/wp-json\/wp\/v2\/pages\/524\/revisions"}],"predecessor-version":[{"id":1462,"href":"https:\/\/puttgardenrodby.com\/de\/wp-json\/wp\/v2\/pages\/524\/revisions\/1462"}],"wp:attachment":[{"href":"https:\/\/puttgardenrodby.com\/de\/wp-json\/wp\/v2\/media?parent=524"}],"curies":[{"name":"wp","href":"https:\/\/api.w.org\/{rel}","templated":true}]}}