{"id":504,"date":"2023-05-09T16:21:41","date_gmt":"2023-05-09T16:21:41","guid":{"rendered":"https:\/\/puttgardenrodby.nl\/?page_id=504"},"modified":"2024-03-14T08:46:26","modified_gmt":"2024-03-14T08:46:26","slug":"tagesausflug-nach-kopenhagen-von-deutschland-aus","status":"publish","type":"page","link":"https:\/\/puttgardenrodby.com\/de\/tagesausflug-nach-kopenhagen-von-deutschland-aus\/","title":{"rendered":"Tagesausflug nach Kopenhagen von Deutschland aus"},"content":{"rendered":"\t\t<div data-elementor-type=\"wp-post\" data-elementor-id=\"504\" class=\"elementor elementor-504\" data-elementor-post-type=\"page\">\n\t\t\t\t\t\t<section class=\"elementor-section elementor-top-section elementor-element elementor-element-359c9d22 elementor-section-boxed elementor-section-height-default elementor-section-height-default\" data-id=\"359c9d22\" data-element_type=\"section\" data-e-type=\"section\" data-settings=\"{&quot;background_background&quot;:&quot;gradient&quot;,&quot;sticky&quot;:&quot;top&quot;,&quot;sticky_on&quot;:[&quot;desktop&quot;,&quot;tablet&quot;,&quot;mobile&quot;],&quot;sticky_offset&quot;:0,&quot;sticky_effects_offset&quot;:0,&quot;sticky_anchor_link_offset&quot;:0}\">\n\t\t\t\t\t\t<div class=\"elementor-container elementor-column-gap-default\">\n\t\t\t\t\t<div class=\"elementor-column elementor-col-50 elementor-top-column elementor-element elementor-element-4c439809\" data-id=\"4c439809\" data-element_type=\"column\" data-e-type=\"column\">\n\t\t\t<div class=\"elementor-widget-wrap elementor-element-populated\">\n\t\t\t\t\t\t<div class=\"elementor-element elementor-element-3ed86f23 elementor-widget elementor-widget-breadcrumbs\" data-id=\"3ed86f23\" data-element_type=\"widget\" data-e-type=\"widget\" data-widget_type=\"breadcrumbs.default\">\n\t\t\t\t<div class=\"elementor-widget-container\">\n\t\t\t\t\t<p id=\"breadcrumbs\"><span><span><a href=\"https:\/\/puttgardenrodby.com\/de\/\">Home<\/a><\/span><\/span><\/p>\t\t\t\t<\/div>\n\t\t\t\t<\/div>\n\t\t\t\t\t<\/div>\n\t\t<\/div>\n\t\t\t\t<div class=\"elementor-column elementor-col-50 elementor-top-column elementor-element elementor-element-2d6fc33\" data-id=\"2d6fc33\" data-element_type=\"column\" data-e-type=\"column\">\n\t\t\t<div class=\"elementor-widget-wrap elementor-element-populated\">\n\t\t\t\t\t\t<div class=\"elementor-element elementor-element-3061c1b1 elementor-align-right elementor-mobile-align-center elementor-widget elementor-widget-button\" data-id=\"3061c1b1\" data-element_type=\"widget\" data-e-type=\"widget\" data-settings=\"{&quot;sticky&quot;:&quot;top&quot;,&quot;sticky_on&quot;:[&quot;mobile&quot;],&quot;sticky_offset&quot;:8,&quot;sticky_effects_offset_mobile&quot;:0,&quot;_animation_mobile&quot;:&quot;fadeIn&quot;,&quot;sticky_effects_offset&quot;:0,&quot;sticky_anchor_link_offset&quot;:0}\" data-widget_type=\"button.default\">\n\t\t\t\t<div class=\"elementor-widget-container\">\n\t\t\t\t\t\t\t\t\t<div class=\"elementor-button-wrapper\">\n\t\t\t\t\t<a class=\"elementor-button elementor-button-link elementor-size-md elementor-animation-shrink\" href=\"https:\/\/puttgardenrodby.com\/de\/go\/button-header-page\" target=\"_blank\">\n\t\t\t\t\t\t<span class=\"elementor-button-content-wrapper\">\n\t\t\t\t\t\t<span class=\"elementor-button-icon\">\n\t\t\t\t<i aria-hidden=\"true\" class=\"far fa-arrow-alt-circle-right\"><\/i>\t\t\t<\/span>\n\t\t\t\t\t\t\t\t\t<span class=\"elementor-button-text\">F\u00e4hre Preise und Tickets<\/span>\n\t\t\t\t\t<\/span>\n\t\t\t\t\t<\/a>\n\t\t\t\t<\/div>\n\t\t\t\t\t\t\t\t<\/div>\n\t\t\t\t<\/div>\n\t\t\t\t\t<\/div>\n\t\t<\/div>\n\t\t\t\t\t<\/div>\n\t\t<\/section>\n\t\t\t\t<section class=\"elementor-section elementor-top-section elementor-element elementor-element-348d881 elementor-section-boxed elementor-section-height-default elementor-section-height-default\" data-id=\"348d881\" data-element_type=\"section\" data-e-type=\"section\">\n\t\t\t\t\t\t\t<div class=\"elementor-background-overlay\"><\/div>\n\t\t\t\t\t\t\t<div class=\"elementor-container elementor-column-gap-default\">\n\t\t\t\t\t<div class=\"elementor-column elementor-col-50 elementor-top-column elementor-element elementor-element-2e117c7\" data-id=\"2e117c7\" data-element_type=\"column\" data-e-type=\"column\">\n\t\t\t<div class=\"elementor-widget-wrap elementor-element-populated\">\n\t\t\t\t\t\t<div class=\"elementor-element elementor-element-e20d4c6 elementor-widget elementor-widget-image\" data-id=\"e20d4c6\" data-element_type=\"widget\" data-e-type=\"widget\" data-widget_type=\"image.default\">\n\t\t\t\t<div class=\"elementor-widget-container\">\n\t\t\t\t\t\t\t\t\t\t\t\t\t\t\t<img fetchpriority=\"high\" decoding=\"async\" width=\"1000\" height=\"500\" src=\"https:\/\/puttgardenrodby.com\/de\/wp-content\/uploads\/sites\/4\/2023\/05\/Kopenhagen.jpg\" class=\"attachment-full size-full wp-image-506\" alt=\"\" srcset=\"https:\/\/puttgardenrodby.com\/de\/wp-content\/uploads\/sites\/4\/2023\/05\/Kopenhagen.jpg 1000w, https:\/\/puttgardenrodby.com\/de\/wp-content\/uploads\/sites\/4\/2023\/05\/Kopenhagen-300x150.jpg 300w, https:\/\/puttgardenrodby.com\/de\/wp-content\/uploads\/sites\/4\/2023\/05\/Kopenhagen-768x384.jpg 768w\" sizes=\"(max-width: 1000px) 100vw, 1000px\" \/>\t\t\t\t\t\t\t\t\t\t\t\t\t\t\t<\/div>\n\t\t\t\t<\/div>\n\t\t\t\t<div class=\"elementor-element elementor-element-18585c6 elementor-widget elementor-widget-heading\" data-id=\"18585c6\" data-element_type=\"widget\" data-e-type=\"widget\" data-widget_type=\"heading.default\">\n\t\t\t\t<div class=\"elementor-widget-container\">\n\t\t\t\t\t<h1 class=\"elementor-heading-title elementor-size-default\">Ein Tagesausflug von Deutschland nach Kopenhagen<\/h1>\t\t\t\t<\/div>\n\t\t\t\t<\/div>\n\t\t\t\t<div class=\"elementor-element elementor-element-3d6085d elementor-widget elementor-widget-text-editor\" data-id=\"3d6085d\" data-element_type=\"widget\" data-e-type=\"widget\" data-widget_type=\"text-editor.default\">\n\t\t\t\t<div class=\"elementor-widget-container\">\n\t\t\t\t\t\t\t\t\t<p><strong>Ein Tagesausflug von Deutschland nach Kopenhagen kann eine wunderbare M\u00f6glichkeit sein, die Sehensw\u00fcrdigkeiten dieser lebendigen Stadt zu genie\u00dfen. Es gibt verschiedene M\u00f6glichkeiten, um von Deutschland nach Kopenhagen zu gelangen, einschlie\u00dflich Flug und Autofahrt, aber eine sehr beliebte Reisem\u00f6glichkeit ist die Nutzung der Puttgarden-F\u00e4hre.<\/strong><\/p><p>Die F\u00e4hre legt in Puttgarden ab, einer Stadt im Norden Deutschlands, und bringt Sie nach R\u00f8dby im S\u00fcden D\u00e4nemarks. Von dort aus sind es nur noch eine Stunde Autofahrt bis nach Kopenhagen.<\/p><p>Die \u00dcberfahrt dauert etwa 45 Minuten und bietet einen herrlichen Blick auf die K\u00fcstenlinie von Deutschland und D\u00e4nemark. Die F\u00e4hre selbst ist modern und komfortabel, mit zahlreichen Einrichtungen, um Ihre Reise so angenehm wie m\u00f6glich zu gestalten.<\/p><h2>Vorteil \u00fcber Scandlines<\/h2><p>Scandlines bietet ein 1-Day Return Ticket zu einem besonders attraktiven Preis und mit einigen zus\u00e4tzlichen Vorteilen (Preise von 2023).<\/p><ul><li>Online-Preis Nebensaison ab 85 \u20ac<\/li><li>Online-Preis Hauptsaison ab 83 \u20ac<\/li><\/ul><p>Sie zahlen 108 \u20ac und erhalten einen Gutschein im Wert von 25 \u20ac, wenn Sie am selben Tag in R\u00f8dby einchecken, an dem Sie in Puttgarden abfahren.<\/p><p>Bei der R\u00fcckkehr erhalten Sie einen Cashback-Gutschein beim Check-in w\u00e4hrend der Hauptsaison, den Sie direkt an Bord nutzen oder gegen Bargeld eintauschen k\u00f6nnen. Bitte beachten Sie, dass im Preis eine Kraftstoffzulage von 3 \u20ac enthalten ist.<\/p><h3>Einige weitere Vorteile:<\/h3><ol><li>Reservierter Platz auf der gebuchten Abfahrt.<\/li><li>G\u00fcltig f\u00fcr alle verf\u00fcgbaren Abfahrten an diesem Tag.<\/li><li>Der Preis gilt f\u00fcr maximal 9 Personen in einem Auto.<\/li><li>Check-in im Hafen mindestens 15 Minuten vor Abfahrt.<\/li><li>Umbuchung gegen Geb\u00fchr m\u00f6glich.<\/li><\/ol><p>Nach Ihrer Ankunft in R\u00f8dby ist es nur noch eine Autostunde nach Kopenhagen. In Kopenhagen stehen Ihnen zahlreiche Transportm\u00f6glichkeiten wie Busse, Z\u00fcge, U-Bahnen und Fahrr\u00e4der zur Verf\u00fcgung, um die Stadt zu erkunden.<\/p>\t\t\t\t\t\t\t\t<\/div>\n\t\t\t\t<\/div>\n\t\t\t\t<div class=\"elementor-element elementor-element-ece1781 elementor-widget elementor-widget-image\" data-id=\"ece1781\" data-element_type=\"widget\" data-e-type=\"widget\" data-widget_type=\"image.default\">\n\t\t\t\t<div class=\"elementor-widget-container\">\n\t\t\t\t\t\t\t\t\t\t\t\t\t\t\t<img decoding=\"async\" width=\"1000\" height=\"500\" src=\"https:\/\/puttgardenrodby.com\/de\/wp-content\/uploads\/sites\/4\/2023\/05\/Little-Mermaid-Kopenhagen.jpg\" class=\"attachment-full size-full wp-image-507\" alt=\"\" srcset=\"https:\/\/puttgardenrodby.com\/de\/wp-content\/uploads\/sites\/4\/2023\/05\/Little-Mermaid-Kopenhagen.jpg 1000w, https:\/\/puttgardenrodby.com\/de\/wp-content\/uploads\/sites\/4\/2023\/05\/Little-Mermaid-Kopenhagen-300x150.jpg 300w, https:\/\/puttgardenrodby.com\/de\/wp-content\/uploads\/sites\/4\/2023\/05\/Little-Mermaid-Kopenhagen-768x384.jpg 768w\" sizes=\"(max-width: 1000px) 100vw, 1000px\" \/>\t\t\t\t\t\t\t\t\t\t\t\t\t\t\t<\/div>\n\t\t\t\t<\/div>\n\t\t\t\t<div class=\"elementor-element elementor-element-f066a3c elementor-widget elementor-widget-text-editor\" data-id=\"f066a3c\" data-element_type=\"widget\" data-e-type=\"widget\" data-widget_type=\"text-editor.default\">\n\t\t\t\t<div class=\"elementor-widget-container\">\n\t\t\t\t\t\t\t\t\t<h2>Was kannst du an einem Tag tun?<\/h2><p>Eine der Hauptattraktionen in Kopenhagen ist die ikonische Meerjungfrau. Diese Statue basiert auf der ber\u00fchmten Figur von Hans Christian Andersen und ist ein Muss f\u00fcr jeden Besucher der Stadt. Die Meerjungfrau befindet sich am Eingang des Hafens und zieht j\u00e4hrlich Tausende von Touristen aus aller Welt an. Ein Spaziergang entlang des Hafens bietet auch wundersch\u00f6ne Ausblicke auf die Stadt.<\/p><p>Eine weitere beliebte Sehensw\u00fcrdigkeit in Kopenhagen sind die Tivoli-G\u00e4rten. Diese G\u00e4rten sind einer der \u00e4ltesten Vergn\u00fcgungsparks der Welt und beherbergen zahlreiche Attraktionen wie Achterbahnen, Karussells und verschiedene Spiele. Der Park bietet auch eine Vielzahl von Restaurants und Caf\u00e9s, in denen man eine Kleinigkeit essen und trinken kann.<\/p><p>Kopenhagen bietet eine F\u00fclle von Aktivit\u00e4ten und Sehensw\u00fcrdigkeiten f\u00fcr Besucher jeden Alters und Interesses. Ein Tagesausflug von Deutschland nach Kopenhagen mit der Puttgarden-F\u00e4hre bietet nicht nur ein unvergessliches Erlebnis, sondern auch eine einfache, g\u00fcnstige und effiziente M\u00f6glichkeit, diese wundersch\u00f6ne Stadt zu erkunden.<\/p>\t\t\t\t\t\t\t\t<\/div>\n\t\t\t\t<\/div>\n\t\t\t\t\t<\/div>\n\t\t<\/div>\n\t\t\t\t<div class=\"elementor-column elementor-col-50 elementor-top-column elementor-element elementor-element-9a29147\" data-id=\"9a29147\" data-element_type=\"column\" data-e-type=\"column\">\n\t\t\t<div class=\"elementor-widget-wrap elementor-element-populated\">\n\t\t\t\t\t\t<div class=\"elementor-element elementor-element-de19ae8 elementor-widget elementor-widget-text-editor\" data-id=\"de19ae8\" data-element_type=\"widget\" data-e-type=\"widget\" data-settings=\"{&quot;sticky&quot;:&quot;top&quot;,&quot;sticky_parent&quot;:&quot;yes&quot;,&quot;sticky_offset&quot;:100,&quot;sticky_effects_offset&quot;:60,&quot;sticky_on&quot;:[&quot;desktop&quot;,&quot;tablet&quot;,&quot;mobile&quot;],&quot;sticky_anchor_link_offset&quot;:0}\" data-widget_type=\"text-editor.default\">\n\t\t\t\t<div class=\"elementor-widget-container\">\n\t\t\t\t\t\t\t\t\t<p><strong>F\u00e4hrtickets<\/strong><\/p><p>Die g\u00fcnstigsten Tickets sind \u00fcber den F\u00e4hrbetreiber Scandlines erh\u00e4ltlich.<\/p><p><a href=\"https:\/\/puttgardenrodby.com\/de\/go\/pages-side\" target=\"_blank\" rel=\"noopener\">Stellen Sie Ihre \u00dcberfahrt zusammen. <\/a><a href=\"https:\/\/puttgardenrodby.com\/go\/pages-side\" target=\"_blank\" rel=\"noopener\">\u2b9e<\/a><\/p>\t\t\t\t\t\t\t\t<\/div>\n\t\t\t\t<\/div>\n\t\t\t\t\t<\/div>\n\t\t<\/div>\n\t\t\t\t\t<\/div>\n\t\t<\/section>\n\t\t\t\t<\/div>\n\t\t","protected":false},"excerpt":{"rendered":"<p>F\u00e4hre Preise und Tickets Ein Tagesausflug von Deutschland nach Kopenhagen Ein Tagesausflug von Deutschland nach Kopenhagen kann eine wunderbare M\u00f6glichkeit sein, die Sehensw\u00fcrdigkeiten dieser lebendigen Stadt zu genie\u00dfen. Es gibt verschiedene M\u00f6glichkeiten, um von Deutschland nach Kopenhagen zu gelangen, einschlie\u00dflich Flug und Autofahrt, aber eine sehr beliebte Reisem\u00f6glichkeit ist die Nutzung der Puttgarden-F\u00e4hre. Die F\u00e4hre [&hellip;]<\/p>\n","protected":false},"author":1,"featured_media":0,"parent":0,"menu_order":0,"comment_status":"closed","ping_status":"closed","template":"elementor_header_footer","meta":{"footnotes":""},"class_list":["post-504","page","type-page","status-publish","hentry"],"yoast_head":"<!-- This site is optimized with the Yoast SEO plugin v27.2 - https:\/\/yoast.com\/product\/yoast-seo-wordpress\/ -->\n<title>Tagesausflug nach Kopenhagen von Deutschland aus - Puttgarden Rodby Deutsch<\/title>\n<meta name=\"robots\" content=\"index, follow, max-snippet:-1, max-image-preview:large, max-video-preview:-1\" \/>\n<link rel=\"canonical\" href=\"https:\/\/puttgardenrodby.com\/de\/tagesausflug-nach-kopenhagen-von-deutschland-aus\/\" \/>\n<meta property=\"og:locale\" content=\"de_DE\" \/>\n<meta property=\"og:type\" content=\"article\" \/>\n<meta property=\"og:title\" content=\"Tagesausflug nach Kopenhagen von Deutschland aus - Puttgarden Rodby Deutsch\" \/>\n<meta property=\"og:description\" content=\"F\u00e4hre Preise und Tickets Ein Tagesausflug von Deutschland nach Kopenhagen Ein Tagesausflug von Deutschland nach Kopenhagen kann eine wunderbare M\u00f6glichkeit sein, die Sehensw\u00fcrdigkeiten dieser lebendigen Stadt zu genie\u00dfen. Es gibt verschiedene M\u00f6glichkeiten, um von Deutschland nach Kopenhagen zu gelangen, einschlie\u00dflich Flug und Autofahrt, aber eine sehr beliebte Reisem\u00f6glichkeit ist die Nutzung der Puttgarden-F\u00e4hre. Die F\u00e4hre [&hellip;]\" \/>\n<meta property=\"og:url\" content=\"https:\/\/puttgardenrodby.com\/de\/tagesausflug-nach-kopenhagen-von-deutschland-aus\/\" \/>\n<meta property=\"og:site_name\" content=\"Puttgarden Rodby Deutsch\" \/>\n<meta property=\"article:modified_time\" content=\"2024-03-14T08:46:26+00:00\" \/>\n<meta property=\"og:image\" content=\"https:\/\/puttgardenrodby.com\/de\/wp-content\/uploads\/sites\/4\/2023\/05\/Kopenhagen.jpg\" \/>\n<meta name=\"twitter:card\" content=\"summary_large_image\" \/>\n<meta name=\"twitter:label1\" content=\"Gesch\u00e4tzte Lesezeit\" \/>\n\t<meta name=\"twitter:data1\" content=\"3\u00a0Minuten\" \/>\n<script type=\"application\/ld+json\" class=\"yoast-schema-graph\">{\"@context\":\"https:\/\/schema.org\",\"@graph\":[{\"@type\":\"WebPage\",\"@id\":\"https:\/\/puttgardenrodby.com\/de\/tagesausflug-nach-kopenhagen-von-deutschland-aus\/\",\"url\":\"https:\/\/puttgardenrodby.com\/de\/tagesausflug-nach-kopenhagen-von-deutschland-aus\/\",\"name\":\"Tagesausflug nach Kopenhagen von Deutschland aus - Puttgarden Rodby Deutsch\",\"isPartOf\":{\"@id\":\"https:\/\/puttgardenrodby.com\/de\/#website\"},\"primaryImageOfPage\":{\"@id\":\"https:\/\/puttgardenrodby.com\/de\/tagesausflug-nach-kopenhagen-von-deutschland-aus\/#primaryimage\"},\"image\":{\"@id\":\"https:\/\/puttgardenrodby.com\/de\/tagesausflug-nach-kopenhagen-von-deutschland-aus\/#primaryimage\"},\"thumbnailUrl\":\"https:\/\/puttgardenrodby.com\/de\/wp-content\/uploads\/sites\/4\/2023\/05\/Kopenhagen.jpg\",\"datePublished\":\"2023-05-09T16:21:41+00:00\",\"dateModified\":\"2024-03-14T08:46:26+00:00\",\"breadcrumb\":{\"@id\":\"https:\/\/puttgardenrodby.com\/de\/tagesausflug-nach-kopenhagen-von-deutschland-aus\/#breadcrumb\"},\"inLanguage\":\"de\",\"potentialAction\":[{\"@type\":\"ReadAction\",\"target\":[\"https:\/\/puttgardenrodby.com\/de\/tagesausflug-nach-kopenhagen-von-deutschland-aus\/\"]}]},{\"@type\":\"ImageObject\",\"inLanguage\":\"de\",\"@id\":\"https:\/\/puttgardenrodby.com\/de\/tagesausflug-nach-kopenhagen-von-deutschland-aus\/#primaryimage\",\"url\":\"https:\/\/puttgardenrodby.com\/de\/wp-content\/uploads\/sites\/4\/2023\/05\/Kopenhagen.jpg\",\"contentUrl\":\"https:\/\/puttgardenrodby.com\/de\/wp-content\/uploads\/sites\/4\/2023\/05\/Kopenhagen.jpg\",\"width\":1000,\"height\":500},{\"@type\":\"BreadcrumbList\",\"@id\":\"https:\/\/puttgardenrodby.com\/de\/tagesausflug-nach-kopenhagen-von-deutschland-aus\/#breadcrumb\",\"itemListElement\":[{\"@type\":\"ListItem\",\"position\":1,\"name\":\"Home\",\"item\":\"https:\/\/puttgardenrodby.com\/de\/\"},{\"@type\":\"ListItem\",\"position\":2,\"name\":\"Tagesausflug nach Kopenhagen von Deutschland aus\"}]},{\"@type\":\"WebSite\",\"@id\":\"https:\/\/puttgardenrodby.com\/de\/#website\",\"url\":\"https:\/\/puttgardenrodby.com\/de\/\",\"name\":\"Puttgarden Rodby Deutsch\",\"description\":\"\",\"publisher\":{\"@id\":\"https:\/\/puttgardenrodby.com\/de\/#organization\"},\"potentialAction\":[{\"@type\":\"SearchAction\",\"target\":{\"@type\":\"EntryPoint\",\"urlTemplate\":\"https:\/\/puttgardenrodby.com\/de\/?s={search_term_string}\"},\"query-input\":{\"@type\":\"PropertyValueSpecification\",\"valueRequired\":true,\"valueName\":\"search_term_string\"}}],\"inLanguage\":\"de\"},{\"@type\":\"Organization\",\"@id\":\"https:\/\/puttgardenrodby.com\/de\/#organization\",\"name\":\"Puttgarden Rodby Deutsch\",\"url\":\"https:\/\/puttgardenrodby.com\/de\/\",\"logo\":{\"@type\":\"ImageObject\",\"inLanguage\":\"de\",\"@id\":\"https:\/\/puttgardenrodby.com\/de\/#\/schema\/logo\/image\/\",\"url\":\"https:\/\/puttgardenrodby.com\/de\/wp-content\/uploads\/sites\/4\/2023\/05\/Puttgarden-Rodby-logo.png\",\"contentUrl\":\"https:\/\/puttgardenrodby.com\/de\/wp-content\/uploads\/sites\/4\/2023\/05\/Puttgarden-Rodby-logo.png\",\"width\":1043,\"height\":347,\"caption\":\"Puttgarden Rodby Deutsch\"},\"image\":{\"@id\":\"https:\/\/puttgardenrodby.com\/de\/#\/schema\/logo\/image\/\"}}]}<\/script>\n<!-- \/ Yoast SEO plugin. -->","yoast_head_json":{"title":"Tagesausflug nach Kopenhagen von Deutschland aus - Puttgarden Rodby Deutsch","robots":{"index":"index","follow":"follow","max-snippet":"max-snippet:-1","max-image-preview":"max-image-preview:large","max-video-preview":"max-video-preview:-1"},"canonical":"https:\/\/puttgardenrodby.com\/de\/tagesausflug-nach-kopenhagen-von-deutschland-aus\/","og_locale":"de_DE","og_type":"article","og_title":"Tagesausflug nach Kopenhagen von Deutschland aus - Puttgarden Rodby Deutsch","og_description":"F\u00e4hre Preise und Tickets Ein Tagesausflug von Deutschland nach Kopenhagen Ein Tagesausflug von Deutschland nach Kopenhagen kann eine wunderbare M\u00f6glichkeit sein, die Sehensw\u00fcrdigkeiten dieser lebendigen Stadt zu genie\u00dfen. Es gibt verschiedene M\u00f6glichkeiten, um von Deutschland nach Kopenhagen zu gelangen, einschlie\u00dflich Flug und Autofahrt, aber eine sehr beliebte Reisem\u00f6glichkeit ist die Nutzung der Puttgarden-F\u00e4hre. Die F\u00e4hre [&hellip;]","og_url":"https:\/\/puttgardenrodby.com\/de\/tagesausflug-nach-kopenhagen-von-deutschland-aus\/","og_site_name":"Puttgarden Rodby Deutsch","article_modified_time":"2024-03-14T08:46:26+00:00","og_image":[{"url":"https:\/\/puttgardenrodby.com\/de\/wp-content\/uploads\/sites\/4\/2023\/05\/Kopenhagen.jpg","type":"","width":"","height":""}],"twitter_card":"summary_large_image","twitter_misc":{"Gesch\u00e4tzte Lesezeit":"3\u00a0Minuten"},"schema":{"@context":"https:\/\/schema.org","@graph":[{"@type":"WebPage","@id":"https:\/\/puttgardenrodby.com\/de\/tagesausflug-nach-kopenhagen-von-deutschland-aus\/","url":"https:\/\/puttgardenrodby.com\/de\/tagesausflug-nach-kopenhagen-von-deutschland-aus\/","name":"Tagesausflug nach Kopenhagen von Deutschland aus - Puttgarden Rodby Deutsch","isPartOf":{"@id":"https:\/\/puttgardenrodby.com\/de\/#website"},"primaryImageOfPage":{"@id":"https:\/\/puttgardenrodby.com\/de\/tagesausflug-nach-kopenhagen-von-deutschland-aus\/#primaryimage"},"image":{"@id":"https:\/\/puttgardenrodby.com\/de\/tagesausflug-nach-kopenhagen-von-deutschland-aus\/#primaryimage"},"thumbnailUrl":"https:\/\/puttgardenrodby.com\/de\/wp-content\/uploads\/sites\/4\/2023\/05\/Kopenhagen.jpg","datePublished":"2023-05-09T16:21:41+00:00","dateModified":"2024-03-14T08:46:26+00:00","breadcrumb":{"@id":"https:\/\/puttgardenrodby.com\/de\/tagesausflug-nach-kopenhagen-von-deutschland-aus\/#breadcrumb"},"inLanguage":"de","potentialAction":[{"@type":"ReadAction","target":["https:\/\/puttgardenrodby.com\/de\/tagesausflug-nach-kopenhagen-von-deutschland-aus\/"]}]},{"@type":"ImageObject","inLanguage":"de","@id":"https:\/\/puttgardenrodby.com\/de\/tagesausflug-nach-kopenhagen-von-deutschland-aus\/#primaryimage","url":"https:\/\/puttgardenrodby.com\/de\/wp-content\/uploads\/sites\/4\/2023\/05\/Kopenhagen.jpg","contentUrl":"https:\/\/puttgardenrodby.com\/de\/wp-content\/uploads\/sites\/4\/2023\/05\/Kopenhagen.jpg","width":1000,"height":500},{"@type":"BreadcrumbList","@id":"https:\/\/puttgardenrodby.com\/de\/tagesausflug-nach-kopenhagen-von-deutschland-aus\/#breadcrumb","itemListElement":[{"@type":"ListItem","position":1,"name":"Home","item":"https:\/\/puttgardenrodby.com\/de\/"},{"@type":"ListItem","position":2,"name":"Tagesausflug nach Kopenhagen von Deutschland aus"}]},{"@type":"WebSite","@id":"https:\/\/puttgardenrodby.com\/de\/#website","url":"https:\/\/puttgardenrodby.com\/de\/","name":"Puttgarden Rodby Deutsch","description":"","publisher":{"@id":"https:\/\/puttgardenrodby.com\/de\/#organization"},"potentialAction":[{"@type":"SearchAction","target":{"@type":"EntryPoint","urlTemplate":"https:\/\/puttgardenrodby.com\/de\/?s={search_term_string}"},"query-input":{"@type":"PropertyValueSpecification","valueRequired":true,"valueName":"search_term_string"}}],"inLanguage":"de"},{"@type":"Organization","@id":"https:\/\/puttgardenrodby.com\/de\/#organization","name":"Puttgarden Rodby Deutsch","url":"https:\/\/puttgardenrodby.com\/de\/","logo":{"@type":"ImageObject","inLanguage":"de","@id":"https:\/\/puttgardenrodby.com\/de\/#\/schema\/logo\/image\/","url":"https:\/\/puttgardenrodby.com\/de\/wp-content\/uploads\/sites\/4\/2023\/05\/Puttgarden-Rodby-logo.png","contentUrl":"https:\/\/puttgardenrodby.com\/de\/wp-content\/uploads\/sites\/4\/2023\/05\/Puttgarden-Rodby-logo.png","width":1043,"height":347,"caption":"Puttgarden Rodby Deutsch"},"image":{"@id":"https:\/\/puttgardenrodby.com\/de\/#\/schema\/logo\/image\/"}}]}},"_links":{"self":[{"href":"https:\/\/puttgardenrodby.com\/de\/wp-json\/wp\/v2\/pages\/504","targetHints":{"allow":["GET"]}}],"collection":[{"href":"https:\/\/puttgardenrodby.com\/de\/wp-json\/wp\/v2\/pages"}],"about":[{"href":"https:\/\/puttgardenrodby.com\/de\/wp-json\/wp\/v2\/types\/page"}],"author":[{"embeddable":true,"href":"https:\/\/puttgardenrodby.com\/de\/wp-json\/wp\/v2\/users\/1"}],"replies":[{"embeddable":true,"href":"https:\/\/puttgardenrodby.com\/de\/wp-json\/wp\/v2\/comments?post=504"}],"version-history":[{"count":23,"href":"https:\/\/puttgardenrodby.com\/de\/wp-json\/wp\/v2\/pages\/504\/revisions"}],"predecessor-version":[{"id":1465,"href":"https:\/\/puttgardenrodby.com\/de\/wp-json\/wp\/v2\/pages\/504\/revisions\/1465"}],"wp:attachment":[{"href":"https:\/\/puttgardenrodby.com\/de\/wp-json\/wp\/v2\/media?parent=504"}],"curies":[{"name":"wp","href":"https:\/\/api.w.org\/{rel}","templated":true}]}}