{"id":168,"date":"2023-05-08T12:11:27","date_gmt":"2023-05-08T12:11:27","guid":{"rendered":"https:\/\/puttgardenrodby.nl\/?page_id=168"},"modified":"2024-03-20T13:31:29","modified_gmt":"2024-03-20T13:31:29","slug":"preise","status":"publish","type":"page","link":"https:\/\/puttgardenrodby.com\/de\/preise\/","title":{"rendered":"Puttgarden-R\u00f8dby-F\u00e4hre Preise"},"content":{"rendered":"\t\t<div data-elementor-type=\"wp-post\" data-elementor-id=\"168\" class=\"elementor elementor-168\" data-elementor-post-type=\"page\">\n\t\t\t\t\t\t<section class=\"elementor-section elementor-top-section elementor-element elementor-element-3aaa9e27 elementor-section-boxed elementor-section-height-default elementor-section-height-default\" data-id=\"3aaa9e27\" data-element_type=\"section\" data-e-type=\"section\" data-settings=\"{&quot;background_background&quot;:&quot;gradient&quot;,&quot;sticky&quot;:&quot;top&quot;,&quot;sticky_on&quot;:[&quot;desktop&quot;,&quot;tablet&quot;,&quot;mobile&quot;],&quot;sticky_offset&quot;:0,&quot;sticky_effects_offset&quot;:0,&quot;sticky_anchor_link_offset&quot;:0}\">\n\t\t\t\t\t\t<div class=\"elementor-container elementor-column-gap-default\">\n\t\t\t\t\t<div class=\"elementor-column elementor-col-50 elementor-top-column elementor-element elementor-element-66aa1c14\" data-id=\"66aa1c14\" data-element_type=\"column\" data-e-type=\"column\">\n\t\t\t<div class=\"elementor-widget-wrap elementor-element-populated\">\n\t\t\t\t\t\t<div class=\"elementor-element elementor-element-5c1bb9a2 elementor-widget elementor-widget-breadcrumbs\" data-id=\"5c1bb9a2\" data-element_type=\"widget\" data-e-type=\"widget\" data-widget_type=\"breadcrumbs.default\">\n\t\t\t\t<div class=\"elementor-widget-container\">\n\t\t\t\t\t<p id=\"breadcrumbs\"><span><span><a href=\"https:\/\/puttgardenrodby.com\/de\/\">Home<\/a><\/span><\/span><\/p>\t\t\t\t<\/div>\n\t\t\t\t<\/div>\n\t\t\t\t\t<\/div>\n\t\t<\/div>\n\t\t\t\t<div class=\"elementor-column elementor-col-50 elementor-top-column elementor-element elementor-element-72635e6f\" data-id=\"72635e6f\" data-element_type=\"column\" data-e-type=\"column\">\n\t\t\t<div class=\"elementor-widget-wrap elementor-element-populated\">\n\t\t\t\t\t\t<div class=\"elementor-element elementor-element-1c1a18ab elementor-align-right elementor-mobile-align-center elementor-widget elementor-widget-button\" data-id=\"1c1a18ab\" data-element_type=\"widget\" data-e-type=\"widget\" data-settings=\"{&quot;sticky&quot;:&quot;top&quot;,&quot;sticky_on&quot;:[&quot;mobile&quot;],&quot;sticky_offset&quot;:8,&quot;sticky_effects_offset_mobile&quot;:0,&quot;_animation_mobile&quot;:&quot;fadeIn&quot;,&quot;sticky_effects_offset&quot;:0,&quot;sticky_anchor_link_offset&quot;:0}\" data-widget_type=\"button.default\">\n\t\t\t\t<div class=\"elementor-widget-container\">\n\t\t\t\t\t\t\t\t\t<div class=\"elementor-button-wrapper\">\n\t\t\t\t\t<a class=\"elementor-button elementor-button-link elementor-size-md elementor-animation-shrink\" href=\"https:\/\/puttgardenrodby.com\/de\/go\/button-header-page\" target=\"_blank\">\n\t\t\t\t\t\t<span class=\"elementor-button-content-wrapper\">\n\t\t\t\t\t\t<span class=\"elementor-button-icon\">\n\t\t\t\t<i aria-hidden=\"true\" class=\"far fa-arrow-alt-circle-right\"><\/i>\t\t\t<\/span>\n\t\t\t\t\t\t\t\t\t<span class=\"elementor-button-text\">F\u00e4hre Preise und Tickets<\/span>\n\t\t\t\t\t<\/span>\n\t\t\t\t\t<\/a>\n\t\t\t\t<\/div>\n\t\t\t\t\t\t\t\t<\/div>\n\t\t\t\t<\/div>\n\t\t\t\t\t<\/div>\n\t\t<\/div>\n\t\t\t\t\t<\/div>\n\t\t<\/section>\n\t\t\t\t<section class=\"elementor-section elementor-top-section elementor-element elementor-element-348d881 elementor-section-boxed elementor-section-height-default elementor-section-height-default\" data-id=\"348d881\" data-element_type=\"section\" data-e-type=\"section\">\n\t\t\t\t\t\t\t<div class=\"elementor-background-overlay\"><\/div>\n\t\t\t\t\t\t\t<div class=\"elementor-container elementor-column-gap-default\">\n\t\t\t\t\t<div class=\"elementor-column elementor-col-50 elementor-top-column elementor-element elementor-element-2e117c7\" data-id=\"2e117c7\" data-element_type=\"column\" data-e-type=\"column\">\n\t\t\t<div class=\"elementor-widget-wrap elementor-element-populated\">\n\t\t\t\t\t\t<div class=\"elementor-element elementor-element-e20d4c6 elementor-widget elementor-widget-image\" data-id=\"e20d4c6\" data-element_type=\"widget\" data-e-type=\"widget\" data-widget_type=\"image.default\">\n\t\t\t\t<div class=\"elementor-widget-container\">\n\t\t\t\t\t\t\t\t\t\t\t\t\t\t\t<img fetchpriority=\"high\" decoding=\"async\" width=\"1181\" height=\"589\" src=\"https:\/\/puttgardenrodby.com\/de\/wp-content\/uploads\/sites\/4\/2024\/01\/preise-scandlines.jpg\" class=\"attachment-full size-full wp-image-1253\" alt=\"preise scandlines\" srcset=\"https:\/\/puttgardenrodby.com\/de\/wp-content\/uploads\/sites\/4\/2024\/01\/preise-scandlines.jpg 1181w, https:\/\/puttgardenrodby.com\/de\/wp-content\/uploads\/sites\/4\/2024\/01\/preise-scandlines-300x150.jpg 300w, https:\/\/puttgardenrodby.com\/de\/wp-content\/uploads\/sites\/4\/2024\/01\/preise-scandlines-1024x511.jpg 1024w, https:\/\/puttgardenrodby.com\/de\/wp-content\/uploads\/sites\/4\/2024\/01\/preise-scandlines-768x383.jpg 768w\" sizes=\"(max-width: 1181px) 100vw, 1181px\" \/>\t\t\t\t\t\t\t\t\t\t\t\t\t\t\t<\/div>\n\t\t\t\t<\/div>\n\t\t\t\t<div class=\"elementor-element elementor-element-18585c6 elementor-widget elementor-widget-heading\" data-id=\"18585c6\" data-element_type=\"widget\" data-e-type=\"widget\" data-widget_type=\"heading.default\">\n\t\t\t\t<div class=\"elementor-widget-container\">\n\t\t\t\t\t<h1 class=\"elementor-heading-title elementor-size-default\">Preise f\u00fcr die Puttgarden-R\u00f8dby F\u00e4hre<\/h1>\t\t\t\t<\/div>\n\t\t\t\t<\/div>\n\t\t\t\t<div class=\"elementor-element elementor-element-9a07386 elementor-tabs-view-horizontal elementor-widget elementor-widget-tabs\" data-id=\"9a07386\" data-element_type=\"widget\" data-e-type=\"widget\" data-widget_type=\"tabs.default\">\n\t\t\t\t<div class=\"elementor-widget-container\">\n\t\t\t\t\t\t\t<div class=\"elementor-tabs\">\n\t\t\t<div class=\"elementor-tabs-wrapper\" role=\"tablist\" >\n\t\t\t\t\t\t\t\t\t<div id=\"elementor-tab-title-1611\" class=\"elementor-tab-title elementor-tab-desktop-title\" aria-selected=\"true\" data-tab=\"1\" role=\"tab\" tabindex=\"0\" aria-controls=\"elementor-tab-content-1611\" aria-expanded=\"false\">Hochsaisonpreise<\/div>\n\t\t\t\t\t\t\t\t\t<div id=\"elementor-tab-title-1612\" class=\"elementor-tab-title elementor-tab-desktop-title\" aria-selected=\"false\" data-tab=\"2\" role=\"tab\" tabindex=\"-1\" aria-controls=\"elementor-tab-content-1612\" aria-expanded=\"false\">Zwischensaison<\/div>\n\t\t\t\t\t\t\t\t\t<div id=\"elementor-tab-title-1613\" class=\"elementor-tab-title elementor-tab-desktop-title\" aria-selected=\"false\" data-tab=\"3\" role=\"tab\" tabindex=\"-1\" aria-controls=\"elementor-tab-content-1613\" aria-expanded=\"false\">Nebensaisonpreise<\/div>\n\t\t\t\t\t\t\t<\/div>\n\t\t\t<div class=\"elementor-tabs-content-wrapper\" role=\"tablist\" aria-orientation=\"vertical\">\n\t\t\t\t\t\t\t\t\t<div class=\"elementor-tab-title elementor-tab-mobile-title\" aria-selected=\"true\" data-tab=\"1\" role=\"tab\" tabindex=\"0\" aria-controls=\"elementor-tab-content-1611\" aria-expanded=\"false\">Hochsaisonpreise<\/div>\n\t\t\t\t\t<div id=\"elementor-tab-content-1611\" class=\"elementor-tab-content elementor-clearfix\" data-tab=\"1\" role=\"tabpanel\" aria-labelledby=\"elementor-tab-title-1611\" tabindex=\"0\" hidden=\"false\"><h5>Preise f\u00fcr die Hochsaison bei Scandlines<\/h5>\n<ul>\n    <li>Fr., 2. Februar 2024 bis So., 25. Februar 2024<\/li>\n    <li>Fr., 22. M\u00e4rz 2024 bis So., 7. April 2024<\/li>\n    <li>Sa., 1. Juni 2024 bis So., 1. September 2024<\/li>\n    <li>Fr., 11. Oktober 2024 bis So., 27. Oktober 2024<\/li>\n    <li>Do., 19. Dezember 2024 bis Do., 2. Januar 2025<\/li>\n<\/ul>\n<h5>Early-Booker-Einzelfahrt<\/h5>\n<ul>\n    <li>Fahrzeug &lt;6m bis zu 9 Personen <strong>\u20ac64<\/strong>\n+ \u20ac30 pro zus\u00e4tzlichen 2 Meter L\u00e4nge<\/li>\n<\/ul>\n<h5>Standard<\/h5>\n<ul>\n    <li>Fahrzeug &lt;6m bis zu 9 Personen <strong>\u20ac105<\/strong>\n+ \u20ac30 pro zus\u00e4tzlichen 2 Meter L\u00e4nge<\/li>\n<\/ul>\n<h5>Flex<\/h5>\n<ul>\n    <li>Fahrzeug &lt;6m bis zu 9 Personen <strong>\u20ac141<\/strong>\n+ \u20ac30 pro zus\u00e4tzlichen 2 Meter L\u00e4nge<\/li>\n<\/ul>\n<h5>Andere<\/h5>\n<ul>\n    <li>Motorrad\/Mofa <strong>\u20ac59<\/strong><\/li>\n    <li>Fu\u00dfg\u00e4nger <strong>\u20ac20<\/strong><\/li>\n    <li>Kind 5-13 <strong>\u20ac10<\/strong><\/li>\n    <li>Fahrrad: <strong>\u20ac3<\/strong><\/li>\n<\/ul>\n<\/div>\n\t\t\t\t\t\t\t\t\t<div class=\"elementor-tab-title elementor-tab-mobile-title\" aria-selected=\"false\" data-tab=\"2\" role=\"tab\" tabindex=\"-1\" aria-controls=\"elementor-tab-content-1612\" aria-expanded=\"false\">Zwischensaison<\/div>\n\t\t\t\t\t<div id=\"elementor-tab-content-1612\" class=\"elementor-tab-content elementor-clearfix\" data-tab=\"2\" role=\"tabpanel\" aria-labelledby=\"elementor-tab-title-1612\" tabindex=\"0\" hidden=\"hidden\"><h5>Preise f\u00fcr das Zwischensaison bei Scandlines<\/h5><ul><li>Mo., 29. Januar 2024 bis Do., 1. Februar 2024<\/li><li>Mo., 26. Februar 2024 bis So., 3. M\u00e4rz 2024<\/li><li>Mo., 18. M\u00e4rz 2024 bis Do., 21. M\u00e4rz 2024<\/li><li>Mo., 8. April 2024 bis So., 14. April 2024<\/li><li>Do., 9. Mai 2024 bis Fr., 31. Mai 2024<\/li><li>Mo., 2. September 2024 bis Do., 10. Oktober 2024<\/li><li>Mo., 28. Oktober 2024 bis So., 3. November 2024<\/li><li>Fr., 13. Dezember 2024 bis Mi., 18. Dezember 2024<\/li><\/ul><h5>Early-Booker-Einzelfahrt<\/h5><ul><li>Fahrzeug &lt;6m bis zu 9 Personen <strong>\u20ac55<\/strong><br \/>+ \u20ac30 pro zus\u00e4tzlichen 2 Meter L\u00e4nge<\/li><\/ul><h5>Standard<\/h5><ul><li>Fahrzeug &lt;6m bis zu 9 Personen <strong>\u20ac90<\/strong><br \/>+ \u20ac30 pro zus\u00e4tzlichen 2 Meter L\u00e4nge<\/li><\/ul><h5>Flex<\/h5><ul><li>Fahrzeug &lt;6m bis zu 9 Personen <strong>\u20ac121<\/strong><br \/>+ \u20ac30 pro zus\u00e4tzlichen 2 Meter L\u00e4nge<\/li><\/ul><h5>Andere<\/h5><ul><li>Motorrad\/Mofa <strong>\u20ac59<\/strong><\/li><li>Fu\u00dfg\u00e4nger <strong>\u20ac20<\/strong><\/li><li>Kind 5-13 <strong>\u20ac10<\/strong><\/li><li>Fahrrad: <strong>\u20ac3<\/strong><\/li><\/ul><\/div>\n\t\t\t\t\t\t\t\t\t<div class=\"elementor-tab-title elementor-tab-mobile-title\" aria-selected=\"false\" data-tab=\"3\" role=\"tab\" tabindex=\"-1\" aria-controls=\"elementor-tab-content-1613\" aria-expanded=\"false\">Nebensaisonpreise<\/div>\n\t\t\t\t\t<div id=\"elementor-tab-content-1613\" class=\"elementor-tab-content elementor-clearfix\" data-tab=\"3\" role=\"tabpanel\" aria-labelledby=\"elementor-tab-title-1613\" tabindex=\"0\" hidden=\"hidden\"><h5>Preise f\u00fcr die Nebensaison bei Scandlines<\/h5><ul><li>Mo., 4. M\u00e4rz 2024 bis So., 17. M\u00e4rz 2024<\/li><li>Mo., 15. April 2024 bis Mi., 8. Mai 2024<\/li><li>Mo., 4. November 2024 bis Do., 12. Dezember 2024<\/li><\/ul><h5>Early-Booker-Einzelfahrt<\/h5><ul><li>Fahrzeug &lt;6m bis zu 9 Personen <strong>\u20ac52<\/strong><br \/>+ \u20ac30 pro zus\u00e4tzlichen 2 Meter L\u00e4nge<\/li><\/ul><h5>Standard<\/h5><ul><li>Fahrzeug &lt;6m bis zu 9 Personen <strong>\u20ac83<\/strong><br \/>+ \u20ac30 pro zus\u00e4tzlichen 2 Meter L\u00e4nge<\/li><\/ul><h5>Flex<\/h5><ul><li>Fahrzeug &lt;6m bis zu 9 Personen <strong>\u20ac113<\/strong><br \/>+ \u20ac30 pro zus\u00e4tzlichen 2 Meter L\u00e4nge<\/li><\/ul><h5>Andere<\/h5><ul><li>Motorrad\/Mofa <strong>\u20ac48<\/strong><\/li><li>Fu\u00dfg\u00e4nger <strong>\u20ac10<\/strong><\/li><li>Kind 5-13 <strong>\u20ac5<\/strong><\/li><li>Fahrrad: <strong>\u20ac1,50<\/strong><\/li><\/ul><\/div>\n\t\t\t\t\t\t\t<\/div>\n\t\t<\/div>\n\t\t\t\t\t\t<\/div>\n\t\t\t\t<\/div>\n\t\t\t\t<div class=\"elementor-element elementor-element-b42abdf elementor-widget elementor-widget-text-editor\" data-id=\"b42abdf\" data-element_type=\"widget\" data-e-type=\"widget\" data-widget_type=\"text-editor.default\">\n\t\t\t\t<div class=\"elementor-widget-container\">\n\t\t\t\t\t\t\t\t\t<p><span style=\"font-size: inherit; text-align: inherit; color: var( --e-global-color-text ); font-family: var( --e-global-typography-text-font-family ), Sans-serif; font-weight: var( --e-global-typography-text-font-weight ); letter-spacing: -0.015em;\">Die Preise f\u00fcr die Puttgarden-R\u00f8dby F\u00e4hre variieren je nach Hoch- und Nebensaison. F\u00fcr Fahrzeugtickets gibt es auch eine Mittelsaison, in der die Preise etwas h\u00f6her sind als in der Nebensaison.<\/span><\/p><p>Die auf der Website von Scandlines angegebenen Startpreise sind immer:<\/p><ul><li>Preise f\u00fcr die Nebensaison<\/li><li>Exklusive 1,50 \u20ac Kraftstoffkosten pro \u00dcberfahrt<\/li><li>Tarife f\u00fcr Fr\u00fchbucher<\/li><\/ul><h3>Tarife<\/h3><p>Bei der Buchung kannst du zwischen <strong>Early Booker, Standard und Flex<\/strong> w\u00e4hlen. Hier sind die Preise f\u00fcr eine einfache Fahrt, einschlie\u00dflich Kraftstoffzuschlag. Es gibt keinen zus\u00e4tzlichen Vorteil f\u00fcr R\u00fcckfahrttickets, es sei denn, du reist am selben Tag zur\u00fcck. In allen anderen F\u00e4llen belaufen sich die Kosten auf das doppelte des Preises f\u00fcr eine einfache Fahrt.<\/p><p>Wenn du die \u00dcberfahrt mit einem Fahrzeug machen m\u00f6chtest, zahlst du nur f\u00fcr das Fahrzeug. Die maximale Anzahl der Personen, die dem Fahrzeug hinzugef\u00fcgt werden k\u00f6nnen, betr\u00e4gt 9. F\u00fcr Fahrzeuge \u00fcber 6 Meter L\u00e4nge werden zus\u00e4tzlich 30 \u20ac pro zwei Meter berechnet.<\/p><h3>&#8222;Low Price&#8220; ab 52 \u20ac<\/h3><p>Ab 30 Tagen vor Abfahrt kannst du begrenzt verf\u00fcgbare Tickets ab 50,50 \u20ac f\u00fcr eine einfache Fahrt kaufen. Hinzu kommt ein Kraftstoffzuschlag von 1,50 \u20ac.<\/p><h3>&#8222;Standard&#8220; ab 83 \u20ac<\/h3><p>Standardtickets k\u00f6nnen online bis 2 Stunden vor Abfahrt f\u00fcr 81,50 \u20ac gekauft werden. Hinzu kommt ein Kraftstoffzuschlag von 1,50 \u20ac.<\/p><h3>&#8222;Flex&#8220; ab 113 \u20ac<\/h3><p>Flex-Tickets sollten aufgrund des Preises nur in Ausnahmef\u00e4llen bestellt werden. Sie sind nur interessant, wenn du mit gro\u00dfer Unsicherheit \u00fcber dein Abreisedatum reist. Flex-Tickets sind ab 111,50 \u20ac (exklusive Kraftstoffzuschlag) erh\u00e4ltlich.<\/p>\t\t\t\t\t\t\t\t<\/div>\n\t\t\t\t<\/div>\n\t\t\t\t<div class=\"elementor-element elementor-element-3d6085d elementor-widget elementor-widget-text-editor\" data-id=\"3d6085d\" data-element_type=\"widget\" data-e-type=\"widget\" data-widget_type=\"text-editor.default\">\n\t\t\t\t<div class=\"elementor-widget-container\">\n\t\t\t\t\t\t\t\t\t<h2>Kombinationsbillets <br \/>Deutschland &#8211; D\u00e4nemark &#8211; Schweden<\/h2><p>Wer nach Schweden m\u00f6chte, kann in einer Bestellung auch Tickets f\u00fcr die Br\u00fccke oder die Helsingborg-Helsing\u00f8r F\u00e4hre kaufen. Wir haben eine separate Seite f\u00fcr diese Tickets:<\/p><ul><li><a href=\"https:\/\/puttgardenrodby.com\/de\/puttgarden-rodby-helsingor-helsingborg\/\" target=\"_blank\" rel=\"noopener\">Puttgarden-R\u00f8dby + Helsing\u00f8r-Helsingborg<\/a><\/li><li><a href=\"https:\/\/puttgardenrodby.com\/de\/puttgarden-rodby-oeresundbruecke\/\" target=\"_blank\" rel=\"noopener\">Puttgarden-R\u00f8dby + \u00d6resundbr\u00fccke<\/a><\/li><\/ul>\t\t\t\t\t\t\t\t<\/div>\n\t\t\t\t<\/div>\n\t\t\t\t\t<\/div>\n\t\t<\/div>\n\t\t\t\t<div class=\"elementor-column elementor-col-50 elementor-top-column elementor-element elementor-element-9a29147\" data-id=\"9a29147\" data-element_type=\"column\" data-e-type=\"column\">\n\t\t\t<div class=\"elementor-widget-wrap elementor-element-populated\">\n\t\t\t\t\t\t<div class=\"elementor-element elementor-element-de19ae8 elementor-widget elementor-widget-text-editor\" data-id=\"de19ae8\" data-element_type=\"widget\" data-e-type=\"widget\" data-settings=\"{&quot;sticky_offset&quot;:100,&quot;sticky&quot;:&quot;top&quot;,&quot;sticky_effects_offset&quot;:60,&quot;sticky_parent&quot;:&quot;yes&quot;,&quot;sticky_on&quot;:[&quot;desktop&quot;,&quot;tablet&quot;,&quot;mobile&quot;],&quot;sticky_anchor_link_offset&quot;:0}\" data-widget_type=\"text-editor.default\">\n\t\t\t\t<div class=\"elementor-widget-container\">\n\t\t\t\t\t\t\t\t\t<p><strong>F\u00e4hrtickets<\/strong><\/p><p>Die g\u00fcnstigsten Tickets sind \u00fcber den F\u00e4hrbetreiber Scandlines erh\u00e4ltlich.<\/p><p><a href=\"https:\/\/puttgardenrodby.com\/de\/go\/pages-side\" target=\"_blank\" rel=\"noopener\">Stellen Sie Ihre \u00dcberfahrt zusammen. <\/a><a href=\"https:\/\/puttgardenrodby.com\/go\/pages-side\" target=\"_blank\" rel=\"noopener\">\u2b9e<\/a><\/p>\t\t\t\t\t\t\t\t<\/div>\n\t\t\t\t<\/div>\n\t\t\t\t\t<\/div>\n\t\t<\/div>\n\t\t\t\t\t<\/div>\n\t\t<\/section>\n\t\t\t\t<\/div>\n\t\t","protected":false},"excerpt":{"rendered":"<p>F\u00e4hre Preise und Tickets Preise f\u00fcr die Puttgarden-R\u00f8dby F\u00e4hre Hochsaisonpreise Zwischensaison Nebensaisonpreise Hochsaisonpreise Preise f\u00fcr die Hochsaison bei Scandlines Fr., 2. Februar 2024 bis So., 25. Februar 2024 Fr., 22. M\u00e4rz 2024 bis So., 7. April 2024 Sa., 1. Juni 2024 bis So., 1. September 2024 Fr., 11. Oktober 2024 bis So., 27. Oktober 2024 [&hellip;]<\/p>\n","protected":false},"author":1,"featured_media":0,"parent":0,"menu_order":0,"comment_status":"closed","ping_status":"closed","template":"elementor_header_footer","meta":{"footnotes":""},"class_list":["post-168","page","type-page","status-publish","hentry"],"yoast_head":"<!-- This site is optimized with the Yoast SEO plugin v27.2 - https:\/\/yoast.com\/product\/yoast-seo-wordpress\/ -->\n<title>Preise und Tarife der F\u00e4hre Puttgarden-R\u00f8dby<\/title>\n<meta name=\"description\" content=\"Entdecken Sie die Preise der F\u00e4hre Puttgarden-R\u00f8dby auf PuttgardenRodby.com Sehen Sie sich die Preise und Tipps f\u00fcr eine vorteilhafte Buchung\" \/>\n<meta name=\"robots\" content=\"index, follow, max-snippet:-1, max-image-preview:large, max-video-preview:-1\" \/>\n<link rel=\"canonical\" href=\"https:\/\/puttgardenrodby.com\/de\/preise\/\" \/>\n<meta property=\"og:locale\" content=\"de_DE\" \/>\n<meta property=\"og:type\" content=\"article\" \/>\n<meta property=\"og:title\" content=\"Preise und Tarife der F\u00e4hre Puttgarden-R\u00f8dby\" \/>\n<meta property=\"og:description\" content=\"Entdecken Sie die Preise der F\u00e4hre Puttgarden-R\u00f8dby auf PuttgardenRodby.com Sehen Sie sich die Preise und Tipps f\u00fcr eine vorteilhafte Buchung\" \/>\n<meta property=\"og:url\" content=\"https:\/\/puttgardenrodby.com\/de\/preise\/\" \/>\n<meta property=\"og:site_name\" content=\"Puttgarden Rodby Deutsch\" \/>\n<meta property=\"article:modified_time\" content=\"2024-03-20T13:31:29+00:00\" \/>\n<meta property=\"og:image\" content=\"https:\/\/puttgardenrodby.com\/de\/wp-content\/uploads\/sites\/4\/2024\/01\/preise-scandlines.jpg\" \/>\n<meta name=\"twitter:card\" content=\"summary_large_image\" \/>\n<meta name=\"twitter:label1\" content=\"Gesch\u00e4tzte Lesezeit\" \/>\n\t<meta name=\"twitter:data1\" content=\"4\u00a0Minuten\" \/>\n<script type=\"application\/ld+json\" class=\"yoast-schema-graph\">{\"@context\":\"https:\/\/schema.org\",\"@graph\":[{\"@type\":\"WebPage\",\"@id\":\"https:\/\/puttgardenrodby.com\/de\/preise\/\",\"url\":\"https:\/\/puttgardenrodby.com\/de\/preise\/\",\"name\":\"Preise und Tarife der F\u00e4hre Puttgarden-R\u00f8dby\",\"isPartOf\":{\"@id\":\"https:\/\/puttgardenrodby.com\/de\/#website\"},\"primaryImageOfPage\":{\"@id\":\"https:\/\/puttgardenrodby.com\/de\/preise\/#primaryimage\"},\"image\":{\"@id\":\"https:\/\/puttgardenrodby.com\/de\/preise\/#primaryimage\"},\"thumbnailUrl\":\"https:\/\/puttgardenrodby.com\/de\/wp-content\/uploads\/sites\/4\/2024\/01\/preise-scandlines.jpg\",\"datePublished\":\"2023-05-08T12:11:27+00:00\",\"dateModified\":\"2024-03-20T13:31:29+00:00\",\"description\":\"Entdecken Sie die Preise der F\u00e4hre Puttgarden-R\u00f8dby auf PuttgardenRodby.com Sehen Sie sich die Preise und Tipps f\u00fcr eine vorteilhafte Buchung\",\"breadcrumb\":{\"@id\":\"https:\/\/puttgardenrodby.com\/de\/preise\/#breadcrumb\"},\"inLanguage\":\"de\",\"potentialAction\":[{\"@type\":\"ReadAction\",\"target\":[\"https:\/\/puttgardenrodby.com\/de\/preise\/\"]}]},{\"@type\":\"ImageObject\",\"inLanguage\":\"de\",\"@id\":\"https:\/\/puttgardenrodby.com\/de\/preise\/#primaryimage\",\"url\":\"https:\/\/puttgardenrodby.com\/de\/wp-content\/uploads\/sites\/4\/2024\/01\/preise-scandlines.jpg\",\"contentUrl\":\"https:\/\/puttgardenrodby.com\/de\/wp-content\/uploads\/sites\/4\/2024\/01\/preise-scandlines.jpg\",\"width\":1181,\"height\":589,\"caption\":\"preise scandlines\"},{\"@type\":\"BreadcrumbList\",\"@id\":\"https:\/\/puttgardenrodby.com\/de\/preise\/#breadcrumb\",\"itemListElement\":[{\"@type\":\"ListItem\",\"position\":1,\"name\":\"Home\",\"item\":\"https:\/\/puttgardenrodby.com\/de\/\"},{\"@type\":\"ListItem\",\"position\":2,\"name\":\"Puttgarden-R\u00f8dby-F\u00e4hre Preise\"}]},{\"@type\":\"WebSite\",\"@id\":\"https:\/\/puttgardenrodby.com\/de\/#website\",\"url\":\"https:\/\/puttgardenrodby.com\/de\/\",\"name\":\"Puttgarden Rodby Deutsch\",\"description\":\"\",\"publisher\":{\"@id\":\"https:\/\/puttgardenrodby.com\/de\/#organization\"},\"potentialAction\":[{\"@type\":\"SearchAction\",\"target\":{\"@type\":\"EntryPoint\",\"urlTemplate\":\"https:\/\/puttgardenrodby.com\/de\/?s={search_term_string}\"},\"query-input\":{\"@type\":\"PropertyValueSpecification\",\"valueRequired\":true,\"valueName\":\"search_term_string\"}}],\"inLanguage\":\"de\"},{\"@type\":\"Organization\",\"@id\":\"https:\/\/puttgardenrodby.com\/de\/#organization\",\"name\":\"Puttgarden Rodby Deutsch\",\"url\":\"https:\/\/puttgardenrodby.com\/de\/\",\"logo\":{\"@type\":\"ImageObject\",\"inLanguage\":\"de\",\"@id\":\"https:\/\/puttgardenrodby.com\/de\/#\/schema\/logo\/image\/\",\"url\":\"https:\/\/puttgardenrodby.com\/de\/wp-content\/uploads\/sites\/4\/2023\/05\/Puttgarden-Rodby-logo.png\",\"contentUrl\":\"https:\/\/puttgardenrodby.com\/de\/wp-content\/uploads\/sites\/4\/2023\/05\/Puttgarden-Rodby-logo.png\",\"width\":1043,\"height\":347,\"caption\":\"Puttgarden Rodby Deutsch\"},\"image\":{\"@id\":\"https:\/\/puttgardenrodby.com\/de\/#\/schema\/logo\/image\/\"}}]}<\/script>\n<!-- \/ Yoast SEO plugin. -->","yoast_head_json":{"title":"Preise und Tarife der F\u00e4hre Puttgarden-R\u00f8dby","description":"Entdecken Sie die Preise der F\u00e4hre Puttgarden-R\u00f8dby auf PuttgardenRodby.com Sehen Sie sich die Preise und Tipps f\u00fcr eine vorteilhafte Buchung","robots":{"index":"index","follow":"follow","max-snippet":"max-snippet:-1","max-image-preview":"max-image-preview:large","max-video-preview":"max-video-preview:-1"},"canonical":"https:\/\/puttgardenrodby.com\/de\/preise\/","og_locale":"de_DE","og_type":"article","og_title":"Preise und Tarife der F\u00e4hre Puttgarden-R\u00f8dby","og_description":"Entdecken Sie die Preise der F\u00e4hre Puttgarden-R\u00f8dby auf PuttgardenRodby.com Sehen Sie sich die Preise und Tipps f\u00fcr eine vorteilhafte Buchung","og_url":"https:\/\/puttgardenrodby.com\/de\/preise\/","og_site_name":"Puttgarden Rodby Deutsch","article_modified_time":"2024-03-20T13:31:29+00:00","og_image":[{"url":"https:\/\/puttgardenrodby.com\/de\/wp-content\/uploads\/sites\/4\/2024\/01\/preise-scandlines.jpg","type":"","width":"","height":""}],"twitter_card":"summary_large_image","twitter_misc":{"Gesch\u00e4tzte Lesezeit":"4\u00a0Minuten"},"schema":{"@context":"https:\/\/schema.org","@graph":[{"@type":"WebPage","@id":"https:\/\/puttgardenrodby.com\/de\/preise\/","url":"https:\/\/puttgardenrodby.com\/de\/preise\/","name":"Preise und Tarife der F\u00e4hre Puttgarden-R\u00f8dby","isPartOf":{"@id":"https:\/\/puttgardenrodby.com\/de\/#website"},"primaryImageOfPage":{"@id":"https:\/\/puttgardenrodby.com\/de\/preise\/#primaryimage"},"image":{"@id":"https:\/\/puttgardenrodby.com\/de\/preise\/#primaryimage"},"thumbnailUrl":"https:\/\/puttgardenrodby.com\/de\/wp-content\/uploads\/sites\/4\/2024\/01\/preise-scandlines.jpg","datePublished":"2023-05-08T12:11:27+00:00","dateModified":"2024-03-20T13:31:29+00:00","description":"Entdecken Sie die Preise der F\u00e4hre Puttgarden-R\u00f8dby auf PuttgardenRodby.com Sehen Sie sich die Preise und Tipps f\u00fcr eine vorteilhafte Buchung","breadcrumb":{"@id":"https:\/\/puttgardenrodby.com\/de\/preise\/#breadcrumb"},"inLanguage":"de","potentialAction":[{"@type":"ReadAction","target":["https:\/\/puttgardenrodby.com\/de\/preise\/"]}]},{"@type":"ImageObject","inLanguage":"de","@id":"https:\/\/puttgardenrodby.com\/de\/preise\/#primaryimage","url":"https:\/\/puttgardenrodby.com\/de\/wp-content\/uploads\/sites\/4\/2024\/01\/preise-scandlines.jpg","contentUrl":"https:\/\/puttgardenrodby.com\/de\/wp-content\/uploads\/sites\/4\/2024\/01\/preise-scandlines.jpg","width":1181,"height":589,"caption":"preise scandlines"},{"@type":"BreadcrumbList","@id":"https:\/\/puttgardenrodby.com\/de\/preise\/#breadcrumb","itemListElement":[{"@type":"ListItem","position":1,"name":"Home","item":"https:\/\/puttgardenrodby.com\/de\/"},{"@type":"ListItem","position":2,"name":"Puttgarden-R\u00f8dby-F\u00e4hre Preise"}]},{"@type":"WebSite","@id":"https:\/\/puttgardenrodby.com\/de\/#website","url":"https:\/\/puttgardenrodby.com\/de\/","name":"Puttgarden Rodby Deutsch","description":"","publisher":{"@id":"https:\/\/puttgardenrodby.com\/de\/#organization"},"potentialAction":[{"@type":"SearchAction","target":{"@type":"EntryPoint","urlTemplate":"https:\/\/puttgardenrodby.com\/de\/?s={search_term_string}"},"query-input":{"@type":"PropertyValueSpecification","valueRequired":true,"valueName":"search_term_string"}}],"inLanguage":"de"},{"@type":"Organization","@id":"https:\/\/puttgardenrodby.com\/de\/#organization","name":"Puttgarden Rodby Deutsch","url":"https:\/\/puttgardenrodby.com\/de\/","logo":{"@type":"ImageObject","inLanguage":"de","@id":"https:\/\/puttgardenrodby.com\/de\/#\/schema\/logo\/image\/","url":"https:\/\/puttgardenrodby.com\/de\/wp-content\/uploads\/sites\/4\/2023\/05\/Puttgarden-Rodby-logo.png","contentUrl":"https:\/\/puttgardenrodby.com\/de\/wp-content\/uploads\/sites\/4\/2023\/05\/Puttgarden-Rodby-logo.png","width":1043,"height":347,"caption":"Puttgarden Rodby Deutsch"},"image":{"@id":"https:\/\/puttgardenrodby.com\/de\/#\/schema\/logo\/image\/"}}]}},"_links":{"self":[{"href":"https:\/\/puttgardenrodby.com\/de\/wp-json\/wp\/v2\/pages\/168","targetHints":{"allow":["GET"]}}],"collection":[{"href":"https:\/\/puttgardenrodby.com\/de\/wp-json\/wp\/v2\/pages"}],"about":[{"href":"https:\/\/puttgardenrodby.com\/de\/wp-json\/wp\/v2\/types\/page"}],"author":[{"embeddable":true,"href":"https:\/\/puttgardenrodby.com\/de\/wp-json\/wp\/v2\/users\/1"}],"replies":[{"embeddable":true,"href":"https:\/\/puttgardenrodby.com\/de\/wp-json\/wp\/v2\/comments?post=168"}],"version-history":[{"count":45,"href":"https:\/\/puttgardenrodby.com\/de\/wp-json\/wp\/v2\/pages\/168\/revisions"}],"predecessor-version":[{"id":1497,"href":"https:\/\/puttgardenrodby.com\/de\/wp-json\/wp\/v2\/pages\/168\/revisions\/1497"}],"wp:attachment":[{"href":"https:\/\/puttgardenrodby.com\/de\/wp-json\/wp\/v2\/media?parent=168"}],"curies":[{"name":"wp","href":"https:\/\/api.w.org\/{rel}","templated":true}]}}